{"id":10899,"date":"2020-05-14T20:00:43","date_gmt":"2020-05-14T18:00:43","guid":{"rendered":"https:\/\/aslaksen.bcc.no\/?page_id=10899"},"modified":"2020-08-21T12:12:12","modified_gmt":"2020-08-21T10:12:12","slug":"ich-bin-mit-christus-gekreuzigt","status":"publish","type":"page","link":"https:\/\/words-of-faith.org\/de\/bibelkurs\/thema-2\/ich-bin-mit-christus-gekreuzigt\/","title":{"rendered":"Ich bin mit Christus gekreuzigt &#8230;"},"content":{"rendered":"\n\t<section class=\"section\" id=\"section_1499751007\">\n\t\t<div class=\"section-bg fill\" >\n\t\t\t\t\t\t\t\t\t\n\t\t\t\n\n\t\t<\/div>\n\n\t\t\n\n\t\t<div class=\"section-content relative\">\n\t\t\t\n<div class=\"row align-center\"  id=\"row-1095408094\">\n\n\t<div id=\"col-1200818102\" class=\"col small-12 large-12\"  >\n\t\t\t\t<div class=\"col-inner\"  >\n\t\t\t\n\t\t\t\n<p class=\"breadcrumbs\"><a href=\"..\/\">Theme 2<\/a> \/ Messages<\/p>\n<h1>Ich bin mit Christus gekreuzigt<\/h1>\n<p class=\"article-date\">Aus dem Heft \u201cRuhe in Gott\u201d, herausgegeben 1950<\/p>\n<p class=\"article-author\">von Elias Aslaksen<\/p>\n\t\t<\/div>\n\t\t\t\t\t<\/div>\n\n\t\n\n<style>\n#row-1095408094 > .col > .col-inner {\n  padding: 30px 0px 0px 0px;\n}\n<\/style>\n<\/div>\n<div class=\"row align-center audio\"  id=\"row-183820510\">\n\n\t<div id=\"col-1805070635\" class=\"col small-12 large-12\"  >\n\t\t\t\t<div class=\"col-inner\"  >\n\t\t\t\n\t\t\t\n<!--[if lt IE 9]><script>document.createElement('audio');<\/script><![endif]-->\n<audio class=\"wp-audio-shortcode\" id=\"audio-10899-1\" preload=\"none\" style=\"width: 100%;\" controls=\"controls\"><source type=\"audio\/mpeg\" src=\"\/audio\/Tema%202\/de\/8%20Ich%20bin%20mit%20Christus%20gekreuzigt.mp3?_=1\" \/><a href=\"\/audio\/Tema%202\/de\/8%20Ich%20bin%20mit%20Christus%20gekreuzigt.mp3\">\/audio\/Tema%202\/de\/8%20Ich%20bin%20mit%20Christus%20gekreuzigt.mp3<\/a><\/audio>\n<p class=\"click-to-listen\">Click to listen to the speech.<\/p>\n\t\t<\/div>\n\t\t\t\t\t<\/div>\n\n\t\n<\/div>\n<div class=\"row align-center article article-excerpt\"  id=\"row-1495303160\">\n\n\t<div id=\"col-1041784182\" class=\"col small-12 large-12\"  >\n\t\t\t\t<div class=\"col-inner text-left\"  >\n\t\t\t\n\t\t\t\n<p><strong>\u201eIch bin mit Christus gekreuzigt, ich lebe nicht mehr selbst.\u201c<\/strong> Gal. 2, 20.<\/p>\n<p>Das ist das zentrale Wort zur Erlangung der Ruhe in Gott. Wenn wir dieses Wort <strong>glauben<\/strong> \u2013 was ja leider h\u00f6chst ungew\u00f6hnlich ist \u2013 gehen wir selbstredend in diese Ruhe ein. Das liegt ja schon im Wortlaut selbst. Gerade dieser Wortlaut ist es aber, den man im Allgemeinen <strong>nicht<\/strong> glaubt. Man erkl\u00e4rt ihn weg, anstatt ihn zu glauben. Dadurch erkl\u00e4rt man seine eigene herrliche Erl\u00f6sung von allem Elend weg und schlie\u00dft sich selber von der Ruhe in Gott aus, in welche etliche hineinkommen sollen. M\u00f6gest du, lieber Leser, einer von diesen <strong>\u201eetlichen\u201c<\/strong> sein!<\/p>\n<p>Warum denn nicht lieber in diese Ruhe eingehen, als in dieser b\u00f6sen und verdrie\u00dflichen Unruhe zu verbleiben; in dieser unn\u00f6tigen und (des Unglaubens wegen) selbstverschuldeten Pein und Plage?<\/p>\n<p>Die Wahrheit ist einf\u00e4ltig, geradeheraus und kristallklar: Alle Unruhe liegt im alten Menschen. Wenn derselbe \u2013 durch lebendigen Glauben an das Wort R\u00f6m. 6, 6 \u2013 wirklich mit Christus <strong>gekreuzigt<\/strong> und <strong>abgelegt<\/strong> wird, Eph. 4, 22, dann h\u00f6rt dadurch notwendigerweise alle Unruhe auf, und die entsprechende Ruhe tritt ein.<\/p>\n<p>Was das betrifft, ist nichts bezeichnender als der in Todesanzeigen \u00fcbliche Ausdruck: \u201eN.N. ist in die Ruhe eingegangen.\u201c Das k\u00f6nnen wir f\u00fcr dieses tiefe Geheimnis als Vorbild gebrauchen. Also: Durch den Tod \u2013 in die Ruhe eingegangen. Denke an den oben erw\u00e4hnten Vers in Gal. 2, 20. \u2014 Und an R\u00f6m. 6, 7. \u2014<\/p>\n<p>Das Geheimnisvolle und \u2013 wegen des <strong>Unglaubens<\/strong> \u2013 so Unbekannte ist n\u00e4mlich dies, dass es m\u00f6glich ist, durch lebendigen Glauben an das Wort <strong>zu sterben, w\u00e4hrend man noch in diesem Leibe lebt<\/strong>.&nbsp; Man stirbt der S\u00fcnde ab \u2013 und damit all dieser vielf\u00e4ltigen Unruhe in Herz und Sinn, w\u00e4hrend der K\u00f6rper noch unter der Knechtschaft der Verg\u00e4nglichkeit t\u00e4tig ist. Diese beiden geh\u00f6ren n\u00e4mlich nicht rechtm\u00e4\u00dfig zusammen. Das Wort scheidet sie voneinander. \u2014 Der eine Teil wird jetzt ausgeschieden, und es ist unsere Hoffnung, auch bald f\u00fcr ewig den anderen Teil loszuwerden! Halleluja!<\/p>\n<p>Das Gr\u00f6\u00dfte, was einem Menschen geschehen kann, solange er sich hier als Fremdling aufh\u00e4lt, ist, <em>wenn man von ihm wahrhaftig sagen kann, dass er \u2013 w\u00e4hrend er noch in diesem sterblichen Leibe lebt \u2013 in die Ruhe eingegangen ist.<\/em><\/p>\n\t\t<\/div>\n\t\t\t\t\t<\/div>\n\n\t\n\n\t<div id=\"col-362051263\" class=\"col copyright small-12 large-12\"  >\n\t\t\t\t<div class=\"col-inner text-left\"  >\n\t\t\t\n\t\t\t\n<div>\u00a9 Copyright Stiftelsen Skjulte Skatters Forlag<\/div>\n\t\t<\/div>\n\t\t\t\t\t<\/div>\n\n\t\n\n\t<div id=\"col-1232077292\" class=\"col small-12 large-12\"  >\n\t\t\t\t<div class=\"col-inner text-left\"  >\n\t\t\t\n\t\t\t\n<div><a href=\"#\" class=\"read-more\">Weiterlesen<\/a><\/div>\n\t\t<\/div>\n\t\t\t\t\t<\/div>\n\n\t\n\n\t<div id=\"col-204966680\" class=\"col small-12 large-12\"  >\n\t\t\t\t<div class=\"col-inner text-left\"  >\n\t\t\t\n\t\t\t\n<p class=\"next-previous-message\"><a class=\"previous\" href=\"\/de\/bible-studies\/theme-2\/deny-oneself\/\"><i class=\"icon-angle-left\"><\/i> Previous<\/a><a class=\"next\" href=\"\/de\/bible-studies\/theme-2\/it-is-no-longer-i-who-live\/\">Next <i class=\"icon-angle-right\"><\/i><\/a><\/p>\n\t\t<\/div>\n\t\t\t\t\t<\/div>\n\n\t\n<\/div>\n\t\t<\/div>\n\n\t\t\n<style>\n#section_1499751007 {\n  padding-top: 0px;\n  padding-bottom: 0px;\n  margin-bottom: 0px;\n}\n@media (min-width:550px) {\n  #section_1499751007 {\n    padding-top: 0px;\n    padding-bottom: 0px;\n  }\n}\n<\/style>\n\t<\/section>\n\t\n\n\t<section class=\"section food-for-thought\" id=\"section_811882000\">\n\t\t<div class=\"section-bg fill\" >\n\t\t\t\t\t\t\t\t\t\n\t\t\t\n\n\t\t<\/div>\n\n\t\t\n\n\t\t<div class=\"section-content relative\">\n\t\t\t\n<div class=\"row align-center\"  id=\"row-1327011287\">\n\n\t<div id=\"col-1543726552\" class=\"col title small-12 large-12\"  >\n\t\t\t\t<div class=\"col-inner text-left dark\"  >\n\t\t\t\n\t\t\t\n<h2>Devotional<\/h2>\n\t\t<\/div>\n\t\t\t\t\t<\/div>\n\n\t\n\n\t<div id=\"col-438248130\" class=\"col small-12 large-12\"  >\n\t\t\t\t<div class=\"col-inner dark\"  >\n\t\t\t\n\t\t\t\n<p>In dem Artikel &#8220;Ich bin mit Christus gekreuzigt&#8221; schreibt Br. Aslaksen davon, &#8220;zur Ruhe einzugehen&#8221;. Wie w\u00fcrdest du das jemand anderem erkl\u00e4ren?<\/p>\n<p class='info'>You have to <a href='\/login\/'>log in<\/a> if you want to save your answer.<\/p>\n\t\t<\/div>\n\t\t\t\t\t<\/div>\n\n\t\n<\/div>\n\t\t<\/div>\n\n\t\t\n<style>\n#section_811882000 {\n  padding-top: 30px;\n  padding-bottom: 30px;\n  background-color: rgb(73, 92, 94);\n}\n<\/style>\n\t<\/section>\n\t\n","protected":false},"excerpt":{"rendered":"","protected":false},"author":5,"featured_media":0,"parent":10110,"menu_order":0,"comment_status":"closed","ping_status":"closed","template":"page-blank.php","meta":{"footnotes":""},"class_list":["post-10899","page","type-page","status-publish","hentry"],"aioseo_notices":[],"_links":{"self":[{"href":"https:\/\/words-of-faith.org\/de\/wp-json\/wp\/v2\/pages\/10899","targetHints":{"allow":["GET"]}}],"collection":[{"href":"https:\/\/words-of-faith.org\/de\/wp-json\/wp\/v2\/pages"}],"about":[{"href":"https:\/\/words-of-faith.org\/de\/wp-json\/wp\/v2\/types\/page"}],"author":[{"embeddable":true,"href":"https:\/\/words-of-faith.org\/de\/wp-json\/wp\/v2\/users\/5"}],"replies":[{"embeddable":true,"href":"https:\/\/words-of-faith.org\/de\/wp-json\/wp\/v2\/comments?post=10899"}],"version-history":[{"count":0,"href":"https:\/\/words-of-faith.org\/de\/wp-json\/wp\/v2\/pages\/10899\/revisions"}],"up":[{"embeddable":true,"href":"https:\/\/words-of-faith.org\/de\/wp-json\/wp\/v2\/pages\/10110"}],"wp:attachment":[{"href":"https:\/\/words-of-faith.org\/de\/wp-json\/wp\/v2\/media?parent=10899"}],"curies":[{"name":"wp","href":"https:\/\/api.w.org\/{rel}","templated":true}]}}