{"id":10959,"date":"2020-05-14T20:00:26","date_gmt":"2020-05-14T18:00:26","guid":{"rendered":"https:\/\/aslaksen.bcc.no\/?page_id=10959"},"modified":"2020-08-21T12:00:23","modified_gmt":"2020-08-21T10:00:23","slug":"ich-lebe-nicht-mehr-selbst","status":"publish","type":"page","link":"https:\/\/words-of-faith.org\/de\/bibelkurs\/thema-2\/ich-lebe-nicht-mehr-selbst\/","title":{"rendered":"\u201c\u2026 ich lebe nicht mehr selbst\u201c"},"content":{"rendered":"\n\t<section class=\"section\" id=\"section_1281292963\">\n\t\t<div class=\"section-bg fill\" >\n\t\t\t\t\t\t\t\t\t\n\t\t\t\n\n\t\t<\/div>\n\n\t\t\n\n\t\t<div class=\"section-content relative\">\n\t\t\t\n<div class=\"row align-center\"  id=\"row-1817325268\">\n\n\t<div id=\"col-1883572481\" class=\"col small-12 large-12\"  >\n\t\t\t\t<div class=\"col-inner\"  >\n\t\t\t\n\t\t\t\n<p class=\"breadcrumbs\"><a href=\"..\/\">Theme 2<\/a> \/ Messages<\/p>\n<h1>\u201c\u2026Ich lebe nicht mehr selbst\u2026.\u201c<\/h1>\n<p class=\"article-date\">Skjulte Skatter, ver\u00f6ffentlicht im Februar 1963<\/p>\n<p class=\"article-author\">von Elias Aslaksen<\/p>\n\t\t<\/div>\n\t\t\t\t\t<\/div>\n\n\t\n\n<style>\n#row-1817325268 > .col > .col-inner {\n  padding: 30px 0px 0px 0px;\n}\n<\/style>\n<\/div>\n<div class=\"row align-center audio\"  id=\"row-208753484\">\n\n\t<div id=\"col-446989950\" class=\"col small-12 large-12\"  >\n\t\t\t\t<div class=\"col-inner\"  >\n\t\t\t\n\t\t\t\n<!--[if lt IE 9]><script>document.createElement('audio');<\/script><![endif]-->\n<audio class=\"wp-audio-shortcode\" id=\"audio-10959-1\" preload=\"none\" style=\"width: 100%;\" controls=\"controls\"><source type=\"audio\/mpeg\" src=\"\/audio\/Tema%202\/de\/9%20Ich%20lebe%20nicht%20mehr%20selbs.mp3?_=1\" \/><a href=\"\/audio\/Tema%202\/de\/9%20Ich%20lebe%20nicht%20mehr%20selbs.mp3\">\/audio\/Tema%202\/de\/9%20Ich%20lebe%20nicht%20mehr%20selbs.mp3<\/a><\/audio>\n<p class=\"click-to-listen\">Click to listen to the speech.<\/p>\n\t\t<\/div>\n\t\t\t\t\t<\/div>\n\n\t\n<\/div>\n<div class=\"row align-center article article-excerpt\"  id=\"row-1910964019\">\n\n\t<div id=\"col-185716942\" class=\"col small-12 large-12\"  >\n\t\t\t\t<div class=\"col-inner text-left\"  >\n\t\t\t\n\t\t\t\n<p><strong>\u201cIch bin mit Christus gekreuzigt, ich lebe nicht mehr l\u00e4ner selbst \u2026\u201d Galater 2,20<\/strong><\/p>\n<p>Was f\u00fcr ein Wunderwerk muss geschehen sein, wenn man in Wahrheit so schreiben kann w\u00e4hrend man immer noch hier in dieser Welt lebt!? \u2014 \u2014 \u2014<\/p>\n<p>Wie kann<strong> ich<\/strong> dann immer noch s\u00fcndigen, wenn<strong> ich<\/strong> nicht mehr <strong>selbst<\/strong> lebe? Wie kann <strong>ich<\/strong> zornig, beleidigt, bitter, unzufrieden und undankbar sein, Groll hegen, stehlen, l\u00fcgen, mir Sorgen machen, eitel und schmucks\u00fcchtig werden, zanken, diskutieren, mutlos werden, in meiner Ehre verletzt, ehrs\u00fcchtig oder stolz werden oder Geld lieben oder ruhmredig sein?<\/p>\n<p>Ja, antworte mir!? Wie kann der, der \u00fcberhaupt nicht mehr selbst lebt, \u00c4rger bereiten? Ein Mensch s\u00fcndigt, solange er selbst lebt!!! Wie <strong>kann<\/strong> ich noch etwas f\u00fcr mich selbst fordern, <strong>wenn ich selbst nicht mehr lebe<\/strong>?<\/p>\n<p>Will ich nicht alles aufgeben und mit Christus sterben, <strong>dann<\/strong> mache ich gezwungenerma\u00dfen weiter damit, S\u00fcnde zu tun.<\/p>\n<p>\u201eEr <strong>kann nicht<\/strong> s\u00fcndigen, denn er ist von Gott geboren\u201c, ist dasselbe wie: Er kann nicht s\u00fcndigen, weil er mit Christus gestorben ist = weil er nicht mehr selbst lebt. 1. Joh. 3, 9.<\/p>\n<p>Wie kann ich aufh\u00f6ren zu lieben, <strong>wenn Christus in mir lebt<\/strong>? Galater 2, 20. Wie kann ich Ungerechtigkeit tun, wenn Christus in mir lebt?<\/p>\n<p>Christus und bewusste S\u00fcnde k\u00f6nnen nicht <strong>gleichzeitig<\/strong> in mir sein! Ist Christus <strong>in<\/strong> mir, <strong>dann<\/strong> ist die S\u00fcnde <strong>au\u00dferhalb<\/strong> meines Herzens. Ist die S\u00fcnde in meinem Herzen, <strong>dann<\/strong> ist Christus<strong> au\u00dferhalb<\/strong>. \u2013 Eben deshalb kann er bei bekehrten Menschen vor der Herzenst\u00fcre stehen und anklopfen, wie in Offenbarung 3, 20 geschrieben steht.<\/p>\n<p>Leider leben die allermeisten weiterhin selbst, denn es ist ja offensichtlich, dass die allermeisten diese und jene S\u00fcnde tun k\u00f6nnen, immer wieder, ja sogar die gr\u00f6bsten S\u00fcnden, wie <strong>z.B. l\u00fcgen oder Groll gegen jemanden hegen<\/strong>!<\/p>\n<p>Wie kann ich denn damit besch\u00e4ftigt sein, mich oder mein Eigenes zu verteidigen, mich zu rechtfertigen, wenn ich tot bin?<\/p>\n<p>Wie kann man<strong> selbsts\u00fcchtig<\/strong> sein, wenn man <strong>nicht mehr selbst lebt<\/strong>? Wie kann man <strong>lebendiges Interesse<\/strong> an Hausrat, Kleidern und sch\u00f6nen Farben haben, wenn man tot ist? Und welches Interesse kann <strong>der Verstorbene<\/strong> an dem haben, was die Menschen \u00fcber ihn sagen oder von ihm halten??? Ja, antworte mir! \u2013<\/p>\n<p>Und welchen Schmerz kann es mir bringen, wenn einer mir im Irdischen Unrecht tut, wenn ich selbst davon <strong>abgestorben<\/strong> bin? Und <strong>welche gro\u00dfe Freude<\/strong> kann es dem Verstorbenen bringen, wenn immer noch viele Einzahlungen f\u00fcr ihn hereinkommen?&nbsp; Ja, sag es mir!<\/p>\n<p>Niemand kann mit Recht behaupten, er habe keinen Eigenwillen mehr, aber durch Gottes gro\u00dfe Gnade kann es so werden, dass es danach aussieht, als ob man keinen mehr hat. \u2013 Wie kann ich die Dinge in der Welt lieben, wenn ich davon <strong>abgestorben<\/strong> bin?<\/p>\n<p>In einem Lied steht: <strong>\u201eIch will nicht mehr\u201c<\/strong> = nicht mehr selbst leben. <strong>Ist das wahr<\/strong> bei dir?<\/p>\n<p>Gew\u00f6hnlich will man ja ganz viel!!!<\/p>\n<p><strong>Der Verstorbene<\/strong> \u2013 jemand, der nicht mehr selbst lebt \u2013 <strong>hat nichts mehr zu verlieren<\/strong>, denn er ist in Wahrheit von allem abgeschieden (im Tod dahingeschieden).<\/p>\n<p>Wer aber selbst lebt, hat viel, worum er sich k\u00fcmmern muss. Ihm kann viel Ungl\u00fcck geschehen, er kann gro\u00dfen Verlust erleiden und er kann von seinen Mitmenschen sehr geplagt werden. Diese Plagen bringen ihn leider <strong>nicht<\/strong> ins Grab, wie man oft behauptet. Aber er hat ja Gelegenheit, sein Leben freiwillig zu verlieren. \u2013<\/p>\n<p>Und <strong>dann<\/strong> w\u00fcrde das gro\u00dfe Wunder oder Mirakel geschehen, dass er alle seine unn\u00f6tigen Sorgen und Plagen losw\u00fcrde!!! \u2013 Wunderbar! Dann w\u00fcrde es nur Gewinn, egal, was es war! \u2013<\/p>\n<p>\u201e\u2026auf dass wir, der S\u00fcnde <strong>abgestorben<\/strong>\u2026\u201c 1.Petrus 2,24. \u201e. der wir <strong>abgestorben<\/strong> sind.\u201c R\u00f6mer 6,2.&nbsp; Wenn wir mit Christus gestorben sind, warum m\u00fcssen die anderen uns so behandeln, \u201e<strong>als lebten&nbsp; wir noch in der Welt?<\/strong>\u201c Kolosser 2,20.<\/p>\n<p>Hast du so etwas schon einmal geh\u00f6rt???<\/p>\n<p>Nun stellt sich die Frage: Was braucht es, damit dieser unbeschreiblich herrliche Zustand tats\u00e4chlich eintritt? Zwei Dinge: <br \/>I&nbsp;&nbsp;&nbsp; Dass man wirklich von sich selbst und allem Eigenen <strong>sterben will<\/strong>. <br \/>II&nbsp;&nbsp;&nbsp; Lebendiger, pers\u00f6nlich angeeigneter <strong>Glaube<\/strong>, dass wir mit Christus gestorben sind, <strong>als er am Kreuz von Golgatha starb<\/strong>. <br \/>I&nbsp;&nbsp; Dass man es <strong>will<\/strong>, bewirkt, dass man <strong>glauben<\/strong> kann.<br \/>II&nbsp;&nbsp; Dass man es <strong>glaubt<\/strong>, bewirkt, dass es <strong>eintritt<\/strong>.<\/p>\n<p><em>Euer Elias Aslaksen<\/em><\/p>\n\t\t<\/div>\n\t\t\t\t\t<\/div>\n\n\t\n\n\t<div id=\"col-1923883065\" class=\"col copyright small-12 large-12\"  >\n\t\t\t\t<div class=\"col-inner text-left\"  >\n\t\t\t\n\t\t\t\n<div>\u00a9 Copyright Stiftelsen Skjulte Skatters Forlag<\/div>\n\t\t<\/div>\n\t\t\t\t\t<\/div>\n\n\t\n\n\t<div id=\"col-1986913262\" class=\"col small-12 large-12\"  >\n\t\t\t\t<div class=\"col-inner text-left\"  >\n\t\t\t\n\t\t\t\n<div><a href=\"#\" class=\"read-more\">Weiterlesen<\/a><\/div>\n\t\t<\/div>\n\t\t\t\t\t<\/div>\n\n\t\n\n\t<div id=\"col-1906560213\" class=\"col small-12 large-12\"  >\n\t\t\t\t<div class=\"col-inner text-left\"  >\n\t\t\t\n\t\t\t\n<p class=\"next-previous-message\"><a class=\"previous\" href=\"\/de\/bible-studies\/theme-2\/i-have-been-crucified-with-christ\/\"><i class=\"icon-angle-left\"><\/i> Previous<\/a><a class=\"next\" href=\"\/de\/bible-studies\/theme-2\/give-up-everything\/\">Next <i class=\"icon-angle-right\"><\/i><\/a><\/p>\n\t\t<\/div>\n\t\t\t\t\t<\/div>\n\n\t\n<\/div>\n\t\t<\/div>\n\n\t\t\n<style>\n#section_1281292963 {\n  padding-top: 0px;\n  padding-bottom: 0px;\n  margin-bottom: 0px;\n}\n@media (min-width:550px) {\n  #section_1281292963 {\n    padding-top: 0px;\n    padding-bottom: 0px;\n  }\n}\n<\/style>\n\t<\/section>\n\t\n\n\t<section class=\"section food-for-thought\" id=\"section_562632511\">\n\t\t<div class=\"section-bg fill\" >\n\t\t\t\t\t\t\t\t\t\n\t\t\t\n\n\t\t<\/div>\n\n\t\t\n\n\t\t<div class=\"section-content relative\">\n\t\t\t\n<div class=\"row align-center\"  id=\"row-1692482102\">\n\n\t<div id=\"col-1866631019\" class=\"col title small-12 large-12\"  >\n\t\t\t\t<div class=\"col-inner text-left dark\"  >\n\t\t\t\n\t\t\t\n<h2>Devotional<\/h2>\n\t\t<\/div>\n\t\t\t\t\t<\/div>\n\n\t\n\n\t<div id=\"col-1782069943\" class=\"col small-12 large-12\"  >\n\t\t\t\t<div class=\"col-inner dark\"  >\n\t\t\t\n\t\t\t\n<p>Im Artikel &#8220;\u2026 ich lebe nicht mehr selbst&#8221; schreibt Br. Aslaksen: &#8220;Ist Christus in mir, dann ist die S\u00fcnde au\u00dferhalb meines Herzens. Ist  die S\u00fcnde in meinem Herzen, dann ist Christus au\u00dferhalb.&#8221; Kannst du sagen, dass Christus in dir lebst, wenn du versucht wirst? Warum?<\/p>\n<p class='info'>You have to <a href='\/login\/'>log in<\/a> if you want to save your answer.<\/p>\n\t\t<\/div>\n\t\t\t\t\t<\/div>\n\n\t\n<\/div>\n\t\t<\/div>\n\n\t\t\n<style>\n#section_562632511 {\n  padding-top: 30px;\n  padding-bottom: 30px;\n  background-color: rgb(73, 92, 94);\n}\n<\/style>\n\t<\/section>\n\t\n","protected":false},"excerpt":{"rendered":"","protected":false},"author":5,"featured_media":0,"parent":10110,"menu_order":0,"comment_status":"closed","ping_status":"closed","template":"page-blank.php","meta":{"footnotes":""},"class_list":["post-10959","page","type-page","status-publish","hentry"],"aioseo_notices":[],"_links":{"self":[{"href":"https:\/\/words-of-faith.org\/de\/wp-json\/wp\/v2\/pages\/10959","targetHints":{"allow":["GET"]}}],"collection":[{"href":"https:\/\/words-of-faith.org\/de\/wp-json\/wp\/v2\/pages"}],"about":[{"href":"https:\/\/words-of-faith.org\/de\/wp-json\/wp\/v2\/types\/page"}],"author":[{"embeddable":true,"href":"https:\/\/words-of-faith.org\/de\/wp-json\/wp\/v2\/users\/5"}],"replies":[{"embeddable":true,"href":"https:\/\/words-of-faith.org\/de\/wp-json\/wp\/v2\/comments?post=10959"}],"version-history":[{"count":0,"href":"https:\/\/words-of-faith.org\/de\/wp-json\/wp\/v2\/pages\/10959\/revisions"}],"up":[{"embeddable":true,"href":"https:\/\/words-of-faith.org\/de\/wp-json\/wp\/v2\/pages\/10110"}],"wp:attachment":[{"href":"https:\/\/words-of-faith.org\/de\/wp-json\/wp\/v2\/media?parent=10959"}],"curies":[{"name":"wp","href":"https:\/\/api.w.org\/{rel}","templated":true}]}}