{"id":11015,"date":"2020-05-14T20:00:55","date_gmt":"2020-05-14T18:00:55","guid":{"rendered":"https:\/\/aslaksen.bcc.no\/?page_id=11015"},"modified":"2020-08-21T12:15:59","modified_gmt":"2020-08-21T10:15:59","slug":"sein-kreuz-aufnehmen","status":"publish","type":"page","link":"https:\/\/words-of-faith.org\/de\/bibelkurs\/thema-2\/sein-kreuz-aufnehmen\/","title":{"rendered":"Sein Kreuz aufnehmen"},"content":{"rendered":"\n\t<section class=\"section\" id=\"section_772475481\">\n\t\t<div class=\"section-bg fill\" >\n\t\t\t\t\t\t\t\t\t\n\t\t\t\n\n\t\t<\/div>\n\n\t\t\n\n\t\t<div class=\"section-content relative\">\n\t\t\t\n<div class=\"row align-center\"  id=\"row-749220\">\n\n\t<div id=\"col-852684694\" class=\"col small-12 large-12\"  >\n\t\t\t\t<div class=\"col-inner\"  >\n\t\t\t\n\t\t\t\n<p class=\"breadcrumbs\"><a href=\"..\/\">Theme 2<\/a> \/ Messages<\/p>\n<h1>Sein Kreuz aufnehmen<\/h1>\n<p class=\"article-date\">Skjulte Skatter, ver\u00f6ffentlicht Februar 1970<\/p>\n<p class=\"article-author\">von Elias Aslaksen<\/p>\n\t\t<\/div>\n\t\t\t\t\t<\/div>\n\n\t\n\n<style>\n#row-749220 > .col > .col-inner {\n  padding: 30px 0px 0px 0px;\n}\n<\/style>\n<\/div>\n<div class=\"row align-center audio\"  id=\"row-97655860\">\n\n\t<div id=\"col-1670885857\" class=\"col small-12 large-12\"  >\n\t\t\t\t<div class=\"col-inner\"  >\n\t\t\t\n\t\t\t\n<!--[if lt IE 9]><script>document.createElement('audio');<\/script><![endif]-->\n<audio class=\"wp-audio-shortcode\" id=\"audio-11015-1\" preload=\"none\" style=\"width: 100%;\" controls=\"controls\"><source type=\"audio\/mpeg\" src=\"\/audio\/Tema%202\/de\/11%20Sein%20Kreuz%20aufnehmen.mp3?_=1\" \/><a href=\"\/audio\/Tema%202\/de\/11%20Sein%20Kreuz%20aufnehmen.mp3\">\/audio\/Tema%202\/de\/11%20Sein%20Kreuz%20aufnehmen.mp3<\/a><\/audio>\n<p class=\"click-to-listen\">Click to listen to the speech.<\/p>\n\t\t<\/div>\n\t\t\t\t\t<\/div>\n\n\t\n<\/div>\n<div class=\"row align-center article article-excerpt\"  id=\"row-2003515276\">\n\n\t<div id=\"col-981977117\" class=\"col small-12 large-12\"  >\n\t\t\t\t<div class=\"col-inner text-left\"  >\n\t\t\t\n\t\t\t\n<div id=\"chapter-element-2\" data-v-7f3df67e=\"\">\n<p>und sein Kreuz tragen, d.h. an seiner eigenen Kreuzigung mitwirken. Mein Kreuz, das ist alles und alle, die meinem Willen entgegenstehen, meinem menschlichen Willen, dem Willen des Fleisches.<\/p>\n<p>Wenn ich nicht mein Kreuz aufnehme, dann bin ich Christus nicht wert! Und so ist es mit vielen Gl\u00e4ubigen. Sie wandeln, wie Paulus sagt, als Feinde des Kreuzes Christi, also des Kreuzes, das sie tragen sollten und an das ihr Eigenwille genagelt werden sollte.<\/p>\n<p>In Galater 5, 24 finden wir diese todernste Wahrheit: \u201eDie aber Christus angeh\u00f6ren, die haben das Fleisch gekreuzigt samt den L\u00fcsten und Begierden.\u201c Die das nicht getan haben und weiterhin auch nicht tun, geh\u00f6ren ihm also nicht an! Sie sind nicht seine J\u00fcnger!<\/p>\n<p>Das Herrlichste von allem war, dass Jesus sich freiwillig kreuzigen lie\u00df, und dabei sogar noch mitgeholfen hat! Das Zweitherrlichste ist, wenn ein Mensch sich im Glauben und im Glaubensgehorsam freiwillig mit ihm kreuzigen l\u00e4sst und t\u00e4glich als wahrer Freund des Kreuzes wandelt, an das sein Eigenwille genagelt werden soll.<\/p>\n<p>Das war f\u00fcr den herrlichen Apostel Paulus das Einzige, dessen er sich r\u00fchmen wollte, und das Allergr\u00f6\u00dfte, das er kannte! Sein Leben und seine Lehre beweisen dies deutlich!<\/p>\n<p>Er war also nicht nur f\u00fcr diese vollkommene Theorie begeistert! Nein, er lebte sie voll und ganz, und ermahnte uns dazu, ihm nachzufolgen! Lasst uns das voll und ganz tun, meine geliebten Freunde!<\/p>\n<p>H\u00f6re nur, was er sagt: \u201eIch bin mit Christus gekreuzigt; und nun lebe ich, aber nicht mehr ich selbst\u2026\u201c Galater 2,20. Und: \u201eVon mir aber sei es ferne, mich zu r\u00fchmen, als nur des Kreuzes unseres Herrn Jesus Christus, durch das mir die Welt gekreuzigt ist und ich der Welt.\u201c Galater 6,14.<\/p>\n<p>Das war f\u00fcr ihn also das Gr\u00f6\u00dfte von allem, das Herrlichste von allem, das Wirkungsvollste von allem und das Geheimnis des allergr\u00f6\u00dften Gl\u00fccks, das ein Mensch hier erreichen kann, w\u00e4hrend er als Fremdling hier wandelt!<\/p>\n<p>\u201eNicht mein, sondern dein Wille geschehe!\u201c Das ist und bleibt die Hauptsache unser Leben lang, ja, die Sache selbst! Eigentlich gibt es gar keine andere Sache! Lukas 11, 2: \u201eDein Wille geschehe, wie im Himmel, so auch auf Erden.\u201c Dort geschieht es genau und blitzschnell!<\/p>\n<p>Und dann ist es selbstverst\u00e4ndlich, dass auch wir dazu kommen m\u00fcssen: blitzschnell unseren eigenen Willen aufgeben und kreuzigen, sonst kann ja Gottes Wille auf Erden nicht so geschehen wie im Himmel! \u2013<\/p>\n<p>Wer aber hat ein so hohes Ziel und einen solchen Glauben??? \u2013<\/p>\n<p>Und wenn wir es bisher nicht so hatten, lasst uns dann ernsthaft aufwachen, um dieses Ziel zu erreichen und einen lebendigen Glauben an Gottes \u00fcberaus kr\u00e4ftigen Beistand haben, es zu erlangen! M\u00f6ge es geschehen!<\/p>\n<p>Euer \u00fcber allen geistlichen Schlaf tief trauriger Bruder<\/p>\n<p><em>Elias Aslaksen<\/em><\/p>\n<\/div>\n\t\t<\/div>\n\t\t\t\t\t<\/div>\n\n\t\n\n\t<div id=\"col-1775094157\" class=\"col copyright small-12 large-12\"  >\n\t\t\t\t<div class=\"col-inner text-left\"  >\n\t\t\t\n\t\t\t\n<div>\u00a9 Copyright Stiftelsen Skjulte Skatters Forlag<\/div>\n\t\t<\/div>\n\t\t\t\t\t<\/div>\n\n\t\n\n\t<div id=\"col-665225966\" class=\"col small-12 large-12\"  >\n\t\t\t\t<div class=\"col-inner text-left\"  >\n\t\t\t\n\t\t\t\n<div><a href=\"#\" class=\"read-more\">Weiterlesen<\/a><\/div>\n\t\t<\/div>\n\t\t\t\t\t<\/div>\n\n\t\n\n\t<div id=\"col-2000499323\" class=\"col small-12 large-12\"  >\n\t\t\t\t<div class=\"col-inner text-left\"  >\n\t\t\t\n\t\t\t\n<p class=\"next-previous-message\"><a class=\"previous\" href=\"\/de\/bible-studies\/theme-2\/give-up-everything\/\"><i class=\"icon-angle-left\"><\/i> Previous<\/a><a class=\"next\" href=\"\/de\/bible-studies\/theme-2\/the-two-great-goals-in-a-christians-life\/\">Next <i class=\"icon-angle-right\"><\/i><\/a><\/p>\n\t\t<\/div>\n\t\t\t\t\t<\/div>\n\n\t\n<\/div>\n\t\t<\/div>\n\n\t\t\n<style>\n#section_772475481 {\n  padding-top: 0px;\n  padding-bottom: 0px;\n  margin-bottom: 0px;\n}\n@media (min-width:550px) {\n  #section_772475481 {\n    padding-top: 0px;\n    padding-bottom: 0px;\n  }\n}\n<\/style>\n\t<\/section>\n\t\n\n\t<section class=\"section food-for-thought\" id=\"section_160523344\">\n\t\t<div class=\"section-bg fill\" >\n\t\t\t\t\t\t\t\t\t\n\t\t\t\n\n\t\t<\/div>\n\n\t\t\n\n\t\t<div class=\"section-content relative\">\n\t\t\t\n<div class=\"row align-center\"  id=\"row-1865268875\">\n\n\t<div id=\"col-1774582074\" class=\"col title small-12 large-12\"  >\n\t\t\t\t<div class=\"col-inner text-left dark\"  >\n\t\t\t\n\t\t\t\n<h2>Devotional<\/h2>\n\t\t<\/div>\n\t\t\t\t\t<\/div>\n\n\t\n\n\t<div id=\"col-607825622\" class=\"col small-12 large-12\"  >\n\t\t\t\t<div class=\"col-inner dark\"  >\n\t\t\t\n\t\t\t\n<p>Wenn du Br. Aslaksen eine Frage stellen k\u00f6nntest, nachdem du den Artikel &#8220;Sein Kreuz auf sich nehmen&#8221; gelesen hast, welche w\u00e4re das?<\/p>\n<p class='info'>You have to <a href='\/login\/'>log in<\/a> if you want to save your answer.<\/p>\n\t\t<\/div>\n\t\t\t\t\t<\/div>\n\n\t\n<\/div>\n\t\t<\/div>\n\n\t\t\n<style>\n#section_160523344 {\n  padding-top: 30px;\n  padding-bottom: 30px;\n  background-color: rgb(73, 92, 94);\n}\n<\/style>\n\t<\/section>\n\t\n","protected":false},"excerpt":{"rendered":"","protected":false},"author":5,"featured_media":0,"parent":10110,"menu_order":0,"comment_status":"closed","ping_status":"closed","template":"page-blank.php","meta":{"footnotes":""},"class_list":["post-11015","page","type-page","status-publish","hentry"],"aioseo_notices":[],"_links":{"self":[{"href":"https:\/\/words-of-faith.org\/de\/wp-json\/wp\/v2\/pages\/11015","targetHints":{"allow":["GET"]}}],"collection":[{"href":"https:\/\/words-of-faith.org\/de\/wp-json\/wp\/v2\/pages"}],"about":[{"href":"https:\/\/words-of-faith.org\/de\/wp-json\/wp\/v2\/types\/page"}],"author":[{"embeddable":true,"href":"https:\/\/words-of-faith.org\/de\/wp-json\/wp\/v2\/users\/5"}],"replies":[{"embeddable":true,"href":"https:\/\/words-of-faith.org\/de\/wp-json\/wp\/v2\/comments?post=11015"}],"version-history":[{"count":0,"href":"https:\/\/words-of-faith.org\/de\/wp-json\/wp\/v2\/pages\/11015\/revisions"}],"up":[{"embeddable":true,"href":"https:\/\/words-of-faith.org\/de\/wp-json\/wp\/v2\/pages\/10110"}],"wp:attachment":[{"href":"https:\/\/words-of-faith.org\/de\/wp-json\/wp\/v2\/media?parent=11015"}],"curies":[{"name":"wp","href":"https:\/\/api.w.org\/{rel}","templated":true}]}}