{"id":11034,"date":"2020-05-14T20:00:14","date_gmt":"2020-05-14T18:00:14","guid":{"rendered":"https:\/\/aslaksen.bcc.no\/?page_id=11034"},"modified":"2020-08-21T12:19:37","modified_gmt":"2020-08-21T10:19:37","slug":"die-zwei-grossen-ziele-im-leben-eines-christen","status":"publish","type":"page","link":"https:\/\/words-of-faith.org\/de\/bibelkurs\/thema-2\/die-zwei-grossen-ziele-im-leben-eines-christen\/","title":{"rendered":"Die zwei gro\u00dfen Ziele im Leben eines Christen"},"content":{"rendered":"\n\t<section class=\"section\" id=\"section_1154196985\">\n\t\t<div class=\"section-bg fill\" >\n\t\t\t\t\t\t\t\t\t\n\t\t\t\n\n\t\t<\/div>\n\n\t\t\n\n\t\t<div class=\"section-content relative\">\n\t\t\t\n<div class=\"row align-center\"  id=\"row-1534713357\">\n\n\t<div id=\"col-1828582536\" class=\"col small-12 large-12\"  >\n\t\t\t\t<div class=\"col-inner\"  >\n\t\t\t\n\t\t\t\n<p class=\"breadcrumbs\"><a href=\"..\/\">Theme 2<\/a> \/ Messages<\/p>\n<h1>Die zwei gro\u00dfen Ziele im Leben eines Christen<\/h1>\n<p class=\"article-date\">Skjulte Skatter, ver\u00f6ffentlicht im November 1957<\/p>\n<p class=\"article-author\">von Elias Aslaksen<\/p>\n\t\t<\/div>\n\t\t\t\t\t<\/div>\n\n\t\n\n<style>\n#row-1534713357 > .col > .col-inner {\n  padding: 30px 0px 0px 0px;\n}\n<\/style>\n<\/div>\n<div class=\"row align-center audio\"  id=\"row-1556850551\">\n\n\t<div id=\"col-325904625\" class=\"col small-12 large-12\"  >\n\t\t\t\t<div class=\"col-inner\"  >\n\t\t\t\n\t\t\t\n<!--[if lt IE 9]><script>document.createElement('audio');<\/script><![endif]-->\n<audio class=\"wp-audio-shortcode\" id=\"audio-11034-1\" preload=\"none\" style=\"width: 100%;\" controls=\"controls\"><source type=\"audio\/mpeg\" src=\"\/audio\/Tema%202\/de\/12%20Die%20zwei%20grossen%20Ziele%20eines%20Christen.mp3?_=1\" \/><a href=\"\/audio\/Tema%202\/de\/12%20Die%20zwei%20grossen%20Ziele%20eines%20Christen.mp3\">\/audio\/Tema%202\/de\/12%20Die%20zwei%20grossen%20Ziele%20eines%20Christen.mp3<\/a><\/audio>\n<p class=\"click-to-listen\">Click to listen to the speech.<\/p>\n\t\t<\/div>\n\t\t\t\t\t<\/div>\n\n\t\n<\/div>\n<div class=\"row align-center article article-excerpt\"  id=\"row-1099447786\">\n\n\t<div id=\"col-1757060622\" class=\"col small-12 large-12\"  >\n\t\t\t\t<div class=\"col-inner text-left\"  >\n\t\t\t\n\t\t\t\n<div id=\"chapter-element-2\" data-v-7f3df67e=\"\">\n<p><strong>1. Immer Sieg \u00fcber alle bewusste S\u00fcnde.<\/strong><\/p>\n<p>Dass Christus f\u00fcr unsere S\u00fcnden starb, bringt uns S\u00fcndenvergebung, wenn wir daran glauben und wir selbst von Herzen allen unseren Schuldigern vergeben.<\/p>\n<p>Sieg \u00fcber alle bewusste S\u00fcnde bekommen wir ebenso durch Glauben, n\u00e4mlich durch Glauben, dass unser alter Mensch mit Christus gekreuzigt wurde, R\u00f6mer 6, 6, oder wie in Galater 2, 20 steht:<\/p>\n<p>\u201eIch bin mit Christus gekreuzigt\u2026\u201d<\/p>\n<p>In und mit diesem Glauben sterben wir davon ab zu s\u00fcndigen und von aller bewussten S\u00fcnde, sodass wir \u2014 anstatt uns zu vers\u00fcndigen \u2014in jeder Versuchung als Sieger stehen bleiben.<\/p>\n<p>Wie herrlich ist es, auf diese Weise immer mit einem guten Gewissen vor Gott und Menschen zu leben! \u2014 \u2014 \u2014<\/p>\n<p>Paulus schreibt: \u201eGott sei Dank, der uns allezeit Sieg gibt in Christus\u2026\u201c 2. Korinther 2, 14.<\/p>\n<p>Aber leider haben die meisten dieses vorl\u00e4ufige herrliche Ziel in ihrem Leben absolut nicht erreicht. Und dies hat seine zwei bestimmten guten Gr\u00fcnde:<\/p>\n<ol>\n<li>Man will einfach nicht all sein Eigenes aufgeben und mit Christus sterben, und dadurch entf\u00e4llt die M\u00f6glichkeit, dieses herrliche Siegesleben zu erlangen.<\/li>\n<li>Man glaubt \u00fcberhaupt nicht, dass man mit ihm gekreuzigt ist, und kommt auch nicht dazu, dies zu glauben, solange man nicht ganz und gar all sein Eigenes aufgeben will. Gott gibt uns keinen Glauben an etwas, bei dem wir selbst nicht mitmachen wollen.<\/li>\n<\/ol>\n<p>Wenn man wirklich in Wahrheit den Weg in Jesu Fu\u00dfspuren nachfolgen will, dann bekommt man auch Glauben, um ihn zu gehen. Ehre sei Gott!<\/p>\n<p><strong>2.&nbsp;Mit zunehmendem Licht des Lebens, durch Aufdecken und Ablegen von unbewusster S\u00fcnde: Wachstum im Guten.<\/strong><\/p>\n<p>Dies ist wiederum das Gleiche wie zunehmende Verwandlung in unserem Inneren und dasselbe, wie zunehmend an g\u00f6ttlicher Natur teilhaftig zu werden.<\/p>\n<p>Hier gibt es f\u00fcr uns kein begrenztes Ziel, sondern sozusagen unbegrenzte M\u00f6glichkeiten. Das Ziel ist:<\/p>\n<p>So viel Wachstum und Verwandlung wie m\u00f6glich!<\/p>\n<p>Aus demselben Grund kommen alle Fr\u00fcchte des Geistes und alle Tugenden Christi, f\u00fcr die man jederzeit lebendiges Interesse hat, in gr\u00f6\u00dftm\u00f6glicher Weite und Tiefe hervor.<\/p>\n<p>\u201eWir glauben, darum reden wir\u201d, sagt Paulus. Wir reden von dem, was wir glauben. Wenn man dann \u00fcberhaupt nicht davon spricht, hat dies seinen bestimmten Grund: Man glaubt nicht daran. \u2014<\/p>\n<p>Sowohl \u00fcber I als auch \u00fcber II kann man sagen: Hier n\u00fctzen weder W\u00fcnsche noch Tr\u00e4ume etwas, auch nicht einige mehr oder weniger matte Versuche. Nein \u2013 dies n\u00fctzt absolut nichts! Das einzige, was n\u00fctzt, was wirkt, ist lebendiger Glaube an Gottes und Christi Werk und an das Wort, das besonders deutlich, bestimmt und entschlossen davon spricht, ja, das fast von nichts anderem redet. \u2013 Lese, denke und glaube!<\/p>\n<p><em>Elias Aslaksen<\/em><\/p>\n<\/div>\n\t\t<\/div>\n\t\t\t\t\t<\/div>\n\n\t\n\n\t<div id=\"col-279085727\" class=\"col copyright small-12 large-12\"  >\n\t\t\t\t<div class=\"col-inner text-left\"  >\n\t\t\t\n\t\t\t\n<div>\u00a9 Copyright Stiftelsen Skjulte Skatters Forlag<\/div>\n\t\t<\/div>\n\t\t\t\t\t<\/div>\n\n\t\n\n\t<div id=\"col-403091263\" class=\"col small-12 large-12\"  >\n\t\t\t\t<div class=\"col-inner text-left\"  >\n\t\t\t\n\t\t\t\n<div><a href=\"#\" class=\"read-more\">Weiterlesen<\/a><\/div>\n\t\t<\/div>\n\t\t\t\t\t<\/div>\n\n\t\n\n\t<div id=\"col-859795351\" class=\"col small-12 large-12\"  >\n\t\t\t\t<div class=\"col-inner text-left\"  >\n\t\t\t\n\t\t\t\n<p class=\"next-previous-message\"><a class=\"previous\" href=\"\/de\/bible-studies\/theme-2\/taking-up-your-cross\/\"><i class=\"icon-angle-left\"><\/i> Previous<\/a><a class=\"next\" href=\"\/de\/bible-studies\/theme-2\/deny-oneself\/\">Next <i class=\"icon-angle-right\"><\/i><\/a><\/p>\n\t\t<\/div>\n\t\t\t\t\t<\/div>\n\n\t\n<\/div>\n\t\t<\/div>\n\n\t\t\n<style>\n#section_1154196985 {\n  padding-top: 0px;\n  padding-bottom: 0px;\n  margin-bottom: 0px;\n}\n@media (min-width:550px) {\n  #section_1154196985 {\n    padding-top: 0px;\n    padding-bottom: 0px;\n  }\n}\n<\/style>\n\t<\/section>\n\t\n\n\t<section class=\"section food-for-thought\" id=\"section_7362036\">\n\t\t<div class=\"section-bg fill\" >\n\t\t\t\t\t\t\t\t\t\n\t\t\t\n\n\t\t<\/div>\n\n\t\t\n\n\t\t<div class=\"section-content relative\">\n\t\t\t\n<div class=\"row align-center\"  id=\"row-1841694907\">\n\n\t<div id=\"col-1718520324\" class=\"col title small-12 large-12\"  >\n\t\t\t\t<div class=\"col-inner text-left dark\"  >\n\t\t\t\n\t\t\t\n<h2>Devotional<\/h2>\n\t\t<\/div>\n\t\t\t\t\t<\/div>\n\n\t\n\n\t<div id=\"col-479366615\" class=\"col small-12 large-12\"  >\n\t\t\t\t<div class=\"col-inner dark\"  >\n\t\t\t\n\t\t\t\n<p>Schreibe alle Ermahnungen auf, die Br. Aslaksen in seinem Artikel &#8220;Die zwei gro\u00dfen Ziele im Leben eines Christen&#8221; schreibt. Gibt es eine, die dich besonders anspricht?<\/p>\n<p class='info'>You have to <a href='\/login\/'>log in<\/a> if you want to save your answer.<\/p>\n\t\t<\/div>\n\t\t\t\t\t<\/div>\n\n\t\n<\/div>\n\t\t<\/div>\n\n\t\t\n<style>\n#section_7362036 {\n  padding-top: 30px;\n  padding-bottom: 30px;\n  background-color: rgb(73, 92, 94);\n}\n<\/style>\n\t<\/section>\n\t\n","protected":false},"excerpt":{"rendered":"","protected":false},"author":5,"featured_media":0,"parent":10110,"menu_order":0,"comment_status":"closed","ping_status":"closed","template":"page-blank.php","meta":{"footnotes":""},"class_list":["post-11034","page","type-page","status-publish","hentry"],"aioseo_notices":[],"_links":{"self":[{"href":"https:\/\/words-of-faith.org\/de\/wp-json\/wp\/v2\/pages\/11034","targetHints":{"allow":["GET"]}}],"collection":[{"href":"https:\/\/words-of-faith.org\/de\/wp-json\/wp\/v2\/pages"}],"about":[{"href":"https:\/\/words-of-faith.org\/de\/wp-json\/wp\/v2\/types\/page"}],"author":[{"embeddable":true,"href":"https:\/\/words-of-faith.org\/de\/wp-json\/wp\/v2\/users\/5"}],"replies":[{"embeddable":true,"href":"https:\/\/words-of-faith.org\/de\/wp-json\/wp\/v2\/comments?post=11034"}],"version-history":[{"count":0,"href":"https:\/\/words-of-faith.org\/de\/wp-json\/wp\/v2\/pages\/11034\/revisions"}],"up":[{"embeddable":true,"href":"https:\/\/words-of-faith.org\/de\/wp-json\/wp\/v2\/pages\/10110"}],"wp:attachment":[{"href":"https:\/\/words-of-faith.org\/de\/wp-json\/wp\/v2\/media?parent=11034"}],"curies":[{"name":"wp","href":"https:\/\/api.w.org\/{rel}","templated":true}]}}