{"id":12642,"date":"2020-05-29T20:00:02","date_gmt":"2020-05-29T18:00:02","guid":{"rendered":"https:\/\/aslaksen.bcc.no\/?page_id=12642"},"modified":"2020-08-21T12:25:00","modified_gmt":"2020-08-21T10:25:00","slug":"richte-nicht","status":"publish","type":"page","link":"https:\/\/words-of-faith.org\/de\/bibelkurs\/thema-3\/richte-nicht\/","title":{"rendered":"Richte NICHT!"},"content":{"rendered":"\n\t<section class=\"section\" id=\"section_1297161300\">\n\t\t<div class=\"section-bg fill\" >\n\t\t\t\t\t\t\t\t\t\n\t\t\t\n\n\t\t<\/div>\n\n\t\t\n\n\t\t<div class=\"section-content relative\">\n\t\t\t\n<div class=\"row align-center\"  id=\"row-1403402921\">\n\n\t<div id=\"col-1613869853\" class=\"col small-12 large-12\"  >\n\t\t\t\t<div class=\"col-inner\"  >\n\t\t\t\n\t\t\t\n<p class=\"breadcrumbs\"><a href=\"..\/\">Theme 3<\/a> \/ Messages<\/p>\n<h1>Richtet NICHT!<\/h1>\n<p class=\"article-date\">Auszug der Rede von Januar 1972<\/p>\n<p class=\"article-author\">von Elias Aslaksen<\/p>\n\t\t<\/div>\n\t\t\t\t\t<\/div>\n\n\t\n\n<style>\n#row-1403402921 > .col > .col-inner {\n  padding: 30px 0px 0px 0px;\n}\n<\/style>\n<\/div>\n<div class=\"row align-center audio\"  id=\"row-885332013\">\n\n\t<div id=\"col-1068741107\" class=\"col small-12 large-12\"  >\n\t\t\t\t<div class=\"col-inner\"  >\n\t\t\t\n\t\t\t\n<!--[if lt IE 9]><script>document.createElement('audio');<\/script><![endif]-->\n<audio class=\"wp-audio-shortcode\" id=\"audio-12642-1\" preload=\"none\" style=\"width: 100%;\" controls=\"controls\"><source type=\"audio\/mpeg\" src=\"\/audio\/Tema%203\/DE\/13_Richtet%20nicht!.mp3?_=1\" \/><a href=\"\/audio\/Tema%203\/DE\/13_Richtet%20nicht!.mp3\">\/audio\/Tema%203\/DE\/13_Richtet%20nicht!.mp3<\/a><\/audio>\n<p class=\"click-to-listen\">Click to listen to the speech.<\/p>\n\t\t<\/div>\n\t\t\t\t\t<\/div>\n\n\t\n<\/div>\n<div class=\"row align-center article article-excerpt\"  id=\"row-1417870758\">\n\n\t<div id=\"col-1750031704\" class=\"col small-12 large-12\"  >\n\t\t\t\t<div class=\"col-inner text-left\"  >\n\t\t\t\n\t\t\t\n<p>Es steht: \u00abWer zugrunde gehen soll, der wird zuvor stolz.\u201c Man setzt sich zum Richter \u00fcber alles und alle, \u00fcber was auch immer und wen auch immer.<\/p>\n<p>Es gibt etwas, das sich Gottesfurcht nennt. Furcht vor Gott, Furcht davor, Gott zu missfallen. Furcht davor, sich mit ihm zu streiten. Ja, was sollte man mehr f\u00fcrchten als das? Das Schlimmste von allem \u2013 und nicht einmal davor hat man Angst.<\/p>\n<p>Das ist sehr wenig Gottesfurcht, liebe Geschwister. Aber es geht verh\u00e4ltnism\u00e4\u00dfig gut unter uns. Und das kommt von Gottesfurcht, soweit sie vorhanden ist. Aber es gibt sehr viele liebe Br\u00fcder und Schwestern, denen Gottesfurcht in hohem Grad mangelt. Die Bedeutung des Wortes ist eindeutig. Es bedeutet zu f\u00fcrchten, Angst zu haben. Davor, Gott gegen sich aufzubringen, davor, sich mit ihm zu \u00fcberwerfen. Davor, seinem Wort nicht zu gehorchen, sein Wort nicht zu lieben. Davor, ihm auf irgendeine Weise zu missfallen.<\/p>\n<p>Und die aller schlimmste Art, die absolut schrecklichste Art ist, gro\u00dfe Gedanken von sich selbst zu haben. Das hei\u00dft Hochmut. Das hei\u00dft Stolz. Das hei\u00dft Aufgeblasenheit und das hei\u00dft Selbstklugheit; etwas, das man sich einbildet. Was nicht wahr ist. Das Wahre ist das genaue Gegenteil.<\/p>\n<p>Paulus schrieb: \u201eDurch Gottes Gnade bin ich, was ich bin.\u201c Ja, das ist genau das gleiche wie: \u201eAus Mangel an Gottes Gnade bin ich leider nicht mehr als das, was ich bin.\u201c Es ist leider nicht mehr daraus geworden als das. Aus Mangel an Gottes Gnade.<\/p>\n<p>Denn Gott gibt dem Dem\u00fctigen Gnade, also aus Mangel an Demut. Das k\u00f6nnen wir uns alle zu Herzen nehmen. Es ist nicht die Rede davon, dass es mit irgendjemandem von uns so gut geht, dass es nicht noch besser gehen k\u00f6nnte. Also ist das in jedem Fall ein kleiner Mangel an Demut. Im besten Falle. In den meisten F\u00e4llen herrscht gro\u00dfer Mangel an Demut.<\/p>\n<p>Das Normalste ist zu kritisieren und zu richten. Und das machen viele der Geschwister. Ein Teil hat es so \u2013 sie sind so dem\u00fctig, dass sie es nicht wagen, die \u00c4ltesten zu richten, aber wir k\u00f6nnen fast sagen, stattdessen machen sie das an allen anderen wett. Aber was steht geschrieben? Es steht nicht: richtet nicht zu viel. Es steht nicht: richte nicht vorschnell. Es steht: Richtet nicht. N-I-C-H-T. Nicht.<\/p>\n\t\t<\/div>\n\t\t\t\t\t<\/div>\n\n\t\n\n\t<div id=\"col-1178671303\" class=\"col copyright small-12 large-12\"  >\n\t\t\t\t<div class=\"col-inner text-left\"  >\n\t\t\t\n\t\t\t\n<div>\u00a9 Copyright Stiftelsen Skjulte Skatters Forlag<\/div>\n\t\t<\/div>\n\t\t\t\t\t<\/div>\n\n\t\n\n\t<div id=\"col-80489808\" class=\"col small-12 large-12\"  >\n\t\t\t\t<div class=\"col-inner text-left\"  >\n\t\t\t\n\t\t\t\n<div><a href=\"#\" class=\"read-more\">Weiterlesen<\/a><\/div>\n\t\t<\/div>\n\t\t\t\t\t<\/div>\n\n\t\n\n\t<div id=\"col-397222527\" class=\"col small-12 large-12\"  >\n\t\t\t\t<div class=\"col-inner text-left\"  >\n\t\t\t\n\t\t\t\n<p class=\"next-previous-message\"><a class=\"previous\" href=\"\/de\/bible-studies\/theme-3\/you-are-loved-and-should-love-in-return\/\"><i class=\"icon-angle-left\"><\/i> Previous<\/a><a class=\"next\" href=\"\/de\/bible-studies\/theme-3\/the-fear-of-god\/\">Next <i class=\"icon-angle-right\"><\/i><\/a><\/p>\n\t\t<\/div>\n\t\t\t\t\t<\/div>\n\n\t\n<\/div>\n\t\t<\/div>\n\n\t\t\n<style>\n#section_1297161300 {\n  padding-top: 0px;\n  padding-bottom: 0px;\n  margin-bottom: 0px;\n}\n@media (min-width:550px) {\n  #section_1297161300 {\n    padding-top: 0px;\n    padding-bottom: 0px;\n  }\n}\n<\/style>\n\t<\/section>\n\t\n\n\t<section class=\"section food-for-thought\" id=\"section_1250139944\">\n\t\t<div class=\"section-bg fill\" >\n\t\t\t\t\t\t\t\t\t\n\t\t\t\n\n\t\t<\/div>\n\n\t\t\n\n\t\t<div class=\"section-content relative\">\n\t\t\t\n<div class=\"row align-center\"  id=\"row-48379793\">\n\n\t<div id=\"col-1283691279\" class=\"col title small-12 large-12\"  >\n\t\t\t\t<div class=\"col-inner text-left dark\"  >\n\t\t\t\n\t\t\t\n<h2>Devotional<\/h2>\n\t\t<\/div>\n\t\t\t\t\t<\/div>\n\n\t\n\n\t<div id=\"col-496847984\" class=\"col small-12 large-12\"  >\n\t\t\t\t<div class=\"col-inner dark\"  >\n\t\t\t\n\t\t\t\n<p>In der Rede &#8220;Richtet NICHT!&#8221; sagt Br. Aslaksen, dass Hochmut das Allerschlimmste ist, wenn es darum geht, sich mit Gott zu \u00fcberwerfen. Welcher dieser Gedanken ist deiner Meinung nach Hochmut? Besprich das gerne in der Gruppe.<\/p>\n<ul class=\"question-answers\">\n<li>&#8220;Ich kann gut &#8230;&#8221;<\/li>\n<li>&#8220;Ich bin so oft gefallen, dass ich meine Chance verspielt habe.&#8221;<\/li>\n<li>&#8220;Gl\u00fccklicherweise habe ich nicht mit den gleichen Dingen wie er\/sie Probleme &#8230;&#8221;<\/li>\n<li>&#8220;Was er\/sie gesagt hat, war nicht richtig.&#8221;<\/li>\n<\/ul>\n<p class='info'>You have to <a href='\/login\/'>log in<\/a> if you want to save your answer.<\/p>\n\t\t<\/div>\n\t\t\t\t\t<\/div>\n\n\t\n<\/div>\n\t\t<\/div>\n\n\t\t\n<style>\n#section_1250139944 {\n  padding-top: 30px;\n  padding-bottom: 30px;\n  background-color: rgb(73, 92, 94);\n}\n<\/style>\n\t<\/section>\n\t\n","protected":false},"excerpt":{"rendered":"","protected":false},"author":5,"featured_media":0,"parent":12608,"menu_order":0,"comment_status":"closed","ping_status":"closed","template":"page-blank.php","meta":{"footnotes":""},"class_list":["post-12642","page","type-page","status-publish","hentry"],"aioseo_notices":[],"_links":{"self":[{"href":"https:\/\/words-of-faith.org\/de\/wp-json\/wp\/v2\/pages\/12642","targetHints":{"allow":["GET"]}}],"collection":[{"href":"https:\/\/words-of-faith.org\/de\/wp-json\/wp\/v2\/pages"}],"about":[{"href":"https:\/\/words-of-faith.org\/de\/wp-json\/wp\/v2\/types\/page"}],"author":[{"embeddable":true,"href":"https:\/\/words-of-faith.org\/de\/wp-json\/wp\/v2\/users\/5"}],"replies":[{"embeddable":true,"href":"https:\/\/words-of-faith.org\/de\/wp-json\/wp\/v2\/comments?post=12642"}],"version-history":[{"count":0,"href":"https:\/\/words-of-faith.org\/de\/wp-json\/wp\/v2\/pages\/12642\/revisions"}],"up":[{"embeddable":true,"href":"https:\/\/words-of-faith.org\/de\/wp-json\/wp\/v2\/pages\/12608"}],"wp:attachment":[{"href":"https:\/\/words-of-faith.org\/de\/wp-json\/wp\/v2\/media?parent=12642"}],"curies":[{"name":"wp","href":"https:\/\/api.w.org\/{rel}","templated":true}]}}