{"id":13320,"date":"2020-05-29T20:00:19","date_gmt":"2020-05-29T18:00:19","guid":{"rendered":"https:\/\/aslaksen.bcc.no\/?page_id=13320"},"modified":"2020-08-21T12:29:07","modified_gmt":"2020-08-21T10:29:07","slug":"gottesfurcht","status":"publish","type":"page","link":"https:\/\/words-of-faith.org\/de\/bibelkurs\/thema-3\/gottesfurcht\/","title":{"rendered":"Gottesfurcht"},"content":{"rendered":"\n\t<section class=\"section\" id=\"section_1337365996\">\n\t\t<div class=\"section-bg fill\" >\n\t\t\t\t\t\t\t\t\t\n\t\t\t\n\n\t\t<\/div>\n\n\t\t\n\n\t\t<div class=\"section-content relative\">\n\t\t\t\n<div class=\"row align-center\"  id=\"row-1220814117\">\n\n\t<div id=\"col-2043037709\" class=\"col small-12 large-12\"  >\n\t\t\t\t<div class=\"col-inner\"  >\n\t\t\t\n\t\t\t\n<p class=\"breadcrumbs\"><a href=\"..\/\">Theme 3<\/a> \/ Messages<\/p>\n<h1>Gottesfurcht<\/h1>\n<p class=\"article-date\">Skjulte Skatter, ver\u00f6ffentlicht im April 1991<\/p>\n<p class=\"article-author\">von Elias Aslaksen<\/p>\n\t\t<\/div>\n\t\t\t\t\t<\/div>\n\n\t\n\n<style>\n#row-1220814117 > .col > .col-inner {\n  padding: 30px 0px 0px 0px;\n}\n<\/style>\n<\/div>\n<div class=\"row align-center audio\"  id=\"row-411197562\">\n\n\t<div id=\"col-1779444403\" class=\"col small-12 large-12\"  >\n\t\t\t\t<div class=\"col-inner\"  >\n\t\t\t\n\t\t\t\n<!--[if lt IE 9]><script>document.createElement('audio');<\/script><![endif]-->\n<audio class=\"wp-audio-shortcode\" id=\"audio-13320-1\" preload=\"none\" style=\"width: 100%;\" controls=\"controls\"><source type=\"audio\/mpeg\" src=\"\/audio\/Tema%203\/DE\/14%20Gottesfurcht_DE.mp3?_=1\" \/><a href=\"\/audio\/Tema%203\/DE\/14%20Gottesfurcht_DE.mp3\">\/audio\/Tema%203\/DE\/14%20Gottesfurcht_DE.mp3<\/a><\/audio>\n<p class=\"click-to-listen\">Click to listen to the speech.<\/p>\n\t\t<\/div>\n\t\t\t\t\t<\/div>\n\n\t\n<\/div>\n<div class=\"row align-center article article-excerpt\"  id=\"row-1698348696\">\n\n\t<div id=\"col-1542641516\" class=\"col small-12 large-12\"  >\n\t\t\t\t<div class=\"col-inner text-left\"  >\n\t\t\t\n\t\t\t\n<p>Gottesfurcht im tiefsten Sinne \u2013 nach dem Ma\u00dfstab des Wortes Gottes \u2013 ist in dieser Welt fast nicht zu finden!!! Leider, leider, leider! Was nennt ihr mich Herr, Herr und tut nicht, was ich euch sage???, sagte Jesus. Ist er unser Herr, so sind wir ja seine Diener \u2013 verpflichtet, ihm in allen Dingen zu gehorchen! Fast niemand h\u00e4lt sich daran. Luk. 6, 46.<\/p>\n<p>\u201eWer glaubt\u2018s aber, dass du so sehr z\u00fcrnest, und wer f\u00fcrchtet sich vor dir in deinem Grimm?\u201c Psalm 90, 11. Wahre und vollst\u00e4ndige Gottesfurcht bewirkt, dass wir verstehen und erkennen, wie gro\u00df der Zorn und Grimm Gottes auf alle S\u00fcnde jeglicher Art, in allen Formen und Erscheinungen und in allen Graden, ist!<\/p>\n<p>Je mehr wir uns davor f\u00fcrchten, Gott zu missfallen und seine Gesetze und Gebote zu \u00fcbertreten, desto schneller und weiter entfernen wir uns von jeder Art von S\u00fcnde und \u00dcbertretung. Desto genauer, mit desto gr\u00f6\u00dferer Freude und Ernst und desto williger halten wir von ganzem Herzen all sein Wort! Wer f\u00fcrchtet sich wohl mit Todesernst davor, sich die ganze Erl\u00f6sung aufgrund von leerem Geschw\u00e4tz entgehen zu lassen??? Jak. 1, 26. Oder etwas von dem Guten, das er Gelegenheit hat zu tun, zu unterlassen??? Jak. 4, 17.<\/p>\n<p>Hast du wirklich Furcht davor, lieber Freund?<\/p>\n\t\t<\/div>\n\t\t\t\t\t<\/div>\n\n\t\n\n\t<div id=\"col-1990012257\" class=\"col copyright small-12 large-12\"  >\n\t\t\t\t<div class=\"col-inner text-left\"  >\n\t\t\t\n\t\t\t\n<div>\u00a9 Copyright Stiftelsen Skjulte Skatters Forlag<\/div>\n\t\t<\/div>\n\t\t\t\t\t<\/div>\n\n\t\n\n\t<div id=\"col-1363338873\" class=\"col small-12 large-12\"  >\n\t\t\t\t<div class=\"col-inner text-left\"  >\n\t\t\t\n\t\t\t\n<div><a href=\"#\" class=\"read-more\">Weiterlesen<\/a><\/div>\n\t\t<\/div>\n\t\t\t\t\t<\/div>\n\n\t\n\n\t<div id=\"col-2082716265\" class=\"col small-12 large-12\"  >\n\t\t\t\t<div class=\"col-inner text-left\"  >\n\t\t\t\n\t\t\t\n<p class=\"next-previous-message\"><a class=\"previous\" href=\"\/de\/bible-studies\/theme-3\/judge-not\/\"><i class=\"icon-angle-left\"><\/i> Previous<\/a><a class=\"next\" href=\"\/de\/bible-studies\/theme-3\/keep-yourselves-from-idols\/\">Next <i class=\"icon-angle-right\"><\/i><\/a><\/p>\n\t\t<\/div>\n\t\t\t\t\t<\/div>\n\n\t\n<\/div>\n\t\t<\/div>\n\n\t\t\n<style>\n#section_1337365996 {\n  padding-top: 0px;\n  padding-bottom: 0px;\n  margin-bottom: 0px;\n}\n@media (min-width:550px) {\n  #section_1337365996 {\n    padding-top: 0px;\n    padding-bottom: 0px;\n  }\n}\n<\/style>\n\t<\/section>\n\t\n\n\t<section class=\"section food-for-thought\" id=\"section_471403667\">\n\t\t<div class=\"section-bg fill\" >\n\t\t\t\t\t\t\t\t\t\n\t\t\t\n\n\t\t<\/div>\n\n\t\t\n\n\t\t<div class=\"section-content relative\">\n\t\t\t\n<div class=\"row align-center\"  id=\"row-1176433821\">\n\n\t<div id=\"col-1518454447\" class=\"col title small-12 large-12\"  >\n\t\t\t\t<div class=\"col-inner text-left dark\"  >\n\t\t\t\n\t\t\t\n<h2>Devotional<\/h2>\n\t\t<\/div>\n\t\t\t\t\t<\/div>\n\n\t\n\n\t<div id=\"col-614832707\" class=\"col small-12 large-12\"  >\n\t\t\t\t<div class=\"col-inner dark\"  >\n\t\t\t\n\t\t\t\n<p>Im Artikel &#8220;Gottesfurcht&#8221; schreibt Br. Aslaksen, wie zornig Gott \u00fcber S\u00fcnde ist. Notiere dir einen Bibelvers, der das beschreibt. Suche jetzt einen Bibelvers, der zeigt, wie sehr er dich lieb hat.<\/p>\n<p class='info'>You have to <a href='\/login\/'>log in<\/a> if you want to save your answer.<\/p>\n\t\t<\/div>\n\t\t\t\t\t<\/div>\n\n\t\n<\/div>\n\t\t<\/div>\n\n\t\t\n<style>\n#section_471403667 {\n  padding-top: 30px;\n  padding-bottom: 30px;\n  background-color: rgb(73, 92, 94);\n}\n<\/style>\n\t<\/section>\n\t\n","protected":false},"excerpt":{"rendered":"","protected":false},"author":5,"featured_media":0,"parent":12608,"menu_order":2,"comment_status":"closed","ping_status":"closed","template":"page-blank.php","meta":{"footnotes":""},"class_list":["post-13320","page","type-page","status-publish","hentry"],"aioseo_notices":[],"_links":{"self":[{"href":"https:\/\/words-of-faith.org\/de\/wp-json\/wp\/v2\/pages\/13320","targetHints":{"allow":["GET"]}}],"collection":[{"href":"https:\/\/words-of-faith.org\/de\/wp-json\/wp\/v2\/pages"}],"about":[{"href":"https:\/\/words-of-faith.org\/de\/wp-json\/wp\/v2\/types\/page"}],"author":[{"embeddable":true,"href":"https:\/\/words-of-faith.org\/de\/wp-json\/wp\/v2\/users\/5"}],"replies":[{"embeddable":true,"href":"https:\/\/words-of-faith.org\/de\/wp-json\/wp\/v2\/comments?post=13320"}],"version-history":[{"count":0,"href":"https:\/\/words-of-faith.org\/de\/wp-json\/wp\/v2\/pages\/13320\/revisions"}],"up":[{"embeddable":true,"href":"https:\/\/words-of-faith.org\/de\/wp-json\/wp\/v2\/pages\/12608"}],"wp:attachment":[{"href":"https:\/\/words-of-faith.org\/de\/wp-json\/wp\/v2\/media?parent=13320"}],"curies":[{"name":"wp","href":"https:\/\/api.w.org\/{rel}","templated":true}]}}