{"id":13338,"date":"2020-05-29T20:00:12","date_gmt":"2020-05-29T18:00:12","guid":{"rendered":"https:\/\/aslaksen.bcc.no\/?page_id=13338"},"modified":"2020-08-21T13:34:53","modified_gmt":"2020-08-21T11:34:53","slug":"huetet-euch-vor-den-abgoettern","status":"publish","type":"page","link":"https:\/\/words-of-faith.org\/de\/bibelkurs\/thema-3\/huetet-euch-vor-den-abgoettern\/","title":{"rendered":"H\u00fctet euch vor den Abg\u00f6ttern"},"content":{"rendered":"\n\t<section class=\"section\" id=\"section_442191290\">\n\t\t<div class=\"section-bg fill\" >\n\t\t\t\t\t\t\t\t\t\n\t\t\t\n\n\t\t<\/div>\n\n\t\t\n\n\t\t<div class=\"section-content relative\">\n\t\t\t\n<div class=\"row align-center\"  id=\"row-1723181094\">\n\n\t<div id=\"col-378561919\" class=\"col small-12 large-12\"  >\n\t\t\t\t<div class=\"col-inner\"  >\n\t\t\t\n\t\t\t\n<p class=\"breadcrumbs\"><a href=\"..\/\">Theme 3<\/a> \/ Messages<\/p>\n<h1>H\u00fctet euch vor den Abg\u00f6ttern<\/h1>\n<p class=\"article-date\">Skjulte Skatter, ver\u00f6ffentlicht im Februar 1991<\/p>\n<p class=\"article-author\">von Elias Aslaksen<\/p>\n\t\t<\/div>\n\t\t\t\t\t<\/div>\n\n\t\n\n<style>\n#row-1723181094 > .col > .col-inner {\n  padding: 30px 0px 0px 0px;\n}\n<\/style>\n<\/div>\n<div class=\"row align-center audio\"  id=\"row-1295274463\">\n\n\t<div id=\"col-1071893403\" class=\"col small-12 large-12\"  >\n\t\t\t\t<div class=\"col-inner\"  >\n\t\t\t\n\t\t\t\n<!--[if lt IE 9]><script>document.createElement('audio');<\/script><![endif]-->\n<audio class=\"wp-audio-shortcode\" id=\"audio-13338-1\" preload=\"none\" style=\"width: 100%;\" controls=\"controls\"><source type=\"audio\/mpeg\" src=\"\/audio\/Tema%203\/DE\/15%20H%C3%BCtet%20euch%20vor%20den%20Abg%C3%B6ttern_DE.mp3?_=1\" \/><a href=\"\/audio\/Tema%203\/DE\/15%20H%C3%BCtet%20euch%20vor%20den%20Abg%C3%B6ttern_DE.mp3\">\/audio\/Tema%203\/DE\/15%20H%C3%BCtet%20euch%20vor%20den%20Abg%C3%B6ttern_DE.mp3<\/a><\/audio>\n<p class=\"click-to-listen\">Click to listen to the speech.<\/p>\n\t\t<\/div>\n\t\t\t\t\t<\/div>\n\n\t\n<\/div>\n<div class=\"row align-center article article-excerpt\"  id=\"row-310367240\">\n\n\t<div id=\"col-2005211468\" class=\"col small-12 large-12\"  >\n\t\t\t\t<div class=\"col-inner text-left\"  >\n\t\t\t\n\t\t\t\n<p><strong>1.Johannes 5, 21 <\/strong><\/p>\n<p>In Kapitel 2, 15 ist aufgef\u00fchrt, was Abg\u00f6tter gew\u00f6hnlich sind: die Dinge in dieser Welt! Dies stimmt mit der Beschreibung des Apostels Paulus \u00fcberein: Habsucht, welche ist G\u00f6tzendienst.<\/p>\n<p>Wonach man verr\u00fcckt ist, es zu haben, zu bekommen und anzuschaffen, sind also die Abg\u00f6tter. Wir haben auch eine todernste Beschreibung dieses G\u00f6tzendienstes in Philipper 3, 18-19: \u201eIhr Ende ist die Verdammnis, ihr Gott ist der Bauch, \u2026sie sind irdisch gesinnt.\u201c Man kann gutes Essen so sehr lieben und bewundern, dass der Bauch, also gutes Essen und viel Essen, der Gott ist. Paulus hatte oft und unter Tr\u00e4nen dar\u00fcber gesprochen, Vers 18. Und das stimmt mit dem \u00fcberein, was er in R\u00f6mer 1, 25 schreibt: Sie haben das Geschaffene mehr verehrt und ihm gedient als dem Sch\u00f6pfer! Das allermeiste Geld wird f\u00fcr den G\u00f6tzendienst verwendet! Gerade deshalb kann man nicht gleichzeitig das Geld und Gott lieben!!!<\/p>\n<p>Der gro\u00dfe Prophet Jesaja hat auch ernst davon geredet! Jesaja 2, 21-22 und 3, 16-24. In Kapitel 2, 18 steht: \u201eUnd mit den G\u00f6tzen wird\u2018s ganz aus sein.\u201c N\u00e4mlich an dem Tag, wenn Gottes Zorn und Gericht \u00fcber all dies geoffenbart wird! (Vers 12) Aber jetzt ist es so, dass Jesus mit vollkommener Erl\u00f6sung von all diesem allgemein \u00fcblichen Elend gekommen ist!!!&nbsp;<\/p>\n<p>Jetzt haben wir alle voll und ganz Gelegenheit, dass es mit aller Abg\u00f6tterei in unserem Leben ganz vorbei ist! Hochgelobt sei der Herr!<\/p>\n\t\t<\/div>\n\t\t\t\t\t<\/div>\n\n\t\n\n\t<div id=\"col-1168492528\" class=\"col copyright small-12 large-12\"  >\n\t\t\t\t<div class=\"col-inner text-left\"  >\n\t\t\t\n\t\t\t\n<div>\u00a9 Copyright Stiftelsen Skjulte Skatters Forlag<\/div>\n\t\t<\/div>\n\t\t\t\t\t<\/div>\n\n\t\n\n\t<div id=\"col-1287019872\" class=\"col small-12 large-12\"  >\n\t\t\t\t<div class=\"col-inner text-left\"  >\n\t\t\t\n\t\t\t\n<div><a href=\"#\" class=\"read-more\">Weiterlesen<\/a><\/div>\n\t\t<\/div>\n\t\t\t\t\t<\/div>\n\n\t\n\n\t<div id=\"col-1131734396\" class=\"col small-12 large-12\"  >\n\t\t\t\t<div class=\"col-inner text-left\"  >\n\t\t\t\n\t\t\t\n<p class=\"next-previous-message\"><a class=\"previous\" href=\"\/de\/bible-studies\/theme-3\/the-fear-of-god\/\"><i class=\"icon-angle-left\"><\/i> Previous<\/a><a class=\"next\" href=\"\/de\/bible-studies\/theme-3\/do-gods-will\/\">Next <i class=\"icon-angle-right\"><\/i><\/a><\/p>\n\t\t<\/div>\n\t\t\t\t\t<\/div>\n\n\t\n<\/div>\n\t\t<\/div>\n\n\t\t\n<style>\n#section_442191290 {\n  padding-top: 0px;\n  padding-bottom: 0px;\n  margin-bottom: 0px;\n}\n@media (min-width:550px) {\n  #section_442191290 {\n    padding-top: 0px;\n    padding-bottom: 0px;\n  }\n}\n<\/style>\n\t<\/section>\n\t\n\n\t<section class=\"section food-for-thought\" id=\"section_1489058665\">\n\t\t<div class=\"section-bg fill\" >\n\t\t\t\t\t\t\t\t\t\n\t\t\t\n\n\t\t<\/div>\n\n\t\t\n\n\t\t<div class=\"section-content relative\">\n\t\t\t\n<div class=\"row align-center\"  id=\"row-1907678773\">\n\n\t<div id=\"col-1121322399\" class=\"col title small-12 large-12\"  >\n\t\t\t\t<div class=\"col-inner text-left dark\"  >\n\t\t\t\n\t\t\t\n<h2>Devotional<\/h2>\n\t\t<\/div>\n\t\t\t\t\t<\/div>\n\n\t\n\n\t<div id=\"col-1143533155\" class=\"col small-12 large-12\"  >\n\t\t\t\t<div class=\"col-inner dark\"  >\n\t\t\t\n\t\t\t\n<p>Im Artikel &#8220;H\u00fctet euch vor den Abg\u00f6ttern&#8221; nennt Br. Aslaksen verschiedene Beispiele f\u00fcr Abg\u00f6tter. Wann wird etwas ein Abgott f\u00fcr dich?<\/p>\n<p class='info'>You have to <a href='\/login\/'>log in<\/a> if you want to save your answer.<\/p>\n\t\t<\/div>\n\t\t\t\t\t<\/div>\n\n\t\n<\/div>\n\t\t<\/div>\n\n\t\t\n<style>\n#section_1489058665 {\n  padding-top: 30px;\n  padding-bottom: 30px;\n  background-color: rgb(73, 92, 94);\n}\n<\/style>\n\t<\/section>\n\t\n","protected":false},"excerpt":{"rendered":"","protected":false},"author":5,"featured_media":0,"parent":12608,"menu_order":3,"comment_status":"closed","ping_status":"closed","template":"page-blank.php","meta":{"footnotes":""},"class_list":["post-13338","page","type-page","status-publish","hentry"],"aioseo_notices":[],"_links":{"self":[{"href":"https:\/\/words-of-faith.org\/de\/wp-json\/wp\/v2\/pages\/13338","targetHints":{"allow":["GET"]}}],"collection":[{"href":"https:\/\/words-of-faith.org\/de\/wp-json\/wp\/v2\/pages"}],"about":[{"href":"https:\/\/words-of-faith.org\/de\/wp-json\/wp\/v2\/types\/page"}],"author":[{"embeddable":true,"href":"https:\/\/words-of-faith.org\/de\/wp-json\/wp\/v2\/users\/5"}],"replies":[{"embeddable":true,"href":"https:\/\/words-of-faith.org\/de\/wp-json\/wp\/v2\/comments?post=13338"}],"version-history":[{"count":0,"href":"https:\/\/words-of-faith.org\/de\/wp-json\/wp\/v2\/pages\/13338\/revisions"}],"up":[{"embeddable":true,"href":"https:\/\/words-of-faith.org\/de\/wp-json\/wp\/v2\/pages\/12608"}],"wp:attachment":[{"href":"https:\/\/words-of-faith.org\/de\/wp-json\/wp\/v2\/media?parent=13338"}],"curies":[{"name":"wp","href":"https:\/\/api.w.org\/{rel}","templated":true}]}}