{"id":13357,"date":"2020-05-29T20:00:56","date_gmt":"2020-05-29T18:00:56","guid":{"rendered":"https:\/\/aslaksen.bcc.no\/?page_id=13357"},"modified":"2020-08-21T13:42:29","modified_gmt":"2020-08-21T11:42:29","slug":"gottes-willen-so-tun-wie-er-im-himmel-geschieht","status":"publish","type":"page","link":"https:\/\/words-of-faith.org\/de\/bibelkurs\/thema-3\/gottes-willen-so-tun-wie-er-im-himmel-geschieht\/","title":{"rendered":"Gottes Willen so tun, wie er im Himmel geschieht"},"content":{"rendered":"\n\t<section class=\"section\" id=\"section_1744656348\">\n\t\t<div class=\"section-bg fill\" >\n\t\t\t\t\t\t\t\t\t\n\t\t\t\n\n\t\t<\/div>\n\n\t\t\n\n\t\t<div class=\"section-content relative\">\n\t\t\t\n<div class=\"row align-center\"  id=\"row-1834786406\">\n\n\t<div id=\"col-1771224315\" class=\"col small-12 large-12\"  >\n\t\t\t\t<div class=\"col-inner\"  >\n\t\t\t\n\t\t\t\n<p class=\"breadcrumbs\"><a href=\"..\/\">Theme 3<\/a> \/ Messages<\/p>\n<h1>Gottes Willen so tun, wie er im Himmel geschieht<\/h1>\n<p class=\"article-date\">Auszug der Rede von Januar 1965<\/p>\n<p class=\"article-author\">von Elias Aslaksen<\/p>\n\t\t<\/div>\n\t\t\t\t\t<\/div>\n\n\t\n\n<style>\n#row-1834786406 > .col > .col-inner {\n  padding: 30px 0px 0px 0px;\n}\n<\/style>\n<\/div>\n<div class=\"row align-center audio\"  id=\"row-532738527\">\n\n\t<div id=\"col-144462643\" class=\"col small-12 large-12\"  >\n\t\t\t\t<div class=\"col-inner\"  >\n\t\t\t\n\t\t\t\n<!--[if lt IE 9]><script>document.createElement('audio');<\/script><![endif]-->\n<audio class=\"wp-audio-shortcode\" id=\"audio-13357-1\" preload=\"none\" style=\"width: 100%;\" controls=\"controls\"><source type=\"audio\/mpeg\" src=\"\/audio\/Tema%203\/DE\/16_Gj%C3%B8re_Guds_vilje_p%C3%A5_jorden%2C_slik_den_skjer_i_himmelen_Januar_DE.mp3?_=1\" \/><a href=\"\/audio\/Tema%203\/DE\/16_Gj%C3%B8re_Guds_vilje_p%C3%A5_jorden%2C_slik_den_skjer_i_himmelen_Januar_DE.mp3\">\/audio\/Tema%203\/DE\/16_Gj%C3%B8re_Guds_vilje_p%C3%A5_jorden%2C_slik_den_skjer_i_himmelen_Januar_DE.mp3<\/a><\/audio>\n<p class=\"click-to-listen\">Click to listen to the speech.<\/p>\n\t\t<\/div>\n\t\t\t\t\t<\/div>\n\n\t\n<\/div>\n<div class=\"row align-center article article-excerpt\"  id=\"row-1230454953\">\n\n\t<div id=\"col-471954238\" class=\"col small-12 large-12\"  >\n\t\t\t\t<div class=\"col-inner text-left\"  >\n\t\t\t\n\t\t\t\n<p>Wir armen Schlucker hier in dieser b\u00f6sen Welt, mit einem Fleisch in dem nichts Gutes wohnt, einem starken Eigenwillen, starken L\u00fcsten und starken Meinungen.<\/p>\n<p>Dann in dem Grad erl\u00f6st zu werden, so dass Gottes Wille in unserem Leben geschehen kann, dass wir pers\u00f6nlich \u2013 jeder einzelne \u2013 Gottes Willen tut, so wie er im Himmel geschieht. Und die im Himmel haben nicht solch einen Eigenwillen zu verleugnen, aber das haben wir! Dennoch Gottes Willen tun wie er im Himmel geschieht. Ja, wer meint von sich es so getan zu haben? Was w\u00e4re, wenn wir jeden einzelnen fragen, ob er meint er habe Gottes Wille getan? Die meisten w\u00fcrden wohl die Antwort hinausz\u00f6gern denke ich.<\/p>\n<p>Und wenn du einer der wenigen w\u00e4rest, die ja sagen ohne zu z\u00f6gern, dann w\u00e4re es dennoch n\u00f6tig mit dieser Zusatzfrage, so dass es \u00fcbereinstimmt mit diesem Wort hier: denkst du, dass du ihn so tust wie er ein Himmel geschieht?<\/p>\n<p>Aller Wille Gottes ist von dir so ausgef\u00fchrt auf Erden wir er im Himmel geschieht. Und dann k\u00f6nnen wir fragen, wie geschieht er im Himmel? Ja das ist das Einfachste zu beantworten von allem. Oder richtiger gesagt, ist es das Einzige worauf leicht zu antworten ist. Hier bedarf es nicht viel, um das zu verstehen.<\/p>\n<p>Aber es ist nicht sicher, dass wir viel dar\u00fcber nachgedacht haben, darum hat es auch keine gro\u00dfe Auswirkung. Deshalb bin ich froh, dass ich es jetzt hier hervorheben kann, damit es gr\u00f6\u00dfere Wirkung bekommt. Gro\u00dfe Auswirkung. Im Himmel geschieht selbstverst\u00e4ndlich Gottes Wille so, dass er sofort getan wird. Kaum gesagt, schon getan. Er wird sofort getan!<\/p>\n\t\t<\/div>\n\t\t\t\t\t<\/div>\n\n\t\n\n\t<div id=\"col-1111167786\" class=\"col copyright small-12 large-12\"  >\n\t\t\t\t<div class=\"col-inner text-left\"  >\n\t\t\t\n\t\t\t\n<div>\u00a9 Copyright Stiftelsen Skjulte Skatters Forlag<\/div>\n\t\t<\/div>\n\t\t\t\t\t<\/div>\n\n\t\n\n\t<div id=\"col-1090452113\" class=\"col small-12 large-12\"  >\n\t\t\t\t<div class=\"col-inner text-left\"  >\n\t\t\t\n\t\t\t\n<div><a href=\"#\" class=\"read-more\">Weiterlesen<\/a><\/div>\n\t\t<\/div>\n\t\t\t\t\t<\/div>\n\n\t\n\n\t<div id=\"col-1425912278\" class=\"col small-12 large-12\"  >\n\t\t\t\t<div class=\"col-inner text-left\"  >\n\t\t\t\n\t\t\t\n<p class=\"next-previous-message\"><a class=\"previous\" href=\"\/de\/bible-studies\/theme-3\/keep-yourselves-from-idols\/\"><i class=\"icon-angle-left\"><\/i> Previous<\/a><a class=\"next\" href=\"\/de\/bible-studies\/theme-3\/commit-your-souls-to-the-faithful-creator\/\">Next <i class=\"icon-angle-right\"><\/i><\/a><\/p>\n\t\t<\/div>\n\t\t\t\t\t<\/div>\n\n\t\n<\/div>\n\t\t<\/div>\n\n\t\t\n<style>\n#section_1744656348 {\n  padding-top: 0px;\n  padding-bottom: 0px;\n  margin-bottom: 0px;\n}\n@media (min-width:550px) {\n  #section_1744656348 {\n    padding-top: 0px;\n    padding-bottom: 0px;\n  }\n}\n<\/style>\n\t<\/section>\n\t\n\n\t<section class=\"section food-for-thought\" id=\"section_1014085382\">\n\t\t<div class=\"section-bg fill\" >\n\t\t\t\t\t\t\t\t\t\n\t\t\t\n\n\t\t<\/div>\n\n\t\t\n\n\t\t<div class=\"section-content relative\">\n\t\t\t\n<div class=\"row align-center\"  id=\"row-1147814796\">\n\n\t<div id=\"col-2027129470\" class=\"col title small-12 large-12\"  >\n\t\t\t\t<div class=\"col-inner text-left dark\"  >\n\t\t\t\n\t\t\t\n<h2>Devotional<\/h2>\n\t\t<\/div>\n\t\t\t\t\t<\/div>\n\n\t\n\n\t<div id=\"col-656024459\" class=\"col small-12 large-12\"  >\n\t\t\t\t<div class=\"col-inner dark\"  >\n\t\t\t\n\t\t\t\n<p>H\u00f6re dir die Rede &#8220;Gottes Willen tun&#8221; an: Notiere etwas Konkretes, was heute Gottes Wille f\u00fcr dich war. Denke dar\u00fcber nach, wie das hier auf der Erde getan werden kann, so wie es im Himmel getan wird.<\/p>\n<p class='info'>You have to <a href='\/login\/'>log in<\/a> if you want to save your answer.<\/p>\n\t\t<\/div>\n\t\t\t\t\t<\/div>\n\n\t\n<\/div>\n\t\t<\/div>\n\n\t\t\n<style>\n#section_1014085382 {\n  padding-top: 30px;\n  padding-bottom: 30px;\n  background-color: rgb(73, 92, 94);\n}\n<\/style>\n\t<\/section>\n\t\n","protected":false},"excerpt":{"rendered":"","protected":false},"author":5,"featured_media":0,"parent":12608,"menu_order":4,"comment_status":"closed","ping_status":"closed","template":"page-blank.php","meta":{"footnotes":""},"class_list":["post-13357","page","type-page","status-publish","hentry"],"aioseo_notices":[],"_links":{"self":[{"href":"https:\/\/words-of-faith.org\/de\/wp-json\/wp\/v2\/pages\/13357","targetHints":{"allow":["GET"]}}],"collection":[{"href":"https:\/\/words-of-faith.org\/de\/wp-json\/wp\/v2\/pages"}],"about":[{"href":"https:\/\/words-of-faith.org\/de\/wp-json\/wp\/v2\/types\/page"}],"author":[{"embeddable":true,"href":"https:\/\/words-of-faith.org\/de\/wp-json\/wp\/v2\/users\/5"}],"replies":[{"embeddable":true,"href":"https:\/\/words-of-faith.org\/de\/wp-json\/wp\/v2\/comments?post=13357"}],"version-history":[{"count":0,"href":"https:\/\/words-of-faith.org\/de\/wp-json\/wp\/v2\/pages\/13357\/revisions"}],"up":[{"embeddable":true,"href":"https:\/\/words-of-faith.org\/de\/wp-json\/wp\/v2\/pages\/12608"}],"wp:attachment":[{"href":"https:\/\/words-of-faith.org\/de\/wp-json\/wp\/v2\/media?parent=13357"}],"curies":[{"name":"wp","href":"https:\/\/api.w.org\/{rel}","templated":true}]}}