{"id":13375,"date":"2020-05-29T20:00:06","date_gmt":"2020-05-29T18:00:06","guid":{"rendered":"https:\/\/aslaksen.bcc.no\/?page_id=13375"},"modified":"2020-08-21T16:11:10","modified_gmt":"2020-08-21T14:11:10","slug":"seine-seele-dem-treuen-schoepfer-anvertrauen","status":"publish","type":"page","link":"https:\/\/words-of-faith.org\/de\/bibelkurs\/thema-3\/seine-seele-dem-treuen-schoepfer-anvertrauen\/","title":{"rendered":"Seine Seele dem treuen Sch\u00f6pfer anvertrauen"},"content":{"rendered":"\n\t<section class=\"section\" id=\"section_1511247835\">\n\t\t<div class=\"section-bg fill\" >\n\t\t\t\t\t\t\t\t\t\n\t\t\t\n\n\t\t<\/div>\n\n\t\t\n\n\t\t<div class=\"section-content relative\">\n\t\t\t\n<div class=\"row align-center\"  id=\"row-91786506\">\n\n\t<div id=\"col-2100831280\" class=\"col small-12 large-12\"  >\n\t\t\t\t<div class=\"col-inner\"  >\n\t\t\t\n\t\t\t\n<p class=\"breadcrumbs\"><a href=\"..\/\">Theme 3<\/a> \/ Messages<\/p>\n<h1>Seine Seele dem treuen Sch\u00f6pfer anvertrauen<\/h1>\n<p class=\"article-date\">Skjulte Skatter, ver\u00f6ffentlicht im M\u00e4rz 1989<\/p>\n<p class=\"article-author\">von Elias Aslaksen<\/p>\n\t\t<\/div>\n\t\t\t\t\t<\/div>\n\n\t\n\n<style>\n#row-91786506 > .col > .col-inner {\n  padding: 30px 0px 0px 0px;\n}\n<\/style>\n<\/div>\n<div class=\"row align-center audio\"  id=\"row-1681917115\">\n\n\t<div id=\"col-1380197975\" class=\"col small-12 large-12\"  >\n\t\t\t\t<div class=\"col-inner\"  >\n\t\t\t\n\t\t\t\n<!--[if lt IE 9]><script>document.createElement('audio');<\/script><![endif]-->\n<audio class=\"wp-audio-shortcode\" id=\"audio-13375-1\" preload=\"none\" style=\"width: 100%;\" controls=\"controls\"><source type=\"audio\/mpeg\" src=\"\/audio\/Tema%203\/DE\/17%20Seine%20Seel%20dem%20treuen%20Sch%C3%B6pfer_DE.mp3?_=1\" \/><a href=\"\/audio\/Tema%203\/DE\/17%20Seine%20Seel%20dem%20treuen%20Sch%C3%B6pfer_DE.mp3\">\/audio\/Tema%203\/DE\/17%20Seine%20Seel%20dem%20treuen%20Sch%C3%B6pfer_DE.mp3<\/a><\/audio>\n<p class=\"click-to-listen\">Click to listen to the speech.<\/p>\n\t\t<\/div>\n\t\t\t\t\t<\/div>\n\n\t\n<\/div>\n<div class=\"row align-center article article-excerpt\"  id=\"row-1102803261\">\n\n\t<div id=\"col-1644217925\" class=\"col small-12 large-12\"  >\n\t\t\t\t<div class=\"col-inner text-left\"  >\n\t\t\t\n\t\t\t\n<p><strong>1.Petrus 4, 19<\/strong><\/p>\n<p>Was f\u00fcr ein treffender, aussagekr\u00e4ftiger Ausdruck!!! Also: nicht unsere Seele f\u00fcr uns selbst behalten, nicht uns selbst leben, nicht tun, was uns selbst gef\u00e4llt, sondern unsere Seele ihm anvertrauen. Uns ihm ganz \u00fcbergeben mit Haut und Haar und allem, was in uns ist, in vollem Vertrauen zu ihm, ja, zum Sch\u00f6pfer, der alles erschaffen hat und jetzt etwas ganz Neues in unserem Inneren erschaffen will! Sich nicht auf Vernunft und Gef\u00fchle verlassen, sondern ganz und gar auf ihn, auf sein Wort nach dem vollkommenen Licht des Neuen Testaments.<\/p>\n<p>Das Motto ist: blindes Vertrauen und einf\u00e4ltige Treue im Kleinen wie im Gro\u00dfen. Wir k\u00f6nnen dem Sch\u00f6pfer ja nicht sagen, wie er etwas erschaffen soll! Das ist seine Sache. Unsere Sache ist es, uns seinem Willen zu \u00fcbergeben. Alle Ehre und Preis sei ihm.<\/p>\n<p>Pr\u00fcfe dich selbst, ob du dich wirklich vollkommen und ganz und willenlos \u00fcbergeben hast. \u2013 Wenn nicht, dann gib dich ihm jetzt hin, denn es ist sehr viel besser sp\u00e4t als nie!<\/p>\n<p>Wenn die Seele in Christi Tod ausgegossen wird, bekommt man Sinn f\u00fcr das Geistliche. \u2014 Diejenigen, die seelisch sind, haben ihm nicht ihre Seelen anvertraut.<\/p>\n\t\t<\/div>\n\t\t\t\t\t<\/div>\n\n\t\n\n\t<div id=\"col-333968072\" class=\"col copyright small-12 large-12\"  >\n\t\t\t\t<div class=\"col-inner text-left\"  >\n\t\t\t\n\t\t\t\n<div>\u00a9 Copyright Stiftelsen Skjulte Skatters Forlag<\/div>\n\t\t<\/div>\n\t\t\t\t\t<\/div>\n\n\t\n\n\t<div id=\"col-1451285990\" class=\"col small-12 large-12\"  >\n\t\t\t\t<div class=\"col-inner text-left\"  >\n\t\t\t\n\t\t\t\n<div><a href=\"#\" class=\"read-more\">Weiterlesen<\/a><\/div>\n\t\t<\/div>\n\t\t\t\t\t<\/div>\n\n\t\n\n\t<div id=\"col-39206080\" class=\"col small-12 large-12\"  >\n\t\t\t\t<div class=\"col-inner text-left\"  >\n\t\t\t\n\t\t\t\n<p class=\"next-previous-message\"><a class=\"previous\" href=\"\/de\/bible-studies\/theme-3\/do-gods-will\/\"><i class=\"icon-angle-left\"><\/i> Previous<\/a><a class=\"next\" href=\"\/de\/bible-studies\/theme-3\/you-are-loved-and-should-love-in-return\/\">Next <i class=\"icon-angle-right\"><\/i><\/a><\/p>\n\t\t<\/div>\n\t\t\t\t\t<\/div>\n\n\t\n<\/div>\n\t\t<\/div>\n\n\t\t\n<style>\n#section_1511247835 {\n  padding-top: 0px;\n  padding-bottom: 0px;\n  margin-bottom: 0px;\n}\n@media (min-width:550px) {\n  #section_1511247835 {\n    padding-top: 0px;\n    padding-bottom: 0px;\n  }\n}\n<\/style>\n\t<\/section>\n\t\n\n\t<section class=\"section food-for-thought\" id=\"section_2020008064\">\n\t\t<div class=\"section-bg fill\" >\n\t\t\t\t\t\t\t\t\t\n\t\t\t\n\n\t\t<\/div>\n\n\t\t\n\n\t\t<div class=\"section-content relative\">\n\t\t\t\n<div class=\"row align-center\"  id=\"row-1349940866\">\n\n\t<div id=\"col-702197864\" class=\"col title small-12 large-12\"  >\n\t\t\t\t<div class=\"col-inner text-left dark\"  >\n\t\t\t\n\t\t\t\n<h2>Devotional<\/h2>\n\t\t<\/div>\n\t\t\t\t\t<\/div>\n\n\t\n\n\t<div id=\"col-1992854457\" class=\"col small-12 large-12\"  >\n\t\t\t\t<div class=\"col-inner dark\"  >\n\t\t\t\n\t\t\t\n<p>Im Artikel &#8220;Seine Seele dem treuen Sch\u00f6pfer anvertrauen&#8221; schreibt Br. Aslaksen, willenlos \u00fcbergeben zu sein. Was glaubst du, was er damit meint?<\/p>\n<p class='info'>You have to <a href='\/login\/'>log in<\/a> if you want to save your answer.<\/p>\n\t\t<\/div>\n\t\t\t\t\t<\/div>\n\n\t\n<\/div>\n\t\t<\/div>\n\n\t\t\n<style>\n#section_2020008064 {\n  padding-top: 30px;\n  padding-bottom: 30px;\n  background-color: rgb(73, 92, 94);\n}\n<\/style>\n\t<\/section>\n\t\n","protected":false},"excerpt":{"rendered":"","protected":false},"author":5,"featured_media":0,"parent":12608,"menu_order":5,"comment_status":"closed","ping_status":"closed","template":"page-blank.php","meta":{"footnotes":""},"class_list":["post-13375","page","type-page","status-publish","hentry"],"aioseo_notices":[],"_links":{"self":[{"href":"https:\/\/words-of-faith.org\/de\/wp-json\/wp\/v2\/pages\/13375","targetHints":{"allow":["GET"]}}],"collection":[{"href":"https:\/\/words-of-faith.org\/de\/wp-json\/wp\/v2\/pages"}],"about":[{"href":"https:\/\/words-of-faith.org\/de\/wp-json\/wp\/v2\/types\/page"}],"author":[{"embeddable":true,"href":"https:\/\/words-of-faith.org\/de\/wp-json\/wp\/v2\/users\/5"}],"replies":[{"embeddable":true,"href":"https:\/\/words-of-faith.org\/de\/wp-json\/wp\/v2\/comments?post=13375"}],"version-history":[{"count":0,"href":"https:\/\/words-of-faith.org\/de\/wp-json\/wp\/v2\/pages\/13375\/revisions"}],"up":[{"embeddable":true,"href":"https:\/\/words-of-faith.org\/de\/wp-json\/wp\/v2\/pages\/12608"}],"wp:attachment":[{"href":"https:\/\/words-of-faith.org\/de\/wp-json\/wp\/v2\/media?parent=13375"}],"curies":[{"name":"wp","href":"https:\/\/api.w.org\/{rel}","templated":true}]}}