{"id":13393,"date":"2020-05-29T20:00:10","date_gmt":"2020-05-29T18:00:10","guid":{"rendered":"https:\/\/aslaksen.bcc.no\/?page_id=13393"},"modified":"2020-08-21T13:49:41","modified_gmt":"2020-08-21T11:49:41","slug":"du-bist-geliebt-und-solltest-die-liebe-erwidern","status":"publish","type":"page","link":"https:\/\/words-of-faith.org\/de\/bibelkurs\/thema-3\/du-bist-geliebt-und-solltest-die-liebe-erwidern\/","title":{"rendered":"Du bist geliebt und solltest die Liebe erwidern"},"content":{"rendered":"\n\t<section class=\"section\" id=\"section_356726703\">\n\t\t<div class=\"section-bg fill\" >\n\t\t\t\t\t\t\t\t\t\n\t\t\t\n\n\t\t<\/div>\n\n\t\t\n\n\t\t<div class=\"section-content relative\">\n\t\t\t\n<div class=\"row align-center\"  id=\"row-1021552569\">\n\n\t<div id=\"col-1357771820\" class=\"col small-12 large-12\"  >\n\t\t\t\t<div class=\"col-inner\"  >\n\t\t\t\n\t\t\t\n<p class=\"breadcrumbs\"><a href=\"..\/\">Theme 3<\/a> \/ Messages<\/p>\n<h1>Du bist geliebt und solltest die Liebe erwidern<\/h1>\n<p class=\"article-date\">Skjulte Skatter, ver\u00f6ffentlicht im April 1938<\/p>\n<p class=\"article-author\">von Elias Aslaksen<\/p>\n\t\t<\/div>\n\t\t\t\t\t<\/div>\n\n\t\n\n<style>\n#row-1021552569 > .col > .col-inner {\n  padding: 30px 0px 0px 0px;\n}\n<\/style>\n<\/div>\n<div class=\"row align-center audio\"  id=\"row-1960992791\">\n\n\t<div id=\"col-884874624\" class=\"col small-12 large-12\"  >\n\t\t\t\t<div class=\"col-inner\"  >\n\t\t\t\n\t\t\t\n<!--[if lt IE 9]><script>document.createElement('audio');<\/script><![endif]-->\n<audio class=\"wp-audio-shortcode\" id=\"audio-13393-1\" preload=\"none\" style=\"width: 100%;\" controls=\"controls\"><source type=\"audio\/mpeg\" src=\"\/audio\/Tema%203\/DE\/18_Du%20bist%20geliebt_DE.mp3?_=1\" \/><a href=\"\/audio\/Tema%203\/DE\/18_Du%20bist%20geliebt_DE.mp3\">\/audio\/Tema%203\/DE\/18_Du%20bist%20geliebt_DE.mp3<\/a><\/audio>\n<p class=\"click-to-listen\">Click to listen to the speech.<\/p>\n\t\t<\/div>\n\t\t\t\t\t<\/div>\n\n\t\n<\/div>\n<div class=\"row align-center article article-excerpt\"  id=\"row-1790053848\">\n\n\t<div id=\"col-543746062\" class=\"col small-12 large-12\"  >\n\t\t\t\t<div class=\"col-inner text-left\"  >\n\t\t\t\n\t\t\t\n<p>Christentum, Bekehrung, Erl\u00f6sung, Evangelium \u2013 um was geht es dabei? Was hat Gott mit uns vor? Um was dreht sich das Ganze? ? ?<\/p>\n<p>Es dreht sich um zwei Dinge:<\/p>\n<p>I. Dass Gott uns liebt. \u201eDenn also hat Gott die Welt geliebt, dass er\u2026 gab\u2026\u201c<\/p>\n<p>Joh. 3, 16.<\/p>\n<p>II. Dass wir seine Liebe erwidern:<\/p>\n<p>\u201eWir lieben ihn, weil er uns zuerst geliebt hat.\u201c 1. Joh. 4, 19.<\/p>\n<p>Geht es nicht auch noch um viel anderes? Nein, um \u00fcberhaupt nichts anderes! Alles andere Gute ist eine unvermeidliche Folge davon! Wer liebt uns mit gro\u00dfer und reiner Liebe? Das tut Jesus Christus. Das hat er kraftvoll bewiesen. Wer erwidert diese Liebe? Das tun selbstverst\u00e4ndlich alle, die auf seine erhabene Liebe aufmerksam werden.<\/p>\n<p>Weil Gott dich mit vollkommener Liebe liebt, hat er nur eine einzige Sache mit dir vor, und das ist, dir Gutes zu tun. Das ist der einzige Gedanke und Plan, den er mit dir hat. Etwas Schlimmeres als das ist es nicht!<br \/>Wenn ein Mann eine Frau auf nat\u00fcrliche Weise liebt und ihr deshalb Gutes tun will, ihr Geschenke machen m\u00f6chte usw., und die Frau Gefallen an seiner Person und seinem Wesen hat, dann erwidert sie seine Liebe und ist vergleichsweise sehr gl\u00fccklich in dieser Welt, solange dieses Verh\u00e4ltnis anh\u00e4lt. Und doch ist dieses Gl\u00fcck nichts im Vergleich zu dem, welches entsteht, wenn man von Gott durch seinen lieben und vollkommenen Sohn Jesus Christus geliebt ist und geliebt wird und dadurch, dass man diese Liebe erwidert! Warum?<\/p>\n<p>Weil seine Liebe so unbeschreiblich viel gr\u00f6\u00dfer ist! Weil er so viel reicher und m\u00e4chtiger ist! Und allermeist, weil sein Wesen, seine Pers\u00f6nlichkeit, seine Gesinnung in jeder Hinsicht so unendlich besser, edler und herrlicher ist!<\/p>\n<p>Stell dir vor, von Ihm geliebt zu werden! ! ! ? ? ? \u2013 \u2013 \u2013<\/p>\n<p>Welch ein Gl\u00fcck! Wie gro\u00dfartig! Welch ein Angebot! Kein Wunder, dass das Evangelium die gute und frohe Botschaft genannt wird!<\/p>\n<p>Wer bist du, liebe Seele, dass du dazu \u201enein danke\u201c sagen w\u00fcrdest? Dass du ihn abweisen w\u00fcrdest? Dass du lieber w\u00e4hlen w\u00fcrdest, ohne ihn zu sein? Er hat sein Leben f\u00fcr dich gegeben, alles f\u00fcr dich gelitten, alle deine S\u00fcnde ges\u00fchnt, dir einen Weg heraus aus aller S\u00fcnde und aus jedem Fluch gebahnt, so dass du Gelegenheit bekommen hast, auf diesem Weg zu wandeln! \u201eDenn auch Christus hat einmal f\u00fcr die S\u00fcnden gelitten, der Gerechte f\u00fcr die Ungerechten, damit er uns zu Gott f\u00fchrte\u201c. 1. Petr. 3, 18.<\/p>\n<p>Bekenne deine S\u00fcnde und er wird dir alles vergeben! 1. Joh. 1, 9.<\/p>\n<p>Bitte um Kraft und er wird dich st\u00e4rken! Er gibt dir Glauben, Liebe, Geist und Kraft, um das zu tun, was in seinen Augen recht und gut ist und du wirst rundum gl\u00fccklich, ununterbrochen gl\u00fccklich! Du bekommst alles was du brauchst, damit du schaffst, deine Sachen in Ordnung zu bringen, um zu bekennen und wieder gut zu machen, was du Schlechtes getan hast.<\/p>\n<p>Du bekommst alles, was du brauchst, von ihm, der reich an Kraft und G\u00fcte ist, der dich liebt, so dass du das kannst, was du jetzt noch nicht kannst, n\u00e4mlich das Gute zu tun und aufzuh\u00f6ren, das B\u00f6se zu tun.<\/p>\n<p>Fasse Liebe zu ihm! Er liebt dich! Sage \u201eJa!\u201c zu ihm! Erwidere seine Liebe! Dann wirst du erfahren, was seine unbeschreiblich gro\u00dfe Liebe dir an nicht auszudenkendem Gl\u00fcck und unbeschreiblicher Herrlichkeit in dein Herz bringen wird.<\/p>\n<p>Nichts ist besser als zu lieben und die Liebe erwidert zu bekommen! Besonders wenn es eine solche Person ist, die uns liebt und deren Liebe wir erwidern. Sage nicht \u201enein\u201c zu Ihm! Jesus ruft dich, jetzt.<\/p>\n\t\t<\/div>\n\t\t\t\t\t<\/div>\n\n\t\n\n\t<div id=\"col-1048980697\" class=\"col copyright small-12 large-12\"  >\n\t\t\t\t<div class=\"col-inner text-left\"  >\n\t\t\t\n\t\t\t\n<div>\u00a9 Copyright Stiftelsen Skjulte Skatters Forlag<\/div>\n\t\t<\/div>\n\t\t\t\t\t<\/div>\n\n\t\n\n\t<div id=\"col-132838474\" class=\"col small-12 large-12\"  >\n\t\t\t\t<div class=\"col-inner text-left\"  >\n\t\t\t\n\t\t\t\n<div><a href=\"#\" class=\"read-more\">Weiterlesen<\/a><\/div>\n\t\t<\/div>\n\t\t\t\t\t<\/div>\n\n\t\n\n\t<div id=\"col-1498438413\" class=\"col small-12 large-12\"  >\n\t\t\t\t<div class=\"col-inner text-left\"  >\n\t\t\t\n\t\t\t\n<p class=\"next-previous-message\"><a class=\"previous\" href=\"\/de\/bible-studies\/theme-3\/commit-your-souls-to-the-faithful-creator\/\"><i class=\"icon-angle-left\"><\/i> Previous<\/a><a class=\"next\" href=\"\/de\/bible-studies\/theme-3\/judge-not\/\">Next <i class=\"icon-angle-right\"><\/i><\/a><\/p>\n\t\t<\/div>\n\t\t\t\t\t<\/div>\n\n\t\n<\/div>\n\t\t<\/div>\n\n\t\t\n<style>\n#section_356726703 {\n  padding-top: 0px;\n  padding-bottom: 0px;\n  margin-bottom: 0px;\n}\n@media (min-width:550px) {\n  #section_356726703 {\n    padding-top: 0px;\n    padding-bottom: 0px;\n  }\n}\n<\/style>\n\t<\/section>\n\t\n\n\t<section class=\"section food-for-thought\" id=\"section_260761172\">\n\t\t<div class=\"section-bg fill\" >\n\t\t\t\t\t\t\t\t\t\n\t\t\t\n\n\t\t<\/div>\n\n\t\t\n\n\t\t<div class=\"section-content relative\">\n\t\t\t\n<div class=\"row align-center\"  id=\"row-929680232\">\n\n\t<div id=\"col-1945922345\" class=\"col title small-12 large-12\"  >\n\t\t\t\t<div class=\"col-inner text-left dark\"  >\n\t\t\t\n\t\t\t\n<h2>Devotional<\/h2>\n\t\t<\/div>\n\t\t\t\t\t<\/div>\n\n\t\n\n\t<div id=\"col-2028088885\" class=\"col small-12 large-12\"  >\n\t\t\t\t<div class=\"col-inner dark\"  >\n\t\t\t\n\t\t\t\n<p>Lie\u00df\/h\u00f6re den Artikel &#8220;Du bist geliebt und solltest die Liebe erwidern&#8221;. Was bedeutet es f\u00fcr dich, Jesu Liebe zu erwiedern? Notiere dir ein paar konkrete Punkte.<\/p>\n<p class='info'>You have to <a href='\/login\/'>log in<\/a> if you want to save your answer.<\/p>\n\t\t<\/div>\n\t\t\t\t\t<\/div>\n\n\t\n<\/div>\n\t\t<\/div>\n\n\t\t\n<style>\n#section_260761172 {\n  padding-top: 30px;\n  padding-bottom: 30px;\n  background-color: rgb(73, 92, 94);\n}\n<\/style>\n\t<\/section>\n\t\n","protected":false},"excerpt":{"rendered":"","protected":false},"author":5,"featured_media":0,"parent":12608,"menu_order":6,"comment_status":"closed","ping_status":"closed","template":"page-blank.php","meta":{"footnotes":""},"class_list":["post-13393","page","type-page","status-publish","hentry"],"aioseo_notices":[],"_links":{"self":[{"href":"https:\/\/words-of-faith.org\/de\/wp-json\/wp\/v2\/pages\/13393","targetHints":{"allow":["GET"]}}],"collection":[{"href":"https:\/\/words-of-faith.org\/de\/wp-json\/wp\/v2\/pages"}],"about":[{"href":"https:\/\/words-of-faith.org\/de\/wp-json\/wp\/v2\/types\/page"}],"author":[{"embeddable":true,"href":"https:\/\/words-of-faith.org\/de\/wp-json\/wp\/v2\/users\/5"}],"replies":[{"embeddable":true,"href":"https:\/\/words-of-faith.org\/de\/wp-json\/wp\/v2\/comments?post=13393"}],"version-history":[{"count":0,"href":"https:\/\/words-of-faith.org\/de\/wp-json\/wp\/v2\/pages\/13393\/revisions"}],"up":[{"embeddable":true,"href":"https:\/\/words-of-faith.org\/de\/wp-json\/wp\/v2\/pages\/12608"}],"wp:attachment":[{"href":"https:\/\/words-of-faith.org\/de\/wp-json\/wp\/v2\/media?parent=13393"}],"curies":[{"name":"wp","href":"https:\/\/api.w.org\/{rel}","templated":true}]}}