{"id":15442,"date":"2020-06-10T19:30:35","date_gmt":"2020-06-10T17:30:35","guid":{"rendered":"https:\/\/aslaksen.bcc.no\/?page_id=15442"},"modified":"2020-08-21T13:57:06","modified_gmt":"2020-08-21T11:57:06","slug":"das-grundgesetz-des-goettlichen-lebens","status":"publish","type":"page","link":"https:\/\/words-of-faith.org\/de\/bibelkurs\/thema-4\/das-grundgesetz-des-goettlichen-lebens\/","title":{"rendered":"Das Grundgesetz des g\u00f6ttlichen Lebens"},"content":{"rendered":"\n\t<section class=\"section\" id=\"section_1823778235\">\n\t\t<div class=\"section-bg fill\" >\n\t\t\t\t\t\t\t\t\t\n\t\t\t\n\n\t\t<\/div>\n\n\t\t\n\n\t\t<div class=\"section-content relative\">\n\t\t\t\n<div class=\"row align-center\"  id=\"row-126675146\">\n\n\t<div id=\"col-1294899977\" class=\"col small-12 large-12\"  >\n\t\t\t\t<div class=\"col-inner\"  >\n\t\t\t\n\t\t\t\n<p class=\"breadcrumbs\"><a href=\"..\/\">Theme 4<\/a> \/ Messages<\/p>\n<h1>Das Grundgesetz des g\u00f6ttlichen Lebens<\/h1>\n<p class=\"article-date\">Skjulte Skatter, ver\u00f6ffentlicht im Februar 1932<\/p>\n<p class=\"article-author\">von Elias Aslaksen<\/p>\n\t\t<\/div>\n\t\t\t\t\t<\/div>\n\n\t\n\n<style>\n#row-126675146 > .col > .col-inner {\n  padding: 30px 0px 0px 0px;\n}\n<\/style>\n<\/div>\n<div class=\"row align-center audio\"  id=\"row-394033506\">\n\n\t<div id=\"col-1967606349\" class=\"col small-12 large-12\"  >\n\t\t\t\t<div class=\"col-inner\"  >\n\t\t\t\n\t\t\t\n<!--[if lt IE 9]><script>document.createElement('audio');<\/script><![endif]-->\n<audio class=\"wp-audio-shortcode\" id=\"audio-15442-1\" preload=\"none\" style=\"width: 100%;\" controls=\"controls\"><source type=\"audio\/mpeg\" src=\"\/audio\/Tema%204\/DE\/20_Das%20Grundgesetz%20des%20g%C3%B6ttlichen%20Lebens.mp3?_=1\" \/><a href=\"\/audio\/Tema%204\/DE\/20_Das%20Grundgesetz%20des%20g%C3%B6ttlichen%20Lebens.mp3\">\/audio\/Tema%204\/DE\/20_Das%20Grundgesetz%20des%20g%C3%B6ttlichen%20Lebens.mp3<\/a><\/audio>\n<p class=\"click-to-listen\">Click to listen to the speech.<\/p>\n\t\t<\/div>\n\t\t\t\t\t<\/div>\n\n\t\n<\/div>\n<div class=\"row align-center article article-excerpt\"  id=\"row-1917637706\">\n\n\t<div id=\"col-1173358949\" class=\"col small-12 large-12\"  >\n\t\t\t\t<div class=\"col-inner text-left\"  >\n\t\t\t\n\t\t\t\n<p>\u201eSondern Gott ist Richter, der diesen erniedrigt und jenen erh\u00f6ht\u201c (Ps. 75, 8). \u201eSo liegt es nun nicht an jemandes Wollen oder Laufen, sondern an Gottes Erbarmen. So erbarmt er sich nun, wessen er will, und verstockt, wen er will\u201c (R\u00f6m. 9, 16, 18). \u201eDenn wer sich selbst erh\u00f6ht, der wird erniedrigt; und wer sich selbst erniedrigt, der wird erh\u00f6ht\u201c (Mt. 23, 12). \u201eDesgleichen ihr J\u00fcngeren, ordnet euch den \u00c4ltesten unter. Alle aber miteinander haltet fest an der Demut; denn Gott widersteht den Hochm\u00fctigen, aber den Dem\u00fctigen gibt er Gnade\u201c (1. Petr. 5, 5). \u201eDem\u00fctigt euch vor dem Herrn, so wird er euch erh\u00f6hen\u201c (Jak. 4, 10). \u201eEhe ich gedem\u00fctigt wurde, irrte ich; nun aber halte ich dein Wort. Es ist gut f\u00fcr mich, dass du mich gedem\u00fctigt hast, dass ich deine Gebote lerne. Herr, ich wei\u00df, dass deine Urteile gerecht sind, in deiner Treue hast du mich gedem\u00fctigt\u201c (Ps. 119, 67, 71, 75).<\/p>\n<p>Weder erniedrigt Gott noch erh\u00f6ht er, weder verstockt noch segnet er, weder l\u00e4sst er es gelingen noch misslingen \u2013 zuf\u00e4llig. Immer, in allen F\u00e4llen und allen Personen gegen\u00fcber, tut er es nach gewissen Gesetzen.<\/p>\n<p>Das Hauptgesetz ist das Gesetz der Demut. Was ist eigentlich Demut? Es ist weder ein weinerlicher Tonfall, noch sind es sch\u00f6ne Phrasen. Es ist Selbsterkenntnis und die Einnahme des damit \u00fcbereinstimmenden rechtm\u00e4\u00dfigen Platzes. Z.B.: Wenn der J\u00fcngere sich dem \u00c4lteren unterordnet, ist er dem\u00fctig. Es ist ihm bewusst, dass er jung ist und dementsprechend nimmt er seinen Platz den \u00c4lteren gegen\u00fcber (unter den \u00c4lteren) ein.<\/p>\n<p>In den oben erw\u00e4hnten Schriftstellen ist haupts\u00e4chlich von zwei Abstufungen der Demut die Rede:<br \/>I.&nbsp;&nbsp;&nbsp;&nbsp;&nbsp;&nbsp;&nbsp;&nbsp;&nbsp;&nbsp;&nbsp;&nbsp; Sich selbst dem\u00fctigen<br \/>II.&nbsp;&nbsp;&nbsp;&nbsp;&nbsp;&nbsp;&nbsp;&nbsp;&nbsp;&nbsp;&nbsp; Sich dem\u00fctigen lassen. <br \/>Demut ist dasselbe wie Liebe zur Wahrheit. Die Wahrheit ist, dass man h\u00e4ufig \u2013 auf allen Gebieten \u2013 zu hoch oben ist. Durch Liebe zur Wahrheit (2. Thess. 2, 10) gesteht man das in seinem Zeugnis oder auf andere Weise ein, dem\u00fctigt sich und erniedrigt sich gem\u00e4\u00df dem Licht der Wahrheit, das aus der Schrift hervorstrahlt.<\/p>\n<p>Demut erster Klasse besteht darin, dass man sich freiwillig selbst richtet (1. Kor. 11, 31\u201332) und sich selbst erniedrigt \u2013 aus eigenem Antrieb. Demut zweiter Klasse besteht darin, dass man dem zustimmt, wenn man von Gott gedem\u00fctigt wird, wenn man pers\u00f6nlich durch andere Personen oder irgendwelche anderen Ereignisse gerichtet wird. Man braucht in diesem Fall also eine zus\u00e4tzliche Hilfe, um dem\u00fctig sein zu k\u00f6nnen. Ohne diese w\u00e4re man nicht imstande, seine Schlechtigkeit zu erkennen. Wenn das Licht in der Versammlung scheint, ohne an eine bestimmte Person gerichtet zu sein, bemerkt man nicht, dass es etwas bei einem selbst trifft. Man muss auf irgendeine Art und Weise einen pers\u00f6nlichen Hinweis bekommen, bevor man es entdeckt.<\/p>\n<p>Im besten Fall setzt man sich selbst nach hinten, weil man sieht, dass dort der rechtm\u00e4\u00dfige Platz f\u00fcr einen ist. Im zweiten Fall setzt man sich weiter nach vorn; wenn aber der Hauswirt dem Betreffenden erkl\u00e4rt, dass sein Platz weiter hinten ist, sch\u00e4mt er sich und setzt sich sofort nach hinten.<\/p>\n<p>Wenn er damit z\u00f6gert, k\u00f6nnen wir sagen, dass daraus eine Art Demut dritter Klasse wird. Und wenn man \u00fcberhaupt nicht erkennt und sich nicht erniedrigen l\u00e4sst, ist es Hochmut und Stolz \u2013 und man bekommt gar keine Gnade, keine Hilfe, keine Erl\u00f6sung. <strong>\u2014<\/strong><\/p>\n<p>Alles zusammen dreht sich um Wirklichkeiten, um Tatsachen. Dar\u00fcber hinaus gibt es noch eine weitere Art von Demut, n\u00e4mlich falsche Demut, geheuchelte Demut. Sie besteht aus Worten, einem Tonfall und einem Gesichtsausdruck, welche wohl einen Schein von Demut haben, aber sich nur als Schauspiel erweisen \u2013 wenn es um Kraft und um Tatsachen geht. <strong>\u2014<\/strong><\/p>\n<p>Sich dem\u00fctigen hei\u00dft, selbst den rechtm\u00e4\u00dfigen Platz einzunehmen.<\/p>\n<p>Gedem\u00fctigt zu werden hei\u00dft, mit der eigenen Zustimmung von anderen auf den richtigen Platz gesetzt zu werden. Stolz zu sein hei\u00dft, den Platz zu verteidigen und behalten zu wollen, der einem nicht rechtm\u00e4\u00dfig zusteht. <strong>\u2014<\/strong><\/p>\n\t\t<\/div>\n\t\t\t\t\t<\/div>\n\n\t\n\n\t<div id=\"col-1353784806\" class=\"col copyright small-12 large-12\"  >\n\t\t\t\t<div class=\"col-inner text-left\"  >\n\t\t\t\n\t\t\t\n<div>\u00a9 Copyright Stiftelsen Skjulte Skatters Forlag<\/div>\n\t\t<\/div>\n\t\t\t\t\t<\/div>\n\n\t\n\n\t<div id=\"col-1777328529\" class=\"col small-12 large-12\"  >\n\t\t\t\t<div class=\"col-inner text-left\"  >\n\t\t\t\n\t\t\t\n<div><a href=\"#\" class=\"read-more\">Weiterlesen<\/a><\/div>\n\t\t<\/div>\n\t\t\t\t\t<\/div>\n\n\t\n\n\t<div id=\"col-1024715222\" class=\"col small-12 large-12\"  >\n\t\t\t\t<div class=\"col-inner text-left\"  >\n\t\t\t\n\t\t\t\n<p class=\"next-previous-message\"><a class=\"previous\" href=\"\/de\/bible-studies\/theme-4\/humility-is-everything\/\"><i class=\"icon-angle-left\"><\/i> Previous<\/a><a class=\"next\" href=\"\/de\/bible-studies\/theme-4\/from-only-lying-to-only-truth\/\">Next <i class=\"icon-angle-right\"><\/i><\/a><\/p>\n\t\t<\/div>\n\t\t\t\t\t<\/div>\n\n\t\n<\/div>\n\t\t<\/div>\n\n\t\t\n<style>\n#section_1823778235 {\n  padding-top: 0px;\n  padding-bottom: 0px;\n  margin-bottom: 0px;\n}\n@media (min-width:550px) {\n  #section_1823778235 {\n    padding-top: 0px;\n    padding-bottom: 0px;\n  }\n}\n<\/style>\n\t<\/section>\n\t\n\n\t<section class=\"section food-for-thought\" id=\"section_1260298519\">\n\t\t<div class=\"section-bg fill\" >\n\t\t\t\t\t\t\t\t\t\n\t\t\t\n\n\t\t<\/div>\n\n\t\t\n\n\t\t<div class=\"section-content relative\">\n\t\t\t\n<div class=\"row align-center\"  id=\"row-1203437893\">\n\n\t<div id=\"col-1301829085\" class=\"col title small-12 large-12\"  >\n\t\t\t\t<div class=\"col-inner text-left dark\"  >\n\t\t\t\n\t\t\t\n<h2>Devotional<\/h2>\n\t\t<\/div>\n\t\t\t\t\t<\/div>\n\n\t\n\n\t<div id=\"col-562573636\" class=\"col small-12 large-12\"  >\n\t\t\t\t<div class=\"col-inner dark\"  >\n\t\t\t\n\t\t\t\n<p>Elias Aslaksen schreibt in dem Artikel &#8220;Das Grundgesetz des g\u00f6ttlichen Lebens&#8221;, dass nichts zuf\u00e4llig geschieht, sondern das Gott immer nach seinen Gesetzen handelt. Gibt es eine Entscheidung, die Gottes Plan mit deinem Leben beeinflussts?<\/p>\n<p class='info'>You have to <a href='\/login\/'>log in<\/a> if you want to save your answer.<\/p>\n\t\t<\/div>\n\t\t\t\t\t<\/div>\n\n\t\n<\/div>\n\t\t<\/div>\n\n\t\t\n<style>\n#section_1260298519 {\n  padding-top: 30px;\n  padding-bottom: 30px;\n  background-color: rgb(73, 92, 94);\n}\n<\/style>\n\t<\/section>\n\t\n","protected":false},"excerpt":{"rendered":"","protected":false},"author":5,"featured_media":0,"parent":15404,"menu_order":2,"comment_status":"closed","ping_status":"closed","template":"page-blank.php","meta":{"footnotes":""},"class_list":["post-15442","page","type-page","status-publish","hentry"],"aioseo_notices":[],"_links":{"self":[{"href":"https:\/\/words-of-faith.org\/de\/wp-json\/wp\/v2\/pages\/15442","targetHints":{"allow":["GET"]}}],"collection":[{"href":"https:\/\/words-of-faith.org\/de\/wp-json\/wp\/v2\/pages"}],"about":[{"href":"https:\/\/words-of-faith.org\/de\/wp-json\/wp\/v2\/types\/page"}],"author":[{"embeddable":true,"href":"https:\/\/words-of-faith.org\/de\/wp-json\/wp\/v2\/users\/5"}],"replies":[{"embeddable":true,"href":"https:\/\/words-of-faith.org\/de\/wp-json\/wp\/v2\/comments?post=15442"}],"version-history":[{"count":0,"href":"https:\/\/words-of-faith.org\/de\/wp-json\/wp\/v2\/pages\/15442\/revisions"}],"up":[{"embeddable":true,"href":"https:\/\/words-of-faith.org\/de\/wp-json\/wp\/v2\/pages\/15404"}],"wp:attachment":[{"href":"https:\/\/words-of-faith.org\/de\/wp-json\/wp\/v2\/media?parent=15442"}],"curies":[{"name":"wp","href":"https:\/\/api.w.org\/{rel}","templated":true}]}}