{"id":15460,"date":"2020-06-10T19:34:29","date_gmt":"2020-06-10T17:34:29","guid":{"rendered":"https:\/\/aslaksen.bcc.no\/?page_id=15460"},"modified":"2020-08-21T14:00:26","modified_gmt":"2020-08-21T12:00:26","slug":"von-lauter-luege-zu-lauter-wahrheit","status":"publish","type":"page","link":"https:\/\/words-of-faith.org\/de\/bibelkurs\/thema-4\/von-lauter-luege-zu-lauter-wahrheit\/","title":{"rendered":"Von lauter L\u00fcge \u2014 zu lauter Wahrheit!!!"},"content":{"rendered":"\n\t<section class=\"section\" id=\"section_450968196\">\n\t\t<div class=\"section-bg fill\" >\n\t\t\t\t\t\t\t\t\t\n\t\t\t\n\n\t\t<\/div>\n\n\t\t\n\n\t\t<div class=\"section-content relative\">\n\t\t\t\n<div class=\"row align-center\"  id=\"row-1757323339\">\n\n\t<div id=\"col-1473944239\" class=\"col small-12 large-12\"  >\n\t\t\t\t<div class=\"col-inner\"  >\n\t\t\t\n\t\t\t\n<p class=\"breadcrumbs\"><a href=\"..\/\">Theme 4<\/a> \/ Messages<\/p>\n<h1>Von lauter L\u00fcge \u2014 zu lauter Wahrheit!!!<\/h1>\n<p class=\"article-date\">Skjulte Skatter, ver\u00f6ffentlicht im Juni 1985<\/p>\n<p class=\"article-author\">von Elias Aslaksen<\/p>\n\t\t<\/div>\n\t\t\t\t\t<\/div>\n\n\t\n\n<style>\n#row-1757323339 > .col > .col-inner {\n  padding: 30px 0px 0px 0px;\n}\n<\/style>\n<\/div>\n<div class=\"row align-center audio\"  id=\"row-1963971558\">\n\n\t<div id=\"col-83735635\" class=\"col small-12 large-12\"  >\n\t\t\t\t<div class=\"col-inner\"  >\n\t\t\t\n\t\t\t\n<!--[if lt IE 9]><script>document.createElement('audio');<\/script><![endif]-->\n<audio class=\"wp-audio-shortcode\" id=\"audio-15460-1\" preload=\"none\" style=\"width: 100%;\" controls=\"controls\"><source type=\"audio\/mpeg\" src=\"\/audio\/Tema%204\/DE\/21_Von%20lauter%20L%C3%BCge.mp3?_=1\" \/><a href=\"\/audio\/Tema%204\/DE\/21_Von%20lauter%20L%C3%BCge.mp3\">\/audio\/Tema%204\/DE\/21_Von%20lauter%20L%C3%BCge.mp3<\/a><\/audio>\n<p class=\"click-to-listen\">Click to listen to the speech.<\/p>\n\t\t<\/div>\n\t\t\t\t\t<\/div>\n\n\t\n<\/div>\n<div class=\"row align-center article article-excerpt\"  id=\"row-1035365333\">\n\n\t<div id=\"col-1861124670\" class=\"col small-12 large-12\"  >\n\t\t\t\t<div class=\"col-inner text-left\"  >\n\t\t\t\n\t\t\t\n<p>Was f\u00fcr ein Heil! Was f\u00fcr eine Verwandlung! Was f\u00fcr eine Entwicklung! Was f\u00fcr eine Berufung! Was f\u00fcr eine absolut unbeschreibliche Liebe hat Gott zu uns, dass er tats\u00e4chlich ein solch schwindelnd gro\u00dfes und herrliches und g\u00f6ttliches Werk in jedem tun will, der von Herzen allen diesbez\u00fcglichen Worten des Lebens im Neuen Testament glaubt!!!<\/p>\n<p>\u201eNur L\u00fcge sind die S\u00f6hne des Mannes!\u201c (Psalm 62, 10, norw. \u00dcb.). So sind wir in uns selbst, verdorben von der S\u00fcnde. \u201eEs bleibe vielmehr so: Gott ist wahrhaftig, und alle Menschen sind L\u00fcgner.\u201c&nbsp; Jesus sagte: \u201eIch bin die Wahrheit!\u201c R\u00f6mer 3, 4 und Joh. 14, 6. Unsere himmlische Berufung ist es, ihm jetzt in der Gnadenzeit gleich zu werden, also Wahrheit zu werden \u2013 lauter Wahrheit in der Praxis, in jeglicher Hinsicht! Und hier passt das Wort aus Jesaja 53 in allerh\u00f6chstem Ma\u00dfe: \u201eAber wer glaubt dem, was uns verk\u00fcndet wurde?\u201c<\/p>\n<p>Aber hochgelobt sei Gott f\u00fcr jeden, der sich wirklich einen lebendigen Glauben an Jesu Wort und an das Wort der Apostel aneignet!!! Denn durch Glauben gelingt es. Das ist dasselbe, wie von Heuchelei in allen m\u00f6glichen Formen errettet zu werden, denn Heuchelei ist L\u00fcge! Siehe Lukas 12, 1. Heuchelei ist, auf jede Art und Weise so zu tun, als ob es mit einem besser bestellt sei, als es tats\u00e4chlich ist! Das ist also eine Verstellung! Verstellung (Vorstellung) = Schauspiel! Dann kassiert man Ehre f\u00fcr etwas, was man in Wahrheit nicht ist, statt im Namen der Wahrheit mit Nachdruck dagegen zu protestieren!<\/p>\n<p>Das ist auch dasselbe wie Betrug, Unaufrichtigkeit und Unehrlichkeit. Von Jesus wird als etwas besonders Gro\u00dfes erw\u00e4hnt, dass er ohne Falsch war. Er war ja die Wahrheit! \u2014 \u2014 \u2014<\/p>\n<p>Man kann also auf verschiedene Weise l\u00fcgen, nicht nur durch direkte, brutale L\u00fcge und durch L\u00fcgengeschichten! Das Gew\u00f6hnliche ist ja leider, seine Schlechtigkeit und seinen Mangel an Gl\u00fcckseligkeit zu verbergen. \u2014 Und eine panische Angst davor zu haben, dass jemand es herausfinden k\u00f6nnte! Man ist also damit besch\u00e4ftigt, sich nach allen Regeln der Kunst zu verteidigen und zu entschuldigen, statt dem wahren Gericht des Lichtes zuzustimmen! \u2014<\/p>\n<p>Was ist es nun, wovor man so eine panische Angst hat? Es ist, in den Augen der Menschen zu sinken. Aber man sinkt nur in den Augen dummer Menschen! Denn sich zu dem\u00fctigen und nach unten zu gehen, ist ja die lohnendste Tugend, die es gibt! Dann steigt man in Gottes Augen!<\/p>\n<p>Sich davor zu f\u00fcrchten, sich zu dem\u00fctigen, ist darum geistlich gesprochen verr\u00fcckt!<\/p>\n<p>Aus diesem Grund unterlassen es auch viele, andere Menschen f\u00fcr dieses und jenes um Vergebung zu bitten! Obwohl sie gen\u00fcgend Grund dazu h\u00e4tten und es in ihrem Inneren Gl\u00fcck bringen w\u00fcrde! In Wahrheit! Das Ziel ist ja: Lauter Wahrheit!<\/p>\n\t\t<\/div>\n\t\t\t\t\t<\/div>\n\n\t\n\n\t<div id=\"col-1186509303\" class=\"col copyright small-12 large-12\"  >\n\t\t\t\t<div class=\"col-inner text-left\"  >\n\t\t\t\n\t\t\t\n<div>\u00a9 Copyright Stiftelsen Skjulte Skatters Forlag<\/div>\n\t\t<\/div>\n\t\t\t\t\t<\/div>\n\n\t\n\n\t<div id=\"col-201228961\" class=\"col small-12 large-12\"  >\n\t\t\t\t<div class=\"col-inner text-left\"  >\n\t\t\t\n\t\t\t\n<div><a href=\"#\" class=\"read-more\">Weiterlesen<\/a><\/div>\n\t\t<\/div>\n\t\t\t\t\t<\/div>\n\n\t\n\n\t<div id=\"col-1736669204\" class=\"col small-12 large-12\"  >\n\t\t\t\t<div class=\"col-inner text-left\"  >\n\t\t\t\n\t\t\t\n<p class=\"next-previous-message\"><a class=\"previous\" href=\"\/de\/bible-studies\/theme-4\/the-fundamental-law-of-a-godly-life\/\"><i class=\"icon-angle-left\"><\/i> Previous<\/a><a class=\"next\" href=\"\/de\/bible-studies\/theme-4\/humble-of-heart\/\">Next <i class=\"icon-angle-right\"><\/i><\/a><\/p>\n\t\t<\/div>\n\t\t\t\t\t<\/div>\n\n\t\n<\/div>\n\t\t<\/div>\n\n\t\t\n<style>\n#section_450968196 {\n  padding-top: 0px;\n  padding-bottom: 0px;\n  margin-bottom: 0px;\n}\n@media (min-width:550px) {\n  #section_450968196 {\n    padding-top: 0px;\n    padding-bottom: 0px;\n  }\n}\n<\/style>\n\t<\/section>\n\t\n\n\t<section class=\"section food-for-thought\" id=\"section_140200812\">\n\t\t<div class=\"section-bg fill\" >\n\t\t\t\t\t\t\t\t\t\n\t\t\t\n\n\t\t<\/div>\n\n\t\t\n\n\t\t<div class=\"section-content relative\">\n\t\t\t\n<div class=\"row align-center\"  id=\"row-2068448172\">\n\n\t<div id=\"col-834690147\" class=\"col title small-12 large-12\"  >\n\t\t\t\t<div class=\"col-inner text-left dark\"  >\n\t\t\t\n\t\t\t\n<h2>Devotional<\/h2>\n\t\t<\/div>\n\t\t\t\t\t<\/div>\n\n\t\n\n\t<div id=\"col-965448861\" class=\"col small-12 large-12\"  >\n\t\t\t\t<div class=\"col-inner dark\"  >\n\t\t\t\n\t\t\t\n<p>Warum glaubst du, dass der Artikel &#8220;Von lauter L\u00fcge \u2014 zu lauter Wahrheit&#8221; hier beim Thema Demut dabei ist?<\/p>\n<p class='info'>You have to <a href='\/login\/'>log in<\/a> if you want to save your answer.<\/p>\n\t\t<\/div>\n\t\t\t\t\t<\/div>\n\n\t\n<\/div>\n\t\t<\/div>\n\n\t\t\n<style>\n#section_140200812 {\n  padding-top: 30px;\n  padding-bottom: 30px;\n  background-color: rgb(73, 92, 94);\n}\n<\/style>\n\t<\/section>\n\t\n","protected":false},"excerpt":{"rendered":"","protected":false},"author":5,"featured_media":0,"parent":15404,"menu_order":3,"comment_status":"closed","ping_status":"closed","template":"page-blank.php","meta":{"footnotes":""},"class_list":["post-15460","page","type-page","status-publish","hentry"],"aioseo_notices":[],"_links":{"self":[{"href":"https:\/\/words-of-faith.org\/de\/wp-json\/wp\/v2\/pages\/15460","targetHints":{"allow":["GET"]}}],"collection":[{"href":"https:\/\/words-of-faith.org\/de\/wp-json\/wp\/v2\/pages"}],"about":[{"href":"https:\/\/words-of-faith.org\/de\/wp-json\/wp\/v2\/types\/page"}],"author":[{"embeddable":true,"href":"https:\/\/words-of-faith.org\/de\/wp-json\/wp\/v2\/users\/5"}],"replies":[{"embeddable":true,"href":"https:\/\/words-of-faith.org\/de\/wp-json\/wp\/v2\/comments?post=15460"}],"version-history":[{"count":0,"href":"https:\/\/words-of-faith.org\/de\/wp-json\/wp\/v2\/pages\/15460\/revisions"}],"up":[{"embeddable":true,"href":"https:\/\/words-of-faith.org\/de\/wp-json\/wp\/v2\/pages\/15404"}],"wp:attachment":[{"href":"https:\/\/words-of-faith.org\/de\/wp-json\/wp\/v2\/media?parent=15460"}],"curies":[{"name":"wp","href":"https:\/\/api.w.org\/{rel}","templated":true}]}}