{"id":15496,"date":"2020-06-10T19:40:36","date_gmt":"2020-06-10T17:40:36","guid":{"rendered":"https:\/\/aslaksen.bcc.no\/?page_id=15496"},"modified":"2020-08-21T14:06:48","modified_gmt":"2020-08-21T12:06:48","slug":"gottes-arbeitsmethode","status":"publish","type":"page","link":"https:\/\/words-of-faith.org\/de\/bibelkurs\/thema-4\/gottes-arbeitsmethode\/","title":{"rendered":"Gottes Arbeitsmethode"},"content":{"rendered":"\n\t<section class=\"section\" id=\"section_1568777102\">\n\t\t<div class=\"section-bg fill\" >\n\t\t\t\t\t\t\t\t\t\n\t\t\t\n\n\t\t<\/div>\n\n\t\t\n\n\t\t<div class=\"section-content relative\">\n\t\t\t\n<div class=\"row align-center\"  id=\"row-1907744428\">\n\n\t<div id=\"col-223745894\" class=\"col small-12 large-12\"  >\n\t\t\t\t<div class=\"col-inner\"  >\n\t\t\t\n\t\t\t\n<p class=\"breadcrumbs\"><a href=\"..\/\">Theme 4<\/a> \/ Messages<\/p>\n<h1>Gottes Arbeitsmethode<\/h1>\n<p class=\"article-date\">Skjulte Skatter, ver\u00f6ffentlicht im April 1985<\/p>\n<p class=\"article-author\">von Elias Aslaksen<\/p>\n\t\t<\/div>\n\t\t\t\t\t<\/div>\n\n\t\n\n<style>\n#row-1907744428 > .col > .col-inner {\n  padding: 30px 0px 0px 0px;\n}\n<\/style>\n<\/div>\n<div class=\"row align-center audio\"  id=\"row-232458991\">\n\n\t<div id=\"col-1627105309\" class=\"col small-12 large-12\"  >\n\t\t\t\t<div class=\"col-inner\"  >\n\t\t\t\n\t\t\t\n<!--[if lt IE 9]><script>document.createElement('audio');<\/script><![endif]-->\n<audio class=\"wp-audio-shortcode\" id=\"audio-15496-1\" preload=\"none\" style=\"width: 100%;\" controls=\"controls\"><source type=\"audio\/mpeg\" src=\"\/audio\/Tema%204\/DE\/23_Gottes%20Arbeitsmethode.mp3?_=1\" \/><a href=\"\/audio\/Tema%204\/DE\/23_Gottes%20Arbeitsmethode.mp3\">\/audio\/Tema%204\/DE\/23_Gottes%20Arbeitsmethode.mp3<\/a><\/audio>\n<p class=\"click-to-listen\">Click to listen to the speech.<\/p>\n\t\t<\/div>\n\t\t\t\t\t<\/div>\n\n\t\n<\/div>\n<div class=\"row align-center article article-excerpt\"  id=\"row-1099044179\">\n\n\t<div id=\"col-6186776\" class=\"col small-12 large-12\"  >\n\t\t\t\t<div class=\"col-inner text-left\"  >\n\t\t\t\n\t\t\t\n<p>\u2026 ist im Wesentlichen immer gleich. Das ist auch sehr angebracht, weil alle Menschen die gleichen Neigungen haben, n\u00e4mlich aufgeblasen zu werden und gro\u00dfe Gedanken \u00fcber sich selbst zu bekommen, sodass sie selbst die Ehre nehmen f\u00fcr das, was Gott in seiner gro\u00dfen Gnade in ihnen und durch sie gewirkt hat.<\/p>\n<p>Gerade aus diesem Grund ist es sein fester Plan und seine Arbeitsmethode, dies zu verhindern. Und deshalb l\u00e4uft seine Arbeit darauf hinaus, uns nach dem Fleisch niederzubrechen und uns dazu zu bringen, dass wir ausreichend in unseren eigenen Augen sinken, zum Beispiel dadurch, dass uns dies oder jenes nicht gelingt, dass er sich und seine Gnade in bestimmten Verh\u00e4ltnissen zur\u00fcckzieht und uns dadurch die Frucht unserer Wege schmecken l\u00e4sst, die Frucht unserer eigenen St\u00e4rke, unseres eigenen Willens und unserer eigenen Vernunft.<\/p>\n<p>Auf diese Weise werden wir gedem\u00fctigt und bekommen Ballast in unser Lebensschiff, so dass wir eine Seereise in allerlei unbest\u00e4ndigem Wetter \u00fcberstehen, ohne zu kentern \u2013 und damit wir wohlbehalten den ewigen Hafen erreichen k\u00f6nnen.<\/p>\n<p>Sein liebevoller, guter Wille ist es ja, uns mit ihm zu erh\u00f6hen, und eben deshalb muss er uns kr\u00e4ftig niederbrechen, sodass wir schlie\u00dflich die Erh\u00f6hung ertragen k\u00f6nnen, ohne selbst die Ehre daf\u00fcr zu nehmen.<\/p>\n<p>Dies verwirklicht er mit fester Hand und mit festem Herzen, ohne sich im Geringsten von unserem Mangel an Verst\u00e4ndnis f\u00fcr seine Handlungsweise beeinflussen zu lassen.<\/p>\n<p>Ehre, Ehre, Ehre \u2013 sei seinem Namen!<\/p>\n\t\t<\/div>\n\t\t\t\t\t<\/div>\n\n\t\n\n\t<div id=\"col-251537455\" class=\"col copyright small-12 large-12\"  >\n\t\t\t\t<div class=\"col-inner text-left\"  >\n\t\t\t\n\t\t\t\n<div>\u00a9 Copyright Stiftelsen Skjulte Skatters Forlag<\/div>\n\t\t<\/div>\n\t\t\t\t\t<\/div>\n\n\t\n\n\t<div id=\"col-757073425\" class=\"col small-12 large-12\"  >\n\t\t\t\t<div class=\"col-inner text-left\"  >\n\t\t\t\n\t\t\t\n<div><a href=\"#\" class=\"read-more\">Weiterlesen<\/a><\/div>\n\t\t<\/div>\n\t\t\t\t\t<\/div>\n\n\t\n\n\t<div id=\"col-977934446\" class=\"col small-12 large-12\"  >\n\t\t\t\t<div class=\"col-inner text-left\"  >\n\t\t\t\n\t\t\t\n<p class=\"next-previous-message\"><a class=\"previous\" href=\"\/de\/bible-studies\/theme-4\/humble-of-heart\/\"><i class=\"icon-angle-left\"><\/i> Previous<\/a><a class=\"next\" href=\"\/de\/bible-studies\/theme-4\/the-abundant-and-sure-grace-of-david\/\">Next <i class=\"icon-angle-right\"><\/i><\/a><\/p>\n\t\t<\/div>\n\t\t\t\t\t<\/div>\n\n\t\n<\/div>\n\t\t<\/div>\n\n\t\t\n<style>\n#section_1568777102 {\n  padding-top: 0px;\n  padding-bottom: 0px;\n  margin-bottom: 0px;\n}\n@media (min-width:550px) {\n  #section_1568777102 {\n    padding-top: 0px;\n    padding-bottom: 0px;\n  }\n}\n<\/style>\n\t<\/section>\n\t\n\n\t<section class=\"section food-for-thought\" id=\"section_1163530076\">\n\t\t<div class=\"section-bg fill\" >\n\t\t\t\t\t\t\t\t\t\n\t\t\t\n\n\t\t<\/div>\n\n\t\t\n\n\t\t<div class=\"section-content relative\">\n\t\t\t\n<div class=\"row align-center\"  id=\"row-1473997017\">\n\n\t<div id=\"col-1684188102\" class=\"col title small-12 large-12\"  >\n\t\t\t\t<div class=\"col-inner text-left dark\"  >\n\t\t\t\n\t\t\t\n<h2>Devotional<\/h2>\n\t\t<\/div>\n\t\t\t\t\t<\/div>\n\n\t\n\n\t<div id=\"col-858871341\" class=\"col small-12 large-12\"  >\n\t\t\t\t<div class=\"col-inner dark\"  >\n\t\t\t\n\t\t\t\n<p>In dem Artikel &#8220;Gottes Arbeitsweise&#8221; schreibt Br. Aslaksen dar\u00fcber, dass man selbst die Ehre nimmt, die Gott geh\u00f6rt. Ehre von Menschen zu nehmen ist eine Sache, aber kannst du dir ein konkretes Beispiel vorstellen, wie man Ehre nehmen kann, die Gott geh\u00f6rt und warum das gef\u00e4hrlich ist?<\/p>\n<p class='info'>You have to <a href='\/login\/'>log in<\/a> if you want to save your answer.<\/p>\n\t\t<\/div>\n\t\t\t\t\t<\/div>\n\n\t\n<\/div>\n\t\t<\/div>\n\n\t\t\n<style>\n#section_1163530076 {\n  padding-top: 30px;\n  padding-bottom: 30px;\n  background-color: rgb(73, 92, 94);\n}\n<\/style>\n\t<\/section>\n\t\n","protected":false},"excerpt":{"rendered":"","protected":false},"author":5,"featured_media":0,"parent":15404,"menu_order":5,"comment_status":"closed","ping_status":"closed","template":"page-blank.php","meta":{"footnotes":""},"class_list":["post-15496","page","type-page","status-publish","hentry"],"aioseo_notices":[],"_links":{"self":[{"href":"https:\/\/words-of-faith.org\/de\/wp-json\/wp\/v2\/pages\/15496","targetHints":{"allow":["GET"]}}],"collection":[{"href":"https:\/\/words-of-faith.org\/de\/wp-json\/wp\/v2\/pages"}],"about":[{"href":"https:\/\/words-of-faith.org\/de\/wp-json\/wp\/v2\/types\/page"}],"author":[{"embeddable":true,"href":"https:\/\/words-of-faith.org\/de\/wp-json\/wp\/v2\/users\/5"}],"replies":[{"embeddable":true,"href":"https:\/\/words-of-faith.org\/de\/wp-json\/wp\/v2\/comments?post=15496"}],"version-history":[{"count":0,"href":"https:\/\/words-of-faith.org\/de\/wp-json\/wp\/v2\/pages\/15496\/revisions"}],"up":[{"embeddable":true,"href":"https:\/\/words-of-faith.org\/de\/wp-json\/wp\/v2\/pages\/15404"}],"wp:attachment":[{"href":"https:\/\/words-of-faith.org\/de\/wp-json\/wp\/v2\/media?parent=15496"}],"curies":[{"name":"wp","href":"https:\/\/api.w.org\/{rel}","templated":true}]}}