{"id":15514,"date":"2020-06-10T19:43:04","date_gmt":"2020-06-10T17:43:04","guid":{"rendered":"https:\/\/aslaksen.bcc.no\/?page_id=15514"},"modified":"2020-08-21T14:10:17","modified_gmt":"2020-08-21T12:10:17","slug":"die-bestaendigen-gnaden-davids","status":"publish","type":"page","link":"https:\/\/words-of-faith.org\/de\/bibelkurs\/thema-4\/die-bestaendigen-gnaden-davids\/","title":{"rendered":"\u201eDie best\u00e4ndigen Gnaden Davids\u201c"},"content":{"rendered":"\n\t<section class=\"section\" id=\"section_821754450\">\n\t\t<div class=\"section-bg fill\" >\n\t\t\t\t\t\t\t\t\t\n\t\t\t\n\n\t\t<\/div>\n\n\t\t\n\n\t\t<div class=\"section-content relative\">\n\t\t\t\n<div class=\"row align-center\"  id=\"row-633315061\">\n\n\t<div id=\"col-1874074749\" class=\"col small-12 large-12\"  >\n\t\t\t\t<div class=\"col-inner\"  >\n\t\t\t\n\t\t\t\n<p class=\"breadcrumbs\"><a href=\"..\/\">Theme 4<\/a> \/ Messages<\/p>\n<h1>\u201eDie best\u00e4ndigen Gnaden Davids\u201c<\/h1>\n<p class=\"article-date\">Skjulte Skatter, ver\u00f6ffentlicht im April 1985<\/p>\n<p class=\"article-author\">von Elias Aslaksen<\/p>\n\t\t<\/div>\n\t\t\t\t\t<\/div>\n\n\t\n\n<style>\n#row-633315061 > .col > .col-inner {\n  padding: 30px 0px 0px 0px;\n}\n<\/style>\n<\/div>\n<div class=\"row align-center audio\"  id=\"row-601169138\">\n\n\t<div id=\"col-1526654360\" class=\"col small-12 large-12\"  >\n\t\t\t\t<div class=\"col-inner\"  >\n\t\t\t\n\t\t\t\n<!--[if lt IE 9]><script>document.createElement('audio');<\/script><![endif]-->\n<audio class=\"wp-audio-shortcode\" id=\"audio-15514-1\" preload=\"none\" style=\"width: 100%;\" controls=\"controls\"><source type=\"audio\/mpeg\" src=\"\/audio\/Tema%204\/DE\/24_Die%20best%C3%A4ndigen%20Gnaden%20Gottes.mp3?_=1\" \/><a href=\"\/audio\/Tema%204\/DE\/24_Die%20best%C3%A4ndigen%20Gnaden%20Gottes.mp3\">\/audio\/Tema%204\/DE\/24_Die%20best%C3%A4ndigen%20Gnaden%20Gottes.mp3<\/a><\/audio>\n<p class=\"click-to-listen\">Click to listen to the speech.<\/p>\n\t\t<\/div>\n\t\t\t\t\t<\/div>\n\n\t\n<\/div>\n<div class=\"row align-center article article-excerpt\"  id=\"row-1364557691\">\n\n\t<div id=\"col-1627770467\" class=\"col small-12 large-12\"  >\n\t\t\t\t<div class=\"col-inner text-left\"  >\n\t\t\t\n\t\t\t\n<p><em>Jesaja 55,3<\/em><\/p>\n<p>Es gibt also zwei bezeichnende Dinge bei dieser Gnade, die merkw\u00fcrdigerweise Davids Gnade genannt wird. Diese m\u00e4chtige Gnade, die David bekam und die ihn zu einem Mann nach Gottes Herzen werden lie\u00df. Dazu geh\u00f6rt selbstverst\u00e4ndlich enorm viel, um das werden zu k\u00f6nnen! \u2013<\/p>\n<p>Und all diese wirksame Gnade, die wir jetzt in der Zeit des neuen Bundes bekommen k\u00f6nnen, ist ja um ein Vielfaches gr\u00f6\u00dfer und wirksamer als die, welche man zur Zeit des alten Bundes bekommen konnte!<\/p>\n<p>Aber \u2014 ganz nach g\u00f6ttlichen Gesetzen \u2014 absolut ohne Ausnahmen \u2014 gem\u00e4\u00df Petrus und Jakobus \u2014 k\u00f6nnen wir diese Gnade nur bekommen, wenn wir in Wahrheit dem\u00fctig sind und nur in dem Ausma\u00df, wie dem\u00fctig wir sind.<\/p>\n<p>Das ist in jeder Hinsicht gewiss und wahr! Ja, es ist das Sicherste vom Sichersten! Und es ist ebenso sicher, dass der Stolze Gott zum Gegner hat, wie es sicher ist, dass der Dem\u00fctige Gnade bekommt. Dies ist das geistliche wie auch das menschliche Naturgesetz des Lebens. Das ist der wahre Hintergrund f\u00fcr alle Erh\u00f6hung und alle Erniedrigung gem\u00e4\u00df Jesu eigenen Worten: \u201eDenn wer sich selbst erh\u00f6ht, der wird erniedrigt; und wer sich selbst erniedrigt, wird erh\u00f6ht.\u201c Auch wenn man es selbst nicht wollte. Denn es ist Gottes eigener fester Beschluss, gem\u00e4\u00df seinem eigenen g\u00f6ttlichen Wesen.<\/p>\n<p>Wir bekommen also genauso reichlich und vielf\u00e4ltig Gnade, wie wir dem\u00fctig sind! Und das ist genauso sicher und gewiss, wie es \u00fcberhaupt sicher und gewiss ist, ob wir tats\u00e4chlich in Geist und Wahrheit Demut haben, und nicht irgendein Ersatz f\u00fcr Demut. \u2014<\/p>\n<p>Demut hat ja mehrere Erkennungsmerkmale. Der Dem\u00fctige erhebt keine Einw\u00e4nde, findet auch keine Ausreden, er protestiert weder noch opponiert er, er zweifelt nicht, noch z\u00f6gert er, Gottes Wort und seinen Vorgesetzten in dieser Welt zu gehorchen, sowohl am Arbeitsplatz als auch im Familienleben. Er l\u00e4sst sich dann auch gern ermahnen und zurechtweisen. \u2013 Und er ist t\u00fcchtig darin, still zu sein und seinen Mund nicht aufzutun oder sich \u00fcber dieses und jenes, oder \u00fcber diesen und jenen zu \u00e4u\u00dfern und von etwas zu reden, wovon man eigentlich keine Ahnung hat, denn er h\u00e4lt sich gern zum Niedrigen. Ja, er nutzt die Gelegenheiten, sich dort unten aufzuhalten, denn dort gibt es Frieden ohne Ende. \u2013<\/p>\n<p>Aber vor allem unterl\u00e4sst es der Dem\u00fctige, seinen N\u00e4chsten zu richten und zu kritisieren, denn jeder, der so etwas tut, hat sich ja unbestreitbar erh\u00f6ht und Platz auf einem Richterstuhl eingenommen. Dort sitzen ja die Richter. \u2013<\/p>\n<p>Da ist man von der Demut so weit entfernt, wie der Osten vom Westen. Und gleich weit entfernt ist dann Gottes wahre Gnade von einer jeden, solchen Person!<\/p>\n<p>Solange man dem\u00fctig ist, ist man sozusagen lebensversichert! Gott ist allen Menschen gegen\u00fcber gn\u00e4dig, g\u00fctig und barmherzig, mit Ausnahme der Stolzen, Hochm\u00fctigen, \u00dcberm\u00fctigen, Selbstklugen und Aufgeblasenen, denn diese haben Gott zum Gegner! Arme Menschen!<\/p>\n\t\t<\/div>\n\t\t\t\t\t<\/div>\n\n\t\n\n\t<div id=\"col-1369124887\" class=\"col copyright small-12 large-12\"  >\n\t\t\t\t<div class=\"col-inner text-left\"  >\n\t\t\t\n\t\t\t\n<div>\u00a9 Copyright Stiftelsen Skjulte Skatters Forlag<\/div>\n\t\t<\/div>\n\t\t\t\t\t<\/div>\n\n\t\n\n\t<div id=\"col-72315255\" class=\"col small-12 large-12\"  >\n\t\t\t\t<div class=\"col-inner text-left\"  >\n\t\t\t\n\t\t\t\n<div><a href=\"#\" class=\"read-more\">Weiterlesen<\/a><\/div>\n\t\t<\/div>\n\t\t\t\t\t<\/div>\n\n\t\n\n\t<div id=\"col-551864108\" class=\"col small-12 large-12\"  >\n\t\t\t\t<div class=\"col-inner text-left\"  >\n\t\t\t\n\t\t\t\n<p class=\"next-previous-message\"><a class=\"previous\" href=\"\/de\/bible-studies\/theme-4\/gods-method-of-working\/\"><i class=\"icon-angle-left\"><\/i> Previous<\/a><a class=\"next\" href=\"\/de\/bible-studies\/theme-4\/humility-is-everything\/\">Next <i class=\"icon-angle-right\"><\/i><\/a><\/p>\n\t\t<\/div>\n\t\t\t\t\t<\/div>\n\n\t\n<\/div>\n\t\t<\/div>\n\n\t\t\n<style>\n#section_821754450 {\n  padding-top: 0px;\n  padding-bottom: 0px;\n  margin-bottom: 0px;\n}\n@media (min-width:550px) {\n  #section_821754450 {\n    padding-top: 0px;\n    padding-bottom: 0px;\n  }\n}\n<\/style>\n\t<\/section>\n\t\n\n\t<section class=\"section food-for-thought\" id=\"section_1604405536\">\n\t\t<div class=\"section-bg fill\" >\n\t\t\t\t\t\t\t\t\t\n\t\t\t\n\n\t\t<\/div>\n\n\t\t\n\n\t\t<div class=\"section-content relative\">\n\t\t\t\n<div class=\"row align-center\"  id=\"row-132296331\">\n\n\t<div id=\"col-1705360025\" class=\"col title small-12 large-12\"  >\n\t\t\t\t<div class=\"col-inner text-left dark\"  >\n\t\t\t\n\t\t\t\n<h2>Devotional<\/h2>\n\t\t<\/div>\n\t\t\t\t\t<\/div>\n\n\t\n\n\t<div id=\"col-934586069\" class=\"col small-12 large-12\"  >\n\t\t\t\t<div class=\"col-inner dark\"  >\n\t\t\t\n\t\t\t\n<p>In dem Artikel &#8220;Die best\u00e4ndigen Gnaden Davids\u201c kommt sehr deutlich hervor, dass Gott den Stolzen widersteht, aber den Dem\u00fctigen Gnade gibt. Was glaubst du, warum das so ist? \u00dcberlege dir ein Beispiel aus dem Alltag, wo Gott dem Dem\u00fctigen Gnade gibt.<\/p>\n<p class='info'>You have to <a href='\/login\/'>log in<\/a> if you want to save your answer.<\/p>\n\t\t<\/div>\n\t\t\t\t\t<\/div>\n\n\t\n<\/div>\n\t\t<\/div>\n\n\t\t\n<style>\n#section_1604405536 {\n  padding-top: 30px;\n  padding-bottom: 30px;\n  background-color: rgb(73, 92, 94);\n}\n<\/style>\n\t<\/section>\n\t\n","protected":false},"excerpt":{"rendered":"","protected":false},"author":5,"featured_media":0,"parent":15404,"menu_order":6,"comment_status":"closed","ping_status":"closed","template":"page-blank.php","meta":{"footnotes":""},"class_list":["post-15514","page","type-page","status-publish","hentry"],"aioseo_notices":[],"_links":{"self":[{"href":"https:\/\/words-of-faith.org\/de\/wp-json\/wp\/v2\/pages\/15514","targetHints":{"allow":["GET"]}}],"collection":[{"href":"https:\/\/words-of-faith.org\/de\/wp-json\/wp\/v2\/pages"}],"about":[{"href":"https:\/\/words-of-faith.org\/de\/wp-json\/wp\/v2\/types\/page"}],"author":[{"embeddable":true,"href":"https:\/\/words-of-faith.org\/de\/wp-json\/wp\/v2\/users\/5"}],"replies":[{"embeddable":true,"href":"https:\/\/words-of-faith.org\/de\/wp-json\/wp\/v2\/comments?post=15514"}],"version-history":[{"count":0,"href":"https:\/\/words-of-faith.org\/de\/wp-json\/wp\/v2\/pages\/15514\/revisions"}],"up":[{"embeddable":true,"href":"https:\/\/words-of-faith.org\/de\/wp-json\/wp\/v2\/pages\/15404"}],"wp:attachment":[{"href":"https:\/\/words-of-faith.org\/de\/wp-json\/wp\/v2\/media?parent=15514"}],"curies":[{"name":"wp","href":"https:\/\/api.w.org\/{rel}","templated":true}]}}