{"id":18342,"date":"2020-07-21T10:16:11","date_gmt":"2020-07-21T08:16:11","guid":{"rendered":"https:\/\/aslaksen.bcc.no\/?page_id=18342"},"modified":"2020-11-02T10:30:52","modified_gmt":"2020-11-02T09:30:52","slug":"glaube-an-den-gott-der-wunder","status":"publish","type":"page","link":"https:\/\/words-of-faith.org\/de\/bibelkurs\/thema-1\/glaube-an-den-gott-der-wunder\/","title":{"rendered":"Glaube an den Gott der Wunder"},"content":{"rendered":"\n\t<section class=\"section\" id=\"section_870945494\">\n\t\t<div class=\"section-bg fill\" >\n\t\t\t\t\t\t\t\t\t\n\t\t\t\n\n\t\t<\/div>\n\n\t\t\n\n\t\t<div class=\"section-content relative\">\n\t\t\t\n<div class=\"row align-center\"  id=\"row-1788362981\">\n\n\t<div id=\"col-132562410\" class=\"col small-12 large-12\"  >\n\t\t\t\t<div class=\"col-inner\"  >\n\t\t\t\n\t\t\t\n<p class=\"breadcrumbs\"><a href=\"..\/\">Thema 1<\/a> \/ Predigten<\/p>\n<h1>Glaube an den Gott der Wunder<\/h1>\n<p class=\"article-date\">Auszug der Rede von April 1963<\/p>\n<p class=\"article-author\">von Elias Aslaksen<\/p>\n\t\t<\/div>\n\t\t\t\t\t<\/div>\n\n\t\n\n<style>\n#row-1788362981 > .col > .col-inner {\n  padding: 30px 0px 0px 0px;\n}\n<\/style>\n<\/div>\n<div class=\"row align-center audio\"  id=\"row-541138351\">\n\n\t<div id=\"col-600011250\" class=\"col small-12 large-12\"  >\n\t\t\t\t<div class=\"col-inner\"  >\n\t\t\t\n\t\t\t\n<!--[if lt IE 9]><script>document.createElement('audio');<\/script><![endif]-->\n<audio class=\"wp-audio-shortcode\" id=\"audio-18342-1\" preload=\"none\" style=\"width: 100%;\" controls=\"controls\"><source type=\"audio\/mpeg\" src=\"https:\/\/words-of-faith.org\/wp-content\/uploads\/2020\/09\/1-T-Glaube-an-den-Gott-der-Wunder.mp3?_=1\" \/><a href=\"https:\/\/words-of-faith.org\/wp-content\/uploads\/2020\/09\/1-T-Glaube-an-den-Gott-der-Wunder.mp3\">https:\/\/words-of-faith.org\/wp-content\/uploads\/2020\/09\/1-T-Glaube-an-den-Gott-der-Wunder.mp3<\/a><\/audio>\n\t\t<\/div>\n\t\t\t\t\t<\/div>\n\n\t\n<\/div>\n<div class=\"row align-center article article-excerpt\"  id=\"row-207616803\">\n\n\t<div id=\"col-2091648040\" class=\"col small-12 large-12\"  >\n\t\t\t\t<div class=\"col-inner text-left\"  >\n\t\t\t\n\t\t\t\n<p>Glaube an den Gott der Wunder. Glaube an den Gott der Mirakel. Glaube an Wunder und Mirakel in deinem Inneren.<\/p>\n<p>Mirakel, das sind ja Dinge die Vernunft und Verstand \u00fcbertreffen, au\u00dferhalb jeglicher menschlicher Berechnung. Glaube daran, wenn es um deine Erl\u00f6sung geht in der Tiefe des Herzens.<\/p>\n<p>Es ist ja ziemlich gew\u00f6hnlich, man hat viele Jahre gearbeitet und immer noch sieht es schlecht aus. Glaube an Mirakel. Und wenn es so ist, dass man auch noch so lange gearbeitet hat und man kaum glaubt, dass irgendwann etwas daraus werden kann.<\/p>\n<p>Gott ist ein Gott der Wunder. Und denk, solche ein Wunder, dass solche Elenden, ja ich wei\u00df nicht genau wie ich es sagen soll &#8211; solche verkommenen Sch\u00f6pfungen in dem Fall. Und so besonders wie wir auch geh\u00f6rt haben, so unruhige Menschen sind wir. Welch ein Wunder, dann zu Gottes Willen zu kommen, w\u00e4hrend wir in diesem sterblichen K\u00f6rper sind, in dieser b\u00f6sen Welt.<\/p>\n<p>Welch ein Wunder, zur Ruhe &#8211; ruhen wenn alle Teufel los sind. Wenn alles auf dem Kopf steht. Ruhe, g\u00f6ttliche Ruhe, so ruhen wie Jesus ruhte als er im Boot lag und schlief. Wie willst du das nennen? Ich nenne es Wunder, Wunder gr\u00f6\u00dfer als alle Wunder.<\/p>\n<p>Was l\u00e4uft so schlecht und wie k\u00f6nnen wir \u00fcberhaupt erl\u00f6st werden? Ob es wenig oder viel ist: Durch Glauben an Gott. Und das ist Glauben an den Gott der Wunder.<\/p>\n<p>Die Vernunft sagt so, und Per und P\u00e5l sagen auch so und so und jetzt warst du so und so viele Jahre schon besch\u00e4ftigt damit und immer noch ist es nicht besser, es wird nie etwas aus dir. Nein, wenn Gott nicht ein Wunder tun kann, dann wird nichts daraus. Aber er tut gerne ein Wunder. Und ganz besonders solche Wunder. Er selbst ist hunderttausend Millionen mal mehr daran interessiert solch ein Mirakel zu tun, solche Wunder zu tun anstelle, dass Steine zu Brot werden.<\/p>\n<p>Und sein Name ist Wunder. Sein Name ist Wunder. Sein Name ist Wunder. Und ein Name in biblischer Bedeutung, das dr\u00fcckt etwas aus wie man ist. Es ist ja nicht wie Hansen und Petersen. Das ist ja nur ein Merkzettel. Aber Namen in der biblischen Bedeutung, das beschreibt den Inhalt einer Person. Und sein Name ist Wunder. Das bedeutet, dass es das ist, womit er besch\u00e4ftigt ist. Er tut Wunder. Er tut Wunder. <br \/>Es sieht schwarz aus, es sieht unm\u00f6glich aus. Es bleibt also nichts \u00fcbrig als ein Wunder. Aber denk wie gut, dass es das noch gibt. Denk, es bleibt also nichts anderes \u00fcbrig, wenn alles andere nicht mehr geht. Aber das verbleibt!<\/p>\n\t\t<\/div>\n\t\t\t\t\t<\/div>\n\n\t\n\n\t<div id=\"col-1896244347\" class=\"col copyright small-12 large-12\"  >\n\t\t\t\t<div class=\"col-inner text-left\"  >\n\t\t\t\n\t\t\t\n<div>\u00a9 Copyright Stiftelsen Skjulte Skatters Forlag<\/div>\n\t\t<\/div>\n\t\t\t\t\t<\/div>\n\n\t\n\n\t<div id=\"col-788979969\" class=\"col small-12 large-12\"  >\n\t\t\t\t<div class=\"col-inner text-left\"  >\n\t\t\t\n\t\t\t\n<div><a class=\"read-more\" href=\"#\">Weiterlesen<\/a><\/div>\n\t\t<\/div>\n\t\t\t\t\t<\/div>\n\n\t\n\n\t<div id=\"col-239362616\" class=\"col small-12 large-12\"  >\n\t\t\t\t<div class=\"col-inner text-left\"  >\n\t\t\t\n\t\t\t\n<p class=\"next-previous-message\"><a class=\"previous\" href=\"\/de\/bible-studies\/theme-1\/god-is-truthful\/\"><i class=\"icon-angle-left\"><\/i> Previous<\/a><a class=\"next\" href=\"\/de\/bible-studies\/theme-1\/his-name-is-wonder\/\">Next <i class=\"icon-angle-right\"><\/i><\/a><\/p>\n\t\t<\/div>\n\t\t\t\t\t<\/div>\n\n\t\n<\/div>\n\t\t<\/div>\n\n\t\t\n<style>\n#section_870945494 {\n  padding-top: 0px;\n  padding-bottom: 0px;\n  margin-bottom: 0px;\n}\n@media (min-width:550px) {\n  #section_870945494 {\n    padding-top: 0px;\n    padding-bottom: 0px;\n  }\n}\n<\/style>\n\t<\/section>\n\t\n\n\t<section class=\"section food-for-thought\" id=\"section_1809741480\">\n\t\t<div class=\"section-bg fill\" >\n\t\t\t\t\t\t\t\t\t\n\t\t\t\n\n\t\t<\/div>\n\n\t\t\n\n\t\t<div class=\"section-content relative\">\n\t\t\t\n<div class=\"row align-center\"  id=\"row-2096377419\">\n\n\t<div id=\"col-1535870918\" class=\"col title small-12 large-12\"  >\n\t\t\t\t<div class=\"col-inner text-left dark\"  >\n\t\t\t\n\t\t\t\n<h2>Devotional<\/h2>\n\t\t<\/div>\n\t\t\t\t\t<\/div>\n\n\t\n\n\t<div id=\"col-399701249\" class=\"col small-12 large-12\"  >\n\t\t\t\t<div class=\"col-inner dark\"  >\n\t\t\t\n\t\t\t\n<p>Was findest DU das Wichtigste, was Aslaksen in der Rede &#8220;Glaub an den Gott der Wunder&#8221; hervorheben will?<\/p>\n<ul class=\"question-answers\">\n<li>Ich brauche ein Mirakel in meinem Leben &#8211; egal, wie es vorher war<\/li>\n<li>Es gibt Hoffnung f\u00fcr alle, die an den Gott der Wunder glauben<\/li>\n<li>Es gibt nichts, was unm\u00f6glich ist. Wir haben es mit Gott zu tun!<\/li>\n<\/ul>\n<p class='info'>You have to <a href='\/login\/'>log in<\/a> if you want to save your answer.<\/p>\n\t\t<\/div>\n\t\t\t\t\t<\/div>\n\n\t\n<\/div>\n\t\t<\/div>\n\n\t\t\n<style>\n#section_1809741480 {\n  padding-top: 30px;\n  padding-bottom: 30px;\n  background-color: rgb(73, 92, 94);\n}\n<\/style>\n\t<\/section>\n\t\n","protected":false},"excerpt":{"rendered":"","protected":false},"author":5,"featured_media":0,"parent":8097,"menu_order":0,"comment_status":"closed","ping_status":"closed","template":"page-blank.php","meta":{"footnotes":""},"class_list":["post-18342","page","type-page","status-publish","hentry"],"aioseo_notices":[],"_links":{"self":[{"href":"https:\/\/words-of-faith.org\/de\/wp-json\/wp\/v2\/pages\/18342","targetHints":{"allow":["GET"]}}],"collection":[{"href":"https:\/\/words-of-faith.org\/de\/wp-json\/wp\/v2\/pages"}],"about":[{"href":"https:\/\/words-of-faith.org\/de\/wp-json\/wp\/v2\/types\/page"}],"author":[{"embeddable":true,"href":"https:\/\/words-of-faith.org\/de\/wp-json\/wp\/v2\/users\/5"}],"replies":[{"embeddable":true,"href":"https:\/\/words-of-faith.org\/de\/wp-json\/wp\/v2\/comments?post=18342"}],"version-history":[{"count":0,"href":"https:\/\/words-of-faith.org\/de\/wp-json\/wp\/v2\/pages\/18342\/revisions"}],"up":[{"embeddable":true,"href":"https:\/\/words-of-faith.org\/de\/wp-json\/wp\/v2\/pages\/8097"}],"wp:attachment":[{"href":"https:\/\/words-of-faith.org\/de\/wp-json\/wp\/v2\/media?parent=18342"}],"curies":[{"name":"wp","href":"https:\/\/api.w.org\/{rel}","templated":true}]}}