{"id":18374,"date":"2020-07-21T10:24:03","date_gmt":"2020-07-21T08:24:03","guid":{"rendered":"https:\/\/aslaksen.bcc.no\/?page_id=18374"},"modified":"2020-11-02T10:31:02","modified_gmt":"2020-11-02T09:31:02","slug":"sein-name-ist-wunder","status":"publish","type":"page","link":"https:\/\/words-of-faith.org\/de\/bibelkurs\/thema-1\/sein-name-ist-wunder\/","title":{"rendered":"Sein Name ist Wunder"},"content":{"rendered":"\n\t<section class=\"section\" id=\"section_797638765\">\n\t\t<div class=\"section-bg fill\" >\n\t\t\t\t\t\t\t\t\t\n\t\t\t\n\n\t\t<\/div>\n\n\t\t\n\n\t\t<div class=\"section-content relative\">\n\t\t\t\n<div class=\"row align-center\"  id=\"row-1819947350\">\n\n\t<div id=\"col-210070257\" class=\"col small-12 large-12\"  >\n\t\t\t\t<div class=\"col-inner\"  >\n\t\t\t\n\t\t\t\n<p class=\"breadcrumbs\"><a href=\"..\/\">Thema 1<\/a> \/ Predigten<\/p>\n<h1 style=\"text-align: justify;\"><span lang=\"DE\">Sein Name ist Wunder<\/span><\/h1>\n<p class=\"article-date\">Skjulte Skatter, ver\u00f6ffentlicht im Januar 1955.<\/p>\n<p class=\"article-author\">von Elias Aslaksen<\/p>\n\t\t<\/div>\n\t\t\t\t\t<\/div>\n\n\t\n\n<style>\n#row-1819947350 > .col > .col-inner {\n  padding: 30px 0px 0px 0px;\n}\n<\/style>\n<\/div>\n<div class=\"row align-center audio\"  id=\"row-215619081\">\n\n\t<div id=\"col-1897049056\" class=\"col small-12 large-12\"  >\n\t\t\t\t<div class=\"col-inner\"  >\n\t\t\t\n\t\t\t\n<!--[if lt IE 9]><script>document.createElement('audio');<\/script><![endif]-->\n<audio class=\"wp-audio-shortcode\" id=\"audio-18374-1\" preload=\"none\" style=\"width: 100%;\" controls=\"controls\"><source type=\"audio\/mpeg\" src=\"https:\/\/words-of-faith.org\/wp-content\/uploads\/2020\/09\/2-Sein-Name-ist-Wunder_MASTER.mp3?_=1\" \/><a href=\"https:\/\/words-of-faith.org\/wp-content\/uploads\/2020\/09\/2-Sein-Name-ist-Wunder_MASTER.mp3\">https:\/\/words-of-faith.org\/wp-content\/uploads\/2020\/09\/2-Sein-Name-ist-Wunder_MASTER.mp3<\/a><\/audio>\n\t\t<\/div>\n\t\t\t\t\t<\/div>\n\n\t\n<\/div>\n<div class=\"row align-center article article-excerpt\"  id=\"row-1850615837\">\n\n\t<div id=\"col-878215914\" class=\"col small-12 large-12\"  >\n\t\t\t\t<div class=\"col-inner text-left\"  >\n\t\t\t\n\t\t\t\n<p>Jes. 9,6<\/p>\n<p>Es geht darum, an den zu glauben, dessen Name \u201eWunder\u201c ist. Dass sein Name Wunder ist, bedeutet, dass er Wunder tut. Das tut er st\u00e4ndig. Er macht nicht nur Wasser zu Wein und \u00c4hnliches, sondern am allermeisten und am allerliebsten tut er Wunderwerke in unserem Inneren. Und das ganz einfach deshalb, weil er Gott ist.<\/p>\n<p>An Gott zu glauben bedeutet, an Wunderwerke, an Mirakel zu glauben.<\/p>\n<p>Das Traurige ist, dass die Menschen, auch Gottes Volk, so kolossal oberfl\u00e4chlich sind. Sozusagen drehen sich alle ihre Gedanken und Interessen um das \u00c4u\u00dferliche. Wenn von Wundern geredet wird, denkt man gleich an das \u00c4u\u00dferliche, ja nur an das \u00c4u\u00dferliche.<\/p>\n<p>Der Glaube an die Jungfrauengeburt sollte uns lehren und st\u00e4rken, an Wunder in unserem Innern zu glauben; daran, dass etwas G\u00f6ttliches in Herz und Sinn geboren und erschaffen werden kann, ohne Fleischeswillen und \u2013st\u00e4rke, ohne den Willen und die St\u00e4rke des Mannes \u2013 auf \u00fcbernat\u00fcrliche Weise \u2013 ganz unabh\u00e4ngig von unserem Unverm\u00f6gen und unserer Kraftlosigkeit als Mensch.<\/p>\n<p>Alle unsere vergeblichen Versuche beweisen nicht, dass dies unm\u00f6glich ist. Sie beweisen nur, dass unsere eigene Kraft nichts taugt.<\/p>\n<p>Weil Gott Wunder tut \u2013 und das tut er gerne \u2013, gelingt es trotzdem. Ehre sei Gott!<\/p>\n<p>Haben wir Grund dazu, an vollen Sieg, ja Sieg bis zum \u00c4u\u00dfersten zu glauben? Ja, glaube an Wunder, glaube an Mirakel! Glaube, dass in deinem inneren Wesen ein Mirakel das andere Mirakel abl\u00f6sen wird!<\/p>\n<p>Dann entsteht ein herrliches, g\u00f6ttliches Wesen im Innern. Und das wiederum f\u00fchrt zu wundervollen Ausschl\u00e4gen im \u00c4u\u00dferen, im t\u00e4glichen Leben, in den Schwierigkeiten des Lebens.<\/p>\n<p>Glaube an \u201eJungfrauengeburten\u201c! Das bedeutet, dass die Kraft des Mannes ganz \u00fcberfl\u00fcssig ist.<\/p>\n<p>Wandle in einem ununterbrochenen Glauben daran, dass Wunder in deinem Leben geschehen werden, und du wirst nicht entt\u00e4uscht werden! So wirst du selbst und andere regelm\u00e4\u00dfig Grund dazu bekommen, zu sagen: \u201eJa, das ist wirklich ein Mirakel!\u201c<\/p>\n<p>Elias Aslaksen<\/p>\n\t\t<\/div>\n\t\t\t\t\t<\/div>\n\n\t\n\n\t<div id=\"col-527880256\" class=\"col copyright small-12 large-12\"  >\n\t\t\t\t<div class=\"col-inner text-left\"  >\n\t\t\t\n\t\t\t\n<div>\u00a9 Copyright Stiftelsen Skjulte Skatters Forlag<\/div>\n\t\t<\/div>\n\t\t\t\t\t<\/div>\n\n\t\n\n\t<div id=\"col-703224343\" class=\"col small-12 large-12\"  >\n\t\t\t\t<div class=\"col-inner text-left\"  >\n\t\t\t\n\t\t\t\n<div><a class=\"read-more\" href=\"#\">Weiterlesen<\/a><\/div>\n\t\t<\/div>\n\t\t\t\t\t<\/div>\n\n\t\n\n\t<div id=\"col-1260545704\" class=\"col small-12 large-12\"  >\n\t\t\t\t<div class=\"col-inner text-left\"  >\n\t\t\t\n\t\t\t\n<p class=\"next-previous-message\"><a class=\"previous\" href=\"\/de\/bible-studies\/theme-1\/believe-in-the-god-of-miracles\/\"><i class=\"icon-angle-left\"><\/i> Previous<\/a><a class=\"next\" href=\"\/de\/bible-studies\/theme-1\/as-you-have-believed-so-let-it-be-done-for-you\/\">Next <i class=\"icon-angle-right\"><\/i><\/a><\/p>\n\t\t<\/div>\n\t\t\t\t\t<\/div>\n\n\t\n<\/div>\n\t\t<\/div>\n\n\t\t\n<style>\n#section_797638765 {\n  padding-top: 0px;\n  padding-bottom: 0px;\n  margin-bottom: 0px;\n}\n@media (min-width:550px) {\n  #section_797638765 {\n    padding-top: 0px;\n    padding-bottom: 0px;\n  }\n}\n<\/style>\n\t<\/section>\n\t\n\n\t<section class=\"section food-for-thought\" id=\"section_913979465\">\n\t\t<div class=\"section-bg fill\" >\n\t\t\t\t\t\t\t\t\t\n\t\t\t\n\n\t\t<\/div>\n\n\t\t\n\n\t\t<div class=\"section-content relative\">\n\t\t\t\n<div class=\"row align-center\"  id=\"row-56862725\">\n\n\t<div id=\"col-1088961546\" class=\"col title small-12 large-12\"  >\n\t\t\t\t<div class=\"col-inner text-left dark\"  >\n\t\t\t\n\t\t\t\n<h2>Devotional<\/h2>\n\t\t<\/div>\n\t\t\t\t\t<\/div>\n\n\t\n\n\t<div id=\"col-813484441\" class=\"col small-12 large-12\"  >\n\t\t\t\t<div class=\"col-inner dark\"  >\n\t\t\t\n\t\t\t\n<p>H\u00f6re oder lese das St\u00fcck &#8220;Sein Name ist Wunder&#8221; und notiere, wie dein Leben in K\u00fcrze aussehen wird, wenn das, was Aslaksen hier schreibt, in deinem Leben funktioniert.<\/p>\n<p class='info'>You have to <a href='\/login\/'>log in<\/a> if you want to save your answer.<\/p>\n\t\t<\/div>\n\t\t\t\t\t<\/div>\n\n\t\n<\/div>\n\t\t<\/div>\n\n\t\t\n<style>\n#section_913979465 {\n  padding-top: 30px;\n  padding-bottom: 30px;\n  background-color: rgb(73, 92, 94);\n}\n<\/style>\n\t<\/section>\n\t\n","protected":false},"excerpt":{"rendered":"","protected":false},"author":5,"featured_media":0,"parent":8097,"menu_order":1,"comment_status":"closed","ping_status":"closed","template":"page-blank.php","meta":{"footnotes":""},"class_list":["post-18374","page","type-page","status-publish","hentry"],"aioseo_notices":[],"_links":{"self":[{"href":"https:\/\/words-of-faith.org\/de\/wp-json\/wp\/v2\/pages\/18374","targetHints":{"allow":["GET"]}}],"collection":[{"href":"https:\/\/words-of-faith.org\/de\/wp-json\/wp\/v2\/pages"}],"about":[{"href":"https:\/\/words-of-faith.org\/de\/wp-json\/wp\/v2\/types\/page"}],"author":[{"embeddable":true,"href":"https:\/\/words-of-faith.org\/de\/wp-json\/wp\/v2\/users\/5"}],"replies":[{"embeddable":true,"href":"https:\/\/words-of-faith.org\/de\/wp-json\/wp\/v2\/comments?post=18374"}],"version-history":[{"count":0,"href":"https:\/\/words-of-faith.org\/de\/wp-json\/wp\/v2\/pages\/18374\/revisions"}],"up":[{"embeddable":true,"href":"https:\/\/words-of-faith.org\/de\/wp-json\/wp\/v2\/pages\/8097"}],"wp:attachment":[{"href":"https:\/\/words-of-faith.org\/de\/wp-json\/wp\/v2\/media?parent=18374"}],"curies":[{"name":"wp","href":"https:\/\/api.w.org\/{rel}","templated":true}]}}