{"id":18407,"date":"2020-07-21T10:28:57","date_gmt":"2020-07-21T08:28:57","guid":{"rendered":"https:\/\/aslaksen.bcc.no\/?page_id=18407"},"modified":"2020-11-02T10:31:09","modified_gmt":"2020-11-02T09:31:09","slug":"dir-geschehe-wie-du-glaubst","status":"publish","type":"page","link":"https:\/\/words-of-faith.org\/de\/bibelkurs\/thema-1\/dir-geschehe-wie-du-glaubst\/","title":{"rendered":"Dir geschehe wie du glaubst"},"content":{"rendered":"\n\t<section class=\"section\" id=\"section_288733820\">\n\t\t<div class=\"section-bg fill\" >\n\t\t\t\t\t\t\t\t\t\n\t\t\t\n\n\t\t<\/div>\n\n\t\t\n\n\t\t<div class=\"section-content relative\">\n\t\t\t\n<div class=\"row align-center\"  id=\"row-1529114470\">\n\n\t<div id=\"col-1557703706\" class=\"col small-12 large-12\"  >\n\t\t\t\t<div class=\"col-inner\"  >\n\t\t\t\n\t\t\t\n<p class=\"breadcrumbs\"><a href=\"..\/\">Thema 1<\/a> \/ Predigten<\/p>\n<h1>Dir geschehe wie du glaubst<\/h1>\n<p class=\"article-date\">Skjulte Skatter, ver\u00f6ffentlicht im Juni 1982.<\/p>\n<p class=\"article-author\">von Elias Aslaksen<\/p>\n\t\t<\/div>\n\t\t\t\t\t<\/div>\n\n\t\n\n<style>\n#row-1529114470 > .col > .col-inner {\n  padding: 30px 0px 0px 0px;\n}\n<\/style>\n<\/div>\n<div class=\"row align-center audio\"  id=\"row-1236224497\">\n\n\t<div id=\"col-70881258\" class=\"col small-12 large-12\"  >\n\t\t\t\t<div class=\"col-inner\"  >\n\t\t\t\n\t\t\t\n<!--[if lt IE 9]><script>document.createElement('audio');<\/script><![endif]-->\n<audio class=\"wp-audio-shortcode\" id=\"audio-18407-1\" preload=\"none\" style=\"width: 100%;\" controls=\"controls\"><source type=\"audio\/mpeg\" src=\"https:\/\/words-of-faith.org\/wp-content\/uploads\/2020\/09\/3-Dir-geschehe-wie-du-glaubst_MASTER.mp3?_=1\" \/><a href=\"https:\/\/words-of-faith.org\/wp-content\/uploads\/2020\/09\/3-Dir-geschehe-wie-du-glaubst_MASTER.mp3\">https:\/\/words-of-faith.org\/wp-content\/uploads\/2020\/09\/3-Dir-geschehe-wie-du-glaubst_MASTER.mp3<\/a><\/audio>\n\t\t<\/div>\n\t\t\t\t\t<\/div>\n\n\t\n<\/div>\n<div class=\"row align-center article article-excerpt\"  id=\"row-1735527398\">\n\n\t<div id=\"col-1114604856\" class=\"col small-12 large-12\"  >\n\t\t\t\t<div class=\"col-inner text-left\"  >\n\t\t\t\n\t\t\t\n<p>Alle Worte Gottes \u2013 Worte des Lebens \u2013 sind aufs Genaueste wahr. Darum sollte man sie genauso glauben, wie sie geschrieben stehen. Ist der Glaube daran lebendig und pers\u00f6nlich mein Eigen, gehen die Worte genau in Erf\u00fcllung. Es kommt, wie man glaubt, es geschieht genauso, wie man glaubt.<\/p>\n<p>Auf keine andere Weise kann es geschehen. Auf keine andere Weise kann man sich aneignen, was das Wort sagt.<\/p>\n<p>Z.B.: \u201eUnser alter Mensch ist mit Christus gekreuzigt\u201c (R\u00f6m. 6,6). \u201eDie ihr ja ausgezogen habt den alten Menschen mit seinen Werken\u201c (Kol. 3,9, norwegische \u00dcbersetzung). \u201eNun aber leget alles ab von euch\u201c, alle bewusste S\u00fcnde (Kol. 3,8) &#8211; Gal. 5 19\u201121, R\u00f6m. 6,4 und 22.<\/p>\n<p>Hier \u2013 und \u00fcberall sonst \u2013 gilt also Jesu Wort: \u201eDir geschehe, wie du glaubst\u201c. Glaubt man diese Worte nicht, kann es nicht geschehen, wie sehr man es sich auch w\u00fcnscht und darum betet. Aber \u2013 glaubt man es wirklich, so geschieht es.<\/p>\n<p>Es ist selbstverst\u00e4ndlich sehr schwierig, etwas so unsagbar Gro\u00dfes zu glauben. Darum sollte man mit Todesernst darum k\u00e4mpfen, sich einen lebendigen Glauben an solche herrlichen, wahren Worte anzueignen! Matth. 11,12.<\/p>\n<p>Leider ist es f\u00fcr die meisten selbstverst\u00e4ndlich, an etwas so unsagbar Gro\u00dfem zu zweifeln. Was man dann eigentlich glaubt, ist, dass so etwas niemals gelingen wird, und eben darum geht dieses Negative in Erf\u00fcllung. Auf diese Weise kann man es niemals erreichen, Gott in Wahrheit zu lieben und seine Gebote zu halten!<\/p>\n<p>\u201eDir geschehe, wie du glaubst\u201c geht also in jedem Fall in Erf\u00fcllung, ob man siegt oder s\u00fcndigt! Wie unbeschreiblich dumm, an Gottes wahrem Wort zu zweifeln. Hebr. 11,6.<\/p>\n\t\t<\/div>\n\t\t\t\t\t<\/div>\n\n\t\n\n\t<div id=\"col-125848231\" class=\"col copyright small-12 large-12\"  >\n\t\t\t\t<div class=\"col-inner text-left\"  >\n\t\t\t\n\t\t\t\n<div>\u00a9 Copyright Stiftelsen Skjulte Skatters Forlag<\/div>\n\t\t<\/div>\n\t\t\t\t\t<\/div>\n\n\t\n\n\t<div id=\"col-187712023\" class=\"col small-12 large-12\"  >\n\t\t\t\t<div class=\"col-inner text-left\"  >\n\t\t\t\n\t\t\t\n<div><a class=\"read-more\" href=\"#\">Weiterlesen<\/a><\/div>\n\t\t<\/div>\n\t\t\t\t\t<\/div>\n\n\t\n\n\t<div id=\"col-1806207994\" class=\"col small-12 large-12\"  >\n\t\t\t\t<div class=\"col-inner text-left\"  >\n\t\t\t\n\t\t\t\n<p class=\"next-previous-message\"><a class=\"previous\" href=\"\/de\/bible-studies\/theme-1\/his-name-is-wonder\/\"><i class=\"icon-angle-left\"><\/i> Previous<\/a><a class=\"next\" href=\"\/de\/bible-studies\/theme-1\/rejoice-in-hope\/\">Next <i class=\"icon-angle-right\"><\/i><\/a><\/p>\n\t\t<\/div>\n\t\t\t\t\t<\/div>\n\n\t\n<\/div>\n\t\t<\/div>\n\n\t\t\n<style>\n#section_288733820 {\n  padding-top: 0px;\n  padding-bottom: 0px;\n  margin-bottom: 0px;\n}\n@media (min-width:550px) {\n  #section_288733820 {\n    padding-top: 0px;\n    padding-bottom: 0px;\n  }\n}\n<\/style>\n\t<\/section>\n\t\n\n\t<section class=\"section food-for-thought\" id=\"section_1036646770\">\n\t\t<div class=\"section-bg fill\" >\n\t\t\t\t\t\t\t\t\t\n\t\t\t\n\n\t\t<\/div>\n\n\t\t\n\n\t\t<div class=\"section-content relative\">\n\t\t\t\n<div class=\"row align-center\"  id=\"row-588685106\">\n\n\t<div id=\"col-2078071668\" class=\"col title small-12 large-12\"  >\n\t\t\t\t<div class=\"col-inner text-left dark\"  >\n\t\t\t\n\t\t\t\n<h2>Devotional<\/h2>\n\t\t<\/div>\n\t\t\t\t\t<\/div>\n\n\t\n\n\t<div id=\"col-1186484799\" class=\"col small-12 large-12\"  >\n\t\t\t\t<div class=\"col-inner dark\"  >\n\t\t\t\n\t\t\t\n<p>Schlage einer der Bibelverse im St\u00fcck &#8220;Dir geschieht, wie du glaubst&#8221; auf. Warum glaubst du, das Aslaksen genau diesen Vers erw\u00e4hnte?<\/p>\n<p class='info'>You have to <a href='\/login\/'>log in<\/a> if you want to save your answer.<\/p>\n\t\t<\/div>\n\t\t\t\t\t<\/div>\n\n\t\n<\/div>\n\t\t<\/div>\n\n\t\t\n<style>\n#section_1036646770 {\n  padding-top: 30px;\n  padding-bottom: 30px;\n  background-color: rgb(73, 92, 94);\n}\n<\/style>\n\t<\/section>\n\t\n","protected":false},"excerpt":{"rendered":"","protected":false},"author":5,"featured_media":0,"parent":8097,"menu_order":2,"comment_status":"closed","ping_status":"closed","template":"page-blank.php","meta":{"footnotes":""},"class_list":["post-18407","page","type-page","status-publish","hentry"],"aioseo_notices":[],"_links":{"self":[{"href":"https:\/\/words-of-faith.org\/de\/wp-json\/wp\/v2\/pages\/18407","targetHints":{"allow":["GET"]}}],"collection":[{"href":"https:\/\/words-of-faith.org\/de\/wp-json\/wp\/v2\/pages"}],"about":[{"href":"https:\/\/words-of-faith.org\/de\/wp-json\/wp\/v2\/types\/page"}],"author":[{"embeddable":true,"href":"https:\/\/words-of-faith.org\/de\/wp-json\/wp\/v2\/users\/5"}],"replies":[{"embeddable":true,"href":"https:\/\/words-of-faith.org\/de\/wp-json\/wp\/v2\/comments?post=18407"}],"version-history":[{"count":0,"href":"https:\/\/words-of-faith.org\/de\/wp-json\/wp\/v2\/pages\/18407\/revisions"}],"up":[{"embeddable":true,"href":"https:\/\/words-of-faith.org\/de\/wp-json\/wp\/v2\/pages\/8097"}],"wp:attachment":[{"href":"https:\/\/words-of-faith.org\/de\/wp-json\/wp\/v2\/media?parent=18407"}],"curies":[{"name":"wp","href":"https:\/\/api.w.org\/{rel}","templated":true}]}}