{"id":18439,"date":"2020-07-21T10:34:18","date_gmt":"2020-07-21T08:34:18","guid":{"rendered":"https:\/\/aslaksen.bcc.no\/?page_id=18439"},"modified":"2020-11-02T10:31:18","modified_gmt":"2020-11-02T09:31:18","slug":"seid-froehlich-in-hoffnung","status":"publish","type":"page","link":"https:\/\/words-of-faith.org\/de\/bibelkurs\/thema-1\/seid-froehlich-in-hoffnung\/","title":{"rendered":"Seid fr\u00f6hlich in Hoffnung"},"content":{"rendered":"\n\t<section class=\"section\" id=\"section_1658050092\">\n\t\t<div class=\"section-bg fill\" >\n\t\t\t\t\t\t\t\t\t\n\t\t\t\n\n\t\t<\/div>\n\n\t\t\n\n\t\t<div class=\"section-content relative\">\n\t\t\t\n<div class=\"row align-center\"  id=\"row-668657081\">\n\n\t<div id=\"col-1378227730\" class=\"col small-12 large-12\"  >\n\t\t\t\t<div class=\"col-inner\"  >\n\t\t\t\n\t\t\t\n<p class=\"breadcrumbs\"><a href=\"..\/\">Thema 1<\/a> \/ Predigten<\/p>\n<h1>Seid fr\u00f6hlich in Hoffnung<\/h1>\n<p class=\"article-date\">Auszug einer Rede von April 1963<\/p>\n<p class=\"article-author\">von Elias Aslaksen<\/p>\n\t\t<\/div>\n\t\t\t\t\t<\/div>\n\n\t\n\n<style>\n#row-668657081 > .col > .col-inner {\n  padding: 30px 0px 0px 0px;\n}\n<\/style>\n<\/div>\n<div class=\"row align-center audio\"  id=\"row-1108949064\">\n\n\t<div id=\"col-362441482\" class=\"col small-12 large-12\"  >\n\t\t\t\t<div class=\"col-inner\"  >\n\t\t\t\n\t\t\t\n<!--[if lt IE 9]><script>document.createElement('audio');<\/script><![endif]-->\n<audio class=\"wp-audio-shortcode\" id=\"audio-18439-1\" preload=\"none\" style=\"width: 100%;\" controls=\"controls\"><source type=\"audio\/mpeg\" src=\"https:\/\/words-of-faith.org\/wp-content\/uploads\/2020\/09\/4-Vaer-glade-i-hapet_D.mp3?_=1\" \/><a href=\"https:\/\/words-of-faith.org\/wp-content\/uploads\/2020\/09\/4-Vaer-glade-i-hapet_D.mp3\">https:\/\/words-of-faith.org\/wp-content\/uploads\/2020\/09\/4-Vaer-glade-i-hapet_D.mp3<\/a><\/audio>\n<p class=\"click-to-listen\">\u00a0<\/p>\n\t\t<\/div>\n\t\t\t\t\t<\/div>\n\n\t\n<\/div>\n<div class=\"row align-center article article-excerpt\"  id=\"row-1862419640\">\n\n\t<div id=\"col-1238973313\" class=\"col small-12 large-12\"  >\n\t\t\t\t<div class=\"col-inner text-left\"  >\n\t\t\t\n\t\t\t\n<p>Also man k\u00e4mpft, man m\u00fcht sich ab mit dem was nicht getan ist, mit dem was nicht in Ordnung ist, mit dem was anders sein sollte. Und dann geht es langsam, dann geht es schlecht und dann ist noch viel zu tun und dann ist bereits viel Zeit vergangen. Es sieht schwarz aus. So schwarz, dass es die Freude \u00fcber das was man getan hat, erstickt. Das was fehlt, das was die Hauptsache ist, das ist die Freude in Hoffnung. Und die Hoffnung hat nichts mit dem zu tun was man getan hat, was man bekommen hat, was geschehen ist. Das hat nur mit dem zu tun was noch nicht geschehen ist.<\/p>\n<p>Wenn dann die Hoffnung lebendig wird und ich werde voller Freude in Hoffnung, dann ist all das Schwere, all das Traurige regelrecht verduftet. Dann bin ich voller Freude in Hoffnung, dar\u00fcber, dass es in Ordnung kommt alles was noch nicht in Ordnung ist und dann bin ich voller Freude \u00fcber das was bereits in Ordnung ist und dann ist es Freude f\u00fcr alles zusammen. Also Freude in Hoffnung l\u00f6st Freude \u00fcber das aus was schon geschehen ist. Und dann wird es eine doppelte Freude, es wird Freude Insgesamt. Und die Freude in Gott ist eine schwindelerregende Kraft.<\/p>\n<p>Genau durch diese Freude in Hoffnung geht es volle Fahrt voraus. Das ist was anderes als hoffnungslos auszusehen. Und das ist so fremd, es ist so unbekannt, es ist so neu, dass es enorm schwierig ist, dass in K\u00fcrze dort hineinzukommen in Freude in Hoffnung. Es braucht seine Zeit. Aber es geht nur darum das zu tun, dass man ein Verst\u00e4ndnis dar\u00fcber bekommt, dass es lebensnotwendig ist, voller Freude in Hoffnung zu werden und dann muss man richtig sich daf\u00fcr einsetzen, mit allem was man kann. Man muss es suchen. Damit arbeiten, arbeiten an der Erl\u00f6sung der Seele.<\/p>\n<p>Alles steht und f\u00e4llt mit der Freude in Hoffnung. Es l\u00f6st alles Gute aus und es vertreibt alles B\u00f6se, Dunkle, Schwarze und Graue. Die Hoffnung ist etwas von dem wunderbarsten was auf diesem Globus existiert. Im Himmel brauchen wir keine Hoffnung, weil da ist alles in Ordnung, aber hier w\u00e4hrend wir auf Erden sind, ist es diese Hoffnung, die alles entscheidet.<\/p>\n\t\t<\/div>\n\t\t\t\t\t<\/div>\n\n\t\n\n\t<div id=\"col-170109254\" class=\"col copyright small-12 large-12\"  >\n\t\t\t\t<div class=\"col-inner text-left\"  >\n\t\t\t\n\t\t\t\n<div>\u00a9 Copyright Stiftelsen Skjulte Skatters Forlag<\/div>\n\t\t<\/div>\n\t\t\t\t\t<\/div>\n\n\t\n\n\t<div id=\"col-106771782\" class=\"col small-12 large-12\"  >\n\t\t\t\t<div class=\"col-inner text-left\"  >\n\t\t\t\n\t\t\t\n<div><a href=\"#\" class=\"read-more\">Weiterlesen<\/a><\/div>\n\t\t<\/div>\n\t\t\t\t\t<\/div>\n\n\t\n\n\t<div id=\"col-575967155\" class=\"col small-12 large-12\"  >\n\t\t\t\t<div class=\"col-inner text-left\"  >\n\t\t\t\n\t\t\t\n<p class=\"next-previous-message\"><a class=\"previous\" href=\"\/de\/bible-studies\/theme-1\/as-you-have-believed-so-let-it-be-done-for-you\/\"><i class=\"icon-angle-left\"><\/i> Previous<\/a><a class=\"next\" href=\"\/de\/bible-studies\/theme-1\/believe-like-abraham-did\/\">Next <i class=\"icon-angle-right\"><\/i><\/a><\/p>\n\t\t<\/div>\n\t\t\t\t\t<\/div>\n\n\t\n<\/div>\n\t\t<\/div>\n\n\t\t\n<style>\n#section_1658050092 {\n  padding-top: 0px;\n  padding-bottom: 0px;\n  margin-bottom: 0px;\n}\n@media (min-width:550px) {\n  #section_1658050092 {\n    padding-top: 0px;\n    padding-bottom: 0px;\n  }\n}\n<\/style>\n\t<\/section>\n\t\n\n\t<section class=\"section food-for-thought\" id=\"section_789789551\">\n\t\t<div class=\"section-bg fill\" >\n\t\t\t\t\t\t\t\t\t\n\t\t\t\n\n\t\t<\/div>\n\n\t\t\n\n\t\t<div class=\"section-content relative\">\n\t\t\t\n<div class=\"row align-center\"  id=\"row-1392625097\">\n\n\t<div id=\"col-1473957198\" class=\"col title small-12 large-12\"  >\n\t\t\t\t<div class=\"col-inner text-left dark\"  >\n\t\t\t\n\t\t\t\n<h2>Devotional<\/h2>\n\t\t<\/div>\n\t\t\t\t\t<\/div>\n\n\t\n\n\t<div id=\"col-1773379418\" class=\"col small-12 large-12\"  >\n\t\t\t\t<div class=\"col-inner dark\"  >\n\t\t\t\n\t\t\t\n<p>In der Rede &#8220;Seid fr\u00f6hlich in Hoffnung&#8221; sagt Aslaksen, dass die Hoffnung alles entscheidet. Was glaubst du, was er damit meint?<\/p>\n<p class='info'>You have to <a href='\/login\/'>log in<\/a> if you want to save your answer.<\/p>\n\t\t<\/div>\n\t\t\t\t\t<\/div>\n\n\t\n<\/div>\n\t\t<\/div>\n\n\t\t\n<style>\n#section_789789551 {\n  padding-top: 30px;\n  padding-bottom: 30px;\n  background-color: rgb(73, 92, 94);\n}\n<\/style>\n\t<\/section>\n\t\n","protected":false},"excerpt":{"rendered":"","protected":false},"author":5,"featured_media":0,"parent":8097,"menu_order":3,"comment_status":"closed","ping_status":"closed","template":"page-blank.php","meta":{"footnotes":""},"class_list":["post-18439","page","type-page","status-publish","hentry"],"aioseo_notices":[],"_links":{"self":[{"href":"https:\/\/words-of-faith.org\/de\/wp-json\/wp\/v2\/pages\/18439","targetHints":{"allow":["GET"]}}],"collection":[{"href":"https:\/\/words-of-faith.org\/de\/wp-json\/wp\/v2\/pages"}],"about":[{"href":"https:\/\/words-of-faith.org\/de\/wp-json\/wp\/v2\/types\/page"}],"author":[{"embeddable":true,"href":"https:\/\/words-of-faith.org\/de\/wp-json\/wp\/v2\/users\/5"}],"replies":[{"embeddable":true,"href":"https:\/\/words-of-faith.org\/de\/wp-json\/wp\/v2\/comments?post=18439"}],"version-history":[{"count":0,"href":"https:\/\/words-of-faith.org\/de\/wp-json\/wp\/v2\/pages\/18439\/revisions"}],"up":[{"embeddable":true,"href":"https:\/\/words-of-faith.org\/de\/wp-json\/wp\/v2\/pages\/8097"}],"wp:attachment":[{"href":"https:\/\/words-of-faith.org\/de\/wp-json\/wp\/v2\/media?parent=18439"}],"curies":[{"name":"wp","href":"https:\/\/api.w.org\/{rel}","templated":true}]}}