{"id":18471,"date":"2020-07-21T10:43:49","date_gmt":"2020-07-21T08:43:49","guid":{"rendered":"https:\/\/aslaksen.bcc.no\/?page_id=18471"},"modified":"2020-11-02T10:31:25","modified_gmt":"2020-11-02T09:31:25","slug":"glauben-wie-abraham","status":"publish","type":"page","link":"https:\/\/words-of-faith.org\/de\/bibelkurs\/thema-1\/glauben-wie-abraham\/","title":{"rendered":"Glauben wie Abraham"},"content":{"rendered":"\n\t<section class=\"section\" id=\"section_737075667\">\n\t\t<div class=\"section-bg fill\" >\n\t\t\t\t\t\t\t\t\t\n\t\t\t\n\n\t\t<\/div>\n\n\t\t\n\n\t\t<div class=\"section-content relative\">\n\t\t\t\n<div class=\"row align-center\"  id=\"row-490574654\">\n\n\t<div id=\"col-449702762\" class=\"col small-12 large-12\"  >\n\t\t\t\t<div class=\"col-inner\"  >\n\t\t\t\n\t\t\t\n<p class=\"breadcrumbs\"><a href=\"..\/\">Thema 1<\/a> \/ Predigten<\/p>\n<h1>Glauben wie Abraham<\/h1>\n<p class=\"article-date\">Skjulte Skatter, ver\u00f6ffentlicht im Dezember 1988.<\/p>\n<p class=\"article-author\">von Elias Aslaksen<\/p>\n\t\t<\/div>\n\t\t\t\t\t<\/div>\n\n\t\n\n<style>\n#row-490574654 > .col > .col-inner {\n  padding: 30px 0px 0px 0px;\n}\n<\/style>\n<\/div>\n<div class=\"row align-center audio\"  id=\"row-2107035554\">\n\n\t<div id=\"col-817779667\" class=\"col small-12 large-12\"  >\n\t\t\t\t<div class=\"col-inner\"  >\n\t\t\t\n\t\t\t\n<!--[if lt IE 9]><script>document.createElement('audio');<\/script><![endif]-->\n<audio class=\"wp-audio-shortcode\" id=\"audio-18471-1\" preload=\"none\" style=\"width: 100%;\" controls=\"controls\"><source type=\"audio\/mpeg\" src=\"https:\/\/words-of-faith.org\/wp-content\/uploads\/2020\/09\/5-Glauben-wie-Abraham_MASTER.mp3?_=1\" \/><a href=\"https:\/\/words-of-faith.org\/wp-content\/uploads\/2020\/09\/5-Glauben-wie-Abraham_MASTER.mp3\">https:\/\/words-of-faith.org\/wp-content\/uploads\/2020\/09\/5-Glauben-wie-Abraham_MASTER.mp3<\/a><\/audio>\n<p class=\"click-to-listen\">\u00a0<\/p>\n\t\t<\/div>\n\t\t\t\t\t<\/div>\n\n\t\n<\/div>\n<div class=\"row align-center article article-excerpt\"  id=\"row-1675666018\">\n\n\t<div id=\"col-1822913901\" class=\"col small-12 large-12\"  >\n\t\t\t\t<div class=\"col-inner text-left\"  >\n\t\t\t\n\t\t\t\n<p>1.Mose 14,24 und 1.Mose 15,1 und 5-6 und 1.Mose 17,1; R\u00f6m. 4,16\u201121<\/p>\n<p>Abraham glaubte nicht nur, dass Gott existiert und dass er ein m\u00e4chtiger Gott ist, sondern er glaubte auch das, was Gott zu ihm sagte! Aufs Allergewisseste glaubte er, dass Gott das tun w\u00fcrde, was er verhei\u00dfen hatte \u2013 selbst, wenn es f\u00fcr seinen eigenen Verstand ganz und gar unm\u00f6glich aussah.<\/p>\n<p>Das also hei\u00dft, den Glauben Abrahams zu haben und Kind Abrahams zu sein.<\/p>\n<p>In der Zeit des neuen Bundes ein Kind unseres himmlischen Vaters zu sein, hei\u00dft, alle Worte des Lebens die Jesus gesagt hat zu glauben und ihnen zu gehorchen, und die Worte, welche die Apostel in ihren Briefen schreiben, so dass wir ihnen gehorsam sind, und allem, was in der Bergpredigt steht und allem anderen im Neuen Testament, was ja vollkommen mit der ber\u00fchmten Rede Jesu \u00fcbereinstimmt. Genauso, wie Abraham Gott glaubte und gehorchte, als er damals seinen Sohn Isaak opfern sollte! Lies R\u00f6m. 1,5; R\u00f6m. 16,20; Matth. 28,20; Hebr. 5,9 und 2. Thess. 1,5\u201110.<\/p>\n<p>Jesus wahrhaftig zu glauben, bedeutet notwendigerweise, seinem Wort und seinen Verhei\u00dfungen zu glauben. Und dies wiederum beinhaltet, absolut zu glauben, dass wir die Bedingungen erf\u00fcllen m\u00fcssen, damit die Verhei\u00dfungen erf\u00fcllt werden k\u00f6nnen. Gott sagte zu Abraham: \u201eWandle vor mir und sei unstr\u00e4flich!\u201c Oder: vollkommen und tadellos! Diesen vollkommenen Gehorsam sehen wir, als er Isaak opfern sollte!!!<\/p>\n<p>Genauso verh\u00e4lt es sich im neuen Bund, den Jesus gebracht hat \u2013 nur in einem viel, viel st\u00e4rkeren und tiefergehenden Grad! \u201eDarum sollt ihr vollkommen sein, gleichwie euer Vater im Himmel vollkommen ist\u201c (Matth. 5,48). Eph. 5,27; 2. Petr. 3,11 und 14.<\/p>\n<p>Wenn man Jesu Worten, dass wir gehorsam sein sollen, nicht glaubt, da macht man Jesus ja zu einem L\u00fcgner und Irrlehrer, ohne dass man es sagt oder meint. Durch diesen unsinnigen Standpunkt wird es aber doch so. Dadurch hat man ihn ganz einfach verworfen! \u2013 Dann hat man in Wirklichkeit auch seine wahre, gute und frohe Botschaft, sein Evangelium, verworfen! Denn seine Botschaft hei\u00dft, in Tat und Wahrheit allen seinen Worten zu gehorchen, inwendig verwandelt und neu geschaffen zu werden, in seiner Fu\u00dfspur zu wandeln, ihm gleich zu werden, g\u00f6ttliche Natur zu bekommen.<\/p>\n<p>Genau darum dreht sich fast alles im ganzen Neuen Testament!!! Wer das nicht sieht, muss notwendigerweise blind sein!!! \u2013 Und das ist man durch seinen Unglauben gegen\u00fcber dem Wort. Dann ist es nahezu ironisch, sich gl\u00e4ubig zu nennen.<\/p>\n<p>Jakobus schreibt besonders treffend, dass wenn jemandes Glaube keine Werke hat (oder ohne Gehorsam), dann hat er den gleichen Glauben wie Satan. Durch so einen Glauben werden wir nicht davon erl\u00f6st, zu s\u00fcndigen! Jak. 2,19.<\/p>\n\t\t<\/div>\n\t\t\t\t\t<\/div>\n\n\t\n\n\t<div id=\"col-856109072\" class=\"col copyright small-12 large-12\"  >\n\t\t\t\t<div class=\"col-inner text-left\"  >\n\t\t\t\n\t\t\t\n<div>\u00a9 Copyright Stiftelsen Skjulte Skatters Forlag<\/div>\n\t\t<\/div>\n\t\t\t\t\t<\/div>\n\n\t\n\n\t<div id=\"col-1700357827\" class=\"col small-12 large-12\"  >\n\t\t\t\t<div class=\"col-inner text-left\"  >\n\t\t\t\n\t\t\t\n<div><a href=\"#\" class=\"read-more\">Weiterlesen<\/a><\/div>\n\t\t<\/div>\n\t\t\t\t\t<\/div>\n\n\t\n\n\t<div id=\"col-1361041636\" class=\"col small-12 large-12\"  >\n\t\t\t\t<div class=\"col-inner text-left\"  >\n\t\t\t\n\t\t\t\n<p class=\"next-previous-message\"><a class=\"previous\" href=\"\/de\/bible-studies\/theme-1\/rejoice-in-hope\/\"><i class=\"icon-angle-left\"><\/i> Previous<\/a><a class=\"next\" href=\"\/de\/bible-studies\/theme-1\/god-is-truthful\/\">Next <i class=\"icon-angle-right\"><\/i><\/a><\/p>\n\t\t<\/div>\n\t\t\t\t\t<\/div>\n\n\t\n<\/div>\n\t\t<\/div>\n\n\t\t\n<style>\n#section_737075667 {\n  padding-top: 0px;\n  padding-bottom: 0px;\n  margin-bottom: 0px;\n}\n@media (min-width:550px) {\n  #section_737075667 {\n    padding-top: 0px;\n    padding-bottom: 0px;\n  }\n}\n<\/style>\n\t<\/section>\n\t\n\n\t<section class=\"section food-for-thought\" id=\"section_1368246337\">\n\t\t<div class=\"section-bg fill\" >\n\t\t\t\t\t\t\t\t\t\n\t\t\t\n\n\t\t<\/div>\n\n\t\t\n\n\t\t<div class=\"section-content relative\">\n\t\t\t\n<div class=\"row align-center\"  id=\"row-1691481981\">\n\n\t<div id=\"col-18844103\" class=\"col title small-12 large-12\"  >\n\t\t\t\t<div class=\"col-inner text-left dark\"  >\n\t\t\t\n\t\t\t\n<h2>Devotional<\/h2>\n\t\t<\/div>\n\t\t\t\t\t<\/div>\n\n\t\n\n\t<div id=\"col-1421425843\" class=\"col small-12 large-12\"  >\n\t\t\t\t<div class=\"col-inner dark\"  >\n\t\t\t\n\t\t\t\n<p>Was bedeutet es zu glauben, nach dem, was Aslaksen im St\u00fcck &#8220;Glauben sowie Abraham&#8221; schreibt?<\/p>\n<ul class=\"question-answers\">\n<li>Bekennen, dass Gott allm\u00e4chtig ist<\/li>\n<li>Dass wir jedem einzelnen Wort Gottes gehorsam sind<\/li>\n<li>Dass wir die Bedingungen ganz genau erf\u00fcllen<\/li>\n<\/ul>\n<p class='info'>You have to <a href='\/login\/'>log in<\/a> if you want to save your answer.<\/p>\n\t\t<\/div>\n\t\t\t\t\t<\/div>\n\n\t\n<\/div>\n\t\t<\/div>\n\n\t\t\n<style>\n#section_1368246337 {\n  padding-top: 30px;\n  padding-bottom: 30px;\n  background-color: rgb(73, 92, 94);\n}\n<\/style>\n\t<\/section>\n\t\n","protected":false},"excerpt":{"rendered":"","protected":false},"author":5,"featured_media":0,"parent":8097,"menu_order":4,"comment_status":"closed","ping_status":"closed","template":"page-blank.php","meta":{"footnotes":""},"class_list":["post-18471","page","type-page","status-publish","hentry"],"aioseo_notices":[],"_links":{"self":[{"href":"https:\/\/words-of-faith.org\/de\/wp-json\/wp\/v2\/pages\/18471","targetHints":{"allow":["GET"]}}],"collection":[{"href":"https:\/\/words-of-faith.org\/de\/wp-json\/wp\/v2\/pages"}],"about":[{"href":"https:\/\/words-of-faith.org\/de\/wp-json\/wp\/v2\/types\/page"}],"author":[{"embeddable":true,"href":"https:\/\/words-of-faith.org\/de\/wp-json\/wp\/v2\/users\/5"}],"replies":[{"embeddable":true,"href":"https:\/\/words-of-faith.org\/de\/wp-json\/wp\/v2\/comments?post=18471"}],"version-history":[{"count":0,"href":"https:\/\/words-of-faith.org\/de\/wp-json\/wp\/v2\/pages\/18471\/revisions"}],"up":[{"embeddable":true,"href":"https:\/\/words-of-faith.org\/de\/wp-json\/wp\/v2\/pages\/8097"}],"wp:attachment":[{"href":"https:\/\/words-of-faith.org\/de\/wp-json\/wp\/v2\/media?parent=18471"}],"curies":[{"name":"wp","href":"https:\/\/api.w.org\/{rel}","templated":true}]}}