{"id":18503,"date":"2020-07-21T10:48:00","date_gmt":"2020-07-21T08:48:00","guid":{"rendered":"https:\/\/aslaksen.bcc.no\/?page_id=18503"},"modified":"2020-11-02T10:31:32","modified_gmt":"2020-11-02T09:31:32","slug":"gott-ist-wahrhaftig","status":"publish","type":"page","link":"https:\/\/words-of-faith.org\/de\/bibelkurs\/thema-1\/gott-ist-wahrhaftig\/","title":{"rendered":"Gott ist wahrhaftig"},"content":{"rendered":"\n\t<section class=\"section\" id=\"section_933827642\">\n\t\t<div class=\"section-bg fill\" >\n\t\t\t\t\t\t\t\t\t\n\t\t\t\n\n\t\t<\/div>\n\n\t\t\n\n\t\t<div class=\"section-content relative\">\n\t\t\t\n<div class=\"row align-center\"  id=\"row-323223166\">\n\n\t<div id=\"col-1012532719\" class=\"col small-12 large-12\"  >\n\t\t\t\t<div class=\"col-inner\"  >\n\t\t\t\n\t\t\t\n<p class=\"breadcrumbs\"><a href=\"..\/\">Thema 1<\/a> \/ Predigten<\/p>\n<h1 style=\"text-align: justify;\"><span lang=\"DE\">Gott ist wahrhaftig<\/span><\/h1>\n<p class=\"article-date\">Skjulte Skatter, ver\u00f6ffentlicht im Januar 1982<\/p>\n<p class=\"article-author\">von Elias Aslaksen<\/p>\n\t\t<\/div>\n\t\t\t\t\t<\/div>\n\n\t\n\n<style>\n#row-323223166 > .col > .col-inner {\n  padding: 30px 0px 0px 0px;\n}\n<\/style>\n<\/div>\n<div class=\"row align-center audio\"  id=\"row-1403569111\">\n\n\t<div id=\"col-1120106160\" class=\"col small-12 large-12\"  >\n\t\t\t\t<div class=\"col-inner\"  >\n\t\t\t\n\t\t\t\n<!--[if lt IE 9]><script>document.createElement('audio');<\/script><![endif]-->\n<audio class=\"wp-audio-shortcode\" id=\"audio-18503-1\" preload=\"none\" style=\"width: 100%;\" controls=\"controls\"><source type=\"audio\/mpeg\" src=\"https:\/\/words-of-faith.org\/wp-content\/uploads\/2020\/09\/6-Gott-ist-wahrhaftig_MASTER.mp3?_=1\" \/><a href=\"https:\/\/words-of-faith.org\/wp-content\/uploads\/2020\/09\/6-Gott-ist-wahrhaftig_MASTER.mp3\">https:\/\/words-of-faith.org\/wp-content\/uploads\/2020\/09\/6-Gott-ist-wahrhaftig_MASTER.mp3<\/a><\/audio>\n<p class=\"click-to-listen\">\u00a0<\/p>\n\t\t<\/div>\n\t\t\t\t\t<\/div>\n\n\t\n<\/div>\n<div class=\"row align-center article article-excerpt\"  id=\"row-1699856395\">\n\n\t<div id=\"col-214298796\" class=\"col small-12 large-12\"  >\n\t\t\t\t<div class=\"col-inner text-left\"  >\n\t\t\t\n\t\t\t\n<p>Ein jedes Wort Gottes ist wahr. Gott h\u00e4lt alles, was er verhei\u00dfen hat. Darum sollen wir jedem einzelnen Wort des Lebens glauben, genau, voll und ganz. Und alle Bedingungen voll und ganz erf\u00fcllen, so erlangen wir vollst\u00e4ndig all das, was verhei\u00dfen ist. Es gibt da keine Ausnahmen. Und Gott macht keinen Unterschied zwischen Menschen. Er kann nicht l\u00fcgen oder versagen. Gottes Wort ist das einzige, was ganz und gar verl\u00e4sslich ist! Wer sollte da nicht an alles glauben?<\/p>\n<p>Wenn wir glauben, ohne zu zweifeln, so geschieht das, was wir glauben, dann empfangen wir es. Dann kann es nicht ausbleiben! Es kann eine Zeit dauern, aber es kommt! \u2013 Wer sich selbst erniedrigt, wird erh\u00f6ht werden! Da f\u00fchrt kein Weg dran vorbei. Es trifft ein, so wahr wie Gott lebt! Und sollte sich jemand erdreisten, gro\u00dfe Gedanken \u00fcber sich selbst zu bekommen oder mit anderen Worten sich selbst zu erh\u00f6hen, so wahr Gott lebt, er wird erniedrigt werden. Daf\u00fcr sorgt Gott treulich. Das ist unumg\u00e4nglich!<\/p>\n<p>\u201eGebt, so wird euch gegeben!\u201c Das bedeutet von Herzen und mit Freuden. Da gibt es \u00fcberhaupt keine andere M\u00f6glichkeit, als dass uns wiedergegeben wird. Das erledigt Gott selbst in nie versagender Treue! Bei den Menschen scheitert bald das eine, bald das andere. Von Gottes Seite gibt es nichts, was scheitert.<\/p>\n<p>Wir k\u00f6nnen alles Wort Gottes, alle Worte des Lebens als Beispiel nehmen. Sie gehen automatisch in Erf\u00fcllung, ununterbrochen. \u2013 Warum lesen die meisten Gl\u00e4ubigen so kl\u00e4glich wenig und so kl\u00e4glich oberfl\u00e4chlich in Gottes Wort? Weil sie weder wissen noch glauben, dass es sich so verh\u00e4lt. Es liegt ja wenig Hilfe darin, zu lesen und auch es zu h\u00f6ren, wenn man keinen lebendigen Glauben an seine unfehlbare Vertrauensw\u00fcrdigkeit hat, oder wenn man die Bedingungen nicht erf\u00fcllt, oder wenn man nicht einmal wei\u00df oder sieht, dass es f\u00fcr alles Bedingungen gibt, was verhei\u00dfen ist!<\/p>\n<p>\u201eAlles ist m\u00f6glich, f\u00fcr den, der glaubt!\u201c \u201eDir geschehe, wie du glaubst!\u201c \u201eOhne Glauben ist es unm\u00f6glich, Gott zu gefallen!\u201c<\/p>\n\t\t<\/div>\n\t\t\t\t\t<\/div>\n\n\t\n\n\t<div id=\"col-554513547\" class=\"col copyright small-12 large-12\"  >\n\t\t\t\t<div class=\"col-inner text-left\"  >\n\t\t\t\n\t\t\t\n<div>\u00a9 Copyright Stiftelsen Skjulte Skatters Forlag<\/div>\n\t\t<\/div>\n\t\t\t\t\t<\/div>\n\n\t\n\n\t<div id=\"col-1407766843\" class=\"col small-12 large-12\"  >\n\t\t\t\t<div class=\"col-inner text-left\"  >\n\t\t\t\n\t\t\t\n<div><a href=\"#\" class=\"read-more\">Weiterlesen<\/a><\/div>\n\t\t<\/div>\n\t\t\t\t\t<\/div>\n\n\t\n\n\t<div id=\"col-696584385\" class=\"col small-12 large-12\"  >\n\t\t\t\t<div class=\"col-inner text-left\"  >\n\t\t\t\n\t\t\t\n<p class=\"next-previous-message\"><a class=\"previous\" href=\"\/de\/bible-studies\/theme-1\/believe-like-abraham-did\/\"><i class=\"icon-angle-left\"><\/i> Previous<\/a><a class=\"next\" href=\"\/de\/bible-studies\/theme-1\/believe-in-the-god-of-miracles\/\">Next <i class=\"icon-angle-right\"><\/i><\/a><\/p>\n\t\t<\/div>\n\t\t\t\t\t<\/div>\n\n\t\n<\/div>\n\t\t<\/div>\n\n\t\t\n<style>\n#section_933827642 {\n  padding-top: 0px;\n  padding-bottom: 0px;\n  margin-bottom: 0px;\n}\n@media (min-width:550px) {\n  #section_933827642 {\n    padding-top: 0px;\n    padding-bottom: 0px;\n  }\n}\n<\/style>\n\t<\/section>\n\t\n\n\t<section class=\"section food-for-thought\" id=\"section_1097334225\">\n\t\t<div class=\"section-bg fill\" >\n\t\t\t\t\t\t\t\t\t\n\t\t\t\n\n\t\t<\/div>\n\n\t\t\n\n\t\t<div class=\"section-content relative\">\n\t\t\t\n<div class=\"row align-center\"  id=\"row-990791993\">\n\n\t<div id=\"col-1092369478\" class=\"col title small-12 large-12\"  >\n\t\t\t\t<div class=\"col-inner text-left dark\"  >\n\t\t\t\n\t\t\t\n<h2>Devotional<\/h2>\n\t\t<\/div>\n\t\t\t\t\t<\/div>\n\n\t\n\n\t<div id=\"col-2037472564\" class=\"col small-12 large-12\"  >\n\t\t\t\t<div class=\"col-inner dark\"  >\n\t\t\t\n\t\t\t\n<p>Lie\u00df oder h\u00f6re das St\u00fcck &#8220;Gott ist wahrhaftig&#8221;: Finde eine Verhei\u00dfung in der Bibel, an die du noch nicht zuvor gedacht hast und notiere den Bibelvers in dem Feld unten. Wenn du willst, kannst du auch notieren, was f\u00fcr dich pers\u00f6nlich geschieht, wenn du ganz genau glaubst, wie es steht. Lie\u00df den Zusammenhang &#8211; kannst du ein paar Bedingungen finden, die an diese Verhei\u00dfung gekn\u00fcpft sind?<\/p>\n<p class='info'>You have to <a href='\/login\/'>log in<\/a> if you want to save your answer.<\/p>\n\t\t<\/div>\n\t\t\t\t\t<\/div>\n\n\t\n<\/div>\n\t\t<\/div>\n\n\t\t\n<style>\n#section_1097334225 {\n  padding-top: 30px;\n  padding-bottom: 30px;\n  background-color: rgb(73, 92, 94);\n}\n<\/style>\n\t<\/section>\n\t\n","protected":false},"excerpt":{"rendered":"","protected":false},"author":5,"featured_media":0,"parent":8097,"menu_order":5,"comment_status":"closed","ping_status":"closed","template":"page-blank.php","meta":{"footnotes":""},"class_list":["post-18503","page","type-page","status-publish","hentry"],"aioseo_notices":[],"_links":{"self":[{"href":"https:\/\/words-of-faith.org\/de\/wp-json\/wp\/v2\/pages\/18503","targetHints":{"allow":["GET"]}}],"collection":[{"href":"https:\/\/words-of-faith.org\/de\/wp-json\/wp\/v2\/pages"}],"about":[{"href":"https:\/\/words-of-faith.org\/de\/wp-json\/wp\/v2\/types\/page"}],"author":[{"embeddable":true,"href":"https:\/\/words-of-faith.org\/de\/wp-json\/wp\/v2\/users\/5"}],"replies":[{"embeddable":true,"href":"https:\/\/words-of-faith.org\/de\/wp-json\/wp\/v2\/comments?post=18503"}],"version-history":[{"count":0,"href":"https:\/\/words-of-faith.org\/de\/wp-json\/wp\/v2\/pages\/18503\/revisions"}],"up":[{"embeddable":true,"href":"https:\/\/words-of-faith.org\/de\/wp-json\/wp\/v2\/pages\/8097"}],"wp:attachment":[{"href":"https:\/\/words-of-faith.org\/de\/wp-json\/wp\/v2\/media?parent=18503"}],"curies":[{"name":"wp","href":"https:\/\/api.w.org\/{rel}","templated":true}]}}