{"id":23678,"date":"2020-07-31T09:19:25","date_gmt":"2020-07-31T07:19:25","guid":{"rendered":"https:\/\/words-of-faith.org\/ueber-uns\/"},"modified":"2020-10-05T09:22:05","modified_gmt":"2020-10-05T07:22:05","slug":"ueber-uns","status":"publish","type":"page","link":"https:\/\/words-of-faith.org\/de\/ueber-uns\/","title":{"rendered":"\u00dcber uns"},"content":{"rendered":"\n\t<section class=\"section\" id=\"section_1344697603\">\n\t\t<div class=\"section-bg fill\" >\n\t\t\t\t\t\t\t\t\t\n\t\t\t\n\n\t\t<\/div>\n\n\t\t\n\n\t\t<div class=\"section-content relative\">\n\t\t\t\n<div class=\"row align-center\"  id=\"row-1124255731\">\n\n\t<div id=\"col-2039560859\" class=\"col small-12 large-12\"  >\n\t\t\t\t<div class=\"col-inner\"  >\n\t\t\t\n\t\t\t\n<h1>\u00dcber uns<\/h1>\n\n\t\t<div class=\"tabbed-content\">\n\t\t\t\n\t\t\t<ul class=\"nav nav-simple nav-normal nav-size-normal nav-left\" role=\"tablist\"><li id=\"tab-troensord\" class=\"tab active has-icon\" role=\"presentation\"><a href=\"#tab_troensord\" role=\"tab\" aria-selected=\"true\" aria-controls=\"tab_troensord\"><span>Troensord<\/span><\/a><\/li>\n<li id=\"tab-om-elias-aslaksen\" class=\"tab has-icon\" role=\"presentation\"><a href=\"#tab_om-elias-aslaksen\" tabindex=\"-1\" role=\"tab\" aria-selected=\"false\" aria-controls=\"tab_om-elias-aslaksen\"><span>Om Elias Aslaksen<\/span><\/a><\/li>\n<li id=\"tab-om-brunstad-christian-church\" class=\"tab has-icon\" role=\"presentation\"><a href=\"#tab_om-brunstad-christian-church\" tabindex=\"-1\" role=\"tab\" aria-selected=\"false\" aria-controls=\"tab_om-brunstad-christian-church\"><span>Om Brunstad Christian Church<\/span><\/a><\/li><\/ul><div class=\"tab-panels\"><div id=\"tab_troensord\" class=\"panel active entry-content\" role=\"tabpanel\" aria-labelledby=\"tab-troensord\">\n<h2>Troensord<\/h2>\n<p style=\"text-align: center;\"><img loading=\"lazy\" decoding=\"async\" class=\"aligncenter wp-image-7614\" src=\"https:\/\/words-of-faith.org\/wp-content\/uploads\/2020\/04\/EA-Logo-Final-7-275x400.png\" alt=\"\" width=\"150\" height=\"219\" \/><\/p>\n<p>Elias Aslaksen was a head shorter than most people, but in almost every subject he towered head and shoulders above them. He had command of language, and was able to articulate things in such a way that people were glued to their seats \u2013 which he was very well aware of himself.<\/p>\n<p>Born into an upstanding, cosmopolitan, middle-class family in Kristiania (now Oslo) in 1888, he was the top student at the Naval Academy, earning good grades in every subject. But in December, 1910 he delivered his letter of resignation addressed to the King.<\/p>\n<p>\u201cTake a couple of days leave and talk with your parents about this,\u201d was the answer he received. Aslaksen, however, had made his decision. He intended to serve Jesus Christ entirely and completely. It was a simple decision for him, but incomprehensible to his family and friends.<\/p>\n<p>In 1908 he met Johan Oscar Smith aboard the warship \u201cSleipner.\u201d Meeting this man changed Elias Aslaksen\u2019s whole life, and in the years that followed, Aslaksen regularly visited Smith\u2019s home in Horten, where he listened intently to Smith. He was gripped of the revelations and insight Smith had been given, and he received light about following Jesus on the new and living way which He had consecrated for us. (Hebrews 10:19-20) This was completely new for Aslaksen. It was the beginning of a lifelong fellowship<br \/>Fellowship means communion with other Christians who are living the same life that you are. It includes mutual edification and a unity in purpose and spirit that goes far deeper than friendship or human relationships&#8230;.<br \/>between Smith and Aslaksen.<\/p>\n<p>Johan Oscar Smith was also surprised. He had met many people, but few who were like Aslaksen. He saw a righteous and conscientious man who would never shrink from his obligations.<\/p>\n<p>On November 1910, Johan Oscar Smith wrote to his brother Aksel Smith about Elias Aslaksen:<\/p>\n<p>\u201cHe is asking God to deal with him quickly so he can enter into fellowship with Christ in His sufferings, and be allowed to suffer for Christ\u2019s name\u2019s sake. He is an amazing man. He says himself that he has made great progress in the last month, and it\u2019s true. He is very quick to grasp many things, and he has a spirit of prayer. I can\u2019t help wondering what the future holds for this man.\u201d<\/p>\n<\/div>\n<div id=\"tab_om-elias-aslaksen\" class=\"panel entry-content\" role=\"tabpanel\" aria-labelledby=\"tab-om-elias-aslaksen\">\n<h2>Om Elias Aslaksen<\/h2>\n<p><img loading=\"lazy\" decoding=\"async\" class=\"alignnone wp-image-19682 size-full\" src=\"https:\/\/words-of-faith.org\/wp-content\/uploads\/2020\/07\/About-us-Elias-Aslaksen.png\" alt=\"\" width=\"313\" height=\"180\"><\/p>\n<p>Elias Aslaksen war ein Kopf k\u00fcrzer als die meisten Menschen, aber in fast jedem Thema \u00fcberragte er Kopf und Schultern \u00fcber ihnen. Er beherrschte die Sprache und konnte die Dinge so artikulieren, dass die Menschen an ihre Sitze geklebt wurden \u2013 was er sich selbst sehr gut bewusst war.<\/p>\n<p>1888 in Kristiania (heute Oslo) geboren, war er der Top-Student an der Marineakademie und erhielt in jedem Fach gute Noten. Aber im Dezember 1910 \u00fcbergab er sein R\u00fccktrittsschreiben an den K\u00f6nig.<\/p>\n<p>&#8220;Nehmen Sie ein paar Tage Urlaub und sprechen Sie mit Ihren Eltern dar\u00fcber&#8221;, war die Antwort, die er erhielt. Aslaksen hatte jedoch seine Entscheidung getroffen. Er beabsichtigte, Jesus Christus ganz und gar zu dienen. Es war eine einfache Entscheidung f\u00fcr ihn, aber unverst\u00e4ndlich f\u00fcr seine Familie und Freunde.<\/p>\n<p>1908 lernte er Johan Oscar Smith an Bord des Kriegsschiffs &#8220;Sleipner&#8221; kennen. Die Begegnung mit diesem Mann ver\u00e4nderte Elias Aslaksens ganzes Leben, und in den folgenden Jahren besuchte Aslaksen regelm\u00e4\u00dfig Smiths Haus in Horten, wo er Smith aufmerksam zuh\u00f6rte. Er war von den Offenbarungen und Einsichten, die Smith gegeben hatte, ergriffen, und er erhielt Licht dar\u00fcber, Jesus auf dem neuen und lebendigen Weg zu folgen, den er uns geweiht hatte. (Hebr\u00e4er 10:19-20) Das war f\u00fcr Aslaksen v\u00f6llig neu. Es war der Beginn einer lebenslangen<br \/>Gemeinschaft bedeutet Gemeinschaft mit anderen Christen, die dasselbe Leben f\u00fchren wie Sie. Es beinhaltet gegenseitige Erdung und eine Einheit in Zweck und Geist, die weit tiefer geht als Freundschaft oder menschliche Beziehungen&#8230;.<br \/>zwischen Smith und Aslaksen.<\/p>\n<p>Auch Johan Oscar Smith war \u00fcberrascht. Er hatte viele Menschen kennengelernt, aber nur wenige, die wie Aslaksen waren. Er sah einen rechtschaffenen und gewissenhaften Mann, der nie vor seinen Pflichten zur\u00fcckschrecken w\u00fcrde.<\/p>\n<p>Im November 1910 schrieb Johan Oscar Smith an seinen Bruder Aksel Smith \u00fcber Elias Aslaksen:<\/p>\n<p>&#8220;Er bittet Gott, sich schnell mit ihm zu befassen, damit er in seinen Leiden in die Gemeinschaft mit Christus eintreten und um Christi willen leiden darf. Er ist ein erstaunlicher Mann. Er sagt selbst, dass er im letzten Monat gro\u00dfe Fortschritte gemacht hat, und das stimmt. Er ist sehr schnell, um viele Dinge zu erfassen, und er hat einen Geist des Gebets. Ich kann nicht umhin, mich zu fragen, was die Zukunft f\u00fcr diesen Mann bedeutet.&#8221;<\/p>\n<\/div>\n<div id=\"tab_om-brunstad-christian-church\" class=\"panel entry-content\" role=\"tabpanel\" aria-labelledby=\"tab-om-brunstad-christian-church\">\n<h2>Om Brunstad Christian Church<\/h2>\n<p>F\u00fcr detailliertere Informationen \u00fcber Brunstad Christian Church, besuchen Sie die offizielle Website <a href=\"https:\/\/bcc.no\" target=\"_blank\" rel=\"noopener noreferrer\">bcc.no<\/a>.<\/p>\n<h3>Der Anfang<\/h3>\n<p>Johan Oscar Smith wurde 1871 in Norwegen geboren und gilt als Gr\u00fcnder der Brunstad Christian Church. W\u00e4hrend er sich sorgf\u00e4ltig mit der Bibel bewislierte, wurde ihm klar, dass die ersten Christen von der Liebe zu Christus und dem Glauben an ein Leben der Verwandlung ergriffen waren. Dies inspirierte Johan Oscar Smith, so dass er zweitausend Jahre nach Jesu Tod den gleichen Glauben fand, der am Anfang war.<\/p>\n<p>Johan O. Smith hat sein Leben im Alter von 26 Jahren Gott gewidmet. Von der Zeit an, als Smith begann, diese Offenbarungen von Gott zu empfangen, begann er mit den Menschen zu sprechen. Er war der Meinung, dass es f\u00fcr ihn unerl\u00e4sslich sei, mit anderen zu teilen, was Gott ihm beigebracht habe. Seine Bem\u00fchungen haben nicht zu sofortigen Ergebnissen gef\u00fchrt; in den religi\u00f6sen Kreisen Norwegens gab es damals viele charismatische und popul\u00e4re Prediger, die weit mehr Menschen versammelten, als die Lehre \u00fcber Christus, die sich im Fleisch manifestierte. Smith war weder daran interessiert, die Wahrheit zur\u00fcckzuhalten, um viele Menschen anzulocken, noch eine gro\u00dfartige Show auf die Sendezeit zu bringen, um die Aufmerksamkeit auf sich selbst zu lenken. &#8220;Gott sehnt sich nach Menschen, die vor seinem Angesicht leben werden. Es gibt schon viele, die vor Menschen leben&#8221;, schrieb er am 29. April 1909 an seinen Bruder.<\/p>\n<p>1910 schlossen sich ihm zwischen 50 und 60 Menschen in Ost- und S\u00fcdnorwegen an. Dies war der Beginn der christlichen Kirche von Brunstad. Durch Johan O. Smiths Reisen in der Marine wurzelten seine Lehren vielerorts an Norwegens K\u00fcste. Heute gibt es Kirchen an etwa 20 Orten in ganz Norwegen.<\/p>\n<p>Raus in die weite Welt<br \/>\nIn den 1930er Jahren wurde die Kirche in D\u00e4nemark und Schweden gegr\u00fcndet, und in den 1950er Jahren hatte sich die Botschaft der Kirche in den meisten L\u00e4ndern Europas ausgebreitet. Seit Mitte der 1960er Jahre gibt es Kirchen in ganz Kanada und den Vereinigten Staaten.<br \/>\nDie Kirche kam in den 1970er Jahren nach Lateinamerika, Asien und Australasien und in die 1980er Jahre in viele L\u00e4nder Afrikas.<\/p>\n<p>Bereits in den 1970er Jahren hatte die Kirche in vielen osteurop\u00e4ischen L\u00e4ndern ein gutes Verh\u00e4ltnis zu untergetauchten Christen, doch die Umst\u00e4nde erschwerten Missionsreisen dorthin. Nach dem Fall des Kommunismus Anfang der 1990er Jahre beschleunigte sich jedoch die Missionsarbeit in Osteuropa und die Kirche hat in vielen L\u00e4ndern in diesem Bereich eine feste Wurzel gewonnen.<br \/>\nDie Kirche hat heute Gemeinden in mehr als 65 L\u00e4ndern auf allen Kontinenten.<\/p>\n<p>Eine pers\u00f6nliche Verbindung mit dem Kopf<br \/>\n&#8220;Ich habe nicht Menschen f\u00fcr mich gesammelt, sondern f\u00fcr Christus, der das Haupt der Kirche ist.&#8221; Johan O. Smith sagte dies an seinem 70. Geburtstag, und das bleibt ein einzigartiges Merkmal der Brunstad Christian Church. Smith erkannte fr\u00fch, dass die Zugeh\u00f6rigkeit zu religi\u00f6sen Organisationen die Errettung nicht sichert. Mit der Bibel als Grundlage lehrte Smith daher, dass die Kirche der Leib Christi ist, wo alle Glieder selbst eine Verbindung mit dem Haupt \u2013 Jesus Christus \u2013 haben m\u00fcssen, um gerettet zu werden. Wenn jeder Mensch eine pers\u00f6nliche Beziehung zum Kopf hat, hat er auch Einheit \u2013 Gemeinschaft \u2013 miteinander. In all diesen Jahren haben unsere F\u00fchrer nie versucht, etwas aufzubauen, das auf sich selbst zentriert ist, aber Gott hat der Kirche Wachstum gegeben.<\/p>\n<\/div><\/div><\/div>\n\t\t<\/div>\n\t\t\t\t\n<style>\n#col-2039560859 > .col-inner {\n  margin: 0px 0px 20px 0px;\n}\n<\/style>\n\t<\/div>\n\n\t\n\n<style>\n#row-1124255731 > .col > .col-inner {\n  padding: 30px 0px 0px 0px;\n}\n<\/style>\n<\/div>\n\t\t<\/div>\n\n\t\t\n<style>\n#section_1344697603 {\n  padding-top: 0px;\n  padding-bottom: 0px;\n}\n@media (min-width:550px) {\n  #section_1344697603 {\n    padding-top: 30px;\n    padding-bottom: 30px;\n  }\n}\n<\/style>\n\t<\/section>\n\t\n","protected":false},"excerpt":{"rendered":"","protected":false},"author":5,"featured_media":0,"parent":0,"menu_order":0,"comment_status":"closed","ping_status":"closed","template":"page-blank.php","meta":{"footnotes":""},"class_list":["post-23678","page","type-page","status-publish","hentry"],"aioseo_notices":[],"_links":{"self":[{"href":"https:\/\/words-of-faith.org\/de\/wp-json\/wp\/v2\/pages\/23678","targetHints":{"allow":["GET"]}}],"collection":[{"href":"https:\/\/words-of-faith.org\/de\/wp-json\/wp\/v2\/pages"}],"about":[{"href":"https:\/\/words-of-faith.org\/de\/wp-json\/wp\/v2\/types\/page"}],"author":[{"embeddable":true,"href":"https:\/\/words-of-faith.org\/de\/wp-json\/wp\/v2\/users\/5"}],"replies":[{"embeddable":true,"href":"https:\/\/words-of-faith.org\/de\/wp-json\/wp\/v2\/comments?post=23678"}],"version-history":[{"count":0,"href":"https:\/\/words-of-faith.org\/de\/wp-json\/wp\/v2\/pages\/23678\/revisions"}],"wp:attachment":[{"href":"https:\/\/words-of-faith.org\/de\/wp-json\/wp\/v2\/media?parent=23678"}],"curies":[{"name":"wp","href":"https:\/\/api.w.org\/{rel}","templated":true}]}}