{"id":10901,"date":"2020-05-14T20:00:43","date_gmt":"2020-05-14T18:00:43","guid":{"rendered":"https:\/\/aslaksen.bcc.no\/?page_id=10901"},"modified":"2020-08-21T12:13:38","modified_gmt":"2020-08-21T10:13:38","slug":"con-cristo-estoy-juntamente-crucificado","status":"publish","type":"page","link":"https:\/\/words-of-faith.org\/es\/bible-study\/tema-2\/con-cristo-estoy-juntamente-crucificado\/","title":{"rendered":"Con Cristo estoy juntamente crucificado"},"content":{"rendered":"\n\t<section class=\"section\" id=\"section_792646495\">\n\t\t<div class=\"section-bg fill\" >\n\t\t\t\t\t\t\t\t\t\n\t\t\t\n\n\t\t<\/div>\n\n\t\t\n\n\t\t<div class=\"section-content relative\">\n\t\t\t\n<div class=\"row align-center\"  id=\"row-1284775643\">\n\n\t<div id=\"col-881890988\" class=\"col small-12 large-12\"  >\n\t\t\t\t<div class=\"col-inner\"  >\n\t\t\t\n\t\t\t\n<p class=\"breadcrumbs\"><a href=\"..\/\">Theme 2<\/a> \/ Messages<\/p>\n<h1>Con Cristo estoy juntamente crucificado<\/h1>\n<p class=\"article-date\">Fra hefte \u201cHvile i Gud\u201d, utgitt 1950<\/p>\n<p class=\"article-author\">av Elias Aslaksen<\/p>\n\t\t<\/div>\n\t\t\t\t\t<\/div>\n\n\t\n\n<style>\n#row-1284775643 > .col > .col-inner {\n  padding: 30px 0px 0px 0px;\n}\n<\/style>\n<\/div>\n<div class=\"row align-center audio\"  id=\"row-854968373\">\n\n\t<div id=\"col-366288223\" class=\"col small-12 large-12\"  >\n\t\t\t\t<div class=\"col-inner\"  >\n\t\t\t\n\t\t\t\n<!--[if lt IE 9]><script>document.createElement('audio');<\/script><![endif]-->\n<audio class=\"wp-audio-shortcode\" id=\"audio-10901-1\" preload=\"none\" style=\"width: 100%;\" controls=\"controls\"><source type=\"audio\/mpeg\" src=\"\/audio\/Tema%202\/es\/8_%20Jeg%20er%20korsfestet%20med%20Kristus_ES.mp3?_=1\" \/><a href=\"\/audio\/Tema%202\/es\/8_%20Jeg%20er%20korsfestet%20med%20Kristus_ES.mp3\">\/audio\/Tema%202\/es\/8_%20Jeg%20er%20korsfestet%20med%20Kristus_ES.mp3<\/a><\/audio>\n<p class=\"click-to-listen\">Click to listen to the speech.<\/p>\n\t\t<\/div>\n\t\t\t\t\t<\/div>\n\n\t\n<\/div>\n<div class=\"row align-center article article-excerpt\"  id=\"row-1276092268\">\n\n\t<div id=\"col-1145815161\" class=\"col small-12 large-12\"  >\n\t\t\t\t<div class=\"col-inner text-left\"  >\n\t\t\t\n\t\t\t\n<p><strong>\u201cCon Cristo estoy juntamente crucificado, y ya no vivo yo\u201d (G\u00e1. 2. 20).<\/strong><\/p>\n<p>Esta es la palabra central para llegar al reposo en Dios. Si creemos en esta Palabra, lo que lamentablemente es altamente inusual, ella se esclarecer\u00e1 por s\u00ed misma. Y esto es lo que por lo general uno no cree. Uno trata de explicarla en lugar de creerla, y con ello, uno, explicando desde su miseria, aparta su salvaci\u00f3n, excluy\u00e9ndose as\u00ed del reposo en Dios, al que algunos debieran llegar. \u00a1Qu\u00e9 t\u00fa quien lees estas l\u00edneas seas uno de estos \u201calgunos\u201d!<\/p>\n<p>\u00bfPor qu\u00e9 no entrar a este reposo,&nbsp;en lugar de permanecer en esta intranquilidad tan da\u00f1ina y agobiante, con dolores y tormentos autoinfligidos e innecesarios (causados por la incredulidad)?<\/p>\n<p>La verdad es simple y sencilla, tan clara como el cristal: Toda intranquilidad se encuentra en el viejo hombre. Cuando, por medio de la fe en la Palabra, el viejo hombre es realmente crucificado (Ro. 6. 6) y despojado (Ef. 4. 22), cesa entonces toda intranquilidad, y el reposo toma lugar.<\/p>\n<p>Para ilustrar este profundo misterio no hay nada m\u00e1s elocuente que la conocida frase en los avisos de defunci\u00f3n: \u201cN.N. entr\u00f3 al reposo\u201d. \u00a1Y lo hizo precisamente por medio de la muerte! Mira en G\u00e1. 2. 20. y Ro. 6. 7.<\/p>\n<p>Lo que para muchos es algo desconocido y oculto (por causa su incredulidad), es que, por una fe viva en la Palabra, sea posible morir mientras a\u00fan vivimos en este cuerpo; que podemos morir al pecado, y de esta manera, tambi\u00e9n hacer morir toda la inmensa intranquilidad que existe en nuestra mente y en nuestro coraz\u00f3n, mientras que nuestro cuerpo a\u00fan se encuentra bajo una esclavitud de corrupci\u00f3n; pues, estas dos cosas son, con raz\u00f3n, irreconciliables. La Palabra discierne y separa. Una parte es separada ahora; lo otra parte, seg\u00fan nuestra esperanza, lo ser\u00e1 pronto, \u00a1Y por toda la eternidad! \u00a1Aleluya!<\/p>\n<p>Lo m\u00e1s grande que le puede pasar a un hombre, mientras aun lleva este cuerpo de muerte aqu\u00ed en este mundo, es que pueda decirse de \u00e9l que ha entrado al reposo.<\/p>\n<p>&nbsp;<\/p>\n<p>Reposo en Dios, El\u00edas Aslaksen<\/p>\n\t\t<\/div>\n\t\t\t\t\t<\/div>\n\n\t\n\n\t<div id=\"col-1492694517\" class=\"col copyright small-12 large-12\"  >\n\t\t\t\t<div class=\"col-inner text-left\"  >\n\t\t\t\n\t\t\t\n<div>\u00a9 Copyright Stiftelsen Skjulte Skatters Forlag<\/div>\n\t\t<\/div>\n\t\t\t\t\t<\/div>\n\n\t\n\n\t<div id=\"col-1905825615\" class=\"col small-12 large-12\"  >\n\t\t\t\t<div class=\"col-inner text-left\"  >\n\t\t\t\n\t\t\t\n<div><a href=\"#\" class=\"read-more\">Lee mas<\/a><\/div>\n\t\t<\/div>\n\t\t\t\t\t<\/div>\n\n\t\n\n\t<div id=\"col-1933598640\" class=\"col small-12 large-12\"  >\n\t\t\t\t<div class=\"col-inner text-left\"  >\n\t\t\t\n\t\t\t\n<p class=\"next-previous-message\"><a class=\"previous\" href=\"\/es\/bible-studies\/theme-2\/deny-oneself\/\"><i class=\"icon-angle-left\"><\/i> Previous<\/a><a class=\"next\" href=\"\/es\/bible-studies\/theme-2\/it-is-no-longer-i-who-live\/\">Next <i class=\"icon-angle-right\"><\/i><\/a><\/p>\n\t\t<\/div>\n\t\t\t\t\t<\/div>\n\n\t\n<\/div>\n\t\t<\/div>\n\n\t\t\n<style>\n#section_792646495 {\n  padding-top: 0px;\n  padding-bottom: 0px;\n  margin-bottom: 0px;\n}\n@media (min-width:550px) {\n  #section_792646495 {\n    padding-top: 0px;\n    padding-bottom: 0px;\n  }\n}\n<\/style>\n\t<\/section>\n\t\n\n\t<section class=\"section food-for-thought\" id=\"section_517370125\">\n\t\t<div class=\"section-bg fill\" >\n\t\t\t\t\t\t\t\t\t\n\t\t\t\n\n\t\t<\/div>\n\n\t\t\n\n\t\t<div class=\"section-content relative\">\n\t\t\t\n<div class=\"row align-center\"  id=\"row-861218592\">\n\n\t<div id=\"col-763796342\" class=\"col title small-12 large-12\"  >\n\t\t\t\t<div class=\"col-inner text-left dark\"  >\n\t\t\t\n\t\t\t\n<h2>Devotional<\/h2>\n\t\t<\/div>\n\t\t\t\t\t<\/div>\n\n\t\n\n\t<div id=\"col-1947258214\" class=\"col small-12 large-12\"  >\n\t\t\t\t<div class=\"col-inner dark\"  >\n\t\t\t\n\t\t\t\n<p>Aslaksen escribe sobre \u201centrar al reposo\u201d en el art\u00edculo \u00abcon Cristo estoy juntamente crucificado\u00bb. \u00bfC\u00f3mo explicar\u00edas esto a otra persona?<\/p>\n<p class='info'>You have to <a href='\/login\/'>log in<\/a> if you want to save your answer.<\/p>\n\t\t<\/div>\n\t\t\t\t\t<\/div>\n\n\t\n<\/div>\n\t\t<\/div>\n\n\t\t\n<style>\n#section_517370125 {\n  padding-top: 30px;\n  padding-bottom: 30px;\n  background-color: rgb(73, 92, 94);\n}\n<\/style>\n\t<\/section>\n\t\n","protected":false},"excerpt":{"rendered":"","protected":false},"author":5,"featured_media":0,"parent":10112,"menu_order":0,"comment_status":"closed","ping_status":"closed","template":"page-blank.php","meta":{"footnotes":""},"class_list":["post-10901","page","type-page","status-publish","hentry"],"aioseo_notices":[],"_links":{"self":[{"href":"https:\/\/words-of-faith.org\/es\/wp-json\/wp\/v2\/pages\/10901","targetHints":{"allow":["GET"]}}],"collection":[{"href":"https:\/\/words-of-faith.org\/es\/wp-json\/wp\/v2\/pages"}],"about":[{"href":"https:\/\/words-of-faith.org\/es\/wp-json\/wp\/v2\/types\/page"}],"author":[{"embeddable":true,"href":"https:\/\/words-of-faith.org\/es\/wp-json\/wp\/v2\/users\/5"}],"replies":[{"embeddable":true,"href":"https:\/\/words-of-faith.org\/es\/wp-json\/wp\/v2\/comments?post=10901"}],"version-history":[{"count":0,"href":"https:\/\/words-of-faith.org\/es\/wp-json\/wp\/v2\/pages\/10901\/revisions"}],"up":[{"embeddable":true,"href":"https:\/\/words-of-faith.org\/es\/wp-json\/wp\/v2\/pages\/10112"}],"wp:attachment":[{"href":"https:\/\/words-of-faith.org\/es\/wp-json\/wp\/v2\/media?parent=10901"}],"curies":[{"name":"wp","href":"https:\/\/api.w.org\/{rel}","templated":true}]}}