{"id":11017,"date":"2020-05-14T20:00:55","date_gmt":"2020-05-14T18:00:55","guid":{"rendered":"https:\/\/aslaksen.bcc.no\/?page_id=11017"},"modified":"2020-08-21T12:17:32","modified_gmt":"2020-08-21T10:17:32","slug":"tomar-su-cruz","status":"publish","type":"page","link":"https:\/\/words-of-faith.org\/es\/bible-study\/tema-2\/tomar-su-cruz\/","title":{"rendered":"Tomar su cruz"},"content":{"rendered":"\n\t<section class=\"section\" id=\"section_1170488836\">\n\t\t<div class=\"section-bg fill\" >\n\t\t\t\t\t\t\t\t\t\n\t\t\t\n\n\t\t<\/div>\n\n\t\t\n\n\t\t<div class=\"section-content relative\">\n\t\t\t\n<div class=\"row align-center\"  id=\"row-478755035\">\n\n\t<div id=\"col-675673591\" class=\"col small-12 large-12\"  >\n\t\t\t\t<div class=\"col-inner\"  >\n\t\t\t\n\t\t\t\n<p class=\"breadcrumbs\"><a href=\"..\/\">Theme 2<\/a> \/ Messages<\/p>\n<h1>Tomar su cruz<\/h1>\n<p class=\"article-date\">Skjulte Skatter, publisert februar 1970<\/p>\n<p class=\"article-author\">av Elias Aslaksen<\/p>\n\t\t<\/div>\n\t\t\t\t\t<\/div>\n\n\t\n\n<style>\n#row-478755035 > .col > .col-inner {\n  padding: 30px 0px 0px 0px;\n}\n<\/style>\n<\/div>\n<div class=\"row align-center audio\"  id=\"row-764651441\">\n\n\t<div id=\"col-715921433\" class=\"col small-12 large-12\"  >\n\t\t\t\t<div class=\"col-inner\"  >\n\t\t\t\n\t\t\t\n<!--[if lt IE 9]><script>document.createElement('audio');<\/script><![endif]-->\n<audio class=\"wp-audio-shortcode\" id=\"audio-11017-1\" preload=\"none\" style=\"width: 100%;\" controls=\"controls\"><source type=\"audio\/mpeg\" src=\"\/audio\/Tema%202\/es\/11_%C3%85%20ta%20sitt%20kors%20opp_ES.mp3?_=1\" \/><a href=\"\/audio\/Tema%202\/es\/11_%C3%85%20ta%20sitt%20kors%20opp_ES.mp3\">\/audio\/Tema%202\/es\/11_%C3%85%20ta%20sitt%20kors%20opp_ES.mp3<\/a><\/audio>\n<p class=\"click-to-listen\">Click to listen to the speech.<\/p>\n\t\t<\/div>\n\t\t\t\t\t<\/div>\n\n\t\n<\/div>\n<div class=\"row align-center article article-excerpt\"  id=\"row-814270751\">\n\n\t<div id=\"col-1691403382\" class=\"col small-12 large-12\"  >\n\t\t\t\t<div class=\"col-inner text-left\"  >\n\t\t\t\n\t\t\t\n<div id=\"chapter-element-2\" data-v-7f3df67e=\"\">\n<p>Y cargar su cruz, quiere decir ayudar a su propia crucifixi\u00f3n. Mi cruz son todas las cosas y todas las personas que contrar\u00edan mi voluntad, mi voluntad humana, la voluntad de la carne.<\/p>\n<p>\u00a1Si yo no tomo mi cruz, no soy digno de Cristo! Y as\u00ed es con muchos creyentes. S\u00ed, como dice Pablo, ellos andan como enemigos de la cruz de Cristo, es decir, de la cruz que ellos mismos debieran tomar, y en la cual debieran clavar su propia voluntad.<\/p>\n<p>En G\u00e1. 5. 24, encontramos una verdad extremadamente seria: \u201cPero los que son de Cristo han crucificado la carne con sus pasiones y deseos\u201d. \u00a1Los que no han hecho esto, y no contin\u00faan con ello, no le pertenecen! \u00a1No son sus disc\u00edpulos!<\/p>\n<p>\u00a1Lo m\u00e1s glorioso de todo es que Jes\u00fas se dej\u00f3 crucificar voluntariamente, ayudando incluso a ello! Lo que le sigue en gloria es cuando un hombre se deja crucificar voluntariamente con \u00c9l, por la fe y por la obediencia a la fe, andando diariamente como amigo de la cruz en la cual su propia voluntad es clavada.<\/p>\n<p>\u00a1Esto fue casi lo \u00fanico en lo cual el glorioso ap\u00f3stol Pablo quer\u00eda gloriarse, y lo m\u00e1s grande que \u00e9l conoc\u00eda! \u00a1Su vida y ense\u00f1anza lo muestran claramente!<\/p>\n<p>\u00a1No era solo que \u00e9l estaba entusiasmado con esta perfecta teor\u00eda! \u00a1No, \u00e9l viv\u00eda plenamente esto, y exhortaba a otros a seguirle a \u00e9l! \u00a1Hagamos esto tambi\u00e9n plenamente, mis queridos hermanos!<\/p>\n<p>Escucha lo que dice \u00e9l: \u201cCon Cristo estoy juntamente crucificado, y ya no vivo yo\u2026\u201d (G\u00e1. 2. 20). Y: \u201cPero lejos est\u00e9 de m\u00ed gloriarme, sino en la cruz de nuestro Se\u00f1or Jesucristo, por quien el mundo me es crucificado a m\u00ed, y yo al mundo\u201d. (G\u00e1. 6. 14).<\/p>\n<p>\u00a1Esto era para \u00e9l lo m\u00e1s grande de todo, lo m\u00e1s glorioso, lo que ten\u00eda mayor significado, y el misterio para llegar a la mayor felicidad que un hombre pueda alcanzar aqu\u00ed en su exilio!<\/p>\n<p>\u201c\u00a1No mi voluntad, sino la tuya!\u201d \u00a1Esto ha sido y es el asunto principal durante todos los d\u00edas de nuestra vida, es el asunto en s\u00ed! \u00a1En realidad, no se trata de ninguna otra cosa! Lc. 11. 2: \u201c\u00a1H\u00e1gase tu voluntad, como en el cielo, as\u00ed tambi\u00e9n en la tierra!\u201d \u00a1Entonces las cosas se har\u00e1n con la exactitud y la rapidez del rayo!<\/p>\n<p>Y eso quiere decir que debemos llegar a esto: \u00a1R\u00e1pidos como el rayo para renunciar y crucificar nuestra propia voluntad! \u00a1De otra forma no se har\u00e1 la voluntad de Dios en la tierra, como en el cielo!<\/p>\n<p>Pero, \u00bfqui\u00e9n tiene una meta as\u00ed tan alta?, \u00bfy una tal fe?<\/p>\n<p>Y si no es nuestro caso: \u00a1Despert\u00e9monos para seriedad! De forma que recibamos esta meta y una fe viva en la ayuda extremadamente poderosa de Dios para lograrlo. \u00a1Entonces suceder\u00e1!<\/p>\n<p>Vuestro hermano, profundamente afligido a causa de toda somnolencia espiritual<\/p>\n<p>El\u00edas Aslaksen.<\/p>\n<p>&nbsp;<\/p>\n<p>&nbsp;<\/p>\n<p>&nbsp;<\/p>\n<\/div>\n\t\t<\/div>\n\t\t\t\t\t<\/div>\n\n\t\n\n\t<div id=\"col-634693719\" class=\"col copyright small-12 large-12\"  >\n\t\t\t\t<div class=\"col-inner text-left\"  >\n\t\t\t\n\t\t\t\n<div>\u00a9 Copyright Stiftelsen Skjulte Skatters Forlag<\/div>\n\t\t<\/div>\n\t\t\t\t\t<\/div>\n\n\t\n\n\t<div id=\"col-607667328\" class=\"col small-12 large-12\"  >\n\t\t\t\t<div class=\"col-inner text-left\"  >\n\t\t\t\n\t\t\t\n<div><a href=\"#\" class=\"read-more\">Lee mas<\/a><\/div>\n\t\t<\/div>\n\t\t\t\t\t<\/div>\n\n\t\n\n\t<div id=\"col-534622265\" class=\"col small-12 large-12\"  >\n\t\t\t\t<div class=\"col-inner text-left\"  >\n\t\t\t\n\t\t\t\n<p class=\"next-previous-message\"><a class=\"previous\" href=\"\/es\/bible-studies\/theme-2\/give-up-everything\/\"><i class=\"icon-angle-left\"><\/i> Previous<\/a><a class=\"next\" href=\"\/es\/bible-studies\/theme-2\/the-two-great-goals-in-a-christians-life\/\">Next <i class=\"icon-angle-right\"><\/i><\/a><\/p>\n\t\t<\/div>\n\t\t\t\t\t<\/div>\n\n\t\n<\/div>\n\t\t<\/div>\n\n\t\t\n<style>\n#section_1170488836 {\n  padding-top: 0px;\n  padding-bottom: 0px;\n  margin-bottom: 0px;\n}\n@media (min-width:550px) {\n  #section_1170488836 {\n    padding-top: 0px;\n    padding-bottom: 0px;\n  }\n}\n<\/style>\n\t<\/section>\n\t\n\n\t<section class=\"section food-for-thought\" id=\"section_282486897\">\n\t\t<div class=\"section-bg fill\" >\n\t\t\t\t\t\t\t\t\t\n\t\t\t\n\n\t\t<\/div>\n\n\t\t\n\n\t\t<div class=\"section-content relative\">\n\t\t\t\n<div class=\"row align-center\"  id=\"row-652218808\">\n\n\t<div id=\"col-1262752177\" class=\"col title small-12 large-12\"  >\n\t\t\t\t<div class=\"col-inner text-left dark\"  >\n\t\t\t\n\t\t\t\n<h2>Devotional<\/h2>\n\t\t<\/div>\n\t\t\t\t\t<\/div>\n\n\t\n\n\t<div id=\"col-86580738\" class=\"col small-12 large-12\"  >\n\t\t\t\t<div class=\"col-inner dark\"  >\n\t\t\t\n\t\t\t\n<p>Si pudieras hacerle una pregunta a Aslaksen despu\u00e9s de haber le\u00eddo el art\u00edculo \u00abTomar su cruz\u00bb, \u00bfCu\u00e1l ser\u00eda?<\/p>\n<p class='info'>You have to <a href='\/login\/'>log in<\/a> if you want to save your answer.<\/p>\n\t\t<\/div>\n\t\t\t\t\t<\/div>\n\n\t\n<\/div>\n\t\t<\/div>\n\n\t\t\n<style>\n#section_282486897 {\n  padding-top: 30px;\n  padding-bottom: 30px;\n  background-color: rgb(73, 92, 94);\n}\n<\/style>\n\t<\/section>\n\t\n","protected":false},"excerpt":{"rendered":"","protected":false},"author":5,"featured_media":0,"parent":10112,"menu_order":0,"comment_status":"closed","ping_status":"closed","template":"page-blank.php","meta":{"footnotes":""},"class_list":["post-11017","page","type-page","status-publish","hentry"],"aioseo_notices":[],"_links":{"self":[{"href":"https:\/\/words-of-faith.org\/es\/wp-json\/wp\/v2\/pages\/11017","targetHints":{"allow":["GET"]}}],"collection":[{"href":"https:\/\/words-of-faith.org\/es\/wp-json\/wp\/v2\/pages"}],"about":[{"href":"https:\/\/words-of-faith.org\/es\/wp-json\/wp\/v2\/types\/page"}],"author":[{"embeddable":true,"href":"https:\/\/words-of-faith.org\/es\/wp-json\/wp\/v2\/users\/5"}],"replies":[{"embeddable":true,"href":"https:\/\/words-of-faith.org\/es\/wp-json\/wp\/v2\/comments?post=11017"}],"version-history":[{"count":0,"href":"https:\/\/words-of-faith.org\/es\/wp-json\/wp\/v2\/pages\/11017\/revisions"}],"up":[{"embeddable":true,"href":"https:\/\/words-of-faith.org\/es\/wp-json\/wp\/v2\/pages\/10112"}],"wp:attachment":[{"href":"https:\/\/words-of-faith.org\/es\/wp-json\/wp\/v2\/media?parent=11017"}],"curies":[{"name":"wp","href":"https:\/\/api.w.org\/{rel}","templated":true}]}}