{"id":12644,"date":"2020-05-29T20:00:02","date_gmt":"2020-05-29T18:00:02","guid":{"rendered":"https:\/\/aslaksen.bcc.no\/?page_id=12644"},"modified":"2020-08-21T12:26:33","modified_gmt":"2020-08-21T10:26:33","slug":"no-juzgueis","status":"publish","type":"page","link":"https:\/\/words-of-faith.org\/es\/bible-study\/tema-3\/no-juzgueis\/","title":{"rendered":"\u00a1No juzgu\u00e9is!"},"content":{"rendered":"\n\t<section class=\"section\" id=\"section_14734143\">\n\t\t<div class=\"section-bg fill\" >\n\t\t\t\t\t\t\t\t\t\n\t\t\t\n\n\t\t<\/div>\n\n\t\t\n\n\t\t<div class=\"section-content relative\">\n\t\t\t\n<div class=\"row align-center\"  id=\"row-1087774681\">\n\n\t<div id=\"col-190796291\" class=\"col small-12 large-12\"  >\n\t\t\t\t<div class=\"col-inner\"  >\n\t\t\t\n\t\t\t\n<p class=\"breadcrumbs\"><a href=\"..\/\">Theme 3<\/a> \/ Messages<\/p>\n<h1>\u00a1No juzgu\u00e9is!<\/h1>\n<p class=\"article-date\">Extracto de un mensaje de enero 1972<\/p>\n<p class=\"article-author\">de Elias Aslaksen<\/p>\n\t\t<\/div>\n\t\t\t\t\t<\/div>\n\n\t\n\n<style>\n#row-1087774681 > .col > .col-inner {\n  padding: 30px 0px 0px 0px;\n}\n<\/style>\n<\/div>\n<div class=\"row align-center audio\"  id=\"row-1652377603\">\n\n\t<div id=\"col-840712722\" class=\"col small-12 large-12\"  >\n\t\t\t\t<div class=\"col-inner\"  >\n\t\t\t\n\t\t\t\n<!--[if lt IE 9]><script>document.createElement('audio');<\/script><![endif]-->\n<audio class=\"wp-audio-shortcode\" id=\"audio-12644-1\" preload=\"none\" style=\"width: 100%;\" controls=\"controls\"><source type=\"audio\/mpeg\" src=\"\/audio\/Tema%203\/ES\/13_D%C3%B8m%20ikke_ES.mp3?_=1\" \/><a href=\"\/audio\/Tema%203\/ES\/13_D%C3%B8m%20ikke_ES.mp3\">\/audio\/Tema%203\/ES\/13_D%C3%B8m%20ikke_ES.mp3<\/a><\/audio>\n<p class=\"click-to-listen\">Click to listen to the speech.<\/p>\n\t\t<\/div>\n\t\t\t\t\t<\/div>\n\n\t\n<\/div>\n<div class=\"row align-center article article-excerpt\"  id=\"row-28866092\">\n\n\t<div id=\"col-2022179523\" class=\"col small-12 large-12\"  >\n\t\t\t\t<div class=\"col-inner text-left\"  >\n\t\t\t\n\t\t\t\n<p>Forut for undergang st\u00e5r det skrevet, opph\u00f8yer en mann seg. Setter seg til dommer over alt og alle, over hva som helst og hvem som helst.<\/p>\n<p>Det er noe som heter gudsfrykt. Frykte for Gud, frykte for \u00e5 mishage Gud. Frykte for \u00e5 v\u00e6re p\u00e5 kant med han. Ja hva skulle en frykte mer enn dette? Det verste av alt \u2013 ikke det er man redd for en gang.<\/p>\n<p>Det er sv\u00e6rt lite gudsfrykt kj\u00e6re venner. Men det er forholdsvis sv\u00e6rt bra iblant oss. Det kommer av at det er s\u00e5 mye gudsfrykt som det er. Men det er en masse kj\u00e6re br\u00f8dre og s\u00f8stre som i h\u00f8y grad mangler gudsfrykt. Ordet sier hva det mener. Det er \u00e5 frykte, det er \u00e5 v\u00e6re redd \u2013 for \u00e5 f\u00e5 Gud imot seg, for \u00e5 komme p\u00e5 kant med Gud, for ikke \u00e5 lyde hans ord, for ikke \u00e5 elske hans ord, for ikke \u00e5 mishage han p\u00e5 noen som helst slags m\u00e5te.<\/p>\n<p>Og den aller verste m\u00e5te \u2013 enest\u00e5ende forferdelig m\u00e5te \u2013 det er \u00e5 ha store tanker om seg selv. Det heter hovmot. Det heter stolthet. Det heter oppbl\u00e5sthet, og det heter selvklokskap \u2013 noe man innbiller seg. Som ikke er sant. Det stikk motsatte er det sanne.<\/p>\n<p>Paulus skrev at \u00abav Guds n\u00e5de er jeg det jeg er\u00bb. Ja, det er n\u00f8yaktig det samme som \u00abav mangel p\u00e5 Guds n\u00e5de er jeg ikke noe mer enn det jeg er, dessverre\u00bb. Det er dessverre ikke blitt noe mer enn det det er blitt. Av mangel p\u00e5 Guds n\u00e5de.<\/p>\n<p>For Gud gir de ydmyke n\u00e5de, alts\u00e5 av mangel p\u00e5 ydmykhet. Det kan vi alle ta til oss det. Det er ikke tale om at det er s\u00e5 bra med noen av oss at vi ikke kunne v\u00e6rt enda bedre. Alts\u00e5 er det i alle fall en liten mangel p\u00e5 ydmykhet. I beste tilfelle. I de fleste tilfellene er det stor mangel p\u00e5 ydmykhet.<\/p>\n<p>Det vanligste som er, det er \u00e5 kritisere og d\u00f8mme. Og det er det mange av vennene som gj\u00f8r. Det er en del som har det slik \u2013 de er s\u00e5 ydmyke at de gir seg ikke til \u00e5 d\u00f8mme de eldste, men vi f\u00e5r nesten si s\u00e5 tar de det igjen med alle de andre. De synes de de kan d\u00f8mme. Men hva st\u00e5r det skrevet? Det st\u00e5r ikke s\u00e5nn: d\u00f8m ikke for meget. Det st\u00e5r ikke s\u00e5nn: v\u00e6r ikke for snar til \u00e5 d\u00f8mme. Det st\u00e5r: d\u00f8m ikke. I-K-K-E. Ikke.<\/p>\n\t\t<\/div>\n\t\t\t\t\t<\/div>\n\n\t\n\n\t<div id=\"col-627506513\" class=\"col copyright small-12 large-12\"  >\n\t\t\t\t<div class=\"col-inner text-left\"  >\n\t\t\t\n\t\t\t\n<div>\u00a9 Copyright Stiftelsen Skjulte Skatters Forlag<\/div>\n\t\t<\/div>\n\t\t\t\t\t<\/div>\n\n\t\n\n\t<div id=\"col-581293082\" class=\"col small-12 large-12\"  >\n\t\t\t\t<div class=\"col-inner text-left\"  >\n\t\t\t\n\t\t\t\n<div><a href=\"#\" class=\"read-more\">Lee m\u00e1s<\/a><\/div>\n\t\t<\/div>\n\t\t\t\t\t<\/div>\n\n\t\n\n\t<div id=\"col-592402528\" class=\"col small-12 large-12\"  >\n\t\t\t\t<div class=\"col-inner text-left\"  >\n\t\t\t\n\t\t\t\n<p class=\"next-previous-message\"><a class=\"previous\" href=\"\/es\/bible-studies\/theme-3\/you-are-loved-and-should-love-in-return\/\"><i class=\"icon-angle-left\"><\/i> Previous<\/a><a class=\"next\" href=\"\/es\/bible-studies\/theme-3\/the-fear-of-god\/\">Next <i class=\"icon-angle-right\"><\/i><\/a><\/p>\n\t\t<\/div>\n\t\t\t\t\t<\/div>\n\n\t\n<\/div>\n\t\t<\/div>\n\n\t\t\n<style>\n#section_14734143 {\n  padding-top: 0px;\n  padding-bottom: 0px;\n  margin-bottom: 0px;\n}\n@media (min-width:550px) {\n  #section_14734143 {\n    padding-top: 0px;\n    padding-bottom: 0px;\n  }\n}\n<\/style>\n\t<\/section>\n\t\n\n\t<section class=\"section food-for-thought\" id=\"section_1675807291\">\n\t\t<div class=\"section-bg fill\" >\n\t\t\t\t\t\t\t\t\t\n\t\t\t\n\n\t\t<\/div>\n\n\t\t\n\n\t\t<div class=\"section-content relative\">\n\t\t\t\n<div class=\"row align-center\"  id=\"row-548996630\">\n\n\t<div id=\"col-99880038\" class=\"col title small-12 large-12\"  >\n\t\t\t\t<div class=\"col-inner text-left dark\"  >\n\t\t\t\n\t\t\t\n<h2>Devotional<\/h2>\n\t\t<\/div>\n\t\t\t\t\t<\/div>\n\n\t\n\n\t<div id=\"col-1139736384\" class=\"col small-12 large-12\"  >\n\t\t\t\t<div class=\"col-inner dark\"  >\n\t\t\t\n\t\t\t\n<p>Aslaksen dice en el mensaje \u00ab\u00a1No juzgu\u00e9is!\u00bb que la altivez es lo peor que uno puede hacer para entrar en conflicto con Dios. \u00bfCu\u00e1l de estos pensamientos dir\u00edas que es altivez? Puedes compartirlo en el grupo<\/p>\n<ul class=\"question-answers\">\n<li>\u00abyo soy bueno para &#8230;\u00bb<\/li>\n<li>\u00abYo he ca\u00eddo tan seguido que ya he agotado mis oportunidades.\u00bb<\/li>\n<li>\u00abFelizmente yo no tengo dificultades con las mismas cosas que \u00e9l\/ella tiene &#8230;\u00bb<\/li>\n<li>\u00abLo que \u00e9l\/ella dijo es incorrecto\u00bb<\/li>\n<\/ul>\n<p class='info'>You have to <a href='\/login\/'>log in<\/a> if you want to save your answer.<\/p>\n\t\t<\/div>\n\t\t\t\t\t<\/div>\n\n\t\n<\/div>\n\t\t<\/div>\n\n\t\t\n<style>\n#section_1675807291 {\n  padding-top: 30px;\n  padding-bottom: 30px;\n  background-color: rgb(73, 92, 94);\n}\n<\/style>\n\t<\/section>\n\t\n","protected":false},"excerpt":{"rendered":"","protected":false},"author":5,"featured_media":0,"parent":12610,"menu_order":0,"comment_status":"closed","ping_status":"closed","template":"page-blank.php","meta":{"footnotes":""},"class_list":["post-12644","page","type-page","status-publish","hentry"],"aioseo_notices":[],"_links":{"self":[{"href":"https:\/\/words-of-faith.org\/es\/wp-json\/wp\/v2\/pages\/12644","targetHints":{"allow":["GET"]}}],"collection":[{"href":"https:\/\/words-of-faith.org\/es\/wp-json\/wp\/v2\/pages"}],"about":[{"href":"https:\/\/words-of-faith.org\/es\/wp-json\/wp\/v2\/types\/page"}],"author":[{"embeddable":true,"href":"https:\/\/words-of-faith.org\/es\/wp-json\/wp\/v2\/users\/5"}],"replies":[{"embeddable":true,"href":"https:\/\/words-of-faith.org\/es\/wp-json\/wp\/v2\/comments?post=12644"}],"version-history":[{"count":0,"href":"https:\/\/words-of-faith.org\/es\/wp-json\/wp\/v2\/pages\/12644\/revisions"}],"up":[{"embeddable":true,"href":"https:\/\/words-of-faith.org\/es\/wp-json\/wp\/v2\/pages\/12610"}],"wp:attachment":[{"href":"https:\/\/words-of-faith.org\/es\/wp-json\/wp\/v2\/media?parent=12644"}],"curies":[{"name":"wp","href":"https:\/\/api.w.org\/{rel}","templated":true}]}}