{"id":13322,"date":"2020-05-29T20:00:19","date_gmt":"2020-05-29T18:00:19","guid":{"rendered":"https:\/\/aslaksen.bcc.no\/?page_id=13322"},"modified":"2020-08-21T12:30:32","modified_gmt":"2020-08-21T10:30:32","slug":"temor-de-dios","status":"publish","type":"page","link":"https:\/\/words-of-faith.org\/es\/bible-study\/tema-3\/temor-de-dios\/","title":{"rendered":"Temor de Dios"},"content":{"rendered":"\n\t<section class=\"section\" id=\"section_1338697813\">\n\t\t<div class=\"section-bg fill\" >\n\t\t\t\t\t\t\t\t\t\n\t\t\t\n\n\t\t<\/div>\n\n\t\t\n\n\t\t<div class=\"section-content relative\">\n\t\t\t\n<div class=\"row align-center\"  id=\"row-842122437\">\n\n\t<div id=\"col-551574435\" class=\"col small-12 large-12\"  >\n\t\t\t\t<div class=\"col-inner\"  >\n\t\t\t\n\t\t\t\n<p class=\"breadcrumbs\"><a href=\"..\/\">Theme 3<\/a> \/ Messages<\/p>\n<h1>Temor de Dios<\/h1>\n<p class=\"article-date\">Tesoros Escondidos, publicado abril 1991<\/p>\n<p class=\"article-author\">de Elias Aslaksen<\/p>\n\t\t<\/div>\n\t\t\t\t\t<\/div>\n\n\t\n\n<style>\n#row-842122437 > .col > .col-inner {\n  padding: 30px 0px 0px 0px;\n}\n<\/style>\n<\/div>\n<div class=\"row align-center audio\"  id=\"row-1033678227\">\n\n\t<div id=\"col-46588556\" class=\"col small-12 large-12\"  >\n\t\t\t\t<div class=\"col-inner\"  >\n\t\t\t\n\t\t\t\n<!--[if lt IE 9]><script>document.createElement('audio');<\/script><![endif]-->\n<audio class=\"wp-audio-shortcode\" id=\"audio-13322-1\" preload=\"none\" style=\"width: 100%;\" controls=\"controls\"><source type=\"audio\/mpeg\" src=\"\/audio\/Tema%203\/ES\/14_Gudsfrykt_ES.mp3?_=1\" \/><a href=\"\/audio\/Tema%203\/ES\/14_Gudsfrykt_ES.mp3\">\/audio\/Tema%203\/ES\/14_Gudsfrykt_ES.mp3<\/a><\/audio>\n<p class=\"click-to-listen\">Click to listen to the speech.<\/p>\n\t\t<\/div>\n\t\t\t\t\t<\/div>\n\n\t\n<\/div>\n<div class=\"row align-center article article-excerpt\"  id=\"row-1315574072\">\n\n\t<div id=\"col-1902641296\" class=\"col small-12 large-12\"  >\n\t\t\t\t<div class=\"col-inner text-left\"  >\n\t\t\t\n\t\t\t\n<p>\u00a1\u00a1\u00a1Temor de Dios en su sentido m\u00e1s profundo, seg\u00fan la medida de la Palabra de Dios, casi no se halla en la Tierra!!! \u00a1Lamentablemente, lamentablemente, lamentablemente! \u201c\u00bfPor qu\u00e9 me llam\u00e1is Se\u00f1or, Se\u00f1or, y no hac\u00e9is lo que yo os digo?\u201d, dijo Jes\u00fas. Si \u00c9l es nuestro Se\u00f1or, entonces nosotros somos sus siervos, \u00a1comprometidos a obedecerle en todo! Casi nadie lo toma as\u00ed. Lc. 6. 46.<\/p>\n<p>\u201c\u00bfQui\u00e9n conoce el poder de tu ira, y tu indignaci\u00f3n seg\u00fan que debes ser temido?\u201d (Sal. 90. 11). \u00a1Un verdadero y completo temor de Dios act\u00faa comprensi\u00f3n y entendimiento de cu\u00e1n tremendamente airado y duro es Dios contra todo pecado en todas sus formas, maneras y apariencias, y en todos sus grados!<\/p>\n<p>Tanto m\u00e1s temamos desagradar a Dios, transgredir sus leyes y mandamientos, tanto m\u00e1s r\u00e1pido nos alejaremos y distanciaremos de toda clase de pecado y transgresiones. \u00a1Cuanto m\u00e1s rigurosos seamos, y esto con el mayor gozo y seriedad, tanto mayor ser\u00e1 nuestra disposici\u00f3n para guardar toda su Palabra con todo nuestro coraz\u00f3n! \u00bf\u00bf\u00bfQui\u00e9n teme con seriedad de muerte el perder toda la salvaci\u00f3n por hablar palabras vanas??? Stg. 1. 26. \u00bf\u00bf\u00bfO por descuidar de hacer el bien cuando tuvo la oportunidad de hacerlo??? Stg. 4. 17.<\/p>\n<p>\u00bfTienes realmente temor por esto, querido hermano?<\/p>\n\t\t<\/div>\n\t\t\t\t\t<\/div>\n\n\t\n\n\t<div id=\"col-553764312\" class=\"col copyright small-12 large-12\"  >\n\t\t\t\t<div class=\"col-inner text-left\"  >\n\t\t\t\n\t\t\t\n<div>\u00a9 Copyright Stiftelsen Skjulte Skatters Forlag<\/div>\n\t\t<\/div>\n\t\t\t\t\t<\/div>\n\n\t\n\n\t<div id=\"col-581317814\" class=\"col small-12 large-12\"  >\n\t\t\t\t<div class=\"col-inner text-left\"  >\n\t\t\t\n\t\t\t\n<div><a href=\"#\" class=\"read-more\">Lee m\u00e1s<\/a><\/div>\n\t\t<\/div>\n\t\t\t\t\t<\/div>\n\n\t\n\n\t<div id=\"col-250816111\" class=\"col small-12 large-12\"  >\n\t\t\t\t<div class=\"col-inner text-left\"  >\n\t\t\t\n\t\t\t\n<p class=\"next-previous-message\"><a class=\"previous\" href=\"\/es\/bible-studies\/theme-3\/judge-not\/\"><i class=\"icon-angle-left\"><\/i> Previous<\/a><a class=\"next\" href=\"\/es\/bible-studies\/theme-3\/keep-yourselves-from-idols\/\">Next <i class=\"icon-angle-right\"><\/i><\/a><\/p>\n\t\t<\/div>\n\t\t\t\t\t<\/div>\n\n\t\n<\/div>\n\t\t<\/div>\n\n\t\t\n<style>\n#section_1338697813 {\n  padding-top: 0px;\n  padding-bottom: 0px;\n  margin-bottom: 0px;\n}\n@media (min-width:550px) {\n  #section_1338697813 {\n    padding-top: 0px;\n    padding-bottom: 0px;\n  }\n}\n<\/style>\n\t<\/section>\n\t\n\n\t<section class=\"section food-for-thought\" id=\"section_571602625\">\n\t\t<div class=\"section-bg fill\" >\n\t\t\t\t\t\t\t\t\t\n\t\t\t\n\n\t\t<\/div>\n\n\t\t\n\n\t\t<div class=\"section-content relative\">\n\t\t\t\n<div class=\"row align-center\"  id=\"row-1930356565\">\n\n\t<div id=\"col-1970623526\" class=\"col title small-12 large-12\"  >\n\t\t\t\t<div class=\"col-inner text-left dark\"  >\n\t\t\t\n\t\t\t\n<h2>Devotional<\/h2>\n\t\t<\/div>\n\t\t\t\t\t<\/div>\n\n\t\n\n\t<div id=\"col-1017883459\" class=\"col small-12 large-12\"  >\n\t\t\t\t<div class=\"col-inner dark\"  >\n\t\t\t\n\t\t\t\n<p>Aslaksen escribe en el art\u00edculo \u00abTemor de Dios\u00bb sobre la gran ira que tiene Dios contra el pecado. Anota un vers\u00edculo que describa esto. Ahora encuentra un vers\u00edculo que muestre lo mucho que \u00e9l te ama.<\/p>\n<p class='info'>You have to <a href='\/login\/'>log in<\/a> if you want to save your answer.<\/p>\n\t\t<\/div>\n\t\t\t\t\t<\/div>\n\n\t\n<\/div>\n\t\t<\/div>\n\n\t\t\n<style>\n#section_571602625 {\n  padding-top: 30px;\n  padding-bottom: 30px;\n  background-color: rgb(73, 92, 94);\n}\n<\/style>\n\t<\/section>\n\t\n","protected":false},"excerpt":{"rendered":"","protected":false},"author":5,"featured_media":0,"parent":12610,"menu_order":2,"comment_status":"closed","ping_status":"closed","template":"page-blank.php","meta":{"footnotes":""},"class_list":["post-13322","page","type-page","status-publish","hentry"],"aioseo_notices":[],"_links":{"self":[{"href":"https:\/\/words-of-faith.org\/es\/wp-json\/wp\/v2\/pages\/13322","targetHints":{"allow":["GET"]}}],"collection":[{"href":"https:\/\/words-of-faith.org\/es\/wp-json\/wp\/v2\/pages"}],"about":[{"href":"https:\/\/words-of-faith.org\/es\/wp-json\/wp\/v2\/types\/page"}],"author":[{"embeddable":true,"href":"https:\/\/words-of-faith.org\/es\/wp-json\/wp\/v2\/users\/5"}],"replies":[{"embeddable":true,"href":"https:\/\/words-of-faith.org\/es\/wp-json\/wp\/v2\/comments?post=13322"}],"version-history":[{"count":0,"href":"https:\/\/words-of-faith.org\/es\/wp-json\/wp\/v2\/pages\/13322\/revisions"}],"up":[{"embeddable":true,"href":"https:\/\/words-of-faith.org\/es\/wp-json\/wp\/v2\/pages\/12610"}],"wp:attachment":[{"href":"https:\/\/words-of-faith.org\/es\/wp-json\/wp\/v2\/media?parent=13322"}],"curies":[{"name":"wp","href":"https:\/\/api.w.org\/{rel}","templated":true}]}}