{"id":13340,"date":"2020-05-29T20:00:12","date_gmt":"2020-05-29T18:00:12","guid":{"rendered":"https:\/\/aslaksen.bcc.no\/?page_id=13340"},"modified":"2020-08-21T13:37:55","modified_gmt":"2020-08-21T11:37:55","slug":"guardaos-de-los-idolos","status":"publish","type":"page","link":"https:\/\/words-of-faith.org\/es\/bible-study\/tema-3\/guardaos-de-los-idolos\/","title":{"rendered":"Guardaos de los \u00eddolos"},"content":{"rendered":"\n\t<section class=\"section\" id=\"section_388664635\">\n\t\t<div class=\"section-bg fill\" >\n\t\t\t\t\t\t\t\t\t\n\t\t\t\n\n\t\t<\/div>\n\n\t\t\n\n\t\t<div class=\"section-content relative\">\n\t\t\t\n<div class=\"row align-center\"  id=\"row-557510041\">\n\n\t<div id=\"col-1924996791\" class=\"col small-12 large-12\"  >\n\t\t\t\t<div class=\"col-inner\"  >\n\t\t\t\n\t\t\t\n<p class=\"breadcrumbs\"><a href=\"..\/\">Theme 3<\/a> \/ Messages<\/p>\n<h1>Guardaos de los \u00eddolos<\/h1>\n<p class=\"article-date\">Tesoros Escondidos, publicado Febrero 1991<\/p>\n<p class=\"article-author\">de Elias Aslaksen<\/p>\n\t\t<\/div>\n\t\t\t\t\t<\/div>\n\n\t\n\n<style>\n#row-557510041 > .col > .col-inner {\n  padding: 30px 0px 0px 0px;\n}\n<\/style>\n<\/div>\n<div class=\"row align-center audio\"  id=\"row-204022440\">\n\n\t<div id=\"col-949783716\" class=\"col small-12 large-12\"  >\n\t\t\t\t<div class=\"col-inner\"  >\n\t\t\t\n\t\t\t\n<!--[if lt IE 9]><script>document.createElement('audio');<\/script><![endif]-->\n<audio class=\"wp-audio-shortcode\" id=\"audio-13340-1\" preload=\"none\" style=\"width: 100%;\" controls=\"controls\"><source type=\"audio\/mpeg\" src=\"\/audio\/Tema%203\/ES\/15_Vokt%20eder%20for%20avgudene_ES.mp3?_=1\" \/><a href=\"\/audio\/Tema%203\/ES\/15_Vokt%20eder%20for%20avgudene_ES.mp3\">\/audio\/Tema%203\/ES\/15_Vokt%20eder%20for%20avgudene_ES.mp3<\/a><\/audio>\n<p class=\"click-to-listen\">Click to listen to the speech.<\/p>\n\t\t<\/div>\n\t\t\t\t\t<\/div>\n\n\t\n<\/div>\n<div class=\"row align-center article article-excerpt\"  id=\"row-1374903186\">\n\n\t<div id=\"col-1257499706\" class=\"col small-12 large-12\"  >\n\t\t\t\t<div class=\"col-inner text-left\"  >\n\t\t\t\n\t\t\t\n<p>En el cap. 2.15 est\u00e1 claramente expresado lo que habitualmente son estos \u00eddolos: \u00a1Las cosas que hay en el mundo! Esto est\u00e1 en consonancia con la aclaraci\u00f3n del ap\u00f3stol Pablo: \u201c\u2026 Y avaricia que es idolatr\u00eda\u201d.<\/p>\n<p>El estar obsesionado por poseer, recibir, adquirir; todo esto tambi\u00e9n son \u00eddolos. En Fil. 3. 18-19 tenemos tambi\u00e9n una explicaci\u00f3n extremadamente seria para esta idolatr\u00eda: \u201cel fin de los cuales ser\u00e1 perdici\u00f3n, cuyo dios es el vientre, \u2026 que s\u00f3lo piensan en lo terrenal.\u201d Uno puede amar y admirar la buena comida, es decir, buena y abundante comida, a tal grado que nuestro vientre se convierte en un dios. Pablo les hab\u00eda hablado sobre esto a menudo, incluso llorando, vers. 18. Y esto coincide con lo que \u00e9l escribe en Ro. 1. 25: \u00a1honran y dan culto a las criaturas antes que al Creador! \u00a1Casi todo su dinero lo emplean en idolatr\u00eda! \u00a1Es precisamente por eso que no es posible amar al dinero y al mismo tiempo amar a Dios!<\/p>\n<p>\u00a1Tambi\u00e9n el gran profeta Isa\u00edas habl\u00f3 seriamente de esto! Is. 2. 21-22 y 3. 16-24. En cap. 2. 18 est\u00e1 escrito: \u201cY quitar\u00e1 totalmente los \u00eddolos\u201d. \u00a1Esto ocurrir\u00e1 el d\u00eda que se manifieste la ira y el juicio de Dios sobre todo esto! (Vers. 12) \u00a1\u00a1\u00a1Pero ahora Jes\u00fas ha venido con perfecta salvaci\u00f3n sobre toda esta miseria tan com\u00fan!!!<\/p>\n<p>\u00a1Ahora todos tenemos perfecta ocasi\u00f3n de acabar con toda clase de idolatr\u00eda en nuestra vida! \u00a1Alabado sea el Se\u00f1or!<\/p>\n\t\t<\/div>\n\t\t\t\t\t<\/div>\n\n\t\n\n\t<div id=\"col-393427069\" class=\"col copyright small-12 large-12\"  >\n\t\t\t\t<div class=\"col-inner text-left\"  >\n\t\t\t\n\t\t\t\n<div>\u00a9 Copyright Stiftelsen Skjulte Skatters Forlag<\/div>\n\t\t<\/div>\n\t\t\t\t\t<\/div>\n\n\t\n\n\t<div id=\"col-1168901856\" class=\"col small-12 large-12\"  >\n\t\t\t\t<div class=\"col-inner text-left\"  >\n\t\t\t\n\t\t\t\n<div><a href=\"#\" class=\"read-more\">Lee m\u00e1s<\/a><\/div>\n\t\t<\/div>\n\t\t\t\t\t<\/div>\n\n\t\n\n\t<div id=\"col-2120360279\" class=\"col small-12 large-12\"  >\n\t\t\t\t<div class=\"col-inner text-left\"  >\n\t\t\t\n\t\t\t\n<p class=\"next-previous-message\"><a class=\"previous\" href=\"\/es\/bible-studies\/theme-3\/the-fear-of-god\/\"><i class=\"icon-angle-left\"><\/i> Previous<\/a><a class=\"next\" href=\"\/es\/bible-studies\/theme-3\/do-gods-will\/\">Next <i class=\"icon-angle-right\"><\/i><\/a><\/p>\n\t\t<\/div>\n\t\t\t\t\t<\/div>\n\n\t\n<\/div>\n\t\t<\/div>\n\n\t\t\n<style>\n#section_388664635 {\n  padding-top: 0px;\n  padding-bottom: 0px;\n  margin-bottom: 0px;\n}\n@media (min-width:550px) {\n  #section_388664635 {\n    padding-top: 0px;\n    padding-bottom: 0px;\n  }\n}\n<\/style>\n\t<\/section>\n\t\n\n\t<section class=\"section food-for-thought\" id=\"section_1332245851\">\n\t\t<div class=\"section-bg fill\" >\n\t\t\t\t\t\t\t\t\t\n\t\t\t\n\n\t\t<\/div>\n\n\t\t\n\n\t\t<div class=\"section-content relative\">\n\t\t\t\n<div class=\"row align-center\"  id=\"row-1266285116\">\n\n\t<div id=\"col-33344705\" class=\"col title small-12 large-12\"  >\n\t\t\t\t<div class=\"col-inner text-left dark\"  >\n\t\t\t\n\t\t\t\n<h2>Devotional<\/h2>\n\t\t<\/div>\n\t\t\t\t\t<\/div>\n\n\t\n\n\t<div id=\"col-727739210\" class=\"col small-12 large-12\"  >\n\t\t\t\t<div class=\"col-inner dark\"  >\n\t\t\t\n\t\t\t\n<p>Aslaksen escribe diferentes ejemplos de \u00eddolos en el art\u00edculo \u00abGuardaos de los \u00eddolos\u00bb. \u00bfCu\u00e1ndo se torna algo en un \u00eddolo para ti?<\/p>\n<p class='info'>You have to <a href='\/login\/'>log in<\/a> if you want to save your answer.<\/p>\n\t\t<\/div>\n\t\t\t\t\t<\/div>\n\n\t\n<\/div>\n\t\t<\/div>\n\n\t\t\n<style>\n#section_1332245851 {\n  padding-top: 30px;\n  padding-bottom: 30px;\n  background-color: rgb(73, 92, 94);\n}\n<\/style>\n\t<\/section>\n\t\n","protected":false},"excerpt":{"rendered":"","protected":false},"author":5,"featured_media":0,"parent":12610,"menu_order":3,"comment_status":"closed","ping_status":"closed","template":"page-blank.php","meta":{"footnotes":""},"class_list":["post-13340","page","type-page","status-publish","hentry"],"aioseo_notices":[],"_links":{"self":[{"href":"https:\/\/words-of-faith.org\/es\/wp-json\/wp\/v2\/pages\/13340","targetHints":{"allow":["GET"]}}],"collection":[{"href":"https:\/\/words-of-faith.org\/es\/wp-json\/wp\/v2\/pages"}],"about":[{"href":"https:\/\/words-of-faith.org\/es\/wp-json\/wp\/v2\/types\/page"}],"author":[{"embeddable":true,"href":"https:\/\/words-of-faith.org\/es\/wp-json\/wp\/v2\/users\/5"}],"replies":[{"embeddable":true,"href":"https:\/\/words-of-faith.org\/es\/wp-json\/wp\/v2\/comments?post=13340"}],"version-history":[{"count":0,"href":"https:\/\/words-of-faith.org\/es\/wp-json\/wp\/v2\/pages\/13340\/revisions"}],"up":[{"embeddable":true,"href":"https:\/\/words-of-faith.org\/es\/wp-json\/wp\/v2\/pages\/12610"}],"wp:attachment":[{"href":"https:\/\/words-of-faith.org\/es\/wp-json\/wp\/v2\/media?parent=13340"}],"curies":[{"name":"wp","href":"https:\/\/api.w.org\/{rel}","templated":true}]}}