{"id":13377,"date":"2020-05-29T20:00:06","date_gmt":"2020-05-29T18:00:06","guid":{"rendered":"https:\/\/aslaksen.bcc.no\/?page_id=13377"},"modified":"2020-08-21T13:47:35","modified_gmt":"2020-08-21T11:47:35","slug":"entregar-el-alma-al-creador-fiel","status":"publish","type":"page","link":"https:\/\/words-of-faith.org\/es\/bible-study\/tema-3\/entregar-el-alma-al-creador-fiel\/","title":{"rendered":"Entregar el alma al creador fiel"},"content":{"rendered":"\n\t<section class=\"section\" id=\"section_327259832\">\n\t\t<div class=\"section-bg fill\" >\n\t\t\t\t\t\t\t\t\t\n\t\t\t\n\n\t\t<\/div>\n\n\t\t\n\n\t\t<div class=\"section-content relative\">\n\t\t\t\n<div class=\"row align-center\"  id=\"row-1362096026\">\n\n\t<div id=\"col-1162074338\" class=\"col small-12 large-12\"  >\n\t\t\t\t<div class=\"col-inner\"  >\n\t\t\t\n\t\t\t\n<p class=\"breadcrumbs\"><a href=\"..\/\">Theme 3<\/a> \/ Messages<\/p>\n<h1>Entregar el alma al creador fiel<\/h1>\n<p class=\"article-date\">Tesoros Escondidos, publicado marzo 1989<\/p>\n<p class=\"article-author\">de Elias Aslaksen<\/p>\n\t\t<\/div>\n\t\t\t\t\t<\/div>\n\n\t\n\n<style>\n#row-1362096026 > .col > .col-inner {\n  padding: 30px 0px 0px 0px;\n}\n<\/style>\n<\/div>\n<div class=\"row align-center audio\"  id=\"row-1220067001\">\n\n\t<div id=\"col-1788209750\" class=\"col small-12 large-12\"  >\n\t\t\t\t<div class=\"col-inner\"  >\n\t\t\t\n\t\t\t\n<!--[if lt IE 9]><script>document.createElement('audio');<\/script><![endif]-->\n<audio class=\"wp-audio-shortcode\" id=\"audio-13377-1\" preload=\"none\" style=\"width: 100%;\" controls=\"controls\"><source type=\"audio\/mpeg\" src=\"\/audio\/Tema%203\/ES\/17_%C3%85%20overgi%20sine%20sjeler%20til%20den%20trofaste%20skaper_ES.mp3?_=1\" \/><a href=\"\/audio\/Tema%203\/ES\/17_%C3%85%20overgi%20sine%20sjeler%20til%20den%20trofaste%20skaper_ES.mp3\">\/audio\/Tema%203\/ES\/17_%C3%85%20overgi%20sine%20sjeler%20til%20den%20trofaste%20skaper_ES.mp3<\/a><\/audio>\n<p class=\"click-to-listen\">Click to listen to the speech.<\/p>\n\t\t<\/div>\n\t\t\t\t\t<\/div>\n\n\t\n<\/div>\n<div class=\"row align-center article article-excerpt\"  id=\"row-1745835323\">\n\n\t<div id=\"col-651593915\" class=\"col small-12 large-12\"  >\n\t\t\t\t<div class=\"col-inner text-left\"  >\n\t\t\t\n\t\t\t\n<p>\u00a1\u00a1\u00a1Qu\u00e9 expresi\u00f3n tan adecuada y sustancial!!! Esto quiere decir que no guardamos nuestra alma para nosotros mismos, que no vivimos para nosotros mismos, que no hacemos las cosas como nos parecen a nosotros mismos, sino que encomendamos nuestra alma a \u00c9l. \u00a1Nos entregamos a \u00c9l por completo! Con todo lo que hay en nosotros, en plena confianza en \u00c9l, s\u00ed, nos encomendamos al Creador que lo ha creado todo, el cual quiere crear ahora algo completamente nuevo en nuestro interior. No confiamos en nuestro razonamiento ni en nuestros sentimientos, sino contamos completa y totalmente con \u00c9l, con su Palabra, seg\u00fan la luz perfecta del Nuevo Testamento.<\/p>\n<p>El lema es: confianza ciega y fidelidad sincera, tanto en situaciones peque\u00f1as, como en las grandes tambi\u00e9n. \u00a1Pues no le podemos decir al Creador c\u00f3mo debe \u00c9l crear las cosas! Ese es su asunto. Nuestro asunto es encomendarnos a su voluntad. \u00a1A \u00c9l sea toda honra y gloria!<\/p>\n<p>Exam\u00ednate a ti mismo si realmente te has encomendado completamente y si has abandonado tu voluntad totalmente. Si no es as\u00ed, entonces entr\u00e9gate ahora, \u00a1porque mucho mejor es hacerlo tarde que nunca!<\/p>\n<p>Cuando la muerte de Cristo act\u00faa en el alma, esta es vaciada, y como consecuencia se recibe un sentido por lo espiritual. Las personas que viven guiadas seg\u00fan los sentimientos del alma, no se han encomendado a \u00e9l.<\/p>\n\t\t<\/div>\n\t\t\t\t\t<\/div>\n\n\t\n\n\t<div id=\"col-21545911\" class=\"col copyright small-12 large-12\"  >\n\t\t\t\t<div class=\"col-inner text-left\"  >\n\t\t\t\n\t\t\t\n<div>\u00a9 Copyright Stiftelsen Skjulte Skatters Forlag<\/div>\n\t\t<\/div>\n\t\t\t\t\t<\/div>\n\n\t\n\n\t<div id=\"col-224348294\" class=\"col small-12 large-12\"  >\n\t\t\t\t<div class=\"col-inner text-left\"  >\n\t\t\t\n\t\t\t\n<div><a href=\"#\" class=\"read-more\">Lee m\u00e1s<\/a><\/div>\n\t\t<\/div>\n\t\t\t\t\t<\/div>\n\n\t\n\n\t<div id=\"col-1864867986\" class=\"col small-12 large-12\"  >\n\t\t\t\t<div class=\"col-inner text-left\"  >\n\t\t\t\n\t\t\t\n<p class=\"next-previous-message\"><a class=\"previous\" href=\"\/es\/bible-studies\/theme-3\/do-gods-will\/\"><i class=\"icon-angle-left\"><\/i> Previous<\/a><a class=\"next\" href=\"\/es\/bible-studies\/theme-3\/you-are-loved-and-should-love-in-return\/\">Next <i class=\"icon-angle-right\"><\/i><\/a><\/p>\n\t\t<\/div>\n\t\t\t\t\t<\/div>\n\n\t\n<\/div>\n\t\t<\/div>\n\n\t\t\n<style>\n#section_327259832 {\n  padding-top: 0px;\n  padding-bottom: 0px;\n  margin-bottom: 0px;\n}\n@media (min-width:550px) {\n  #section_327259832 {\n    padding-top: 0px;\n    padding-bottom: 0px;\n  }\n}\n<\/style>\n\t<\/section>\n\t\n\n\t<section class=\"section food-for-thought\" id=\"section_317368308\">\n\t\t<div class=\"section-bg fill\" >\n\t\t\t\t\t\t\t\t\t\n\t\t\t\n\n\t\t<\/div>\n\n\t\t\n\n\t\t<div class=\"section-content relative\">\n\t\t\t\n<div class=\"row align-center\"  id=\"row-444839647\">\n\n\t<div id=\"col-439211293\" class=\"col title small-12 large-12\"  >\n\t\t\t\t<div class=\"col-inner text-left dark\"  >\n\t\t\t\n\t\t\t\n<h2>Devotional<\/h2>\n\t\t<\/div>\n\t\t\t\t\t<\/div>\n\n\t\n\n\t<div id=\"col-225737261\" class=\"col small-12 large-12\"  >\n\t\t\t\t<div class=\"col-inner dark\"  >\n\t\t\t\n\t\t\t\n<p>En el art\u00edculo \u00abEncomendar sus almas al fiel Creador\u00bb, Aslaksen escribe sobre encomendarse completamente, abandonando totalmente nuestra  voluntad. \u00bfQu\u00e9 crees que \u00e9l quiera decir con esto?<\/p>\n<p class='info'>You have to <a href='\/login\/'>log in<\/a> if you want to save your answer.<\/p>\n\t\t<\/div>\n\t\t\t\t\t<\/div>\n\n\t\n<\/div>\n\t\t<\/div>\n\n\t\t\n<style>\n#section_317368308 {\n  padding-top: 30px;\n  padding-bottom: 30px;\n  background-color: rgb(73, 92, 94);\n}\n<\/style>\n\t<\/section>\n\t\n","protected":false},"excerpt":{"rendered":"","protected":false},"author":5,"featured_media":0,"parent":12610,"menu_order":5,"comment_status":"closed","ping_status":"closed","template":"page-blank.php","meta":{"footnotes":""},"class_list":["post-13377","page","type-page","status-publish","hentry"],"aioseo_notices":[],"_links":{"self":[{"href":"https:\/\/words-of-faith.org\/es\/wp-json\/wp\/v2\/pages\/13377","targetHints":{"allow":["GET"]}}],"collection":[{"href":"https:\/\/words-of-faith.org\/es\/wp-json\/wp\/v2\/pages"}],"about":[{"href":"https:\/\/words-of-faith.org\/es\/wp-json\/wp\/v2\/types\/page"}],"author":[{"embeddable":true,"href":"https:\/\/words-of-faith.org\/es\/wp-json\/wp\/v2\/users\/5"}],"replies":[{"embeddable":true,"href":"https:\/\/words-of-faith.org\/es\/wp-json\/wp\/v2\/comments?post=13377"}],"version-history":[{"count":0,"href":"https:\/\/words-of-faith.org\/es\/wp-json\/wp\/v2\/pages\/13377\/revisions"}],"up":[{"embeddable":true,"href":"https:\/\/words-of-faith.org\/es\/wp-json\/wp\/v2\/pages\/12610"}],"wp:attachment":[{"href":"https:\/\/words-of-faith.org\/es\/wp-json\/wp\/v2\/media?parent=13377"}],"curies":[{"name":"wp","href":"https:\/\/api.w.org\/{rel}","templated":true}]}}