{"id":13395,"date":"2020-05-29T20:00:10","date_gmt":"2020-05-29T18:00:10","guid":{"rendered":"https:\/\/aslaksen.bcc.no\/?page_id=13395"},"modified":"2020-08-21T13:51:00","modified_gmt":"2020-08-21T11:51:00","slug":"tu-eres-amado-y-debes-corresponder-con-amor","status":"publish","type":"page","link":"https:\/\/words-of-faith.org\/es\/bible-study\/tema-3\/tu-eres-amado-y-debes-corresponder-con-amor\/","title":{"rendered":"T\u00fa eres amado y debes corresponder con amor"},"content":{"rendered":"\n\t<section class=\"section\" id=\"section_603830278\">\n\t\t<div class=\"section-bg fill\" >\n\t\t\t\t\t\t\t\t\t\n\t\t\t\n\n\t\t<\/div>\n\n\t\t\n\n\t\t<div class=\"section-content relative\">\n\t\t\t\n<div class=\"row align-center\"  id=\"row-1724412429\">\n\n\t<div id=\"col-890232814\" class=\"col small-12 large-12\"  >\n\t\t\t\t<div class=\"col-inner\"  >\n\t\t\t\n\t\t\t\n<p class=\"breadcrumbs\"><a href=\"..\/\">Theme 3<\/a> \/ Messages<\/p>\n<h1>T\u00fa eres amado y debes corresponder con amor<\/h1>\n<p class=\"article-date\">Tesoros Escondidos, publicado abril 1938<\/p>\n<p class=\"article-author\">de Elias Aslaksen<\/p>\n\t\t<\/div>\n\t\t\t\t\t<\/div>\n\n\t\n\n<style>\n#row-1724412429 > .col > .col-inner {\n  padding: 30px 0px 0px 0px;\n}\n<\/style>\n<\/div>\n<div class=\"row align-center audio\"  id=\"row-107887908\">\n\n\t<div id=\"col-2070448951\" class=\"col small-12 large-12\"  >\n\t\t\t\t<div class=\"col-inner\"  >\n\t\t\t\n\t\t\t\n<!--[if lt IE 9]><script>document.createElement('audio');<\/script><![endif]-->\n<audio class=\"wp-audio-shortcode\" id=\"audio-13395-1\" preload=\"none\" style=\"width: 100%;\" controls=\"controls\"><source type=\"audio\/mpeg\" src=\"\/audio\/Tema%203\/ES\/18_Du%20er%20elsket%20og%20b%C3%B8r%20elske%20igjen_ES.mp3?_=1\" \/><a href=\"\/audio\/Tema%203\/ES\/18_Du%20er%20elsket%20og%20b%C3%B8r%20elske%20igjen_ES.mp3\">\/audio\/Tema%203\/ES\/18_Du%20er%20elsket%20og%20b%C3%B8r%20elske%20igjen_ES.mp3<\/a><\/audio>\n<p class=\"click-to-listen\">Click to listen to the speech.<\/p>\n\t\t<\/div>\n\t\t\t\t\t<\/div>\n\n\t\n<\/div>\n<div class=\"row align-center article article-excerpt\"  id=\"row-1699069892\">\n\n\t<div id=\"col-2044893176\" class=\"col small-12 large-12\"  >\n\t\t\t\t<div class=\"col-inner text-left\"  >\n\t\t\t\n\t\t\t\n<p>\u00bfEn qu\u00e9 consisten el cristianismo, la conversi\u00f3n, la salvaci\u00f3n y el Evangelio? \u00bfQu\u00e9 es lo que Dios quiere hacer con nosotros? \u00bf\u00bfDe qu\u00e9 se trata esto??<\/p>\n<p>Se trata de dos cuestiones fundamentales:<\/p>\n<ol>\n<li>De que Dios nos ama. \u00abDe tal manera am\u00f3 Dios al mundo que dio su hijo al mundo . . .\u00bb (Jn. 3. 16).<\/li>\n<li>Que debemos corresponderle con nuestro amor:<\/li>\n<\/ol>\n<p>\u00abNosotros le amamos porque \u00c9l nos am\u00f3 primero\u00bb. (1 Jn. 4. 19).<\/p>\n<p>\u00bfSe tratar\u00e1 acaso de alguna otra cosa? \u00a1No, de ninguna otra cosa! \u00a1Todo lo dem\u00e1s es el resultado inevitable de lo mencionado! \u00bfQui\u00e9n es el que nos ama con un amor inmenso y puro? Es Jesucristo. Lo ha demostrado poderosamente. \u00bfQui\u00e9nes son los que le corresponden? Naturalmente todos aquellos que se dan cuenta de que Su gran amor est\u00e1 por encima de todas las cosas.<\/p>\n<p>Por cuanto Dios te ama con amor perfecto, solo hay una cosa que desea hacer contigo, es hacerte el bien. Este es el \u00fanico pensamiento y plan que tiene para contigo. \u00a1Nada menos que eso!<\/p>\n<p>Cuando un hombre ama a una mujer de manera natural, desea hacerle el bien, darle regalos, etc., y a ella le agrada esta persona, su ser, ella va a corresponderle con su amor. Mientras esa relaci\u00f3n dure ella ser\u00e1, relativamente hablando, muy feliz en este mundo.&nbsp; \u00a1No obstante, tal felicidad es incomparable con la que se manifiesta al ser amados por Dios por medio de su perfecto y amado Hijo! \u00bfPor qu\u00e9?<\/p>\n<p>\u00a1Porque su amor es indescriptiblemente mayor! \u00a1Porque es mucho m\u00e1s abundante y poderoso! \u00a1Y sobre todo porque su naturaleza, su mente y su sentir son infinitamente mejores, m\u00e1s nobles y gloriosos en todos los sentidos!<\/p>\n<p>\u00bf \u00bf \u00bfTe das cuenta de lo que significa ser amados por \u00e9l? ? ?<\/p>\n<p>\u00a1Qu\u00e9 felicidad! \u00a1Qu\u00e9 grandeza! \u00a1Qu\u00e9 oferta! \u00a1No es de extra\u00f1ar que al Evangelio se le llame la buena nueva!<\/p>\n<p>\u00bfQui\u00e9n eres t\u00fa, querida alma, para \u00abrechazar tal oferta\u00bb? \u00bfO es que prefieres quedarte fuera de \u00c9l? \u00a1\u00c9l ha dado su vida por ti, padecido por ti, pagado por todos tus pecados y ha abierto un camino para salir de todo pecado y maldici\u00f3n para que puedas andar por \u00e9l! \u00abPorque tambi\u00e9n Cristo padeci\u00f3 una sola vez por los pecados, el justo por los injustos, para llevarnos a Dios\u2026\u00bb. (1 Pe.3. 18).<\/p>\n<p>\u00a1Confiesa tu pecado y \u00c9l te perdonar\u00e1 todo! 1 Jn. 1. 9.<\/p>\n<p>\u00a1Ora para recibir poder y \u00c9l te fortalecer\u00e1! Te dar\u00e1 fe, amor, esp\u00edritu y poder para hacer lo que es justo y bueno ante sus ojos, \u00a1y ser\u00e1s completa y continuamente feliz! Recibir\u00e1s todo lo necesario para poder llevar a cabo tus asuntos, para confesar y poner en orden las cosas que hiciste mal.<\/p>\n<p>&nbsp;<\/p>\n<p>Aquel que es rico en poder y bondad y que te ama te dar\u00e1 todo lo que necesitas, para que hagas aquello que todav\u00eda no puedes hacer, esto es hacer el bien y dejar de hacer el mal.<\/p>\n<p>\u00a1Ten amor para con \u00c9l! \u00a1\u00c9l te ama! \u00a1Dale el s\u00ed! \u00a1Corresp\u00f3ndele con tu amor! Entonces experimentar\u00e1s la inconcebible e indescriptible felicidad que su inmenso amor traer\u00e1 a tu coraz\u00f3n. &nbsp;<\/p>\n<p>No hay nada mejor que amar y ser amado. En especial cuando se trata de alguien que nos ama y nosotros amamos. \u00a1No le digas \u201cno\u201d! Jes\u00fas te est\u00e1 llamando.<\/p>\n\t\t<\/div>\n\t\t\t\t\t<\/div>\n\n\t\n\n\t<div id=\"col-917231901\" class=\"col copyright small-12 large-12\"  >\n\t\t\t\t<div class=\"col-inner text-left\"  >\n\t\t\t\n\t\t\t\n<div>\u00a9 Copyright Stiftelsen Skjulte Skatters Forlag<\/div>\n\t\t<\/div>\n\t\t\t\t\t<\/div>\n\n\t\n\n\t<div id=\"col-206258308\" class=\"col small-12 large-12\"  >\n\t\t\t\t<div class=\"col-inner text-left\"  >\n\t\t\t\n\t\t\t\n<div><a href=\"#\" class=\"read-more\">Lee m\u00e1s<\/a><\/div>\n\t\t<\/div>\n\t\t\t\t\t<\/div>\n\n\t\n\n\t<div id=\"col-928565591\" class=\"col small-12 large-12\"  >\n\t\t\t\t<div class=\"col-inner text-left\"  >\n\t\t\t\n\t\t\t\n<p class=\"next-previous-message\"><a class=\"previous\" href=\"\/es\/bible-studies\/theme-3\/commit-your-souls-to-the-faithful-creator\/\"><i class=\"icon-angle-left\"><\/i> Previous<\/a><a class=\"next\" href=\"\/es\/bible-studies\/theme-3\/judge-not\/\">Next <i class=\"icon-angle-right\"><\/i><\/a><\/p>\n\t\t<\/div>\n\t\t\t\t\t<\/div>\n\n\t\n<\/div>\n\t\t<\/div>\n\n\t\t\n<style>\n#section_603830278 {\n  padding-top: 0px;\n  padding-bottom: 0px;\n  margin-bottom: 0px;\n}\n@media (min-width:550px) {\n  #section_603830278 {\n    padding-top: 0px;\n    padding-bottom: 0px;\n  }\n}\n<\/style>\n\t<\/section>\n\t\n\n\t<section class=\"section food-for-thought\" id=\"section_1229780187\">\n\t\t<div class=\"section-bg fill\" >\n\t\t\t\t\t\t\t\t\t\n\t\t\t\n\n\t\t<\/div>\n\n\t\t\n\n\t\t<div class=\"section-content relative\">\n\t\t\t\n<div class=\"row align-center\"  id=\"row-745478468\">\n\n\t<div id=\"col-371059983\" class=\"col title small-12 large-12\"  >\n\t\t\t\t<div class=\"col-inner text-left dark\"  >\n\t\t\t\n\t\t\t\n<h2>Devotional<\/h2>\n\t\t<\/div>\n\t\t\t\t\t<\/div>\n\n\t\n\n\t<div id=\"col-480354655\" class=\"col small-12 large-12\"  >\n\t\t\t\t<div class=\"col-inner dark\"  >\n\t\t\t\n\t\t\t\n<p>Lee\/escucha el art\u00edculo \u201cT\u00fa eres amado y debes corresponder con amor\u201d. \u00bfQu\u00e9 significa para ti amar a Jes\u00fas de manera reciproca? Anota algunos puntos concretos.<\/p>\n<p class='info'>You have to <a href='\/login\/'>log in<\/a> if you want to save your answer.<\/p>\n\t\t<\/div>\n\t\t\t\t\t<\/div>\n\n\t\n<\/div>\n\t\t<\/div>\n\n\t\t\n<style>\n#section_1229780187 {\n  padding-top: 30px;\n  padding-bottom: 30px;\n  background-color: rgb(73, 92, 94);\n}\n<\/style>\n\t<\/section>\n\t\n","protected":false},"excerpt":{"rendered":"","protected":false},"author":5,"featured_media":0,"parent":12610,"menu_order":6,"comment_status":"closed","ping_status":"closed","template":"page-blank.php","meta":{"footnotes":""},"class_list":["post-13395","page","type-page","status-publish","hentry"],"aioseo_notices":[],"_links":{"self":[{"href":"https:\/\/words-of-faith.org\/es\/wp-json\/wp\/v2\/pages\/13395","targetHints":{"allow":["GET"]}}],"collection":[{"href":"https:\/\/words-of-faith.org\/es\/wp-json\/wp\/v2\/pages"}],"about":[{"href":"https:\/\/words-of-faith.org\/es\/wp-json\/wp\/v2\/types\/page"}],"author":[{"embeddable":true,"href":"https:\/\/words-of-faith.org\/es\/wp-json\/wp\/v2\/users\/5"}],"replies":[{"embeddable":true,"href":"https:\/\/words-of-faith.org\/es\/wp-json\/wp\/v2\/comments?post=13395"}],"version-history":[{"count":0,"href":"https:\/\/words-of-faith.org\/es\/wp-json\/wp\/v2\/pages\/13395\/revisions"}],"up":[{"embeddable":true,"href":"https:\/\/words-of-faith.org\/es\/wp-json\/wp\/v2\/pages\/12610"}],"wp:attachment":[{"href":"https:\/\/words-of-faith.org\/es\/wp-json\/wp\/v2\/media?parent=13395"}],"curies":[{"name":"wp","href":"https:\/\/api.w.org\/{rel}","templated":true}]}}