{"id":15516,"date":"2020-06-10T19:43:04","date_gmt":"2020-06-10T17:43:04","guid":{"rendered":"https:\/\/aslaksen.bcc.no\/?page_id=15516"},"modified":"2020-08-21T14:11:57","modified_gmt":"2020-08-21T12:11:57","slug":"la-valiosa-gracia-de-david","status":"publish","type":"page","link":"https:\/\/words-of-faith.org\/es\/bible-study\/tema-4\/la-valiosa-gracia-de-david\/","title":{"rendered":"La valiosa gracia de David"},"content":{"rendered":"\n\t<section class=\"section\" id=\"section_2051050588\">\n\t\t<div class=\"section-bg fill\" >\n\t\t\t\t\t\t\t\t\t\n\t\t\t\n\n\t\t<\/div>\n\n\t\t\n\n\t\t<div class=\"section-content relative\">\n\t\t\t\n<div class=\"row align-center\"  id=\"row-1888943358\">\n\n\t<div id=\"col-1020640049\" class=\"col small-12 large-12\"  >\n\t\t\t\t<div class=\"col-inner\"  >\n\t\t\t\n\t\t\t\n<p class=\"breadcrumbs\"><a href=\"..\/\">Theme 4<\/a> \/ Messages<\/p>\n<h1>La valiosa gracia de David<\/h1>\n<p class=\"article-date\">Tesoros Escondidos, publicado Abril 1985<\/p>\n<p class=\"article-author\">de Elias Aslaksen<\/p>\n\t\t<\/div>\n\t\t\t\t\t<\/div>\n\n\t\n\n<style>\n#row-1888943358 > .col > .col-inner {\n  padding: 30px 0px 0px 0px;\n}\n<\/style>\n<\/div>\n<div class=\"row align-center audio\"  id=\"row-1622154763\">\n\n\t<div id=\"col-831779495\" class=\"col small-12 large-12\"  >\n\t\t\t\t<div class=\"col-inner\"  >\n\t\t\t\n\t\t\t\n<!--[if lt IE 9]><script>document.createElement('audio');<\/script><![endif]-->\n<audio class=\"wp-audio-shortcode\" id=\"audio-15516-1\" preload=\"none\" style=\"width: 100%;\" controls=\"controls\"><source type=\"audio\/mpeg\" src=\"\/audio\/Tema%204\/ES\/24_ES_Davids%20rike%20n%C3%A5de%2C%20den%20visse.mp3?_=1\" \/><a href=\"\/audio\/Tema%204\/ES\/24_ES_Davids%20rike%20n%C3%A5de%2C%20den%20visse.mp3\">\/audio\/Tema%204\/ES\/24_ES_Davids%20rike%20n%C3%A5de%2C%20den%20visse.mp3<\/a><\/audio>\n<p class=\"click-to-listen\">Click to listen to the speech.<\/p>\n\t\t<\/div>\n\t\t\t\t\t<\/div>\n\n\t\n<\/div>\n<div class=\"row align-center article article-excerpt\"  id=\"row-1471911243\">\n\n\t<div id=\"col-159602742\" class=\"col small-12 large-12\"  >\n\t\t\t\t<div class=\"col-inner text-left\"  >\n\t\t\t\n\t\t\t\n<p>Hay dos cosas significativas acerca de esta gracia, que curiosamente se llama la gracia de David, la gran gracia que recibi\u00f3 David, la que fue capaz de convertirlo en un hombre seg\u00fan el coraz\u00f3n de Dios, que para llegar a serlo se necesita de algo extremo.<\/p>\n<p>Y toda la gracia activa que podemos obtener ahora en el tiempo del nuevo pacto, es desde luego, muchas veces mayor y m\u00e1s efectiva que la que se pod\u00eda obtener en el tiempo del antiguo pacto.<\/p>\n<p>Algo leg\u00edtimamente divino y absolutamente sin excepciones. Seg\u00fan Pedro y Santiago, solo podemos recibir esta gracia si somos verdaderamente humildes, y solo en la medida en que lo seamos.<\/p>\n<p>\u00a1Esto es cierto y verdadero en todos los sentidos! S\u00ed, \u00a1es lo m\u00e1s seguro de todo lo que es seguro! Y es tan cierto que el soberbio tenga a Dios como opositor, como lo es que el humilde reciba gracia. Esta es la ley natural de la vida, tanto en lo espiritual, como tambi\u00e9n en lo natural. Es la verdadera base para toda exaltaci\u00f3n y toda humillaci\u00f3n, seg\u00fan las propias palabras de Jes\u00fas: \u201cEl que se exalta a s\u00ed mismo ser\u00e1 humillado, y el que se humilla a s\u00ed mismo ser\u00e1 exaltado\u201d. S\u00ed, aun cuando uno no quiera esto. Porque es la firme resoluci\u00f3n de Dios, de acuerdo a su propio ser divino.<\/p>\n<p>\u00a1Obtendremos exactamente tanta rica y diversa gracia como humildes seamos! Y tan seguro y cierto ser\u00e1 esto, en la medida de que lo que tengamos sea realmente humildad en esp\u00edritu y verdad, y no un sustituto de humildad.<\/p>\n<p>Hay varias caracter\u00edsticas de la humildad. El humilde no objeta, ni explica, ni protesta, ni se opone, ni duda ni titubea en obedecer la Palabra de Dios y a sus superiores en este mundo, tanto en el lugar de trabajo como en la vida familiar. Tambi\u00e9n con gusto se deja uno amonestar y reprender. Y es bueno en guardar silencio, y no abrir la boca, o hablar sobre esto y aquello, y sobre eso y aquello, y hablar sobre cosas que uno realmente no entiende nada, porque a \u00e9l le gusta atenerse a lo humilde, lo bajo; s\u00ed, \u00e9l aprovecha la oportunidad para permanecer all\u00ed, porque all\u00ed hay paz sin fin.<\/p>\n<p>Sobre todo, el humilde se abstiene de juzgar y criticar a su pr\u00f3jimo, ya que, sin lugar a duda, el que lo hace se ha exaltado y se ha sentado indiscutiblemente en un trono de juicio. Los jueces, por cierto, se sientan ah\u00ed.<\/p>\n<p>Entonces uno est\u00e1 tan lejos de la humildad como el este del oeste. \u00a1Y as\u00ed de lejos estar\u00e1 tambi\u00e9n la verdadera gracia de Dios de tales personas!<\/p>\n<p>Mientras seas humilde, \u00a1est\u00e1s asegurado de por vida! Dios es clemente, compasivo y misericordioso con todos los hombres, excepto con los soberbios, con los altivos, arrogantes, sabios en su propia opini\u00f3n y con los envanecidos, \u00a1porque estos tienen a Dios como adversarios! \u00a1Pobres personas!<\/p>\n\t\t<\/div>\n\t\t\t\t\t<\/div>\n\n\t\n\n\t<div id=\"col-885816498\" class=\"col copyright small-12 large-12\"  >\n\t\t\t\t<div class=\"col-inner text-left\"  >\n\t\t\t\n\t\t\t\n<div>\u00a9 Copyright Stiftelsen Skjulte Skatters Forlag<\/div>\n\t\t<\/div>\n\t\t\t\t\t<\/div>\n\n\t\n\n\t<div id=\"col-581399021\" class=\"col small-12 large-12\"  >\n\t\t\t\t<div class=\"col-inner text-left\"  >\n\t\t\t\n\t\t\t\n<div><a href=\"#\" class=\"read-more\">Lee m\u00e1s<\/a><\/div>\n\t\t<\/div>\n\t\t\t\t\t<\/div>\n\n\t\n\n\t<div id=\"col-131972888\" class=\"col small-12 large-12\"  >\n\t\t\t\t<div class=\"col-inner text-left\"  >\n\t\t\t\n\t\t\t\n<p class=\"next-previous-message\"><a class=\"previous\" href=\"\/es\/bible-studies\/theme-4\/gods-method-of-working\/\"><i class=\"icon-angle-left\"><\/i> Previous<\/a><a class=\"next\" href=\"\/es\/bible-studies\/theme-4\/humility-is-everything\/\">Next <i class=\"icon-angle-right\"><\/i><\/a><\/p>\n\t\t<\/div>\n\t\t\t\t\t<\/div>\n\n\t\n<\/div>\n\t\t<\/div>\n\n\t\t\n<style>\n#section_2051050588 {\n  padding-top: 0px;\n  padding-bottom: 0px;\n  margin-bottom: 0px;\n}\n@media (min-width:550px) {\n  #section_2051050588 {\n    padding-top: 0px;\n    padding-bottom: 0px;\n  }\n}\n<\/style>\n\t<\/section>\n\t\n\n\t<section class=\"section food-for-thought\" id=\"section_1675747337\">\n\t\t<div class=\"section-bg fill\" >\n\t\t\t\t\t\t\t\t\t\n\t\t\t\n\n\t\t<\/div>\n\n\t\t\n\n\t\t<div class=\"section-content relative\">\n\t\t\t\n<div class=\"row align-center\"  id=\"row-365012679\">\n\n\t<div id=\"col-1763452811\" class=\"col title small-12 large-12\"  >\n\t\t\t\t<div class=\"col-inner text-left dark\"  >\n\t\t\t\n\t\t\t\n<h2>Devotional<\/h2>\n\t\t<\/div>\n\t\t\t\t\t<\/div>\n\n\t\n\n\t<div id=\"col-2029526157\" class=\"col small-12 large-12\"  >\n\t\t\t\t<div class=\"col-inner dark\"  >\n\t\t\t\n\t\t\t\n<p>En el art\u00edculo \u201cLa valiosa gracia de David\u201d, se deja muy en claro que Dios les resiste a los soberbios, pero le da gracia a los humildes. \u00bfPorque crees que esto es as\u00ed? \u00bfPuedes dar alg\u00fan ejemplo del d\u00eda a d\u00eda en donde Dios le da gracia al humilde?<\/p>\n<p class='info'>You have to <a href='\/login\/'>log in<\/a> if you want to save your answer.<\/p>\n\t\t<\/div>\n\t\t\t\t\t<\/div>\n\n\t\n<\/div>\n\t\t<\/div>\n\n\t\t\n<style>\n#section_1675747337 {\n  padding-top: 30px;\n  padding-bottom: 30px;\n  background-color: rgb(73, 92, 94);\n}\n<\/style>\n\t<\/section>\n\t\n","protected":false},"excerpt":{"rendered":"","protected":false},"author":5,"featured_media":0,"parent":15406,"menu_order":6,"comment_status":"closed","ping_status":"closed","template":"page-blank.php","meta":{"footnotes":""},"class_list":["post-15516","page","type-page","status-publish","hentry"],"aioseo_notices":[],"_links":{"self":[{"href":"https:\/\/words-of-faith.org\/es\/wp-json\/wp\/v2\/pages\/15516","targetHints":{"allow":["GET"]}}],"collection":[{"href":"https:\/\/words-of-faith.org\/es\/wp-json\/wp\/v2\/pages"}],"about":[{"href":"https:\/\/words-of-faith.org\/es\/wp-json\/wp\/v2\/types\/page"}],"author":[{"embeddable":true,"href":"https:\/\/words-of-faith.org\/es\/wp-json\/wp\/v2\/users\/5"}],"replies":[{"embeddable":true,"href":"https:\/\/words-of-faith.org\/es\/wp-json\/wp\/v2\/comments?post=15516"}],"version-history":[{"count":0,"href":"https:\/\/words-of-faith.org\/es\/wp-json\/wp\/v2\/pages\/15516\/revisions"}],"up":[{"embeddable":true,"href":"https:\/\/words-of-faith.org\/es\/wp-json\/wp\/v2\/pages\/15406"}],"wp:attachment":[{"href":"https:\/\/words-of-faith.org\/es\/wp-json\/wp\/v2\/media?parent=15516"}],"curies":[{"name":"wp","href":"https:\/\/api.w.org\/{rel}","templated":true}]}}