{"id":18344,"date":"2020-07-21T10:16:11","date_gmt":"2020-07-21T08:16:11","guid":{"rendered":"https:\/\/aslaksen.bcc.no\/?page_id=18344"},"modified":"2020-08-21T11:36:31","modified_gmt":"2020-08-21T09:36:31","slug":"cree-en-el-dios-de-los-milagros","status":"publish","type":"page","link":"https:\/\/words-of-faith.org\/es\/bible-study\/tema-1\/cree-en-el-dios-de-los-milagros\/","title":{"rendered":"Cree en el Dios de los milagros"},"content":{"rendered":"\n\t<section class=\"section\" id=\"section_298283028\">\n\t\t<div class=\"section-bg fill\" >\n\t\t\t\t\t\t\t\t\t\n\t\t\t\n\n\t\t<\/div>\n\n\t\t\n\n\t\t<div class=\"section-content relative\">\n\t\t\t\n<div class=\"row align-center\"  id=\"row-1107608317\">\n\n\t<div id=\"col-35660697\" class=\"col small-12 large-12\"  >\n\t\t\t\t<div class=\"col-inner\"  >\n\t\t\t\n\t\t\t\n<p class=\"breadcrumbs\"><a href=\"..\/\">Theme 1<\/a> \/ Messages<\/p>\n<h1>\u201c\u2026ya no vivo yo\u2026\u201d<\/h1>\n<p class=\"article-date\">Skjulte Skatter, publisert februar 1963<\/p>\n<p class=\"article-author\">av Elias Aslaksen<\/p>\n\t\t<\/div>\n\t\t\t\t\t<\/div>\n\n\t\n\n<style>\n#row-1107608317 > .col > .col-inner {\n  padding: 30px 0px 0px 0px;\n}\n<\/style>\n<\/div>\n<div class=\"row align-center audio\"  id=\"row-1339059793\">\n\n\t<div id=\"col-595321355\" class=\"col small-12 large-12\"  >\n\t\t\t\t<div class=\"col-inner\"  >\n\t\t\t\n\t\t\t\n<!--[if lt IE 9]><script>document.createElement('audio');<\/script><![endif]-->\n<audio class=\"wp-audio-shortcode\" id=\"audio-18344-1\" preload=\"none\" style=\"width: 100%;\" controls=\"controls\"><source type=\"audio\/mpeg\" src=\"\/audio\/Tema%202\/es\/9_jeg%20lever%20ikke%20lenger%20selv_ES.mp3?_=1\" \/><a href=\"\/audio\/Tema%202\/es\/9_jeg%20lever%20ikke%20lenger%20selv_ES.mp3\">\/audio\/Tema%202\/es\/9_jeg%20lever%20ikke%20lenger%20selv_ES.mp3<\/a><\/audio>\n<p class=\"click-to-listen\">Click to listen to the speech.<\/p>\n\t\t<\/div>\n\t\t\t\t\t<\/div>\n\n\t\n<\/div>\n<div class=\"row align-center article article-excerpt\"  id=\"row-2022930811\">\n\n\t<div id=\"col-706027586\" class=\"col small-12 large-12\"  >\n\t\t\t\t<div class=\"col-inner text-left\"  >\n\t\t\t\n\t\t\t\n<p><strong>\u201c\u2026ya no vivo yo\u2026\u201d&nbsp;G\u00e1. 2. 20<\/strong><\/p>\n<p>\u00bfQu\u00e9 milagro tan grande tiene que haber sucedido para poder escribir esto en verdad, mientras que uno a\u00fan vive en esta tierra?<\/p>\n<p>\u00bfC\u00f3mo puedo seguir pecando si yo mismo ya no vivo? \u00bfC\u00f3mo puede uno entonces estar enojado, ofendido, amargado, insatisfecho, desagradecido, tener algo contra alguien, robar, mentir, preocuparse, ser vanaglorioso, re\u00f1ir, discutir, desanimarse, estar ofendido, ser vanidoso, orgulloso o presumido?<\/p>\n<p>\u00a1S\u00ed, resp\u00f3ndeme a eso! \u00bfC\u00f3mo puede alguien que ya no vive hacer da\u00f1o? \u00a1Un humano pecar\u00e1 mientras viva! \u00bfC\u00f3mo puedo reclamar algo para m\u00ed si yo mismo ya no vivo?<\/p>\n<p>Si no quiero renunciar a todo y morir con Cristo, entonces tengo que seguir pecando.<\/p>\n<p>Ese \u201c\u2026no puede pecar, porque es nacido de Dios. \u201d es lo mismo que: no puede pecar, porque est\u00e1 muerto con Cristo = porque ya no vive \u00e9l mismo. (1 Jn. 3. 9).<\/p>\n<p>\u00bfC\u00f3mo no amar cuando Cristo vive en m\u00ed? G\u00e1 2. 20. \u00bfC\u00f3mo puedo hacer injusticia si Cristo vive en m\u00ed?<\/p>\n<p>\u00a1Cristo y el pecado consciente no pueden estar en m\u00ed al mismo tiempo! Si Cristo est\u00e1 en m\u00ed, entonces el pecado estar\u00e1 fuera de mi coraz\u00f3n. Si el pecado est\u00e1 en mi coraz\u00f3n, entonces Cristo estar\u00e1 afuera. Esa es exactamente la raz\u00f3n por la que \u00c9l puede estar llamando a la puerta del coraz\u00f3n de las personas convertidas, como est\u00e1 escrito en Ap. 3. 20.<\/p>\n<p>Desafortunadamente, la mayor\u00eda de las personas contin\u00faan viviendo ellas mismas, pues es cierto que la mayor\u00eda de las personas pueden cometer este y aquel pecado, incluso de vez en cuando los pecados m\u00e1s graves, como, por ejemplo: \u00a1mentir o tener a algo contra alguien!<\/p>\n<p>\u00bfC\u00f3mo puedo yo seguir defendi\u00e9ndome a m\u00ed mismo y a lo propio, seguir justific\u00e1ndome a m\u00ed mismo, si estoy muerto?<\/p>\n<p>\u00bfC\u00f3mo puedes ser ego\u00edsta si ya no est\u00e1s viviendo t\u00fa mismo? \u00bfC\u00f3mo puede uno estar muy interesado en los objetos de uso diario, en la ropa y en los colores agradables, si uno est\u00e1 muerto? \u00bfY qu\u00e9 inter\u00e9s puede tener el difunto de lo que la gente diga y piense de \u00e9l? S\u00ed, \u00a1Resp\u00f3ndeme!<\/p>\n<p>\u00bfY qu\u00e9 dolor puede causarme cuando alguien me hace da\u00f1o en la tierra si yo mismo he muerto a esto? \u00bfY qu\u00e9 gran alegr\u00eda puede significar al difunto si recibe muchos pagos? Si, \u00a1Dime!<\/p>\n<p>&nbsp;<\/p>\n<p>Nadie puede decir, con raz\u00f3n, que ya no se tiene una voluntad propia, pero puede ser que por la gran gracia de Dios parezca que no la tiene. \u00bfC\u00f3mo puedo amar las cosas que hay en el mundo cuando he muerto a ellas?<\/p>\n<p>Dice en una canci\u00f3n: \u201cNo viva yo, no viva yo, mas t\u00fa vive en m\u00ed\u201d \u00bfSer\u00e1 esto cierto contigo?<\/p>\n<p>\u00a1Por lo general quiere uno muchas cosas!<\/p>\n<p>Un muerto, uno que ya no vive \u00e9l mismo, no tiene nada m\u00e1s que perder, ya que de hecho se apart\u00f3 de todo (apartado por la muerte).<\/p>\n<p>Pero quien vive \u00e9l mismo tienen mucho por cuidar. Puede salir de muchos contratiempos, sufrir muchas p\u00e9rdidas y ser acosado por sus semejantes. Pero desafortunadamente todo eso no llega a perturbar su vida, como se suele afirmar. Sin embargo, \u00e9l tendr\u00eda la oportunidad de perderla voluntariamente.<\/p>\n<p>\u00a1Y entonces suceder\u00eda el gran milagro de que acabe con todas sus penas e innecesarios problemas! \u00a1Maravilloso! \u00a1Entonces todo habr\u00eda sido una ganancia, sea de una manera o de la otra!<\/p>\n<p>\u201c\u2026para que nosotros, estando muertos a los pecados\u2026\u201d (1 Pe. 2. 24). \u201c\u2026los que hemos muerto al pecado\u2026\u201d. (Ro. 6. 2). \u201c\u2026si hab\u00e9is muerto con Cristo\u2026\u201d (Col. 2. 20).<\/p>\n<p>\u00bfNunca has escuchado esto?<\/p>\n<p>Ahora tenemos que preguntarnos: \u00bfqu\u00e9 es lo que se necesita para lograr este estado indescriptiblemente maravilloso? Dos cosas: En primer lugar, que uno realmente quiera morir a s\u00ed mismo y a todo lo propio. Y, en segundo lugar, una fe personal de que hemos muerto junto con Cristo cuando \u00e9l muri\u00f3 en la cruz del Calvario. Primero, querer esto hace que uno pueda creer. Segundo, que uno crea lo hace realidad.&nbsp;&nbsp;&nbsp;<\/p>\n<p>&nbsp;<\/p>\n<p>Tu El\u00edas Aslaksen.<\/p>\n<p>&nbsp;<\/p>\n\t\t<\/div>\n\t\t\t\t\t<\/div>\n\n\t\n\n\t<div id=\"col-1848330809\" class=\"col copyright small-12 large-12\"  >\n\t\t\t\t<div class=\"col-inner text-left\"  >\n\t\t\t\n\t\t\t\n<div>\u00a9 Copyright Stiftelsen Skjulte Skatters Forlag<\/div>\n\t\t<\/div>\n\t\t\t\t\t<\/div>\n\n\t\n\n\t<div id=\"col-753538724\" class=\"col small-12 large-12\"  >\n\t\t\t\t<div class=\"col-inner text-left\"  >\n\t\t\t\n\t\t\t\n<div><a href=\"#\" class=\"read-more\">Lee mas<\/a><\/div>\n\t\t<\/div>\n\t\t\t\t\t<\/div>\n\n\t\n\n\t<div id=\"col-449087924\" class=\"col small-12 large-12\"  >\n\t\t\t\t<div class=\"col-inner text-left\"  >\n\t\t\t\n\t\t\t\n<p class=\"next-previous-message\"><a class=\"previous\" href=\"\/es\/bible-studies\/theme-1\/god-is-truthful\/\"><i class=\"icon-angle-left\"><\/i> Previous<\/a><a class=\"next\" href=\"\/es\/bible-studies\/theme-1\/his-name-is-wonder\/\">Next <i class=\"icon-angle-right\"><\/i><\/a><\/p>\n\t\t<\/div>\n\t\t\t\t\t<\/div>\n\n\t\n<\/div>\n\t\t<\/div>\n\n\t\t\n<style>\n#section_298283028 {\n  padding-top: 0px;\n  padding-bottom: 0px;\n  margin-bottom: 0px;\n}\n@media (min-width:550px) {\n  #section_298283028 {\n    padding-top: 0px;\n    padding-bottom: 0px;\n  }\n}\n<\/style>\n\t<\/section>\n\t\n\n\t<section class=\"section food-for-thought\" id=\"section_216871750\">\n\t\t<div class=\"section-bg fill\" >\n\t\t\t\t\t\t\t\t\t\n\t\t\t\n\n\t\t<\/div>\n\n\t\t\n\n\t\t<div class=\"section-content relative\">\n\t\t\t\n<div class=\"row align-center\"  id=\"row-995825359\">\n\n\t<div id=\"col-1145513185\" class=\"col title small-12 large-12\"  >\n\t\t\t\t<div class=\"col-inner text-left dark\"  >\n\t\t\t\n\t\t\t\n<h2>Devotional<\/h2>\n\t\t<\/div>\n\t\t\t\t\t<\/div>\n\n\t\n\n\t<div id=\"col-735714458\" class=\"col small-12 large-12\"  >\n\t\t\t\t<div class=\"col-inner dark\"  >\n\t\t\t\n\t\t\t\n<p>\u00bfQu\u00e9 crees T\u00da que es lo m\u00e1s importante que Aslaksen desea transmitir en su mensaje &#8220;Fe en el Dios de los milagros&#8221;?<\/p>\n<ul class=\"question-answers\">\n<li>Yo necesito un milagro en mi vida, independientemente de c\u00f3mo han sido las cosas antes<\/li>\n<li>Hay esperanza para todos los que creen en el Dios de los milagros<\/li>\n<li>No hay nada que sea imposible cuando tenemos a Dios de nuestro lado<\/li>\n<\/ul>\n<p class='info'>You have to <a href='\/login\/'>log in<\/a> if you want to save your answer.<\/p>\n\t\t<\/div>\n\t\t\t\t\t<\/div>\n\n\t\n<\/div>\n\t\t<\/div>\n\n\t\t\n<style>\n#section_216871750 {\n  padding-top: 30px;\n  padding-bottom: 30px;\n  background-color: rgb(73, 92, 94);\n}\n<\/style>\n\t<\/section>\n\t\n","protected":false},"excerpt":{"rendered":"","protected":false},"author":5,"featured_media":0,"parent":8275,"menu_order":0,"comment_status":"closed","ping_status":"closed","template":"page-blank.php","meta":{"footnotes":""},"class_list":["post-18344","page","type-page","status-publish","hentry"],"aioseo_notices":[],"_links":{"self":[{"href":"https:\/\/words-of-faith.org\/es\/wp-json\/wp\/v2\/pages\/18344","targetHints":{"allow":["GET"]}}],"collection":[{"href":"https:\/\/words-of-faith.org\/es\/wp-json\/wp\/v2\/pages"}],"about":[{"href":"https:\/\/words-of-faith.org\/es\/wp-json\/wp\/v2\/types\/page"}],"author":[{"embeddable":true,"href":"https:\/\/words-of-faith.org\/es\/wp-json\/wp\/v2\/users\/5"}],"replies":[{"embeddable":true,"href":"https:\/\/words-of-faith.org\/es\/wp-json\/wp\/v2\/comments?post=18344"}],"version-history":[{"count":0,"href":"https:\/\/words-of-faith.org\/es\/wp-json\/wp\/v2\/pages\/18344\/revisions"}],"up":[{"embeddable":true,"href":"https:\/\/words-of-faith.org\/es\/wp-json\/wp\/v2\/pages\/8275"}],"wp:attachment":[{"href":"https:\/\/words-of-faith.org\/es\/wp-json\/wp\/v2\/media?parent=18344"}],"curies":[{"name":"wp","href":"https:\/\/api.w.org\/{rel}","templated":true}]}}