{"id":18409,"date":"2020-07-21T10:28:57","date_gmt":"2020-07-21T08:28:57","guid":{"rendered":"https:\/\/aslaksen.bcc.no\/?page_id=18409"},"modified":"2020-08-21T11:45:31","modified_gmt":"2020-08-21T09:45:31","slug":"ve-y-como-creiste-te-sea-hecho","status":"publish","type":"page","link":"https:\/\/words-of-faith.org\/es\/bible-study\/tema-1\/ve-y-como-creiste-te-sea-hecho\/","title":{"rendered":"Ve, y como cre\u00edste, te sea hecho"},"content":{"rendered":"\n\t<section class=\"section\" id=\"section_1643081563\">\n\t\t<div class=\"section-bg fill\" >\n\t\t\t\t\t\t\t\t\t\n\t\t\t\n\n\t\t<\/div>\n\n\t\t\n\n\t\t<div class=\"section-content relative\">\n\t\t\t\n<div class=\"row align-center\"  id=\"row-548407836\">\n\n\t<div id=\"col-42760646\" class=\"col small-12 large-12\"  >\n\t\t\t\t<div class=\"col-inner\"  >\n\t\t\t\n\t\t\t\n<p class=\"breadcrumbs\"><a href=\"..\/\">Theme 1<\/a> \/ Messages<\/p>\n<h1>La ley fundamental de la vida divina<\/h1>\n<p class=\"article-date\">Tesoros Escondidos, publicado Febrero de 1932<\/p>\n<p class=\"article-author\">de Elias Aslaksen<\/p>\n\t\t<\/div>\n\t\t\t\t\t<\/div>\n\n\t\n\n<style>\n#row-548407836 > .col > .col-inner {\n  padding: 30px 0px 0px 0px;\n}\n<\/style>\n<\/div>\n<div class=\"row align-center audio\"  id=\"row-1309939737\">\n\n\t<div id=\"col-832260396\" class=\"col small-12 large-12\"  >\n\t\t\t\t<div class=\"col-inner\"  >\n\t\t\t\n\t\t\t\n<!--[if lt IE 9]><script>document.createElement('audio');<\/script><![endif]-->\n<audio class=\"wp-audio-shortcode\" id=\"audio-18409-1\" preload=\"none\" style=\"width: 100%;\" controls=\"controls\"><source type=\"audio\/mpeg\" src=\"\/audio\/Tema%204\/ES\/20_ES_Guds-livets%20grunnlov.mp3?_=1\" \/><a href=\"\/audio\/Tema%204\/ES\/20_ES_Guds-livets%20grunnlov.mp3\">\/audio\/Tema%204\/ES\/20_ES_Guds-livets%20grunnlov.mp3<\/a><\/audio>\n<p class=\"click-to-listen\">Click to listen to the speech.<\/p>\n\t\t<\/div>\n\t\t\t\t\t<\/div>\n\n\t\n<\/div>\n<div class=\"row align-center article article-excerpt\"  id=\"row-1684924588\">\n\n\t<div id=\"col-1519241730\" class=\"col small-12 large-12\"  >\n\t\t\t\t<div class=\"col-inner text-left\"  >\n\t\t\t\n\t\t\t\n<p>\u201cMas Dios es el juez; a \u00e9ste humilla, y a aqu\u00e9l enaltece.\u201d (Sal. 75. 7). \u201cAs\u00ed que no depende del que quiere, ni del que corre, sino de Dios que tiene misericordia\u2026 De manera que de quien quiere, tiene misericordia, y al que quiere endurecer, endurece.\u201d (Ro. 9. 16 y 18). \u201cEl que se enaltece ser\u00e1 humillado, y el que se humilla ser\u00e1 enaltecido.\u201d (Mt. 23. 12). \u201cIgualmente, j\u00f3venes, estad sujetos a los ancianos; y todos, sumisos unos a otros, revest\u00edos de humildad; porque: Dios resiste a los soberbios, y da gracia a los humildes.\u201d (1 P. 5. 5). \u201cHumillaos delante del Se\u00f1or, y \u00e9l os exaltar\u00e1.\u201d (Stg. 4. 10). \u201cAntes que fuera yo humillado, descarriado andaba; mas ahora guardo tu palabra. Bueno me es haber sido humillado, para que aprenda tus estatutos. Conozco, oh, Jehov\u00e1, que tus juicios son justos, que conforme a tu fidelidad me afligiste (trad. nor: me humillaste).\u201d (Sal. 119. 67, 71, 75).<\/p>\n<p>Dios no hace nada por casualidad, ni humilla ni exalta, ni endurece ni bendice, no hace que uno fracase o tenga \u00e9xito. Siempre, y en todas las ocasiones y con todas las personas hace las cosas conforme a leyes definidas.<\/p>\n<p>La ley principal es la ley de la humildad. \u00bfQu\u00e9 es la humildad realmente? No se encuentra en gemidos ni en frases bonitas. Humillarse significa tener auto reconocimiento y tomar su justo lugar conforme a ese reconocimiento. Por ejemplo: Cuando el joven se sujeta al anciano, entonces es humilde, porque reconoce su juventud y se posiciona bajo el anciano.<\/p>\n<p>En las citas b\u00edblicas mencionadas arriba se habla acerca de dos grados principales de humildad. I. Humillarse a s\u00ed mismo. II. Ser humillado. La humildad va a la par con el amor a la verdad. La verdad es que uno regularmente y en todas las \u00e1reas est\u00e1 demasiado arriba. Por amor a la verdad (2 Tes. 2. 10) uno lo admite, y de esa forma uno se somete y se humilla a s\u00ed mismo, de acuerdo a la luz de la verdad de las Escrituras que brilla. Esto se puede hacer en un testimonio o de otra forma.<\/p>\n<p>La humildad de primera clase consiste en juzgarse a s\u00ed mismo voluntariamente (1 Co. 11. 31-32) y humillarse a s\u00ed mismo, de propia iniciativa. La humildad de segunda clase consiste en reconocer cuando uno es humillado por Dios, y cuando uno es juzgado personalmente a trav\u00e9s de otras personas o a trav\u00e9s de un acontecimiento de una u otra forma. Es decir, que en ese caso se necesita una ayuda especial para poder ser humilde. Sin esa ayuda uno no podr\u00eda reconocer su propia maldad. Cuando la luz brilla en la reuni\u00f3n sin que sea dirigida hacia cierta persona, uno no encuentra que esa luz toca algo de mi persona. Uno requiere una ayuda, de una u otra forma, para descubrirlo.<\/p>\n<p>En el mejor de los casos uno se ubica m\u00e1s atr\u00e1s, porque reconoce que es su lugar debido. En el segundo caso uno se sienta m\u00e1s adelante; pero cuando el anfitri\u00f3n explica a esa persona que su lugar est\u00e1 m\u00e1s atr\u00e1s, se averg\u00fcenza y se sienta de inmediato atr\u00e1s.<\/p>\n<p>Si tarda en hacerlo, podemos decir que demuestra una humildad de tercera. Y si uno no reconoce ni se deja humillar por nada, demuestra altivez y orgullo. Entonces no se recibe nada de gracia, ninguna ayuda, y nada de salvaci\u00f3n.<\/p>\n<p>Todo eso se trata de realidades, de hechos. Adem\u00e1s de todo eso tenemos un tipo m\u00e1s de humildad, el cual es la falsa humildad, humildad fingida. Esa consiste en palabras, en el tono y en la expresi\u00f3n de la cara, y tiene una apariencia de humildad. Pero cuando est\u00e1 a prueba y la realidad sale a la luz, entonces se demuestra que solamente era una actuaci\u00f3n.<\/p>\n<p>Humillarse a s\u00ed mismo significa que uno mismo toma su justo lugar.<\/p>\n<p>Ser humillado significa que uno est\u00e1 de acuerdo cuando otros me colocan en mi debido lugar. Ser orgulloso significa defender y querer guardar el lugar que uno tom\u00f3 indebidamente.<\/p>\n<p>Elias Aslaksen.<\/p>\n\t\t<\/div>\n\t\t\t\t\t<\/div>\n\n\t\n\n\t<div id=\"col-1368396837\" class=\"col copyright small-12 large-12\"  >\n\t\t\t\t<div class=\"col-inner text-left\"  >\n\t\t\t\n\t\t\t\n<div>\u00a9 Copyright Stiftelsen Skjulte Skatters Forlag<\/div>\n\t\t<\/div>\n\t\t\t\t\t<\/div>\n\n\t\n\n\t<div id=\"col-781254751\" class=\"col small-12 large-12\"  >\n\t\t\t\t<div class=\"col-inner text-left\"  >\n\t\t\t\n\t\t\t\n<div><a href=\"#\" class=\"read-more\">Lee m\u00e1s<\/a><\/div>\n\t\t<\/div>\n\t\t\t\t\t<\/div>\n\n\t\n\n\t<div id=\"col-160185113\" class=\"col small-12 large-12\"  >\n\t\t\t\t<div class=\"col-inner text-left\"  >\n\t\t\t\n\t\t\t\n<p class=\"next-previous-message\"><a class=\"previous\" href=\"\/es\/bible-studies\/theme-1\/his-name-is-wonder\/\"><i class=\"icon-angle-left\"><\/i> Previous<\/a><a class=\"next\" href=\"\/es\/bible-studies\/theme-1\/rejoice-in-hope\/\">Next <i class=\"icon-angle-right\"><\/i><\/a><\/p>\n\t\t<\/div>\n\t\t\t\t\t<\/div>\n\n\t\n<\/div>\n\t\t<\/div>\n\n\t\t\n<style>\n#section_1643081563 {\n  padding-top: 0px;\n  padding-bottom: 0px;\n  margin-bottom: 0px;\n}\n@media (min-width:550px) {\n  #section_1643081563 {\n    padding-top: 0px;\n    padding-bottom: 0px;\n  }\n}\n<\/style>\n\t<\/section>\n\t\n\n\t<section class=\"section food-for-thought\" id=\"section_1879401920\">\n\t\t<div class=\"section-bg fill\" >\n\t\t\t\t\t\t\t\t\t\n\t\t\t\n\n\t\t<\/div>\n\n\t\t\n\n\t\t<div class=\"section-content relative\">\n\t\t\t\n<div class=\"row align-center\"  id=\"row-115155755\">\n\n\t<div id=\"col-1912382195\" class=\"col title small-12 large-12\"  >\n\t\t\t\t<div class=\"col-inner text-left dark\"  >\n\t\t\t\n\t\t\t\n<h2>Devotional<\/h2>\n\t\t<\/div>\n\t\t\t\t\t<\/div>\n\n\t\n\n\t<div id=\"col-1215321257\" class=\"col small-12 large-12\"  >\n\t\t\t\t<div class=\"col-inner dark\"  >\n\t\t\t\n\t\t\t\n<p>Busca una cita b\u00edblica del art\u00edculo &#8220;As\u00ed como crees, te sea hecho&#8221;. \u00bfPorqu\u00e9 crees que Aslaksen nombr\u00f3 justamente este verso?<\/p>\n<p class='info'>You have to <a href='\/login\/'>log in<\/a> if you want to save your answer.<\/p>\n\t\t<\/div>\n\t\t\t\t\t<\/div>\n\n\t\n<\/div>\n\t\t<\/div>\n\n\t\t\n<style>\n#section_1879401920 {\n  padding-top: 30px;\n  padding-bottom: 30px;\n  background-color: rgb(73, 92, 94);\n}\n<\/style>\n\t<\/section>\n\t\n","protected":false},"excerpt":{"rendered":"","protected":false},"author":5,"featured_media":0,"parent":8275,"menu_order":2,"comment_status":"closed","ping_status":"closed","template":"page-blank.php","meta":{"footnotes":""},"class_list":["post-18409","page","type-page","status-publish","hentry"],"aioseo_notices":[],"_links":{"self":[{"href":"https:\/\/words-of-faith.org\/es\/wp-json\/wp\/v2\/pages\/18409","targetHints":{"allow":["GET"]}}],"collection":[{"href":"https:\/\/words-of-faith.org\/es\/wp-json\/wp\/v2\/pages"}],"about":[{"href":"https:\/\/words-of-faith.org\/es\/wp-json\/wp\/v2\/types\/page"}],"author":[{"embeddable":true,"href":"https:\/\/words-of-faith.org\/es\/wp-json\/wp\/v2\/users\/5"}],"replies":[{"embeddable":true,"href":"https:\/\/words-of-faith.org\/es\/wp-json\/wp\/v2\/comments?post=18409"}],"version-history":[{"count":0,"href":"https:\/\/words-of-faith.org\/es\/wp-json\/wp\/v2\/pages\/18409\/revisions"}],"up":[{"embeddable":true,"href":"https:\/\/words-of-faith.org\/es\/wp-json\/wp\/v2\/pages\/8275"}],"wp:attachment":[{"href":"https:\/\/words-of-faith.org\/es\/wp-json\/wp\/v2\/media?parent=18409"}],"curies":[{"name":"wp","href":"https:\/\/api.w.org\/{rel}","templated":true}]}}