{"id":18441,"date":"2020-07-21T10:34:18","date_gmt":"2020-07-21T08:34:18","guid":{"rendered":"https:\/\/aslaksen.bcc.no\/?page_id=18441"},"modified":"2020-08-21T11:49:08","modified_gmt":"2020-08-21T09:49:08","slug":"se-gozoso-en-la-esperanza","status":"publish","type":"page","link":"https:\/\/words-of-faith.org\/es\/bible-study\/tema-1\/se-gozoso-en-la-esperanza\/","title":{"rendered":"S\u00e9 gozoso en la esperanza"},"content":{"rendered":"\n\t<section class=\"section\" id=\"section_1504608040\">\n\t\t<div class=\"section-bg fill\" >\n\t\t\t\t\t\t\t\t\t\n\t\t\t\n\n\t\t<\/div>\n\n\t\t\n\n\t\t<div class=\"section-content relative\">\n\t\t\t\n<div class=\"row align-center\"  id=\"row-1185953868\">\n\n\t<div id=\"col-1951904226\" class=\"col small-12 large-12\"  >\n\t\t\t\t<div class=\"col-inner\"  >\n\t\t\t\n\t\t\t\n<p class=\"breadcrumbs\"><a href=\"..\/\">Theme 1<\/a> \/ Messages<\/p>\n<h1>De solo mentiras\u2026 a solo verdad<\/h1>\n<p class=\"article-date\">Tesoros Escondidos, publicado Junio \u200b\u200b1985<\/p>\n<p class=\"article-author\">de Elias Aslaksen<\/p>\n\t\t<\/div>\n\t\t\t\t\t<\/div>\n\n\t\n\n<style>\n#row-1185953868 > .col > .col-inner {\n  padding: 30px 0px 0px 0px;\n}\n<\/style>\n<\/div>\n<div class=\"row align-center audio\"  id=\"row-776200952\">\n\n\t<div id=\"col-1282010027\" class=\"col small-12 large-12\"  >\n\t\t\t\t<div class=\"col-inner\"  >\n\t\t\t\n\t\t\t\n<!--[if lt IE 9]><script>document.createElement('audio');<\/script><![endif]-->\n<audio class=\"wp-audio-shortcode\" id=\"audio-18441-1\" preload=\"none\" style=\"width: 100%;\" controls=\"controls\"><source type=\"audio\/mpeg\" src=\"\/audio\/Tema%204\/ES\/21_ES_Fra%20bare%20l%C3%B8gn%20til%20bare%20sannhet.mp3?_=1\" \/><a href=\"\/audio\/Tema%204\/ES\/21_ES_Fra%20bare%20l%C3%B8gn%20til%20bare%20sannhet.mp3\">\/audio\/Tema%204\/ES\/21_ES_Fra%20bare%20l%C3%B8gn%20til%20bare%20sannhet.mp3<\/a><\/audio>\n<p class=\"click-to-listen\">Click to listen to the speech.<\/p>\n\t\t<\/div>\n\t\t\t\t\t<\/div>\n\n\t\n<\/div>\n<div class=\"row align-center article article-excerpt\"  id=\"row-2145906450\">\n\n\t<div id=\"col-1059083560\" class=\"col small-12 large-12\"  >\n\t\t\t\t<div class=\"col-inner text-left\"  >\n\t\t\t\n\t\t\t\n<p>\u00a1Qu\u00e9 salvaci\u00f3n! \u00a1Qu\u00e9 transformaci\u00f3n! \u00a1Qu\u00e9 desarrollo! \u00a1Qu\u00e9 llamamiento! \u00a1\u00a1\u00a1Qu\u00e9 amor tan absolutamente indescriptible que Dios tiene por nosotros, que \u00c9l realmente quiere hacer una obra asombrosamente grande, gloriosa y divina en todo aquel que sinceramente cree en todas las Palabras de vida sobre esto en el Nuevo Testamento!!!<\/p>\n<p>\u00abSolo mentira son los hijos del hombre\u00bb (trad. noruega) As\u00ed es como nosotros mismos, estamos destruidos por el pecado. \u00abDios veraz y todo hombre mentiroso\u00bb Jes\u00fas dijo: \u00ab\u00a1Yo soy la verdad!\u00bb (Ro. 3. 4 y Jn. 14. 6). Nuestro llamamiento celestial es llegar a ser como \u00c9l, ahora aqu\u00ed en el tiempo de gracia, es decir, convertirse en la verdad, \u00a1solo verdad en la vida diaria, en todos los sentidos! Y aqu\u00ed la palabra en Isa\u00edas 53 calza en el m\u00e1s alto grado: \u00ab\u00bfQui\u00e9n ha cre\u00eddo a nuestro anuncio?\u00bb<\/p>\n<p>\u00a1Pero alabado sea Dios para todo aquel que verdaderamente recibe una fe viva en las palabras de Jes\u00fas y las palabras de los ap\u00f3stoles! Porque por fe habr\u00e1 \u00e9xito. Esto es lo mismo que ser salvado de la hipocres\u00eda en todo tipo de formas, \u00a1porque la hipocres\u00eda es una mentira! Lee en Lc. 12. 1.&nbsp; Hipocres\u00eda es querer aparentar, por todas las formas, ser mejor que lo uno realmente es. \u00a1Entonces es una actuaci\u00f3n! \u00a1Espect\u00e1culo = actuar! \u00a1Entonces obtienes honor por algo que no eres en verdad, en lugar de protestar en nombre de toda verdad!<\/p>\n<p>Tambi\u00e9n coincide eso con: enga\u00f1o, falsedad y deshonestidad. Esta escrito de Jes\u00fas como algo extragrande, que en \u00c9l no hubo enga\u00f1o. \u00a1Porque \u00c9l era la verdad!<\/p>\n<p>\u00a1Uno puede mentir de varias maneras, no solo con mentiras directas y brutales y con astucia! Desafortunadamente, lo com\u00fan es ocultar su maldad y su falta de felicidad. \u00a1Y tener un gran temor de que alguien se entere! \u00a1Entonces estar\u00e1 uno ocupado en defenderse y excusarse, seg\u00fan todas las reglas del arte, en lugar de acceder al verdadero juicio de la luz!<\/p>\n<p>\u00bfDe qu\u00e9 tiene uno tanto miedo? S\u00ed, de descender frente a los ojos de los hombres. \u00a1Pero es que solo descender\u00e1s en los ojos de la gente necia! \u00a1Humillarse, descender, es la virtud m\u00e1s recompensable que se pueda encontrar! \u00a1Entonces subes en estima a los ojos de Dios!<\/p>\n<p>\u00a1As\u00ed que temer humillarte es una locura espiritual!<\/p>\n<p>\u00a1Esta es tambi\u00e9n la raz\u00f3n por la que muchos no piden perd\u00f3n a las personas, sea por una o por la otra cosa! \u00a1A pesar del hecho de tener buenas razones para ello y de que eso crear\u00eda felicidad en sus interiores! \u00a1En verdad! La meta es: \u00a1Solo la verdad!<\/p>\n\t\t<\/div>\n\t\t\t\t\t<\/div>\n\n\t\n\n\t<div id=\"col-52813675\" class=\"col copyright small-12 large-12\"  >\n\t\t\t\t<div class=\"col-inner text-left\"  >\n\t\t\t\n\t\t\t\n<div>\u00a9 Copyright Stiftelsen Skjulte Skatters Forlag<\/div>\n\t\t<\/div>\n\t\t\t\t\t<\/div>\n\n\t\n\n\t<div id=\"col-2044113257\" class=\"col small-12 large-12\"  >\n\t\t\t\t<div class=\"col-inner text-left\"  >\n\t\t\t\n\t\t\t\n<div><a href=\"#\" class=\"read-more\">Lee m\u00e1s<\/a><\/div>\n\t\t<\/div>\n\t\t\t\t\t<\/div>\n\n\t\n\n\t<div id=\"col-1853444025\" class=\"col small-12 large-12\"  >\n\t\t\t\t<div class=\"col-inner text-left\"  >\n\t\t\t\n\t\t\t\n<p class=\"next-previous-message\"><a class=\"previous\" href=\"\/es\/bible-studies\/theme-1\/as-you-have-believed-so-let-it-be-done-for-you\/\"><i class=\"icon-angle-left\"><\/i> Previous<\/a><a class=\"next\" href=\"\/es\/bible-studies\/theme-1\/believe-like-abraham-did\/\">Next <i class=\"icon-angle-right\"><\/i><\/a><\/p>\n\t\t<\/div>\n\t\t\t\t\t<\/div>\n\n\t\n<\/div>\n\t\t<\/div>\n\n\t\t\n<style>\n#section_1504608040 {\n  padding-top: 0px;\n  padding-bottom: 0px;\n  margin-bottom: 0px;\n}\n@media (min-width:550px) {\n  #section_1504608040 {\n    padding-top: 0px;\n    padding-bottom: 0px;\n  }\n}\n<\/style>\n\t<\/section>\n\t\n\n\t<section class=\"section food-for-thought\" id=\"section_1384458175\">\n\t\t<div class=\"section-bg fill\" >\n\t\t\t\t\t\t\t\t\t\n\t\t\t\n\n\t\t<\/div>\n\n\t\t\n\n\t\t<div class=\"section-content relative\">\n\t\t\t\n<div class=\"row align-center\"  id=\"row-452296927\">\n\n\t<div id=\"col-1858173413\" class=\"col title small-12 large-12\"  >\n\t\t\t\t<div class=\"col-inner text-left dark\"  >\n\t\t\t\n\t\t\t\n<h2>Devotional<\/h2>\n\t\t<\/div>\n\t\t\t\t\t<\/div>\n\n\t\n\n\t<div id=\"col-204860200\" class=\"col small-12 large-12\"  >\n\t\t\t\t<div class=\"col-inner dark\"  >\n\t\t\t\n\t\t\t\n<p>Aslaksen dice en el mensaje &#8220;Sed gozosos en la esperanza&#8221;, que la esperanza lo es todo. \u00bfQu\u00e9 crees T\u00da que es lo que \u00e9l quiere decir con esto?<\/p>\n<p class='info'>You have to <a href='\/login\/'>log in<\/a> if you want to save your answer.<\/p>\n\t\t<\/div>\n\t\t\t\t\t<\/div>\n\n\t\n<\/div>\n\t\t<\/div>\n\n\t\t\n<style>\n#section_1384458175 {\n  padding-top: 30px;\n  padding-bottom: 30px;\n  background-color: rgb(73, 92, 94);\n}\n<\/style>\n\t<\/section>\n\t\n","protected":false},"excerpt":{"rendered":"","protected":false},"author":5,"featured_media":0,"parent":8275,"menu_order":3,"comment_status":"closed","ping_status":"closed","template":"page-blank.php","meta":{"footnotes":""},"class_list":["post-18441","page","type-page","status-publish","hentry"],"aioseo_notices":[],"_links":{"self":[{"href":"https:\/\/words-of-faith.org\/es\/wp-json\/wp\/v2\/pages\/18441","targetHints":{"allow":["GET"]}}],"collection":[{"href":"https:\/\/words-of-faith.org\/es\/wp-json\/wp\/v2\/pages"}],"about":[{"href":"https:\/\/words-of-faith.org\/es\/wp-json\/wp\/v2\/types\/page"}],"author":[{"embeddable":true,"href":"https:\/\/words-of-faith.org\/es\/wp-json\/wp\/v2\/users\/5"}],"replies":[{"embeddable":true,"href":"https:\/\/words-of-faith.org\/es\/wp-json\/wp\/v2\/comments?post=18441"}],"version-history":[{"count":0,"href":"https:\/\/words-of-faith.org\/es\/wp-json\/wp\/v2\/pages\/18441\/revisions"}],"up":[{"embeddable":true,"href":"https:\/\/words-of-faith.org\/es\/wp-json\/wp\/v2\/pages\/8275"}],"wp:attachment":[{"href":"https:\/\/words-of-faith.org\/es\/wp-json\/wp\/v2\/media?parent=18441"}],"curies":[{"name":"wp","href":"https:\/\/api.w.org\/{rel}","templated":true}]}}