{"id":18505,"date":"2020-07-21T10:48:00","date_gmt":"2020-07-21T08:48:00","guid":{"rendered":"https:\/\/aslaksen.bcc.no\/?page_id=18505"},"modified":"2020-08-21T11:57:23","modified_gmt":"2020-08-21T09:57:23","slug":"dios-es-veraz","status":"publish","type":"page","link":"https:\/\/words-of-faith.org\/es\/bible-study\/tema-1\/dios-es-veraz\/","title":{"rendered":"Dios es veraz"},"content":{"rendered":"\n\t<section class=\"section\" id=\"section_1409840918\">\n\t\t<div class=\"section-bg fill\" >\n\t\t\t\t\t\t\t\t\t\n\t\t\t\n\n\t\t<\/div>\n\n\t\t\n\n\t\t<div class=\"section-content relative\">\n\t\t\t\n<div class=\"row align-center\"  id=\"row-698343747\">\n\n\t<div id=\"col-327296310\" class=\"col small-12 large-12\"  >\n\t\t\t\t<div class=\"col-inner\"  >\n\t\t\t\n\t\t\t\n<p class=\"breadcrumbs\"><a href=\"..\/\">Theme 1<\/a> \/ Messages<\/p>\n<h1>El m\u00e9todo de trabajo de Dios<\/h1>\n<p class=\"article-date\">Tesoros Escondidos, publicado Abril de 1958<\/p>\n<p class=\"article-author\">de Elias Aslaksen<\/p>\n\t\t<\/div>\n\t\t\t\t\t<\/div>\n\n\t\n\n<style>\n#row-698343747 > .col > .col-inner {\n  padding: 30px 0px 0px 0px;\n}\n<\/style>\n<\/div>\n<div class=\"row align-center audio\"  id=\"row-1657227903\">\n\n\t<div id=\"col-499426836\" class=\"col small-12 large-12\"  >\n\t\t\t\t<div class=\"col-inner\"  >\n\t\t\t\n\t\t\t\n<!--[if lt IE 9]><script>document.createElement('audio');<\/script><![endif]-->\n<audio class=\"wp-audio-shortcode\" id=\"audio-18505-1\" preload=\"none\" style=\"width: 100%;\" controls=\"controls\"><source type=\"audio\/mpeg\" src=\"\/audio\/Tema%204\/ES\/23_ES_Guds%20arbeidsmetode.mp3?_=1\" \/><a href=\"\/audio\/Tema%204\/ES\/23_ES_Guds%20arbeidsmetode.mp3\">\/audio\/Tema%204\/ES\/23_ES_Guds%20arbeidsmetode.mp3<\/a><\/audio>\n<p class=\"click-to-listen\">Click to listen to the speech.<\/p>\n\t\t<\/div>\n\t\t\t\t\t<\/div>\n\n\t\n<\/div>\n<div class=\"row align-center article article-excerpt\"  id=\"row-817707494\">\n\n\t<div id=\"col-1601905682\" class=\"col small-12 large-12\"  >\n\t\t\t\t<div class=\"col-inner text-left\"  >\n\t\t\t\n\t\t\t\n<p>El m\u00e9todo de trabajo de Dios es, en lo esencial, siempre el mismo. Y esto es tambi\u00e9n lo m\u00e1s adecuado, ya que todos los hombres tienen las mismas inclinaciones, la de envanecerse y de recibir pensamientos altivos de s\u00ed mismos; ellos mismos toman para s\u00ed el honor de lo que Dios, en su gran gracia, ha obrado en ellos y por medio de ellos.<\/p>\n<p>Precisamente por eso su firme plan y m\u00e9todo de trabajo consiste en impedir todo esto. Y de esta manera su trabajo se encamina a quebrantarnos seg\u00fan la carne y a hacernos descender lo suficiente en nuestros propios ojos. Por ejemplo, haciendo una u otra cosa nos salga mal, retir\u00e1ndose a s\u00ed mismo y retirando su gracia en ciertas ocasiones, para que as\u00ed gustemos el fruto de nuestros caminos, el fruto de nuestra propia fortaleza y raz\u00f3n.<\/p>\n<p>De esa forma seremos humillados, y recibimos lastre en el barco de nuestra vida. As\u00ed podremos soportar un viaje en velero en medio de todo tipo de climas mar\u00edtimos sin naufragar, y para que as\u00ed lleguemos en buenas condiciones al puerto eterno.<\/p>\n<p>Su voluntad amorosa y buena es que seamos exaltados juntamente con \u00c9l, y precisamente por esa raz\u00f3n tiene que quebrantarnos bastante, para que posteriormente podamos tolerar ser enaltecidos sin tomar la honra para nosotros mismos.<\/p>\n<p>Esto lo lleva \u00e9l a cabo con un coraz\u00f3n y una mano firme, y de ninguna manera se deja influenciar ni lo m\u00ednimo por nuestra falta de entendimiento acerca de su m\u00e9todo de trabajo.<\/p>\n<p>\u00a1Honra, honra, honra sea a su nombre!<\/p>\n<p>Elias Aslaksen<\/p>\n\t\t<\/div>\n\t\t\t\t\t<\/div>\n\n\t\n\n\t<div id=\"col-1844408937\" class=\"col copyright small-12 large-12\"  >\n\t\t\t\t<div class=\"col-inner text-left\"  >\n\t\t\t\n\t\t\t\n<div>\u00a9 Copyright Stiftelsen Skjulte Skatters Forlag<\/div>\n\t\t<\/div>\n\t\t\t\t\t<\/div>\n\n\t\n\n\t<div id=\"col-343976130\" class=\"col small-12 large-12\"  >\n\t\t\t\t<div class=\"col-inner text-left\"  >\n\t\t\t\n\t\t\t\n<div><a href=\"#\" class=\"read-more\">Lee m\u00e1s<\/a><\/div>\n\t\t<\/div>\n\t\t\t\t\t<\/div>\n\n\t\n\n\t<div id=\"col-1982860682\" class=\"col small-12 large-12\"  >\n\t\t\t\t<div class=\"col-inner text-left\"  >\n\t\t\t\n\t\t\t\n<p class=\"next-previous-message\"><a class=\"previous\" href=\"\/es\/bible-studies\/theme-1\/believe-like-abraham-did\/\"><i class=\"icon-angle-left\"><\/i> Previous<\/a><a class=\"next\" href=\"\/es\/bible-studies\/theme-1\/believe-in-the-god-of-miracles\/\">Next <i class=\"icon-angle-right\"><\/i><\/a><\/p>\n\t\t<\/div>\n\t\t\t\t\t<\/div>\n\n\t\n<\/div>\n\t\t<\/div>\n\n\t\t\n<style>\n#section_1409840918 {\n  padding-top: 0px;\n  padding-bottom: 0px;\n  margin-bottom: 0px;\n}\n@media (min-width:550px) {\n  #section_1409840918 {\n    padding-top: 0px;\n    padding-bottom: 0px;\n  }\n}\n<\/style>\n\t<\/section>\n\t\n\n\t<section class=\"section food-for-thought\" id=\"section_21314863\">\n\t\t<div class=\"section-bg fill\" >\n\t\t\t\t\t\t\t\t\t\n\t\t\t\n\n\t\t<\/div>\n\n\t\t\n\n\t\t<div class=\"section-content relative\">\n\t\t\t\n<div class=\"row align-center\"  id=\"row-1223604938\">\n\n\t<div id=\"col-2087246665\" class=\"col title small-12 large-12\"  >\n\t\t\t\t<div class=\"col-inner text-left dark\"  >\n\t\t\t\n\t\t\t\n<h2>Devotional<\/h2>\n\t\t<\/div>\n\t\t\t\t\t<\/div>\n\n\t\n\n\t<div id=\"col-1190172950\" class=\"col small-12 large-12\"  >\n\t\t\t\t<div class=\"col-inner dark\"  >\n\t\t\t\n\t\t\t\n<p>Lee o escucha el art\u00edculo &#8220;Dios es ver\u00e1z&#8221;: Encuentra en la b\u00edblia una promesa en la que no hayas pensado antes, y anota la cita b\u00edblica en el campo aqu\u00ed abajo; y si lo deseas, tambi\u00e9n puedes anotar lo que suceder\u00e1 personalmente contigo si crees exactamente as\u00ed como est\u00e1 escrito. \u00bfPuedes encontrar en la cita alguna condici\u00f3n enlazada a la promesa?<\/p>\n<p class='info'>You have to <a href='\/login\/'>log in<\/a> if you want to save your answer.<\/p>\n\t\t<\/div>\n\t\t\t\t\t<\/div>\n\n\t\n<\/div>\n\t\t<\/div>\n\n\t\t\n<style>\n#section_21314863 {\n  padding-top: 30px;\n  padding-bottom: 30px;\n  background-color: rgb(73, 92, 94);\n}\n<\/style>\n\t<\/section>\n\t\n","protected":false},"excerpt":{"rendered":"","protected":false},"author":5,"featured_media":0,"parent":8275,"menu_order":5,"comment_status":"closed","ping_status":"closed","template":"page-blank.php","meta":{"footnotes":""},"class_list":["post-18505","page","type-page","status-publish","hentry"],"aioseo_notices":[],"_links":{"self":[{"href":"https:\/\/words-of-faith.org\/es\/wp-json\/wp\/v2\/pages\/18505","targetHints":{"allow":["GET"]}}],"collection":[{"href":"https:\/\/words-of-faith.org\/es\/wp-json\/wp\/v2\/pages"}],"about":[{"href":"https:\/\/words-of-faith.org\/es\/wp-json\/wp\/v2\/types\/page"}],"author":[{"embeddable":true,"href":"https:\/\/words-of-faith.org\/es\/wp-json\/wp\/v2\/users\/5"}],"replies":[{"embeddable":true,"href":"https:\/\/words-of-faith.org\/es\/wp-json\/wp\/v2\/comments?post=18505"}],"version-history":[{"count":0,"href":"https:\/\/words-of-faith.org\/es\/wp-json\/wp\/v2\/pages\/18505\/revisions"}],"up":[{"embeddable":true,"href":"https:\/\/words-of-faith.org\/es\/wp-json\/wp\/v2\/pages\/8275"}],"wp:attachment":[{"href":"https:\/\/words-of-faith.org\/es\/wp-json\/wp\/v2\/media?parent=18505"}],"curies":[{"name":"wp","href":"https:\/\/api.w.org\/{rel}","templated":true}]}}