{"id":24431,"date":"2020-07-31T09:19:25","date_gmt":"2020-07-31T07:19:25","guid":{"rendered":"https:\/\/words-of-faith.org\/acerca-de-nosotros\/"},"modified":"2020-10-05T09:22:02","modified_gmt":"2020-10-05T07:22:02","slug":"acerca-de-nosotros","status":"publish","type":"page","link":"https:\/\/words-of-faith.org\/es\/acerca-de-nosotros\/","title":{"rendered":"Acerca de nosotros"},"content":{"rendered":"\n\t<section class=\"section\" id=\"section_863353733\">\n\t\t<div class=\"section-bg fill\" >\n\t\t\t\t\t\t\t\t\t\n\t\t\t\n\n\t\t<\/div>\n\n\t\t\n\n\t\t<div class=\"section-content relative\">\n\t\t\t\n<div class=\"row align-center\"  id=\"row-1507649715\">\n\n\t<div id=\"col-378240725\" class=\"col small-12 large-12\"  >\n\t\t\t\t<div class=\"col-inner\"  >\n\t\t\t\n\t\t\t\n<h1>Acerca de nosotros<\/h1>\n\n\t\t<div class=\"tabbed-content\">\n\t\t\t\n\t\t\t<ul class=\"nav nav-simple nav-normal nav-size-normal nav-left\" role=\"tablist\"><li id=\"tab-palabras-de-fe\" class=\"tab active has-icon\" role=\"presentation\"><a href=\"#tab_palabras-de-fe\" role=\"tab\" aria-selected=\"true\" aria-controls=\"tab_palabras-de-fe\"><span>Palabras de fe<\/span><\/a><\/li>\n<li id=\"tab-acerca-de-elias-aslaksen\" class=\"tab has-icon\" role=\"presentation\"><a href=\"#tab_acerca-de-elias-aslaksen\" tabindex=\"-1\" role=\"tab\" aria-selected=\"false\" aria-controls=\"tab_acerca-de-elias-aslaksen\"><span>Acerca de Elias Aslaksen<\/span><\/a><\/li>\n<li id=\"tab-acerca-de-cristianismoactivo\" class=\"tab has-icon\" role=\"presentation\"><a href=\"#tab_acerca-de-cristianismoactivo\" tabindex=\"-1\" role=\"tab\" aria-selected=\"false\" aria-controls=\"tab_acerca-de-cristianismoactivo\"><span>Acerca de CristianismoActivo<\/span><\/a><\/li><\/ul><div class=\"tab-panels\"><div id=\"tab_palabras-de-fe\" class=\"panel active entry-content\" role=\"tabpanel\" aria-labelledby=\"tab-palabras-de-fe\">\n<h2>Words of Faith<\/h2>\n<p style=\"text-align: center;\"><img loading=\"lazy\" decoding=\"async\" class=\"aligncenter wp-image-24434\" src=\"https:\/\/words-of-faith.org\/wp-content\/uploads\/2020\/04\/EA-Logo-Final-7-275x400.png\" alt=\"\" width=\"150\" height=\"219\" \/><\/p>\n<p>\u201cFaith in the Word of Life is the greatest power that exists in the universe.\u201d This quote from Elias Aslaksen sums up his life and teaching. <\/p>\n<p>\u201cWords of faith\u201d is a Bible study resource centered on the written and spoken messages of Elias Aslaksen. His preaching adhered 100% to the Word of God and obedience to the faith. He believed in a life of victory over sin and full transformation into the image of Christ, just as the Bible speaks about in many places, and His faith was in an Almighty God who has all power in heaven and on earth to make this life fully possible for each one who believes. <\/p>\n<p>It\u2019s written about Paul that he was a teacher of the Gentiles in faith and truth, and this is the pattern that Elias Aslaksen\u2019s teaching followed. First to believe that the Word is true and good in every way. Then, with a personal, living faith, to live according to it. <\/p>\n<p>Through the spirit of faith shared in the messages and Bible studies on this website, faith for living such an overcoming life can be born and strengthened in every heart that is willing to fight the good fight of faith and lay hold on eternal life!<\/p>\n<\/div>\n<div id=\"tab_acerca-de-elias-aslaksen\" class=\"panel entry-content\" role=\"tabpanel\" aria-labelledby=\"tab-acerca-de-elias-aslaksen\">\n<h2>Acerca de Elias Aslaksen (1888-1976)<\/h2>\n<p><img loading=\"lazy\" decoding=\"async\" class=\"alignnone size-medium wp-image-23822\" src=\"https:\/\/words-of-faith.org\/wp-content\/uploads\/2020\/09\/about-elias-aslaksen-632x400.png\" alt=\"\" width=\"632\" height=\"400\"><\/p>\n<p>Pablo escribi\u00f3 en Filipenses 3. 7-8: &#8220;Pero cuantas cosas eran para m\u00ed ganancia, las he estimado como p\u00e9rdida por amor de Cristo. Y ciertamente, aun estimo todas las cosas como p\u00e9rdida por la excelencia del conocimiento de Cristo Jes\u00fas, mi Se\u00f1or, por amor del cual lo he perdido todo, y lo tengo por basura, para ganar a Cristo.&#8221;<\/p>\n<figure id=\"attachment_23790\" aria-describedby=\"caption-attachment-23790\" style=\"width: 154px\" class=\"wp-caption alignright\"><img loading=\"lazy\" decoding=\"async\" class=\"wp-image-23790\" src=\"https:\/\/words-of-faith.org\/wp-content\/uploads\/2020\/09\/elias-aslaksen-early-twenties-258x400.png\" alt=\"\" width=\"154\" height=\"239\"><figcaption id=\"caption-attachment-23790\" class=\"wp-caption-text\">Elias Aslaksen in his early twenties, as first lieutenant. He was a very intelligent young man, but he gave up his career in the navy because he was gripped of Jesus Christ.<\/figcaption><\/figure>\n<p>Esas palabras resonaron de la vida de Elias Aslaksen. \u00c9l era un joven excepcionalmente talentoso con una educaci\u00f3n y carrera prometedora, siendo el mejor cadete en toda la historia de la fuerza naval de Noruega. Pero todo eso lo rechaz\u00f3 para proseguir &#8220;al premio del supremo llamamiento de Dios en Cristo Jes\u00fas.&#8221; (Filipenses 3. 14.) Entreg\u00f3 toda su vida para la promoci\u00f3n del evangelio, tanto por obediencia a la fe en su vida personal, como tambi\u00e9n por predicar incansablemente la palabra de la fe en muchos lugares en todo el mundo durante muchos a\u00f1os.  <\/p>\n<p>Tanto su extensa lista de mensajes escritas, como tambi\u00e9n sus predicaciones estaban basadas en fidelidad al 100% a la Palabra de Dios. Probablemente es por eso que a\u00fan hoy d\u00eda, m\u00e1s de 40 a\u00f1os despu\u00e9s de su muerte, sus mensajes son tan cortantes y poderosos. No hablaba sin ir al grano, sino habl\u00f3 la Palabra de Dios clara y directamente, tal como lo experimentaba en su propia vida.  <\/p>\n<figure id=\"attachment_23806\" aria-describedby=\"caption-attachment-23806\" style=\"width: 632px\" class=\"wp-caption alignnone\"><img loading=\"lazy\" decoding=\"async\" class=\"wp-image-23806 size-medium\" src=\"https:\/\/words-of-faith.org\/wp-content\/uploads\/2020\/09\/elias-aslaksen-preaching-632x400.png\" alt=\"\" width=\"632\" height=\"400\"><figcaption id=\"caption-attachment-23806\" class=\"wp-caption-text\">Elias Aslaksen preaching at an open-air meeting<\/figcaption><\/figure>\n<p>Anunci\u00f3 un evangelio de una vida victoriosa sobre el pecado. Por medio de su ministerio y su ense\u00f1anza naci\u00f3 la fe en muchos corazones, pero a\u00fan m\u00e1s por su vida. Ten\u00eda una fe tan viva en Dios, que cuando habl\u00f3 en el Esp\u00edritu de fe, casi era imposible no ser fortificado. Ten\u00eda un don especial para hablar de una manera que sus oyentes quedaron pegados en sus sillas, y cuando hablaba, los oyentes creyeron que era posible para ellos llegar a una vida en victoria sobre el pecado.   <\/p>\n<figure id=\"attachment_23758\" aria-describedby=\"caption-attachment-23758\" style=\"width: 632px\" class=\"wp-caption alignnone\"><img loading=\"lazy\" decoding=\"async\" class=\"size-medium wp-image-23758\" src=\"https:\/\/words-of-faith.org\/wp-content\/uploads\/2020\/09\/elias-aslaksen-brilliant-speaker-632x400.png\" alt=\"\" width=\"632\" height=\"400\"><figcaption id=\"caption-attachment-23758\" class=\"wp-caption-text\">Aslaksen was a brilliant speaker, and was able to articulate things in such a way that people were glued to their seats.<\/figcaption><\/figure>\n<p>Era una persona c\u00e1lida y de buen coraz\u00f3n, lleno de amor y bondad. La gente fue atra\u00edda por \u00e9l como las moscas son atra\u00eddas por la miel, por causa de la atm\u00f3sfera de vida que irradiaba, pero siempre juntaba hacia la Cabeza. Amaba juntarse con j\u00f3venes para conversar sobre la Palabra de Dios, y cuando comenzaba pod\u00eda hablar por una o dos horas. Era fiel a la verdad, pero siempre permaneci\u00f3 en el amor. Por eso pudo exhortar y motivar, y siempre ten\u00eda algo para dar de parte de Dios para bendecir a los dem\u00e1s.    <\/p>\n<figure id=\"attachment_23774\" aria-describedby=\"caption-attachment-23774\" style=\"width: 632px\" class=\"wp-caption alignnone\"><img loading=\"lazy\" decoding=\"async\" class=\"size-medium wp-image-23774\" src=\"https:\/\/words-of-faith.org\/wp-content\/uploads\/2020\/09\/elias-aslaksen-good-atmosphere-632x400.png\" alt=\"\" width=\"632\" height=\"400\"><figcaption id=\"caption-attachment-23774\" class=\"wp-caption-text\">Where Aslaksen was, there was always a good atmosphere.<\/figcaption><\/figure>\n<p>Sus ense\u00f1anzas siguen cobrando vida en sus mensajes que nos dej\u00f3, y muchos han sido fortificados en su fe por medio de sus palabras. Esperamos que t\u00fa tambi\u00e9n seas fortificado y motivado para pelear la buena batalla de la fe por causa del contenido de esta p\u00e1gina web. <\/p>\n<figure id=\"attachment_23742\" aria-describedby=\"caption-attachment-23742\" style=\"width: 632px\" class=\"wp-caption alignnone\"><img loading=\"lazy\" decoding=\"async\" class=\"size-medium wp-image-23742\" src=\"https:\/\/words-of-faith.org\/wp-content\/uploads\/2020\/09\/elias-aslaksen-active-writer-632x400.png\" alt=\"\" width=\"632\" height=\"400\"><figcaption id=\"caption-attachment-23742\" class=\"wp-caption-text\">Aslaksen was a very active writer, who in the course of his life wrote hundreds of letters, articles, pamphlets, books and songs.<\/figcaption><\/figure>\n<figure id=\"attachment_23726\" aria-describedby=\"caption-attachment-23726\" style=\"width: 318px\" class=\"wp-caption alignnone\"><img loading=\"lazy\" decoding=\"async\" class=\"size-medium wp-image-23726\" src=\"https:\/\/words-of-faith.org\/wp-content\/uploads\/2020\/09\/elias-aslaksen-70-years-318x400.png\" alt=\"\" width=\"318\" height=\"400\"><figcaption id=\"caption-attachment-23726\" class=\"wp-caption-text\">Elias Aslaksen, about 70 years old.<\/figcaption><\/figure>\n<\/div>\n<div id=\"tab_acerca-de-cristianismoactivo\" class=\"panel entry-content\" role=\"tabpanel\" aria-labelledby=\"tab-acerca-de-cristianismoactivo\">\n<h2>Acerca de CristianismoActivo<\/h2>\n<p><em>Para informaci\u00f3n m\u00e1s detallada acerca de CristianismoActivo, visita la p\u00e1gina oficial de <a href=\"https:\/\/activechristianity.org\" target=\"_blank\" rel=\"noopener noreferrer\">cristianismoactivo.org<\/a>.<\/em><\/p>\n<p>CristianismoActivo.org de Brunstad Christian Church explora como la Palabra de Dios nos desaf\u00eda y capacita a vivir al 100% de acuerdo a Su voluntad, para que ya no tengamos que caer en pecado, sino llegar a una vida en victoria.<\/p>\n<\/div><\/div><\/div>\n\t\t<\/div>\n\t\t\t\t\n<style>\n#col-378240725 > .col-inner {\n  margin: 0px 0px 20px 0px;\n}\n<\/style>\n\t<\/div>\n\n\t\n\n<style>\n#row-1507649715 > .col > .col-inner {\n  padding: 30px 0px 0px 0px;\n}\n<\/style>\n<\/div>\n\t\t<\/div>\n\n\t\t\n<style>\n#section_863353733 {\n  padding-top: 0px;\n  padding-bottom: 0px;\n}\n@media (min-width:550px) {\n  #section_863353733 {\n    padding-top: 30px;\n    padding-bottom: 30px;\n  }\n}\n<\/style>\n\t<\/section>\n\t\n","protected":false},"excerpt":{"rendered":"","protected":false},"author":5,"featured_media":0,"parent":0,"menu_order":0,"comment_status":"closed","ping_status":"closed","template":"page-blank.php","meta":{"footnotes":""},"class_list":["post-24431","page","type-page","status-publish","hentry"],"aioseo_notices":[],"_links":{"self":[{"href":"https:\/\/words-of-faith.org\/es\/wp-json\/wp\/v2\/pages\/24431","targetHints":{"allow":["GET"]}}],"collection":[{"href":"https:\/\/words-of-faith.org\/es\/wp-json\/wp\/v2\/pages"}],"about":[{"href":"https:\/\/words-of-faith.org\/es\/wp-json\/wp\/v2\/types\/page"}],"author":[{"embeddable":true,"href":"https:\/\/words-of-faith.org\/es\/wp-json\/wp\/v2\/users\/5"}],"replies":[{"embeddable":true,"href":"https:\/\/words-of-faith.org\/es\/wp-json\/wp\/v2\/comments?post=24431"}],"version-history":[{"count":0,"href":"https:\/\/words-of-faith.org\/es\/wp-json\/wp\/v2\/pages\/24431\/revisions"}],"wp:attachment":[{"href":"https:\/\/words-of-faith.org\/es\/wp-json\/wp\/v2\/media?parent=24431"}],"curies":[{"name":"wp","href":"https:\/\/api.w.org\/{rel}","templated":true}]}}