{"id":10756,"date":"2020-05-14T20:00:25","date_gmt":"2020-05-14T18:00:25","guid":{"rendered":"https:\/\/aslaksen.bcc.no\/?page_id=10756"},"modified":"2020-08-21T12:03:55","modified_gmt":"2020-08-21T10:03:55","slug":"itsensa-kieltaminen","status":"publish","type":"page","link":"https:\/\/words-of-faith.org\/fi\/bible-study\/teema-2\/itsensa-kieltaminen\/","title":{"rendered":"Itsens\u00e4 kielt\u00e4minen"},"content":{"rendered":"\n\t<section class=\"section\" id=\"section_1872791857\">\n\t\t<div class=\"section-bg fill\" >\n\t\t\t\t\t\t\t\t\t\n\t\t\t\n\n\t\t<\/div>\n\n\t\t\n\n\t\t<div class=\"section-content relative\">\n\t\t\t\n<div class=\"row align-center\"  id=\"row-1077034517\">\n\n\t<div id=\"col-1779579548\" class=\"col small-12 large-12\"  >\n\t\t\t\t<div class=\"col-inner\"  >\n\t\t\t\n\t\t\t\n<p class=\"breadcrumbs\"><a href=\"..\/\">Theme 2<\/a> \/ Messages<\/p>\n<h1>Itsens\u00e4 kielt\u00e4minen<\/h1>\n<p class=\"article-date\">Taleutdrag fra januar 1973<\/p>\n<p class=\"article-author\">av Elias Aslaksen<\/p>\n\t\t<\/div>\n\t\t\t\t\t<\/div>\n\n\t\n\n<style>\n#row-1077034517 > .col > .col-inner {\n  padding: 30px 0px 0px 0px;\n}\n<\/style>\n<\/div>\n<div class=\"row align-center audio\"  id=\"row-1841007158\">\n\n\t<div id=\"col-2013643583\" class=\"col small-12 large-12\"  >\n\t\t\t\t<div class=\"col-inner\"  >\n\t\t\t\n\t\t\t\n<!--[if lt IE 9]><script>document.createElement('audio');<\/script><![endif]-->\n<audio class=\"wp-audio-shortcode\" id=\"audio-10756-1\" preload=\"none\" style=\"width: 100%;\" controls=\"controls\"><source type=\"audio\/mpeg\" src=\"\/audio\/Tema%202\/fi\/7%20T%20-%201973-01-E.Aslaksen-Fornekte%20seg%20selv-2.mp3?_=1\" \/><a href=\"\/audio\/Tema%202\/fi\/7%20T%20-%201973-01-E.Aslaksen-Fornekte%20seg%20selv-2.mp3\">\/audio\/Tema%202\/fi\/7%20T%20-%201973-01-E.Aslaksen-Fornekte%20seg%20selv-2.mp3<\/a><\/audio>\n<p class=\"click-to-listen\">Click to listen to the speech.<\/p>\n\t\t<\/div>\n\t\t\t\t\t<\/div>\n\n\t\n<\/div>\n<div class=\"row align-center article article-excerpt\"  id=\"row-892551570\">\n\n\t<div id=\"col-1429378738\" class=\"col small-12 large-12\"  >\n\t\t\t\t<div class=\"col-inner text-left\"  >\n\t\t\t\n\t\t\t\n<p>Til \u00e5 begynne med, og vanligvis, og til slutt ogs\u00e5 for de fleste, s\u00e5 har de det med det at mange vanskeligheter og mange hindringer \u2013 og den er slik og den er slik, og den har gjort det og den har sakt det og det er s\u00e5 mange vanskeligheter.<\/p>\n<p>Det er ikke sant, det er ikke riktig. Det er rivsruskende galt. Og det st\u00e5r her i dette ordet. Men det er det \u2013 en er s\u00e5 overfladisk, og derfor ser en det ikke.<\/p>\n<p>Det st\u00e5r ikke det om noen vil komme etter meg, da m\u00e5 han greie opp med alle vanskeligheter og alle forhold \u2013 da m\u00e5 han fornekte seg selv, st\u00e5r det. Alts\u00e5, det er et herlig korn. Det finnes bare en vanskelighet under solen, det finnes bare en hindring under solen, det finnes bare et eneste problem og et eneste kompleks, og det er oss selv. Kortere og greiere og enklere kan det ikke bli.<\/p>\n<p>Og derav f\u00f8lger den setningen: at den som har overvunnet seg selv, han har overvunnet alt som finnes. Alts\u00e5 alt sammen best\u00e5r i det. De verste beklager seg over sine vanskeligheter av alle mulige slags og preker om sine sykdommer sent og tidlig, og s\u00e5 om andre mennesker. Den er s\u00e5 vanskelig, og den er s\u00e5 vanskelig, og den har gjort det og den er s\u00e5nn og den er s\u00e5nn \u2013 og hadde ikke det kommet s\u00e5 hadde det v\u00e6rt bedre med meg. Det er blank l\u00f8gn altsammen! N\u00e5r jeg fornekter meg selv n\u00e5r jeg ikke selv kommer til, s\u00e5 er det p\u00e5 livets vei, da er jeg p\u00e5 den trange vei, da har jeg g\u00e5tt gjennom den trange porten og s\u00e5 har jeg kommet inn p\u00e5 den smale veien, og der har jeg s\u00e5 mye plass som jeg bare har bruk for, p\u00e5 en veldig smal vei. Og der er det s\u00e5 fordelaktig, der er det s\u00e5 trivelig,<\/p>\n<p>Da har jeg jo blitt kvitt alt det jeg drasser p\u00e5 og eier og skal ta vare p\u00e5 og forsvare og s\u00e5 videre. Der finnes ikke problemer, der finnes ikke komplekser, der er det ingen vanskeligheter og ikke noe innviklet av noe slags. Og s\u00e5 tenk alt en er kvitt, og s\u00e5 alt det som en ikke er blitt kvitt, det er det som gj\u00f8r galskapen. For eksempel alle de pengene som jeg ikke har bruk for \u2013 bare problemer og vanskeligheter, hver gang en skal gi i kollekten, og hva det er for noen ting, s\u00e5 er det vanskeligheter. Og s\u00e5 er det den \u00e6ren en skal ta vare p\u00e5, ja, omtrent alle sammen, praktisk talt alle troende og de fleste av vennene, de er interessert i hva folk synes om dem og tenker om dem, og derfor kan de ikke avlegge sitt vitnesbyrd mange ganger ogs\u00e5. De lurer p\u00e5 hva de vil synes da. Og derfor kan de ikke omvende seg til Gud, da lurer de p\u00e5 hva slektningene og kameratene synes da. Hver enkelt av oss som menneske er spenna g\u00e6rne, og det er hele vanskeligheten. I dybde og vidde og bredde og der er det ingenting glemt. Det er den eneste vanskelighet under solen.<\/p>\n<p>Meg selv, det er min vilje, det er min lyst, min smak, alt hva jeg synes og mener, det er meg selv. Jeg fornekter det og s\u00e5 av hele mitt hjerte f\u00f8lger Guds ord, da er jeg kommet gjennom den trange porten og kommet inn p\u00e5 den smale veien, og der er det s\u00e5 trivelig. Der stortrives man.<\/p>\n\t\t<\/div>\n\t\t\t\t\t<\/div>\n\n\t\n\n\t<div id=\"col-465683981\" class=\"col copyright small-12 large-12\"  >\n\t\t\t\t<div class=\"col-inner text-left\"  >\n\t\t\t\n\t\t\t\n<div>\u00a9 Copyright Stiftelsen Skjulte Skatters Forlag<\/div>\n\t\t<\/div>\n\t\t\t\t\t<\/div>\n\n\t\n\n\t<div id=\"col-148922237\" class=\"col small-12 large-12\"  >\n\t\t\t\t<div class=\"col-inner text-left\"  >\n\t\t\t\n\t\t\t\n<div><a href=\"#\" class=\"read-more\">Lue lis\u00e4\u00e4<\/a><\/div>\n\t\t<\/div>\n\t\t\t\t\t<\/div>\n\n\t\n\n\t<div id=\"col-943883174\" class=\"col small-12 large-12\"  >\n\t\t\t\t<div class=\"col-inner text-left\"  >\n\t\t\t\n\t\t\t\n<p class=\"next-previous-message\"><a class=\"previous\" href=\"\/fi\/bible-studies\/theme-2\/the-two-great-goals-in-a-christians-life\/\"><i class=\"icon-angle-left\"><\/i> Previous<\/a><a class=\"next\" href=\"\/fi\/bible-studies\/theme-2\/i-have-been-crucified-with-christ\/\">Next <i class=\"icon-angle-right\"><\/i><\/a><\/p>\n\t\t<\/div>\n\t\t\t\t\t<\/div>\n\n\t\n<\/div>\n\t\t<\/div>\n\n\t\t\n<style>\n#section_1872791857 {\n  padding-top: 0px;\n  padding-bottom: 0px;\n  margin-bottom: 0px;\n}\n@media (min-width:550px) {\n  #section_1872791857 {\n    padding-top: 0px;\n    padding-bottom: 0px;\n  }\n}\n<\/style>\n\t<\/section>\n\t\n\n\t<section class=\"section food-for-thought\" id=\"section_2069894498\">\n\t\t<div class=\"section-bg fill\" >\n\t\t\t\t\t\t\t\t\t\n\t\t\t\n\n\t\t<\/div>\n\n\t\t\n\n\t\t<div class=\"section-content relative\">\n\t\t\t\n<div class=\"row align-center\"  id=\"row-924590293\">\n\n\t<div id=\"col-1927727223\" class=\"col title small-12 large-12\"  >\n\t\t\t\t<div class=\"col-inner text-left dark\"  >\n\t\t\t\n\t\t\t\n<h2>Devotional<\/h2>\n\t\t<\/div>\n\t\t\t\t\t<\/div>\n\n\t\n\n\t<div id=\"col-1543514705\" class=\"col small-12 large-12\"  >\n\t\t\t\t<div class=\"col-inner dark\"  >\n\t\t\t\n\t\t\t\n<p>Puheessaan &#8220;Itsens\u00e4 kielt\u00e4minen&#8221; Aslaksen sanoo, etteiv\u00e4t ulkonaiset asiat ole itse vaikeus, vaan vaikeus johtuu minusta itsest\u00e4ni. Jokainen meist\u00e4 voi joutua kokemaan hyvin raskaalta tuntuvia asioita. Mill\u00e4 perusteella Aslaksen sanoo, ett\u00e4 kapean tien kulkeminen on silti niin mukavaa?<\/p>\n<p class='info'>You have to <a href='\/login\/'>log in<\/a> if you want to save your answer.<\/p>\n\t\t<\/div>\n\t\t\t\t\t<\/div>\n\n\t\n<\/div>\n\t\t<\/div>\n\n\t\t\n<style>\n#section_2069894498 {\n  padding-top: 30px;\n  padding-bottom: 30px;\n  background-color: rgb(73, 92, 94);\n}\n<\/style>\n\t<\/section>\n\t\n","protected":false},"excerpt":{"rendered":"","protected":false},"author":5,"featured_media":0,"parent":10113,"menu_order":0,"comment_status":"closed","ping_status":"closed","template":"page-blank.php","meta":{"footnotes":""},"class_list":["post-10756","page","type-page","status-publish","hentry"],"aioseo_notices":[],"_links":{"self":[{"href":"https:\/\/words-of-faith.org\/fi\/wp-json\/wp\/v2\/pages\/10756","targetHints":{"allow":["GET"]}}],"collection":[{"href":"https:\/\/words-of-faith.org\/fi\/wp-json\/wp\/v2\/pages"}],"about":[{"href":"https:\/\/words-of-faith.org\/fi\/wp-json\/wp\/v2\/types\/page"}],"author":[{"embeddable":true,"href":"https:\/\/words-of-faith.org\/fi\/wp-json\/wp\/v2\/users\/5"}],"replies":[{"embeddable":true,"href":"https:\/\/words-of-faith.org\/fi\/wp-json\/wp\/v2\/comments?post=10756"}],"version-history":[{"count":0,"href":"https:\/\/words-of-faith.org\/fi\/wp-json\/wp\/v2\/pages\/10756\/revisions"}],"up":[{"embeddable":true,"href":"https:\/\/words-of-faith.org\/fi\/wp-json\/wp\/v2\/pages\/10113"}],"wp:attachment":[{"href":"https:\/\/words-of-faith.org\/fi\/wp-json\/wp\/v2\/media?parent=10756"}],"curies":[{"name":"wp","href":"https:\/\/api.w.org\/{rel}","templated":true}]}}