{"id":11000,"date":"2020-05-14T20:00:23","date_gmt":"2020-05-14T18:00:23","guid":{"rendered":"https:\/\/aslaksen.bcc.no\/?page_id=11000"},"modified":"2020-08-21T12:08:02","modified_gmt":"2020-08-21T10:08:02","slug":"kaikesta-luopuminen","status":"publish","type":"page","link":"https:\/\/words-of-faith.org\/fi\/bible-study\/teema-2\/kaikesta-luopuminen\/","title":{"rendered":"Kaikesta luopuminen"},"content":{"rendered":"\n\t<section class=\"section\" id=\"section_1743732946\">\n\t\t<div class=\"section-bg fill\" >\n\t\t\t\t\t\t\t\t\t\n\t\t\t\n\n\t\t<\/div>\n\n\t\t\n\n\t\t<div class=\"section-content relative\">\n\t\t\t\n<div class=\"row align-center\"  id=\"row-1869238149\">\n\n\t<div id=\"col-1833636135\" class=\"col small-12 large-12\"  >\n\t\t\t\t<div class=\"col-inner\"  >\n\t\t\t\n\t\t\t\n<p class=\"breadcrumbs\"><a href=\"..\/\">Theme 2<\/a> \/ Messages<\/p>\n<h1>Kaikesta luopuminen<\/h1>\n<p class=\"article-date\">Taleutdrag fra januar 1969<\/p>\n<p class=\"article-author\">av Elias Aslaksen<\/p>\n\t\t<\/div>\n\t\t\t\t\t<\/div>\n\n\t\n\n<style>\n#row-1869238149 > .col > .col-inner {\n  padding: 30px 0px 0px 0px;\n}\n<\/style>\n<\/div>\n<div class=\"row align-center audio\"  id=\"row-941638670\">\n\n\t<div id=\"col-24473090\" class=\"col small-12 large-12\"  >\n\t\t\t\t<div class=\"col-inner\"  >\n\t\t\t\n\t\t\t\n<!--[if lt IE 9]><script>document.createElement('audio');<\/script><![endif]-->\n<audio class=\"wp-audio-shortcode\" id=\"audio-11000-1\" preload=\"none\" style=\"width: 100%;\" controls=\"controls\"><source type=\"audio\/mpeg\" src=\"\/audio\/Tema%202\/fi\/10%20T%20-%201969-01-E.Aslaksen-Luk.14,26-27.Rom.6,6-7.%20Oppgi%20alt,disippel,ikke%20lenger%20tjene%20synden,syndelegemet%20tilintetgj%C3%B8res-2.mp3?_=1\" \/><a href=\"\/audio\/Tema%202\/fi\/10%20T%20-%201969-01-E.Aslaksen-Luk.14,26-27.Rom.6,6-7.%20Oppgi%20alt,disippel,ikke%20lenger%20tjene%20synden,syndelegemet%20tilintetgj%C3%B8res-2.mp3\">\/audio\/Tema%202\/fi\/10%20T%20-%201969-01-E.Aslaksen-Luk.14,26-27.Rom.6,6-7.%20Oppgi%20alt,disippel,ikke%20lenger%20tjene%20synden,syndelegemet%20tilintetgj%C3%B8res-2.mp3<\/a><\/audio>\n<p class=\"click-to-listen\">Click to listen to the speech.<\/p>\n\t\t<\/div>\n\t\t\t\t\t<\/div>\n\n\t\n<\/div>\n<div class=\"row align-center article article-excerpt\"  id=\"row-699598017\">\n\n\t<div id=\"col-666980977\" class=\"col small-12 large-12\"  >\n\t\t\t\t<div class=\"col-inner text-left\"  >\n\t\t\t\n\t\t\t\n<p>Og den som ikke b\u00e6rer sitt kors og f\u00f8lger etter meg \u2013 alts\u00e5 b\u00e6re det korset som jeg selv skal nagles til, alts\u00e5 hjelpe til, enfoldig sagt, med sin egen korsfestelse.<\/p>\n<p>Jeg skal n\u00e5 korsfestes med Kristus, jeg skal avlives. Og s\u00e5 skal jeg hjelpe til selv. Jeg skal ville det forferdelig gjerne selv. Den som ikke b\u00e6rer sitt kors og f\u00f8lger etter meg kan ikke v\u00e6re min disippel. N\u00e5 har han sagt det to ganger. Og s\u00e5 kommer det vers 33: S\u00e5ledes kan da ingen av eder v\u00e6re min disippel. Det er alts\u00e5 hans innbydelse til \u00e5 bli opptatt til hans skole, etter at vi har blitt omvendt.<\/p>\n<p>Tredje gang \u2013 og dermed er det hele sagt. Her st\u00e5r det helt annerledes, fullstendig annerledes, og tar med resten: S\u00e5ledes kan da ingen av eder \u2013 det var de som var kommet til han og fulgte han \u2013 v\u00e6re min disippel, eller elev, eller bli opptatt til hans skole \u2013 uten at han oppgir alt det han eier. A L T. Alt det han eier.<\/p>\n\t\t<\/div>\n\t\t\t\t\t<\/div>\n\n\t\n\n\t<div id=\"col-1252179314\" class=\"col copyright small-12 large-12\"  >\n\t\t\t\t<div class=\"col-inner text-left\"  >\n\t\t\t\n\t\t\t\n<div>\u00a9 Copyright Stiftelsen Skjulte Skatters Forlag<\/div>\n\t\t<\/div>\n\t\t\t\t\t<\/div>\n\n\t\n\n\t<div id=\"col-549580412\" class=\"col small-12 large-12\"  >\n\t\t\t\t<div class=\"col-inner text-left\"  >\n\t\t\t\n\t\t\t\n<div><a href=\"#\" class=\"read-more\">Lue lis\u00e4\u00e4<\/a><\/div>\n\t\t<\/div>\n\t\t\t\t\t<\/div>\n\n\t\n\n\t<div id=\"col-808352444\" class=\"col small-12 large-12\"  >\n\t\t\t\t<div class=\"col-inner text-left\"  >\n\t\t\t\n\t\t\t\n<p class=\"next-previous-message\"><a class=\"previous\" href=\"\/fi\/bible-studies\/theme-2\/it-is-no-longer-i-who-live\/\"><i class=\"icon-angle-left\"><\/i> Previous<\/a><a class=\"next\" href=\"\/fi\/bible-studies\/theme-2\/taking-up-your-cross\/\">Next <i class=\"icon-angle-right\"><\/i><\/a><\/p>\n\t\t<\/div>\n\t\t\t\t\t<\/div>\n\n\t\n<\/div>\n\t\t<\/div>\n\n\t\t\n<style>\n#section_1743732946 {\n  padding-top: 0px;\n  padding-bottom: 0px;\n  margin-bottom: 0px;\n}\n@media (min-width:550px) {\n  #section_1743732946 {\n    padding-top: 0px;\n    padding-bottom: 0px;\n  }\n}\n<\/style>\n\t<\/section>\n\t\n\n\t<section class=\"section food-for-thought\" id=\"section_151622894\">\n\t\t<div class=\"section-bg fill\" >\n\t\t\t\t\t\t\t\t\t\n\t\t\t\n\n\t\t<\/div>\n\n\t\t\n\n\t\t<div class=\"section-content relative\">\n\t\t\t\n<div class=\"row align-center\"  id=\"row-1137518423\">\n\n\t<div id=\"col-145750396\" class=\"col title small-12 large-12\"  >\n\t\t\t\t<div class=\"col-inner text-left dark\"  >\n\t\t\t\n\t\t\t\n<h2>Devotional<\/h2>\n\t\t<\/div>\n\t\t\t\t\t<\/div>\n\n\t\n\n\t<div id=\"col-291778617\" class=\"col small-12 large-12\"  >\n\t\t\t\t<div class=\"col-inner dark\"  >\n\t\t\t\n\t\t\t\n<p>&#8220;Kaikesta luopuminen&#8221;: Mik\u00e4 on vaatimuksena Jeesuksen oppipojaksi p\u00e4\u00e4semiselle &#8211; ja mit\u00e4 se tarkoittaa?<\/p>\n<p class='info'>You have to <a href='\/login\/'>log in<\/a> if you want to save your answer.<\/p>\n\t\t<\/div>\n\t\t\t\t\t<\/div>\n\n\t\n<\/div>\n\t\t<\/div>\n\n\t\t\n<style>\n#section_151622894 {\n  padding-top: 30px;\n  padding-bottom: 30px;\n  background-color: rgb(73, 92, 94);\n}\n<\/style>\n\t<\/section>\n\t\n","protected":false},"excerpt":{"rendered":"","protected":false},"author":5,"featured_media":0,"parent":10113,"menu_order":0,"comment_status":"closed","ping_status":"closed","template":"page-blank.php","meta":{"footnotes":""},"class_list":["post-11000","page","type-page","status-publish","hentry"],"aioseo_notices":[],"_links":{"self":[{"href":"https:\/\/words-of-faith.org\/fi\/wp-json\/wp\/v2\/pages\/11000","targetHints":{"allow":["GET"]}}],"collection":[{"href":"https:\/\/words-of-faith.org\/fi\/wp-json\/wp\/v2\/pages"}],"about":[{"href":"https:\/\/words-of-faith.org\/fi\/wp-json\/wp\/v2\/types\/page"}],"author":[{"embeddable":true,"href":"https:\/\/words-of-faith.org\/fi\/wp-json\/wp\/v2\/users\/5"}],"replies":[{"embeddable":true,"href":"https:\/\/words-of-faith.org\/fi\/wp-json\/wp\/v2\/comments?post=11000"}],"version-history":[{"count":0,"href":"https:\/\/words-of-faith.org\/fi\/wp-json\/wp\/v2\/pages\/11000\/revisions"}],"up":[{"embeddable":true,"href":"https:\/\/words-of-faith.org\/fi\/wp-json\/wp\/v2\/pages\/10113"}],"wp:attachment":[{"href":"https:\/\/words-of-faith.org\/fi\/wp-json\/wp\/v2\/media?parent=11000"}],"curies":[{"name":"wp","href":"https:\/\/api.w.org\/{rel}","templated":true}]}}