{"id":11018,"date":"2020-05-14T20:00:55","date_gmt":"2020-05-14T18:00:55","guid":{"rendered":"https:\/\/aslaksen.bcc.no\/?page_id=11018"},"modified":"2020-08-21T12:15:34","modified_gmt":"2020-08-21T10:15:34","slug":"ristinsa-ottaminen","status":"publish","type":"page","link":"https:\/\/words-of-faith.org\/fi\/bible-study\/teema-2\/ristinsa-ottaminen\/","title":{"rendered":"Ristins\u00e4 ottaminen"},"content":{"rendered":"\n\t<section class=\"section\" id=\"section_1516855223\">\n\t\t<div class=\"section-bg fill\" >\n\t\t\t\t\t\t\t\t\t\n\t\t\t\n\n\t\t<\/div>\n\n\t\t\n\n\t\t<div class=\"section-content relative\">\n\t\t\t\n<div class=\"row align-center\"  id=\"row-1151871081\">\n\n\t<div id=\"col-1030713577\" class=\"col small-12 large-12\"  >\n\t\t\t\t<div class=\"col-inner\"  >\n\t\t\t\n\t\t\t\n<p class=\"breadcrumbs\"><a href=\"..\/\">Theme 2<\/a> \/ Messages<\/p>\n<h1>Ristins\u00e4 ottaminen<\/h1>\n<p class=\"article-date\">Skjulte Skatter, publisert februar 1970<\/p>\n<p class=\"article-author\">av Elias Aslaksen<\/p>\n\t\t<\/div>\n\t\t\t\t\t<\/div>\n\n\t\n\n<style>\n#row-1151871081 > .col > .col-inner {\n  padding: 30px 0px 0px 0px;\n}\n<\/style>\n<\/div>\n<div class=\"row align-center audio\"  id=\"row-376870881\">\n\n\t<div id=\"col-1906370602\" class=\"col small-12 large-12\"  >\n\t\t\t\t<div class=\"col-inner\"  >\n\t\t\t\n\t\t\t\n<!--[if lt IE 9]><script>document.createElement('audio');<\/script><![endif]-->\n<audio class=\"wp-audio-shortcode\" id=\"audio-11018-1\" preload=\"none\" style=\"width: 100%;\" controls=\"controls\"><source type=\"audio\/mpeg\" src=\"\/audio\/Tema%202\/fi\/11%C3%85%20ta%20sitt%20kors%20opp.mp3?_=1\" \/><a href=\"\/audio\/Tema%202\/fi\/11%C3%85%20ta%20sitt%20kors%20opp.mp3\">\/audio\/Tema%202\/fi\/11%C3%85%20ta%20sitt%20kors%20opp.mp3<\/a><\/audio>\n<p class=\"click-to-listen\">Click to listen to the speech.<\/p>\n\t\t<\/div>\n\t\t\t\t\t<\/div>\n\n\t\n<\/div>\n<div class=\"row align-center article article-excerpt\"  id=\"row-59860004\">\n\n\t<div id=\"col-1802680364\" class=\"col small-12 large-12\"  >\n\t\t\t\t<div class=\"col-inner text-left\"  >\n\t\t\t\n\t\t\t\n<div id=\"chapter-element-2\" data-v-7f3df67e=\"\">\n<p>Ristins\u00e4 ottaminen ja ristins\u00e4 kantaminen, eli se, ett\u00e4 auttaa itsens\u00e4 ristiinnaulitsemisessa. Minun ristini, tarkoittaa kaikkea ja kaikkia, mik\u00e4 riste\u00e4\u00e4 minun tahtoni, minun inhimmillisen tahtoni eli lihan tahdon kanssa.<\/p>\n<p>Ellen ota risti\u00e4ni, en ole arvollinen Kristukselle! Ja n\u00e4in on monien uskovien laita. Niin, Paavalin mukaan he vaeltavat Kristuksen ristin vihollisina, eli sen ristin vihollisina, joka heid\u00e4n tulisi ottaa ja jolle heid\u00e4n oma tahtonsa tulisi naulata.<\/p>\n<p>Gal. 5:24:ss\u00e4 huomaamme t\u00e4m\u00e4n kuolemanvakavan totuuden: \u201dNe, jotka ovat Kristuksen Jeesuksen omia, ovat ristiinnaulinneet lihansa himoineen ja haluineen.\u201d Ne, jotka eiv\u00e4t ole t\u00e4t\u00e4 tehneet, ja jatkavat niin, eiv\u00e4t siis ole Jeesuksen omia! He eiv\u00e4t ole h\u00e4nen opetuslapsiaan!<\/p>\n<p>Kaikkein ihaninta on se, ett\u00e4 Jeesus vapaaehtoisesti tuli ristiinnaulituksi, ja viel\u00e4p\u00e4 avusti siin\u00e4! Toiseksi ihaninta on se, kun ihminen uskon kuuliaisuuden kautta vapaaehtoisesti tulee ristiinnaulituksi h\u00e4nen kanssaan ja vaeltaa p\u00e4ivitt\u00e4in sen ristin todellisena yst\u00e4v\u00e4n\u00e4, jolle h\u00e4nen oma tahtonsa tulee naulituksi.<\/p>\n<p>T\u00e4m\u00e4 oli ihanalle apostolille, Paavalille, suurinta mit\u00e4 h\u00e4n tiesi ja ainoa asia, josta h\u00e4n halusi kerskua! H\u00e4nen el\u00e4m\u00e4ns\u00e4 ja oppinsa osoittavat t\u00e4m\u00e4n selv\u00e4sti!<\/p>\n<p>H\u00e4n ei ollut ainoastaan innostunut t\u00e4st\u00e4 t\u00e4ydellisest\u00e4 teoriasta, vaan h\u00e4n eli sen mukaan t\u00e4ysin, ja kehotti meit\u00e4 seuraamaan h\u00e4nt\u00e4! Pyrkik\u00e4\u00e4mme t\u00e4h\u00e4n kaikin voimin, rakkaat yst\u00e4v\u00e4ni!<\/p>\n<p>Kuule, mit\u00e4 h\u00e4n sanoo: \u201dMinut on Kristuksen kanssa ristiinnaulittu. En\u00e4\u00e4 en el\u00e4 min\u00e4\u2026\u201d Gal. 2:20. Ja: \u201dMutta pois se minusta, ett\u00e4 kerskaisin muusta kuin Herramme Jeesuksen Kristuksen ristist\u00e4, jonka kautta maailma on ristiinnaulittu minulle ja min\u00e4 maailmalle!\u201d Gal. 6:14.<\/p>\n<p>T\u00e4m\u00e4 oli siis h\u00e4nelle kaikista suurinta, kaikista ihaninta, kaikista vaikuttavinta, ja salaisuus suurimpaan mahdolliseen onneen, jonka ihminen voi saavuttaa t\u00e4\u00e4ll\u00e4 muukalaisuuden aikana!<\/p>\n<p>\u201dEi kuitenkaan niin kuin min\u00e4 tahdon vaan niin kuin sin\u00e4!\u201d T\u00e4m\u00e4 on ja pysyy kaikkina elinp\u00e4ivin\u00e4mme p\u00e4\u00e4asiana, niin itse asiana! Oikeastaan mist\u00e4\u00e4n muusta ei ole kyse! Luuk. 11:2: \u201dTapahtukoon sinun tahtosi my\u00f6s maan p\u00e4\u00e4ll\u00e4 niin kuin taivaassa!\u201d Siell\u00e4 se tapahtuu tarkasti ja salamannopeasti!<\/p>\n<p>Silloinhan on itsest\u00e4\u00e4nselv\u00e4\u00e4, ett\u00e4 meid\u00e4n tulee tulla t\u00e4h\u00e4n: salamannopeasti luovumme ja ristiinnaulitsemme oman tahtomme, muutenhan ei Jumalan tahto voi tapahtua maan p\u00e4\u00e4ll\u00e4 niin kuin taivaassa! \u2014<\/p>\n<p>Mutta kenell\u00e4 onkaan n\u00e4in suuri p\u00e4\u00e4m\u00e4\u00e4r\u00e4 ja t\u00e4llainen usko??? \u2014<\/p>\n<p>Ellei n\u00e4in ole ollut meid\u00e4n laitamme, niin her\u00e4tk\u00e4\u00e4mme vakavuuteen nyt, voidaksemme saada t\u00e4m\u00e4n p\u00e4\u00e4m\u00e4\u00e4r\u00e4n ja el\u00e4v\u00e4n uskon siihen, ett\u00e4 Jumalan ylitsevuotavan voimallisen vaikutuksen avulla saavutamme sen! N\u00e4in tapahtukoon!<\/p>\n<p>Teid\u00e4n kaikesta hengellisest\u00e4 unesta syv\u00e4sti murheellinen veljenne,<\/p>\n<p>Elias Aslaksen.<\/p>\n<p>&nbsp;<\/p>\n<\/div>\n\t\t<\/div>\n\t\t\t\t\t<\/div>\n\n\t\n\n\t<div id=\"col-1861587729\" class=\"col copyright small-12 large-12\"  >\n\t\t\t\t<div class=\"col-inner text-left\"  >\n\t\t\t\n\t\t\t\n<div>\u00a9 Copyright Stiftelsen Skjulte Skatters Forlag<\/div>\n\t\t<\/div>\n\t\t\t\t\t<\/div>\n\n\t\n\n\t<div id=\"col-41513174\" class=\"col small-12 large-12\"  >\n\t\t\t\t<div class=\"col-inner text-left\"  >\n\t\t\t\n\t\t\t\n<div><a href=\"#\" class=\"read-more\">Lue lis\u00e4\u00e4<\/a><\/div>\n\t\t<\/div>\n\t\t\t\t\t<\/div>\n\n\t\n\n\t<div id=\"col-923145102\" class=\"col small-12 large-12\"  >\n\t\t\t\t<div class=\"col-inner text-left\"  >\n\t\t\t\n\t\t\t\n<p class=\"next-previous-message\"><a class=\"previous\" href=\"\/fi\/bible-studies\/theme-2\/give-up-everything\/\"><i class=\"icon-angle-left\"><\/i> Previous<\/a><a class=\"next\" href=\"\/fi\/bible-studies\/theme-2\/the-two-great-goals-in-a-christians-life\/\">Next <i class=\"icon-angle-right\"><\/i><\/a><\/p>\n\t\t<\/div>\n\t\t\t\t\t<\/div>\n\n\t\n<\/div>\n\t\t<\/div>\n\n\t\t\n<style>\n#section_1516855223 {\n  padding-top: 0px;\n  padding-bottom: 0px;\n  margin-bottom: 0px;\n}\n@media (min-width:550px) {\n  #section_1516855223 {\n    padding-top: 0px;\n    padding-bottom: 0px;\n  }\n}\n<\/style>\n\t<\/section>\n\t\n\n\t<section class=\"section food-for-thought\" id=\"section_691267972\">\n\t\t<div class=\"section-bg fill\" >\n\t\t\t\t\t\t\t\t\t\n\t\t\t\n\n\t\t<\/div>\n\n\t\t\n\n\t\t<div class=\"section-content relative\">\n\t\t\t\n<div class=\"row align-center\"  id=\"row-1065635708\">\n\n\t<div id=\"col-1187207458\" class=\"col title small-12 large-12\"  >\n\t\t\t\t<div class=\"col-inner text-left dark\"  >\n\t\t\t\n\t\t\t\n<h2>Devotional<\/h2>\n\t\t<\/div>\n\t\t\t\t\t<\/div>\n\n\t\n\n\t<div id=\"col-607954841\" class=\"col small-12 large-12\"  >\n\t\t\t\t<div class=\"col-inner dark\"  >\n\t\t\t\n\t\t\t\n<p>Jos luettuasi artikkelin &#8220;Ristins\u00e4 ottaminen&#8221; voisit  esitt\u00e4\u00e4 Aslaksenille yhden kysymyksen, mik\u00e4 se olisi?<\/p>\n<p class='info'>You have to <a href='\/login\/'>log in<\/a> if you want to save your answer.<\/p>\n\t\t<\/div>\n\t\t\t\t\t<\/div>\n\n\t\n<\/div>\n\t\t<\/div>\n\n\t\t\n<style>\n#section_691267972 {\n  padding-top: 30px;\n  padding-bottom: 30px;\n  background-color: rgb(73, 92, 94);\n}\n<\/style>\n\t<\/section>\n\t\n","protected":false},"excerpt":{"rendered":"","protected":false},"author":5,"featured_media":0,"parent":10113,"menu_order":0,"comment_status":"closed","ping_status":"closed","template":"page-blank.php","meta":{"footnotes":""},"class_list":["post-11018","page","type-page","status-publish","hentry"],"aioseo_notices":[],"_links":{"self":[{"href":"https:\/\/words-of-faith.org\/fi\/wp-json\/wp\/v2\/pages\/11018","targetHints":{"allow":["GET"]}}],"collection":[{"href":"https:\/\/words-of-faith.org\/fi\/wp-json\/wp\/v2\/pages"}],"about":[{"href":"https:\/\/words-of-faith.org\/fi\/wp-json\/wp\/v2\/types\/page"}],"author":[{"embeddable":true,"href":"https:\/\/words-of-faith.org\/fi\/wp-json\/wp\/v2\/users\/5"}],"replies":[{"embeddable":true,"href":"https:\/\/words-of-faith.org\/fi\/wp-json\/wp\/v2\/comments?post=11018"}],"version-history":[{"count":0,"href":"https:\/\/words-of-faith.org\/fi\/wp-json\/wp\/v2\/pages\/11018\/revisions"}],"up":[{"embeddable":true,"href":"https:\/\/words-of-faith.org\/fi\/wp-json\/wp\/v2\/pages\/10113"}],"wp:attachment":[{"href":"https:\/\/words-of-faith.org\/fi\/wp-json\/wp\/v2\/media?parent=11018"}],"curies":[{"name":"wp","href":"https:\/\/api.w.org\/{rel}","templated":true}]}}