{"id":11037,"date":"2020-05-14T20:00:14","date_gmt":"2020-05-14T18:00:14","guid":{"rendered":"https:\/\/aslaksen.bcc.no\/?page_id=11037"},"modified":"2020-08-21T12:19:17","modified_gmt":"2020-08-21T10:19:17","slug":"kristityn-elaman-kaksi-suurta-paamaaraa","status":"publish","type":"page","link":"https:\/\/words-of-faith.org\/fi\/bible-study\/teema-2\/kristityn-elaman-kaksi-suurta-paamaaraa\/","title":{"rendered":"Kristityn el\u00e4m\u00e4n kaksi suurta p\u00e4\u00e4m\u00e4\u00e4r\u00e4\u00e4"},"content":{"rendered":"\n\t<section class=\"section\" id=\"section_379805065\">\n\t\t<div class=\"section-bg fill\" >\n\t\t\t\t\t\t\t\t\t\n\t\t\t\n\n\t\t<\/div>\n\n\t\t\n\n\t\t<div class=\"section-content relative\">\n\t\t\t\n<div class=\"row align-center\"  id=\"row-1143984240\">\n\n\t<div id=\"col-1070456922\" class=\"col small-12 large-12\"  >\n\t\t\t\t<div class=\"col-inner\"  >\n\t\t\t\n\t\t\t\n<p class=\"breadcrumbs\"><a href=\"..\/\">Theme 2<\/a> \/ Messages<\/p>\n<h1>Kristityn el\u00e4m\u00e4n kaksi suurta p\u00e4\u00e4m\u00e4\u00e4r\u00e4\u00e4<\/h1>\n<p class=\"article-date\">Skjulte Skatter, publisert november 1957<\/p>\n<p class=\"article-author\">av Elias Aslaksen<\/p>\n\t\t<\/div>\n\t\t\t\t\t<\/div>\n\n\t\n\n<style>\n#row-1143984240 > .col > .col-inner {\n  padding: 30px 0px 0px 0px;\n}\n<\/style>\n<\/div>\n<div class=\"row align-center audio\"  id=\"row-1475555707\">\n\n\t<div id=\"col-1225339970\" class=\"col small-12 large-12\"  >\n\t\t\t\t<div class=\"col-inner\"  >\n\t\t\t\n\t\t\t\n<!--[if lt IE 9]><script>document.createElement('audio');<\/script><![endif]-->\n<audio class=\"wp-audio-shortcode\" id=\"audio-11037-1\" preload=\"none\" style=\"width: 100%;\" controls=\"controls\"><source type=\"audio\/mpeg\" src=\"\/audio\/Tema%202\/fi\/12%20De%20to%20store%20m%C3%A5l%20i%20den%20kristnes%20liv.mp3?_=1\" \/><a href=\"\/audio\/Tema%202\/fi\/12%20De%20to%20store%20m%C3%A5l%20i%20den%20kristnes%20liv.mp3\">\/audio\/Tema%202\/fi\/12%20De%20to%20store%20m%C3%A5l%20i%20den%20kristnes%20liv.mp3<\/a><\/audio>\n<p class=\"click-to-listen\">Click to listen to the speech.<\/p>\n\t\t<\/div>\n\t\t\t\t\t<\/div>\n\n\t\n<\/div>\n<div class=\"row align-center article article-excerpt\"  id=\"row-1165775127\">\n\n\t<div id=\"col-2120603396\" class=\"col small-12 large-12\"  >\n\t\t\t\t<div class=\"col-inner text-left\"  >\n\t\t\t\n\t\t\t\n<div id=\"chapter-element-2\" data-v-7f3df67e=\"\">\n<p><strong>I.&nbsp;Jatkuva voitto kaikesta tietoisesta synnist\u00e4.<\/strong><\/p>\n<p>Saamme syntimme anteeksi sen ansiosta, ett\u00e4 Kristus kuoli syntiemme t\u00e4hden, edellytt\u00e4en, ett\u00e4 itse uskomme sen ja my\u00f6s annamme syd\u00e4mest\u00e4mme anteeksi kaikille, jotka ovat rikkoneet meit\u00e4 vastaan.<\/p>\n<p>Uskomalla saamme my\u00f6s voiton kaikesta tietoisesta synnin tekemisest\u00e4, kun siis uskomme, ett\u00e4 vanha ihmisemme ristiinnaulittiin Kristuksen kanssa, Room. 6:6, tai Gal.2:20:n ilmaisemalla tavalla:<\/p>\n<p>\u201cMinut on Kristuksen kanssa ristiinnaulittu \u2026\u201d<\/p>\n<p>T\u00e4m\u00e4n uskon ansiosta ja sen tuloksena kuolemme pois synnin tekemisest\u00e4, kaiken tietoisen synnin tekemisest\u00e4. Pysymme silloin voittajina joka kiusauksessa, synnin tekemisen sijasta.<\/p>\n<p>Kuinka ihanaa onkaan siis aina el\u00e4\u00e4 hyv\u00e4ll\u00e4 omallatunnolla Jumalan ja ihmisten edess\u00e4!&nbsp;\u2014 \u2014 \u2014<\/p>\n<p>Paavali kirjoittaa: \u201cKiitos Jumalalle, joka aina kuljettaa meit\u00e4 Kristuksen voittosaatossa \u2026\u201d 2. Kor. 2:14.<\/p>\n<p>Useimmat eiv\u00e4t valitettavasti ole k\u00e4yt\u00e4nn\u00f6ss\u00e4 p\u00e4\u00e4sseet t\u00e4h\u00e4n mainittuun, ihanaan p\u00e4\u00e4m\u00e4\u00e4r\u00e4\u00e4n. Siihen on kaksi selv\u00e4\u00e4 ja painavaa syyt\u00e4:<\/p>\n<ol>\n<li>Ihmiset eiv\u00e4t yksinkertaisesti halua luopua kaikesta omastaan ja kuolla Kristuksen kanssa, mik\u00e4 sulkee pois mahdollisuuden p\u00e4\u00e4st\u00e4 t\u00e4h\u00e4n ihanaan, voittavaan el\u00e4m\u00e4\u00e4n.<\/li>\n<li><span style=\"color: #555555;\">Ihmiset eiv\u00e4t lainkaan usko tulleensa ristiinnaulituiksi h\u00e4nen kanssaan, eiv\u00e4tk\u00e4 voikaan uskoa, elleiv\u00e4t ylip\u00e4\u00e4t\u00e4\u00e4n tahdo luopua kaikesta omastaan. Jumala ei anna meille uskoa asiaan, jota emme itse halua.<\/span><\/li>\n<\/ol>\n<p>Jos on todella totta, ett\u00e4 haluat kulkea t\u00e4m\u00e4n tien Jeesuksen jalanj\u00e4ljiss\u00e4, silloin saat my\u00f6s uskon siihen, ett\u00e4 voit sen tehd\u00e4. Kunnia Jumalalle!<\/p>\n<p><strong>II.&nbsp;Hyv\u00e4ss\u00e4 kasvaminen on tulosta kirkastuvasta el\u00e4m\u00e4n valosta ja tiedostamattoman synnin tiedostamisesta ja hylk\u00e4\u00e4misest\u00e4.<\/strong><\/p>\n<p>T\u00e4m\u00e4 puolestaan merkitsee lis\u00e4\u00e4ntyv\u00e4\u00e4 muutosta sisimm\u00e4ss\u00e4mme, eli kasvavaa osallisuutta jumalallisesta luonnosta.<\/p>\n<p>Tavoitteemme ei ole siis rajallinen, vaan&nbsp; mahdollisuutemme ovat suorastaan rajattomat. P\u00e4\u00e4m\u00e4\u00e4r\u00e4n\u00e4 on siis:<\/p>\n<p>Mahdollisimman paljon kasvua ja muutosta!<\/p>\n<p>Samasta syyst\u00e4 olemme kaiken aikaa el\u00e4v\u00e4n kiinnostuneita tulemaan osalliseksi kaikista Hengen hedelmist\u00e4 ja mahdollisimman syv\u00e4ss\u00e4 ja suuressa m\u00e4\u00e4rin kaikista Kristuksen hyveist\u00e4.<\/p>\n<p>\u201cMe uskomme, siksi puhumme\u201d, Paavali sanoo. Me puhumme siit\u00e4, mihin uskomme. Jos emme siis puhu t\u00e4st\u00e4 lainkaan, on siihen selv\u00e4 syyns\u00e4: emme usko siihen. \u2014<\/p>\n<p>Sek\u00e4 p\u00e4\u00e4m\u00e4\u00e4r\u00e4st\u00e4 I ja II voidaan sanoa: n\u00e4iss\u00e4 eiv\u00e4t toiveet hy\u00f6dyt\u00e4, eiv\u00e4t unelmat eiv\u00e4tk\u00e4 enemm\u00e4n tai v\u00e4hemm\u00e4n voimattomat yritykset. Ei \u2014 niist\u00e4 ei todellakaan ole hy\u00f6ty\u00e4! Ainoa, mik\u00e4 kelpaa ja toimii, on el\u00e4v\u00e4 usko Jumalan ja Kristuksen ty\u00f6h\u00f6n, Sanaan, joka erityisen selv\u00e4sti ja p\u00e4\u00e4tt\u00e4v\u00e4isesti puhuu t\u00e4st\u00e4, eik\u00e4 oikeastaan mist\u00e4\u00e4n muusta. \u2014 Lue, ajattele ja usko!<\/p>\n<p>&nbsp;<\/p>\n<p>Elias Aslaksen.<\/p>\n<p>&nbsp;<\/p>\n<\/div>\n\t\t<\/div>\n\t\t\t\t\t<\/div>\n\n\t\n\n\t<div id=\"col-2124901996\" class=\"col copyright small-12 large-12\"  >\n\t\t\t\t<div class=\"col-inner text-left\"  >\n\t\t\t\n\t\t\t\n<div>\u00a9 Copyright Stiftelsen Skjulte Skatters Forlag<\/div>\n\t\t<\/div>\n\t\t\t\t\t<\/div>\n\n\t\n\n\t<div id=\"col-1432460338\" class=\"col small-12 large-12\"  >\n\t\t\t\t<div class=\"col-inner text-left\"  >\n\t\t\t\n\t\t\t\n<div><a href=\"#\" class=\"read-more\">Lue lis\u00e4\u00e4<\/a><\/div>\n\t\t<\/div>\n\t\t\t\t\t<\/div>\n\n\t\n\n\t<div id=\"col-1505236791\" class=\"col small-12 large-12\"  >\n\t\t\t\t<div class=\"col-inner text-left\"  >\n\t\t\t\n\t\t\t\n<p class=\"next-previous-message\"><a class=\"previous\" href=\"\/fi\/bible-studies\/theme-2\/taking-up-your-cross\/\"><i class=\"icon-angle-left\"><\/i> Previous<\/a><a class=\"next\" href=\"\/fi\/bible-studies\/theme-2\/deny-oneself\/\">Next <i class=\"icon-angle-right\"><\/i><\/a><\/p>\n\t\t<\/div>\n\t\t\t\t\t<\/div>\n\n\t\n<\/div>\n\t\t<\/div>\n\n\t\t\n<style>\n#section_379805065 {\n  padding-top: 0px;\n  padding-bottom: 0px;\n  margin-bottom: 0px;\n}\n@media (min-width:550px) {\n  #section_379805065 {\n    padding-top: 0px;\n    padding-bottom: 0px;\n  }\n}\n<\/style>\n\t<\/section>\n\t\n\n\t<section class=\"section food-for-thought\" id=\"section_776050633\">\n\t\t<div class=\"section-bg fill\" >\n\t\t\t\t\t\t\t\t\t\n\t\t\t\n\n\t\t<\/div>\n\n\t\t\n\n\t\t<div class=\"section-content relative\">\n\t\t\t\n<div class=\"row align-center\"  id=\"row-760432228\">\n\n\t<div id=\"col-314889005\" class=\"col title small-12 large-12\"  >\n\t\t\t\t<div class=\"col-inner text-left dark\"  >\n\t\t\t\n\t\t\t\n<h2>Devotional<\/h2>\n\t\t<\/div>\n\t\t\t\t\t<\/div>\n\n\t\n\n\t<div id=\"col-826020281\" class=\"col small-12 large-12\"  >\n\t\t\t\t<div class=\"col-inner dark\"  >\n\t\t\t\n\t\t\t\n<p>Kirjoita lista kaikista Aslaksenin kehotuksista &#8220;Kristityn el\u00e4m\u00e4n kaksi suurta p\u00e4\u00e4m\u00e4\u00e4r\u00e4\u00e4&#8221;. Mik\u00e4 niist\u00e4 puhuttelee sinua erityisesti?<\/p>\n<p class='info'>You have to <a href='\/login\/'>log in<\/a> if you want to save your answer.<\/p>\n\t\t<\/div>\n\t\t\t\t\t<\/div>\n\n\t\n<\/div>\n\t\t<\/div>\n\n\t\t\n<style>\n#section_776050633 {\n  padding-top: 30px;\n  padding-bottom: 30px;\n  background-color: rgb(73, 92, 94);\n}\n<\/style>\n\t<\/section>\n\t\n","protected":false},"excerpt":{"rendered":"","protected":false},"author":5,"featured_media":0,"parent":10113,"menu_order":0,"comment_status":"closed","ping_status":"closed","template":"page-blank.php","meta":{"footnotes":""},"class_list":["post-11037","page","type-page","status-publish","hentry"],"aioseo_notices":[],"_links":{"self":[{"href":"https:\/\/words-of-faith.org\/fi\/wp-json\/wp\/v2\/pages\/11037","targetHints":{"allow":["GET"]}}],"collection":[{"href":"https:\/\/words-of-faith.org\/fi\/wp-json\/wp\/v2\/pages"}],"about":[{"href":"https:\/\/words-of-faith.org\/fi\/wp-json\/wp\/v2\/types\/page"}],"author":[{"embeddable":true,"href":"https:\/\/words-of-faith.org\/fi\/wp-json\/wp\/v2\/users\/5"}],"replies":[{"embeddable":true,"href":"https:\/\/words-of-faith.org\/fi\/wp-json\/wp\/v2\/comments?post=11037"}],"version-history":[{"count":0,"href":"https:\/\/words-of-faith.org\/fi\/wp-json\/wp\/v2\/pages\/11037\/revisions"}],"up":[{"embeddable":true,"href":"https:\/\/words-of-faith.org\/fi\/wp-json\/wp\/v2\/pages\/10113"}],"wp:attachment":[{"href":"https:\/\/words-of-faith.org\/fi\/wp-json\/wp\/v2\/media?parent=11037"}],"curies":[{"name":"wp","href":"https:\/\/api.w.org\/{rel}","templated":true}]}}