{"id":13323,"date":"2020-05-29T20:00:19","date_gmt":"2020-05-29T18:00:19","guid":{"rendered":"https:\/\/aslaksen.bcc.no\/?page_id=13323"},"modified":"2020-08-21T12:28:43","modified_gmt":"2020-08-21T10:28:43","slug":"jumalanpelko","status":"publish","type":"page","link":"https:\/\/words-of-faith.org\/fi\/bible-study\/teema-3\/jumalanpelko\/","title":{"rendered":"Jumalanpelko"},"content":{"rendered":"\n\t<section class=\"section\" id=\"section_846723596\">\n\t\t<div class=\"section-bg fill\" >\n\t\t\t\t\t\t\t\t\t\n\t\t\t\n\n\t\t<\/div>\n\n\t\t\n\n\t\t<div class=\"section-content relative\">\n\t\t\t\n<div class=\"row align-center\"  id=\"row-1722650623\">\n\n\t<div id=\"col-2047082352\" class=\"col small-12 large-12\"  >\n\t\t\t\t<div class=\"col-inner\"  >\n\t\t\t\n\t\t\t\n<p class=\"breadcrumbs\"><a href=\"..\/\">Theme 3<\/a> \/ Messages<\/p>\n<h1>Jumalanpelko<\/h1>\n<p class=\"article-date\">Skjulte Skatter, julkaistu huhtikuu 1991<\/p>\n<p class=\"article-author\">Aslaksenin kirjoitus<\/p>\n\t\t<\/div>\n\t\t\t\t\t<\/div>\n\n\t\n\n<style>\n#row-1722650623 > .col > .col-inner {\n  padding: 30px 0px 0px 0px;\n}\n<\/style>\n<\/div>\n<div class=\"row align-center audio\"  id=\"row-665658516\">\n\n\t<div id=\"col-300838590\" class=\"col small-12 large-12\"  >\n\t\t\t\t<div class=\"col-inner\"  >\n\t\t\t\n\t\t\t\n<!--[if lt IE 9]><script>document.createElement('audio');<\/script><![endif]-->\n<audio class=\"wp-audio-shortcode\" id=\"audio-13323-1\" preload=\"none\" style=\"width: 100%;\" controls=\"controls\"><source type=\"audio\/mpeg\" src=\"\/audio\/Tema%203\/FI\/14_Gudsfrykt_FI.mp3?_=1\" \/><a href=\"\/audio\/Tema%203\/FI\/14_Gudsfrykt_FI.mp3\">\/audio\/Tema%203\/FI\/14_Gudsfrykt_FI.mp3<\/a><\/audio>\n<p class=\"click-to-listen\">Click to listen to the speech.<\/p>\n\t\t<\/div>\n\t\t\t\t\t<\/div>\n\n\t\n<\/div>\n<div class=\"row align-center article article-excerpt\"  id=\"row-246754200\">\n\n\t<div id=\"col-1235541578\" class=\"col small-12 large-12\"  >\n\t\t\t\t<div class=\"col-inner text-left\"  >\n\t\t\t\n\t\t\t\n<p>Gudsfrykt i dypeste forstand \u2013 etter Guds ords m\u00e5lestokk \u2013 finnes nesten ikke her i verden!!! Dessverre, dessverre, dessverre! Hvorfor kaller I meg Herre, Herre, og gj\u00f8r ikke det jeg sier??? sa Jesus. Hvis han er v\u00e5r Herre, da er vi jo hans tjenere, forpliktet til \u00e5 lyde ham i alt! Nesten ingen tar det slik. Luk. 6, 46.<\/p>\n<p>\u201cHvem kjenner din vredes styrke og din harme, s\u00e5ledes som frykten for deg krever?\u201d Salme 90, 11. Sann og full gudsfrykt virker slik at vi forst\u00e5r og kjenner til hvor mektig vred og harm Gud er p\u00e5 all synd av alle mulige slag, i alle former og skikkelser, og i alle grader!<\/p>\n<p>Jo mer vi frykter for \u00e5 mishage Gud, for \u00e5 overtrede hans lover og bud, jo hurtigere og lengre kommer vi bort fra all slags synd og overtredelser. Jo n\u00f8yaktigere, og med dess st\u00f8rre glede og alvor, og jo villigere holder vi av hele v\u00e5rt hjerte alt hans ord! Hvem frykter vel med d\u00f8dsens alvor for \u00e5 g\u00e5 glipp av hele frelsen p\u00e5 grunn av tomt snakk??? Jak. 1, 26. Eller for \u00e5 fors\u00f8mme \u00e5 gj\u00f8re noe av alt det gode han har anledning til \u00e5 gj\u00f8re??? Jak. 4, 17.<\/p>\n<p>Er du virkelig redd for det, kj\u00e6re venn?<\/p>\n\t\t<\/div>\n\t\t\t\t\t<\/div>\n\n\t\n\n\t<div id=\"col-1251229806\" class=\"col copyright small-12 large-12\"  >\n\t\t\t\t<div class=\"col-inner text-left\"  >\n\t\t\t\n\t\t\t\n<div>\u00a9 Copyright Stiftelsen Skjulte Skatters Forlag<\/div>\n\t\t<\/div>\n\t\t\t\t\t<\/div>\n\n\t\n\n\t<div id=\"col-1345553114\" class=\"col small-12 large-12\"  >\n\t\t\t\t<div class=\"col-inner text-left\"  >\n\t\t\t\n\t\t\t\n<div><a href=\"#\" class=\"read-more\">Lue lis\u00e4\u00e4<\/a><\/div>\n\t\t<\/div>\n\t\t\t\t\t<\/div>\n\n\t\n\n\t<div id=\"col-1080261980\" class=\"col small-12 large-12\"  >\n\t\t\t\t<div class=\"col-inner text-left\"  >\n\t\t\t\n\t\t\t\n<p class=\"next-previous-message\"><a class=\"previous\" href=\"\/fi\/bible-studies\/theme-3\/judge-not\/\"><i class=\"icon-angle-left\"><\/i> Previous<\/a><a class=\"next\" href=\"\/fi\/bible-studies\/theme-3\/keep-yourselves-from-idols\/\">Next <i class=\"icon-angle-right\"><\/i><\/a><\/p>\n\t\t<\/div>\n\t\t\t\t\t<\/div>\n\n\t\n<\/div>\n\t\t<\/div>\n\n\t\t\n<style>\n#section_846723596 {\n  padding-top: 0px;\n  padding-bottom: 0px;\n  margin-bottom: 0px;\n}\n@media (min-width:550px) {\n  #section_846723596 {\n    padding-top: 0px;\n    padding-bottom: 0px;\n  }\n}\n<\/style>\n\t<\/section>\n\t\n\n\t<section class=\"section food-for-thought\" id=\"section_422148186\">\n\t\t<div class=\"section-bg fill\" >\n\t\t\t\t\t\t\t\t\t\n\t\t\t\n\n\t\t<\/div>\n\n\t\t\n\n\t\t<div class=\"section-content relative\">\n\t\t\t\n<div class=\"row align-center\"  id=\"row-667077866\">\n\n\t<div id=\"col-1863250437\" class=\"col title small-12 large-12\"  >\n\t\t\t\t<div class=\"col-inner text-left dark\"  >\n\t\t\t\n\t\t\t\n<h2>Devotional<\/h2>\n\t\t<\/div>\n\t\t\t\t\t<\/div>\n\n\t\n\n\t<div id=\"col-2128967578\" class=\"col small-12 large-12\"  >\n\t\t\t\t<div class=\"col-inner dark\"  >\n\t\t\t\n\t\t\t\n<p>Kirjoituksessaan &#8220;Jumalanpelko&#8221; Aslaksen kuvaa Jumalan vihaa synti\u00e4 kohtaan. Kirjoita muistiin sit\u00e4 ilmaiseva raamatunjae. Etsi sitten jae, josta n\u00e4et, miten paljon h\u00e4n rakastaa sinua.<\/p>\n<p class='info'>You have to <a href='\/login\/'>log in<\/a> if you want to save your answer.<\/p>\n\t\t<\/div>\n\t\t\t\t\t<\/div>\n\n\t\n<\/div>\n\t\t<\/div>\n\n\t\t\n<style>\n#section_422148186 {\n  padding-top: 30px;\n  padding-bottom: 30px;\n  background-color: rgb(73, 92, 94);\n}\n<\/style>\n\t<\/section>\n\t\n","protected":false},"excerpt":{"rendered":"","protected":false},"author":5,"featured_media":0,"parent":12611,"menu_order":2,"comment_status":"closed","ping_status":"closed","template":"page-blank.php","meta":{"footnotes":""},"class_list":["post-13323","page","type-page","status-publish","hentry"],"aioseo_notices":[],"_links":{"self":[{"href":"https:\/\/words-of-faith.org\/fi\/wp-json\/wp\/v2\/pages\/13323","targetHints":{"allow":["GET"]}}],"collection":[{"href":"https:\/\/words-of-faith.org\/fi\/wp-json\/wp\/v2\/pages"}],"about":[{"href":"https:\/\/words-of-faith.org\/fi\/wp-json\/wp\/v2\/types\/page"}],"author":[{"embeddable":true,"href":"https:\/\/words-of-faith.org\/fi\/wp-json\/wp\/v2\/users\/5"}],"replies":[{"embeddable":true,"href":"https:\/\/words-of-faith.org\/fi\/wp-json\/wp\/v2\/comments?post=13323"}],"version-history":[{"count":0,"href":"https:\/\/words-of-faith.org\/fi\/wp-json\/wp\/v2\/pages\/13323\/revisions"}],"up":[{"embeddable":true,"href":"https:\/\/words-of-faith.org\/fi\/wp-json\/wp\/v2\/pages\/12611"}],"wp:attachment":[{"href":"https:\/\/words-of-faith.org\/fi\/wp-json\/wp\/v2\/media?parent=13323"}],"curies":[{"name":"wp","href":"https:\/\/api.w.org\/{rel}","templated":true}]}}