{"id":13341,"date":"2020-05-29T20:00:12","date_gmt":"2020-05-29T18:00:12","guid":{"rendered":"https:\/\/aslaksen.bcc.no\/?page_id=13341"},"modified":"2020-08-21T13:34:27","modified_gmt":"2020-08-21T11:34:27","slug":"paetkaa-epajumalien-palvelemista","status":"publish","type":"page","link":"https:\/\/words-of-faith.org\/fi\/bible-study\/teema-3\/paetkaa-epajumalien-palvelemista\/","title":{"rendered":"Paetkaa ep\u00e4jumalien palvelemista"},"content":{"rendered":"\n\t<section class=\"section\" id=\"section_606190549\">\n\t\t<div class=\"section-bg fill\" >\n\t\t\t\t\t\t\t\t\t\n\t\t\t\n\n\t\t<\/div>\n\n\t\t\n\n\t\t<div class=\"section-content relative\">\n\t\t\t\n<div class=\"row align-center\"  id=\"row-380017491\">\n\n\t<div id=\"col-1151838551\" class=\"col small-12 large-12\"  >\n\t\t\t\t<div class=\"col-inner\"  >\n\t\t\t\n\t\t\t\n<p class=\"breadcrumbs\"><a href=\"..\/\">Theme 3<\/a> \/ Messages<\/p>\n<h1>Paetkaa ep\u00e4jumalien palvelemista<\/h1>\n<p class=\"article-date\">Skjulte Skatter, julkaistu helmikuu 1991<\/p>\n<p class=\"article-author\">Aslaksenin kirjoitus<\/p>\n\t\t<\/div>\n\t\t\t\t\t<\/div>\n\n\t\n\n<style>\n#row-380017491 > .col > .col-inner {\n  padding: 30px 0px 0px 0px;\n}\n<\/style>\n<\/div>\n<div class=\"row align-center audio\"  id=\"row-1970700800\">\n\n\t<div id=\"col-1417601684\" class=\"col small-12 large-12\"  >\n\t\t\t\t<div class=\"col-inner\"  >\n\t\t\t\n\t\t\t\n<!--[if lt IE 9]><script>document.createElement('audio');<\/script><![endif]-->\n<audio class=\"wp-audio-shortcode\" id=\"audio-13341-1\" preload=\"none\" style=\"width: 100%;\" controls=\"controls\"><source type=\"audio\/mpeg\" src=\"\/audio\/Tema%203\/FI\/15_Vokt%20eder%20for%20avgudene_FI.mp3?_=1\" \/><a href=\"\/audio\/Tema%203\/FI\/15_Vokt%20eder%20for%20avgudene_FI.mp3\">\/audio\/Tema%203\/FI\/15_Vokt%20eder%20for%20avgudene_FI.mp3<\/a><\/audio>\n<p class=\"click-to-listen\">Click to listen to the speech.<\/p>\n\t\t<\/div>\n\t\t\t\t\t<\/div>\n\n\t\n<\/div>\n<div class=\"row align-center article article-excerpt\"  id=\"row-1468432458\">\n\n\t<div id=\"col-932126789\" class=\"col small-12 large-12\"  >\n\t\t\t\t<div class=\"col-inner text-left\"  >\n\t\t\t\n\t\t\t\n<p><em>1. Joh. 5, 21<\/em><\/p>\n<p>I kap. 2, 15 har vi uttrykk for hva avgudene vanligvis er: De ting som er i denne verden! Dette stemmer med apostelen Paulus\u2019 forklaring: havesyke som er avgudsdyrkelse.<\/p>\n<p>Det man er syk etter \u00e5 ha, f\u00e5, anskaffe, er alts\u00e5 avgudene. Vi har ogs\u00e5 en d\u00f8dsens alvorlig forklaring p\u00e5 denne avgudsdyrkelse i Fil. 3, 18-19: \u201chvis ende er fortapelse, hvis gud er buken, \u2026 de som attr\u00e5r de jordiske ting\u201d. Man kan i den grad elske og beundre god mat at buken, dvs. god mat og mye mat er ens gud. Paulus hadde ofte sagt dem dette, og gr\u00e5t av sorg over dette, v. 18. Og dette stemmer med hva han skrev i Rom. 1, 25: de dyrket det skapte fremfor skaperen! De aller fleste penger g\u00e5r til avgudsdyrkelse! Just derfor g\u00e5r det ikke an \u00e5 elske penger samtidig med at man elsker Gud!!!<\/p>\n<p>Den store profet Esaias har ogs\u00e5 talt alvorlig om dette! Es. 2, 21-22 og 3, 16-24. I k. 2, 18 st\u00e5r det: \u201cOg avgudene \u2013 med dem er det helt forbi.\u201d Nemlig p\u00e5 den dag da Guds vrede og dom over alt dette skal \u00e5penbares! (V. 12) Men n\u00e5 er saken den at Jesus kom med fullkommen frelse fra all denne vanlige elendighet!!!<\/p>\n<p>S\u00e5 n\u00e5 har vi alle full anledning til at det blir helt forbi med all slags avgudsdyrkelse i v\u00e5re liv! H\u00f8ylovet v\u00e6re Herren!<\/p>\n\t\t<\/div>\n\t\t\t\t\t<\/div>\n\n\t\n\n\t<div id=\"col-904606107\" class=\"col copyright small-12 large-12\"  >\n\t\t\t\t<div class=\"col-inner text-left\"  >\n\t\t\t\n\t\t\t\n<div>\u00a9 Copyright Stiftelsen Skjulte Skatters Forlag<\/div>\n\t\t<\/div>\n\t\t\t\t\t<\/div>\n\n\t\n\n\t<div id=\"col-2129900872\" class=\"col small-12 large-12\"  >\n\t\t\t\t<div class=\"col-inner text-left\"  >\n\t\t\t\n\t\t\t\n<div><a href=\"#\" class=\"read-more\">Lue lis\u00e4\u00e4<\/a><\/div>\n\t\t<\/div>\n\t\t\t\t\t<\/div>\n\n\t\n\n\t<div id=\"col-1184764006\" class=\"col small-12 large-12\"  >\n\t\t\t\t<div class=\"col-inner text-left\"  >\n\t\t\t\n\t\t\t\n<p class=\"next-previous-message\"><a class=\"previous\" href=\"\/fi\/bible-studies\/theme-3\/the-fear-of-god\/\"><i class=\"icon-angle-left\"><\/i> Previous<\/a><a class=\"next\" href=\"\/fi\/bible-studies\/theme-3\/do-gods-will\/\">Next <i class=\"icon-angle-right\"><\/i><\/a><\/p>\n\t\t<\/div>\n\t\t\t\t\t<\/div>\n\n\t\n<\/div>\n\t\t<\/div>\n\n\t\t\n<style>\n#section_606190549 {\n  padding-top: 0px;\n  padding-bottom: 0px;\n  margin-bottom: 0px;\n}\n@media (min-width:550px) {\n  #section_606190549 {\n    padding-top: 0px;\n    padding-bottom: 0px;\n  }\n}\n<\/style>\n\t<\/section>\n\t\n\n\t<section class=\"section food-for-thought\" id=\"section_602744376\">\n\t\t<div class=\"section-bg fill\" >\n\t\t\t\t\t\t\t\t\t\n\t\t\t\n\n\t\t<\/div>\n\n\t\t\n\n\t\t<div class=\"section-content relative\">\n\t\t\t\n<div class=\"row align-center\"  id=\"row-432798662\">\n\n\t<div id=\"col-135718402\" class=\"col title small-12 large-12\"  >\n\t\t\t\t<div class=\"col-inner text-left dark\"  >\n\t\t\t\n\t\t\t\n<h2>Devotional<\/h2>\n\t\t<\/div>\n\t\t\t\t\t<\/div>\n\n\t\n\n\t<div id=\"col-798284703\" class=\"col small-12 large-12\"  >\n\t\t\t\t<div class=\"col-inner dark\"  >\n\t\t\t\n\t\t\t\n<p>Kirjoituksessaan  &#8220;Karttakaa ep\u00e4jumalia&#8221; Aslaksen luettelee esimerkkej\u00e4 ep\u00e4jumalista. Milloin jokin asia on ep\u00e4jumala sinulle?<\/p>\n<p class='info'>You have to <a href='\/login\/'>log in<\/a> if you want to save your answer.<\/p>\n\t\t<\/div>\n\t\t\t\t\t<\/div>\n\n\t\n<\/div>\n\t\t<\/div>\n\n\t\t\n<style>\n#section_602744376 {\n  padding-top: 30px;\n  padding-bottom: 30px;\n  background-color: rgb(73, 92, 94);\n}\n<\/style>\n\t<\/section>\n\t\n","protected":false},"excerpt":{"rendered":"","protected":false},"author":5,"featured_media":0,"parent":12611,"menu_order":3,"comment_status":"closed","ping_status":"closed","template":"page-blank.php","meta":{"footnotes":""},"class_list":["post-13341","page","type-page","status-publish","hentry"],"aioseo_notices":[],"_links":{"self":[{"href":"https:\/\/words-of-faith.org\/fi\/wp-json\/wp\/v2\/pages\/13341","targetHints":{"allow":["GET"]}}],"collection":[{"href":"https:\/\/words-of-faith.org\/fi\/wp-json\/wp\/v2\/pages"}],"about":[{"href":"https:\/\/words-of-faith.org\/fi\/wp-json\/wp\/v2\/types\/page"}],"author":[{"embeddable":true,"href":"https:\/\/words-of-faith.org\/fi\/wp-json\/wp\/v2\/users\/5"}],"replies":[{"embeddable":true,"href":"https:\/\/words-of-faith.org\/fi\/wp-json\/wp\/v2\/comments?post=13341"}],"version-history":[{"count":0,"href":"https:\/\/words-of-faith.org\/fi\/wp-json\/wp\/v2\/pages\/13341\/revisions"}],"up":[{"embeddable":true,"href":"https:\/\/words-of-faith.org\/fi\/wp-json\/wp\/v2\/pages\/12611"}],"wp:attachment":[{"href":"https:\/\/words-of-faith.org\/fi\/wp-json\/wp\/v2\/media?parent=13341"}],"curies":[{"name":"wp","href":"https:\/\/api.w.org\/{rel}","templated":true}]}}