{"id":13378,"date":"2020-05-29T20:00:06","date_gmt":"2020-05-29T18:00:06","guid":{"rendered":"https:\/\/aslaksen.bcc.no\/?page_id=13378"},"modified":"2020-08-21T13:45:47","modified_gmt":"2020-08-21T11:45:47","slug":"sielunsa-uskominen-uskollisen-luojan-haltuun","status":"publish","type":"page","link":"https:\/\/words-of-faith.org\/fi\/bible-study\/teema-3\/sielunsa-uskominen-uskollisen-luojan-haltuun\/","title":{"rendered":"Sielunsa uskominen uskollisen Luojan haltuun"},"content":{"rendered":"\n\t<section class=\"section\" id=\"section_522888206\">\n\t\t<div class=\"section-bg fill\" >\n\t\t\t\t\t\t\t\t\t\n\t\t\t\n\n\t\t<\/div>\n\n\t\t\n\n\t\t<div class=\"section-content relative\">\n\t\t\t\n<div class=\"row align-center\"  id=\"row-1774367044\">\n\n\t<div id=\"col-42713016\" class=\"col small-12 large-12\"  >\n\t\t\t\t<div class=\"col-inner\"  >\n\t\t\t\n\t\t\t\n<p class=\"breadcrumbs\"><a href=\"..\/\">Theme 3<\/a> \/ Messages<\/p>\n<h1>Sielunsa uskominen uskollisen Luojan haltuun<\/h1>\n<p class=\"article-date\">Skjulte Skatter, julkaistu maaliskuu 1989<\/p>\n<p class=\"article-author\">Aslaksenin kirjoitus<\/p>\n\t\t<\/div>\n\t\t\t\t\t<\/div>\n\n\t\n\n<style>\n#row-1774367044 > .col > .col-inner {\n  padding: 30px 0px 0px 0px;\n}\n<\/style>\n<\/div>\n<div class=\"row align-center audio\"  id=\"row-1408803052\">\n\n\t<div id=\"col-1225608036\" class=\"col small-12 large-12\"  >\n\t\t\t\t<div class=\"col-inner\"  >\n\t\t\t\n\t\t\t\n<!--[if lt IE 9]><script>document.createElement('audio');<\/script><![endif]-->\n<audio class=\"wp-audio-shortcode\" id=\"audio-13378-1\" preload=\"none\" style=\"width: 100%;\" controls=\"controls\"><source type=\"audio\/mpeg\" src=\"\/audio\/Tema%203\/FI\/17_%C3%85%20overgi%20sine%20sjeler%20til%20den%20trofaste%20skaper_FI.mp3?_=1\" \/><a href=\"\/audio\/Tema%203\/FI\/17_%C3%85%20overgi%20sine%20sjeler%20til%20den%20trofaste%20skaper_FI.mp3\">\/audio\/Tema%203\/FI\/17_%C3%85%20overgi%20sine%20sjeler%20til%20den%20trofaste%20skaper_FI.mp3<\/a><\/audio>\n<p class=\"click-to-listen\">Click to listen to the speech.<\/p>\n\t\t<\/div>\n\t\t\t\t\t<\/div>\n\n\t\n<\/div>\n<div class=\"row align-center article article-excerpt\"  id=\"row-1344254889\">\n\n\t<div id=\"col-1492317671\" class=\"col small-12 large-12\"  >\n\t\t\t\t<div class=\"col-inner text-left\"  >\n\t\t\t\n\t\t\t\n<p><em>1. Piet. 4, 19<\/em><\/p>\n<p>Kuinka osuva, sis\u00e4lt\u00f6rikas ilmaisu!!! Siis: en pid\u00e4 sieluani itsell\u00e4ni, en el\u00e4 itselleni, en tee niin kuin itse n\u00e4en parhaaksi, vaan uskon sieluni h\u00e4nen haltuunsa. Anna itsesi h\u00e4nelle ilman rajoituksia, ilman ehtoja, ja luota h\u00e4neen t\u00e4ydellisesti. H\u00e4n on Luoja, joka on luonut kaiken, ja nyt h\u00e4n tahtoo luoda sisimp\u00e4\u00e4mme jotakin aivan uutta! \u00c4l\u00e4 luota j\u00e4rkeesi ja tunteisiisi, vaan usko itsesi t\u00e4ysin h\u00e4nen haltuunsa, h\u00e4nen sanansa ja Uuden Testamentin t\u00e4ydellisen valon mukaisesti.<\/p>\n<p>Motto: sokea luottamus ja yksinkertainen uskollisuus v\u00e4h\u00e4ss\u00e4 ja suuressa. Emmeh\u00e4n me voi kertoa Luojalle, kuinka h\u00e4nen tulisi luoda. Se on h\u00e4nen asiansa. Meid\u00e4n asiamme on antautua h\u00e4nen tahtoonsa. Kaikki kunnia ja ylistys h\u00e4nelle.<\/p>\n<p>Koettele itse\u00e4si, oletko todella t\u00e4ysin ja kokonaan antautunut h\u00e4nelle \u2013&nbsp;Jos n\u00e4in ei ole, niin antaudu nyt, onhan paljon parempi my\u00f6h\u00e4\u00e4n kuin ei milloinkaan!<\/p>\n<p>Kun sielu tulee tyhjennetyksi Kristuksen kuolemassa, silloin saa aistia hengellisille asioille&nbsp;\u2013&nbsp;Ne, jotka ovat sielullisia eiv\u00e4t ole uskoneet sieluaan h\u00e4nelle.<\/p>\n\t\t<\/div>\n\t\t\t\t\t<\/div>\n\n\t\n\n\t<div id=\"col-1643926319\" class=\"col copyright small-12 large-12\"  >\n\t\t\t\t<div class=\"col-inner text-left\"  >\n\t\t\t\n\t\t\t\n<div>\u00a9 Copyright Stiftelsen Skjulte Skatters Forlag<\/div>\n\t\t<\/div>\n\t\t\t\t\t<\/div>\n\n\t\n\n\t<div id=\"col-659537086\" class=\"col small-12 large-12\"  >\n\t\t\t\t<div class=\"col-inner text-left\"  >\n\t\t\t\n\t\t\t\n<div><a href=\"#\" class=\"read-more\">Lue lis\u00e4\u00e4<\/a><\/div>\n\t\t<\/div>\n\t\t\t\t\t<\/div>\n\n\t\n\n\t<div id=\"col-1130638547\" class=\"col small-12 large-12\"  >\n\t\t\t\t<div class=\"col-inner text-left\"  >\n\t\t\t\n\t\t\t\n<p class=\"next-previous-message\"><a class=\"previous\" href=\"\/fi\/bible-studies\/theme-3\/do-gods-will\/\"><i class=\"icon-angle-left\"><\/i> Previous<\/a><a class=\"next\" href=\"\/fi\/bible-studies\/theme-3\/you-are-loved-and-should-love-in-return\/\">Next <i class=\"icon-angle-right\"><\/i><\/a><\/p>\n\t\t<\/div>\n\t\t\t\t\t<\/div>\n\n\t\n<\/div>\n\t\t<\/div>\n\n\t\t\n<style>\n#section_522888206 {\n  padding-top: 0px;\n  padding-bottom: 0px;\n  margin-bottom: 0px;\n}\n@media (min-width:550px) {\n  #section_522888206 {\n    padding-top: 0px;\n    padding-bottom: 0px;\n  }\n}\n<\/style>\n\t<\/section>\n\t\n\n\t<section class=\"section food-for-thought\" id=\"section_633616604\">\n\t\t<div class=\"section-bg fill\" >\n\t\t\t\t\t\t\t\t\t\n\t\t\t\n\n\t\t<\/div>\n\n\t\t\n\n\t\t<div class=\"section-content relative\">\n\t\t\t\n<div class=\"row align-center\"  id=\"row-985986702\">\n\n\t<div id=\"col-793693518\" class=\"col title small-12 large-12\"  >\n\t\t\t\t<div class=\"col-inner text-left dark\"  >\n\t\t\t\n\t\t\t\n<h2>Devotional<\/h2>\n\t\t<\/div>\n\t\t\t\t\t<\/div>\n\n\t\n\n\t<div id=\"col-524390120\" class=\"col small-12 large-12\"  >\n\t\t\t\t<div class=\"col-inner dark\"  >\n\t\t\t\n\t\t\t\n<p>Kirjoituksessaan &#8220;Usko sielusi uskollisen Luojan haltuun&#8221; Aslaksen kirjoittaa tahdottomasta antautumisesta. Mit\u00e4 h\u00e4n tarkoittaa sill\u00e4?<\/p>\n<p class='info'>You have to <a href='\/login\/'>log in<\/a> if you want to save your answer.<\/p>\n\t\t<\/div>\n\t\t\t\t\t<\/div>\n\n\t\n<\/div>\n\t\t<\/div>\n\n\t\t\n<style>\n#section_633616604 {\n  padding-top: 30px;\n  padding-bottom: 30px;\n  background-color: rgb(73, 92, 94);\n}\n<\/style>\n\t<\/section>\n\t\n","protected":false},"excerpt":{"rendered":"","protected":false},"author":5,"featured_media":0,"parent":12611,"menu_order":5,"comment_status":"closed","ping_status":"closed","template":"page-blank.php","meta":{"footnotes":""},"class_list":["post-13378","page","type-page","status-publish","hentry"],"aioseo_notices":[],"_links":{"self":[{"href":"https:\/\/words-of-faith.org\/fi\/wp-json\/wp\/v2\/pages\/13378","targetHints":{"allow":["GET"]}}],"collection":[{"href":"https:\/\/words-of-faith.org\/fi\/wp-json\/wp\/v2\/pages"}],"about":[{"href":"https:\/\/words-of-faith.org\/fi\/wp-json\/wp\/v2\/types\/page"}],"author":[{"embeddable":true,"href":"https:\/\/words-of-faith.org\/fi\/wp-json\/wp\/v2\/users\/5"}],"replies":[{"embeddable":true,"href":"https:\/\/words-of-faith.org\/fi\/wp-json\/wp\/v2\/comments?post=13378"}],"version-history":[{"count":0,"href":"https:\/\/words-of-faith.org\/fi\/wp-json\/wp\/v2\/pages\/13378\/revisions"}],"up":[{"embeddable":true,"href":"https:\/\/words-of-faith.org\/fi\/wp-json\/wp\/v2\/pages\/12611"}],"wp:attachment":[{"href":"https:\/\/words-of-faith.org\/fi\/wp-json\/wp\/v2\/media?parent=13378"}],"curies":[{"name":"wp","href":"https:\/\/api.w.org\/{rel}","templated":true}]}}