{"id":13396,"date":"2020-05-29T20:00:10","date_gmt":"2020-05-29T18:00:10","guid":{"rendered":"https:\/\/aslaksen.bcc.no\/?page_id=13396"},"modified":"2020-08-21T13:49:23","modified_gmt":"2020-08-21T11:49:23","slug":"olet-rakastettu-ja-sinun-tulee-osoittaa-vastarakkautta","status":"publish","type":"page","link":"https:\/\/words-of-faith.org\/fi\/bible-study\/teema-3\/olet-rakastettu-ja-sinun-tulee-osoittaa-vastarakkautta\/","title":{"rendered":"Olet rakastettu, ja sinun tulee osoittaa vastarakkautta"},"content":{"rendered":"\n\t<section class=\"section\" id=\"section_1697938723\">\n\t\t<div class=\"section-bg fill\" >\n\t\t\t\t\t\t\t\t\t\n\t\t\t\n\n\t\t<\/div>\n\n\t\t\n\n\t\t<div class=\"section-content relative\">\n\t\t\t\n<div class=\"row align-center\"  id=\"row-852880310\">\n\n\t<div id=\"col-416120656\" class=\"col small-12 large-12\"  >\n\t\t\t\t<div class=\"col-inner\"  >\n\t\t\t\n\t\t\t\n<p class=\"breadcrumbs\"><a href=\"..\/\">Theme 3<\/a> \/ Messages<\/p>\n<h1>Olet rakastettu, ja sinun tulee osoittaa vastarakkautta<\/h1>\n<p class=\"article-date\">Skjulte Skatter, julkaistu huhtikuu 1938<\/p>\n<p class=\"article-author\">Aslaksenin kirjoitus<\/p>\n\t\t<\/div>\n\t\t\t\t\t<\/div>\n\n\t\n\n<style>\n#row-852880310 > .col > .col-inner {\n  padding: 30px 0px 0px 0px;\n}\n<\/style>\n<\/div>\n<div class=\"row align-center audio\"  id=\"row-2017171028\">\n\n\t<div id=\"col-1224189628\" class=\"col small-12 large-12\"  >\n\t\t\t\t<div class=\"col-inner\"  >\n\t\t\t\n\t\t\t\n<!--[if lt IE 9]><script>document.createElement('audio');<\/script><![endif]-->\n<audio class=\"wp-audio-shortcode\" id=\"audio-13396-1\" preload=\"none\" style=\"width: 100%;\" controls=\"controls\"><source type=\"audio\/mpeg\" src=\"\/audio\/Tema%203\/FI\/18_Du%20er%20elsket%20og%20b%C3%B8r%20elske%20igjen_FI.mp3?_=1\" \/><a href=\"\/audio\/Tema%203\/FI\/18_Du%20er%20elsket%20og%20b%C3%B8r%20elske%20igjen_FI.mp3\">\/audio\/Tema%203\/FI\/18_Du%20er%20elsket%20og%20b%C3%B8r%20elske%20igjen_FI.mp3<\/a><\/audio>\n<p class=\"click-to-listen\">Click to listen to the speech.<\/p>\n\t\t<\/div>\n\t\t\t\t\t<\/div>\n\n\t\n<\/div>\n<div class=\"row align-center article article-excerpt\"  id=\"row-1888329726\">\n\n\t<div id=\"col-489321888\" class=\"col small-12 large-12\"  >\n\t\t\t\t<div class=\"col-inner text-left\"  >\n\t\t\t\n\t\t\t\n<p><strong>Kristendom,&nbsp;<\/strong>omvendelse, frelse, evangeliet \u2013 hva gjelder det? Hva vil Gud med oss? Hva dreier det seg om ? ? ?<\/p>\n<p>Det dreier seg om 2 ting:<\/p>\n<p>I At&nbsp;<em>Gud elsker&nbsp;<\/em>oss. \u00abS\u00e5 elsket Gud verden at han ga . . .\u00bb<\/p>\n<p>Joh. 3, 16.<\/p>\n<p>II At&nbsp;<em>vi elsker ham igjen:<\/em><\/p>\n<p><strong>\u00abVi elsker fordi han elsket oss f\u00f8rst\u00bb.<\/strong><\/p>\n<p>1. Joh. 4, 19.<\/p>\n<p>Dreier det seg ikke om meget annet ogs\u00e5? Nei, ikke om noe som helst annet! Alt annet godt er en uunng\u00e5elig f\u00f8lge av dette! Hvem elsker oss med stor og ren kj\u00e6rlighet? Det gj\u00f8r Jesus Kristus. Det har han kraftig bevist. Hvem elsker ham igjen? Det gj\u00f8r selvf\u00f8lgelig alle som blir oppmerksomme p\u00e5 denne hans opph\u00f8yede kj\u00e6rlighet.<\/p>\n<p>Fordi Gud elsker deg, med fullkommen kj\u00e6rlighet, er det kun en eneste ting han vil med deg, og det er \u00e5 gj\u00f8re vel imot deg. Det er den eneste tanke og plan han har med deg. Noe verre enn det er det ikke!<\/p>\n<p>N\u00e5r en mann p\u00e5 naturlig vis elsker en kvinne, og derfor vil gj\u00f8re godt mot henne, vil gi henne gaver o.s.v., og hun synes om hans person og hans vesen, da elsker hun ham igjen, og er forholdsvis sv\u00e6rt lykkelig i denne verden s\u00e5 lenge som dette forhold varer ved. Og dog er denne lykke som intet \u00e5 regne mot den som oppst\u00e5r derved at man er og blir elsket av Gud ved hans elskelige og fullkomne S\u00f8nn Jesus Kristus, og derved at man elsker ham igjen! Hvorfor?<\/p>\n<p>Fordi hans kj\u00e6rlighet er s\u00e5 usigelig meget st\u00f8rre! Fordi han er s\u00e5 meget rikere og mektigere! Og aller mest fordi hans vesen, hans personlighet, hans sinnelag, er s\u00e5 uendelig meget bedre, edlere og herligere p\u00e5 alle mulige m\u00e5ter!<\/p>\n<p>Tenk \u00e5 bli elsket av ham ! ! ! ? ? ? \u2013 \u2013 \u2013<\/p>\n<p>Hvilken lykke! Hvilken storhet! Hvilket tilbudt! Intet under at evangeliet kalles for det gode og det glade budskap!<\/p>\n<p>Hvem er du, kj\u00e6re sjel, at du skulle si \u00abnei takk til dette? Alt du skulle&nbsp;<em>avvise&nbsp;<\/em>ham? At du heller skulle velge \u00e5 v\u00e6re ham foruten? Han har gitt sitt liv for deg, lidt alt for deg, sonet all din synd, banet en vei ut fra all synd og forbannelse, forat du skal f\u00e5 anledning til \u00e5 vandre p\u00e5 den! \u00abKristus led \u00e9n gang for synder, en rettferdig for urettferdige, for \u00e5 f\u00f8re oss frem til Gud\u00bb. 1. Pet. 3, 18.<\/p>\n<p>Bekjenn din synd og han tilgir deg alt! 1. Joh. 1, 9.<\/p>\n<p>Bed om kraft, og han styrker deg! Han gir deg tro<em>,&nbsp;<\/em>kj\u00e6rlighet, \u00e5nd og kraft, til \u00e5 gj\u00f8re hva rett og godt er<em>&nbsp;<\/em>i hans \u00f8yne, og du blir helt lykkelig, bestandig lykkelig! Du f\u00e5r alt hva du trenger for \u00e5 makte \u00e5 gj\u00f8re opp dine saker, for \u00e5 bekjenne og gj\u00f8re godt igjen hva du har gjort ille. \u2013<\/p>\n<p>Du f\u00e5r alt hva du trenger av ham som er<em>&nbsp;<\/em>rik p\u00e5 kraft og godhet, og som elsker deg, s\u00e5 du kommer til \u00e5 kunne hva du nu ikke kan, nemlig gj\u00f8re det gode, samt opph\u00f8re \u00e5 gj\u00f8re det onde.<\/p>\n<p>Fatt kj\u00e6rlighet til ham! Han elsker deg! Si \u00abja\u00bb til ham! Elsk ham igjen! S\u00e5 vil du f\u00e5 erfare hva hans usigelig store kj\u00e6rlighet vil komme til \u00e5 bringe deg av utenkelig og unevnelig lykke og herlighet i ditt hjerte.<\/p>\n<p>Intet er bedre enn \u00e5 elske og bli elsket igjen! Is\u00e6r n\u00e5r det er<em>&nbsp;<\/em>en s\u00e5dan person som elsker oss, og som vi elsker igjen. Si ikke \u00abnei\u00bb til Ham! Jesus kaller p\u00e5 deg nu. \u2013<\/p>\n\t\t<\/div>\n\t\t\t\t\t<\/div>\n\n\t\n\n\t<div id=\"col-1250308589\" class=\"col copyright small-12 large-12\"  >\n\t\t\t\t<div class=\"col-inner text-left\"  >\n\t\t\t\n\t\t\t\n<div>\u00a9 Copyright Stiftelsen Skjulte Skatters Forlag<\/div>\n\t\t<\/div>\n\t\t\t\t\t<\/div>\n\n\t\n\n\t<div id=\"col-1132697879\" class=\"col small-12 large-12\"  >\n\t\t\t\t<div class=\"col-inner text-left\"  >\n\t\t\t\n\t\t\t\n<div><a href=\"#\" class=\"read-more\">Lue lis\u00e4\u00e4<\/a><\/div>\n\t\t<\/div>\n\t\t\t\t\t<\/div>\n\n\t\n\n\t<div id=\"col-504242189\" class=\"col small-12 large-12\"  >\n\t\t\t\t<div class=\"col-inner text-left\"  >\n\t\t\t\n\t\t\t\n<p class=\"next-previous-message\"><a class=\"previous\" href=\"\/fi\/bible-studies\/theme-3\/commit-your-souls-to-the-faithful-creator\/\"><i class=\"icon-angle-left\"><\/i> Previous<\/a><a class=\"next\" href=\"\/fi\/bible-studies\/theme-3\/judge-not\/\">Next <i class=\"icon-angle-right\"><\/i><\/a><\/p>\n\t\t<\/div>\n\t\t\t\t\t<\/div>\n\n\t\n<\/div>\n\t\t<\/div>\n\n\t\t\n<style>\n#section_1697938723 {\n  padding-top: 0px;\n  padding-bottom: 0px;\n  margin-bottom: 0px;\n}\n@media (min-width:550px) {\n  #section_1697938723 {\n    padding-top: 0px;\n    padding-bottom: 0px;\n  }\n}\n<\/style>\n\t<\/section>\n\t\n\n\t<section class=\"section food-for-thought\" id=\"section_2118893225\">\n\t\t<div class=\"section-bg fill\" >\n\t\t\t\t\t\t\t\t\t\n\t\t\t\n\n\t\t<\/div>\n\n\t\t\n\n\t\t<div class=\"section-content relative\">\n\t\t\t\n<div class=\"row align-center\"  id=\"row-1206293264\">\n\n\t<div id=\"col-342208426\" class=\"col title small-12 large-12\"  >\n\t\t\t\t<div class=\"col-inner text-left dark\"  >\n\t\t\t\n\t\t\t\n<h2>Devotional<\/h2>\n\t\t<\/div>\n\t\t\t\t\t<\/div>\n\n\t\n\n\t<div id=\"col-1978804714\" class=\"col small-12 large-12\"  >\n\t\t\t\t<div class=\"col-inner dark\"  >\n\t\t\t\n\t\t\t\n<p>Lue\/kuuntele kirjoitus &#8220;Sinua rakastetaan ja sinun kuuluu osoittaa vastarakkautta&#8221;. Mit\u00e4 vastarakkauden osoittaminen Jeesusta kohtaa tarkoittaa sinun kohdallasi? Anna siit\u00e4 muutama konkreettinen esimerkki.<\/p>\n<p class='info'>You have to <a href='\/login\/'>log in<\/a> if you want to save your answer.<\/p>\n\t\t<\/div>\n\t\t\t\t\t<\/div>\n\n\t\n<\/div>\n\t\t<\/div>\n\n\t\t\n<style>\n#section_2118893225 {\n  padding-top: 30px;\n  padding-bottom: 30px;\n  background-color: rgb(73, 92, 94);\n}\n<\/style>\n\t<\/section>\n\t\n","protected":false},"excerpt":{"rendered":"","protected":false},"author":5,"featured_media":0,"parent":12611,"menu_order":6,"comment_status":"closed","ping_status":"closed","template":"page-blank.php","meta":{"footnotes":""},"class_list":["post-13396","page","type-page","status-publish","hentry"],"aioseo_notices":[],"_links":{"self":[{"href":"https:\/\/words-of-faith.org\/fi\/wp-json\/wp\/v2\/pages\/13396","targetHints":{"allow":["GET"]}}],"collection":[{"href":"https:\/\/words-of-faith.org\/fi\/wp-json\/wp\/v2\/pages"}],"about":[{"href":"https:\/\/words-of-faith.org\/fi\/wp-json\/wp\/v2\/types\/page"}],"author":[{"embeddable":true,"href":"https:\/\/words-of-faith.org\/fi\/wp-json\/wp\/v2\/users\/5"}],"replies":[{"embeddable":true,"href":"https:\/\/words-of-faith.org\/fi\/wp-json\/wp\/v2\/comments?post=13396"}],"version-history":[{"count":0,"href":"https:\/\/words-of-faith.org\/fi\/wp-json\/wp\/v2\/pages\/13396\/revisions"}],"up":[{"embeddable":true,"href":"https:\/\/words-of-faith.org\/fi\/wp-json\/wp\/v2\/pages\/12611"}],"wp:attachment":[{"href":"https:\/\/words-of-faith.org\/fi\/wp-json\/wp\/v2\/media?parent=13396"}],"curies":[{"name":"wp","href":"https:\/\/api.w.org\/{rel}","templated":true}]}}