{"id":15517,"date":"2020-06-10T19:43:04","date_gmt":"2020-06-10T17:43:04","guid":{"rendered":"https:\/\/aslaksen.bcc.no\/?page_id=15517"},"modified":"2020-08-21T14:09:55","modified_gmt":"2020-08-21T12:09:55","slug":"lujat-daavidin-armot","status":"publish","type":"page","link":"https:\/\/words-of-faith.org\/fi\/bible-study\/teema-4\/lujat-daavidin-armot\/","title":{"rendered":"&#8220;Lujat Daavidin armot&#8221;"},"content":{"rendered":"\n\t<section class=\"section\" id=\"section_1412649472\">\n\t\t<div class=\"section-bg fill\" >\n\t\t\t\t\t\t\t\t\t\n\t\t\t\n\n\t\t<\/div>\n\n\t\t\n\n\t\t<div class=\"section-content relative\">\n\t\t\t\n<div class=\"row align-center\"  id=\"row-147896555\">\n\n\t<div id=\"col-516278338\" class=\"col small-12 large-12\"  >\n\t\t\t\t<div class=\"col-inner\"  >\n\t\t\t\n\t\t\t\n<p class=\"breadcrumbs\"><a href=\"..\/\">Theme 4<\/a> \/ Messages<\/p>\n<h1>\u201cLujat Daavidin armot\u201d<\/h1>\n<p class=\"article-date\">Skjulte Skatter, julkaistu huhtikuu 1985<\/p>\n<p class=\"article-author\">Aslaksenin kirjoitus<\/p>\n\t\t<\/div>\n\t\t\t\t\t<\/div>\n\n\t\n\n<style>\n#row-147896555 > .col > .col-inner {\n  padding: 30px 0px 0px 0px;\n}\n<\/style>\n<\/div>\n<div class=\"row align-center audio\"  id=\"row-2045937379\">\n\n\t<div id=\"col-1724242270\" class=\"col small-12 large-12\"  >\n\t\t\t\t<div class=\"col-inner\"  >\n\t\t\t\n\t\t\t\n<!--[if lt IE 9]><script>document.createElement('audio');<\/script><![endif]-->\n<audio class=\"wp-audio-shortcode\" id=\"audio-15517-1\" preload=\"none\" style=\"width: 100%;\" controls=\"controls\"><source type=\"audio\/mpeg\" src=\"\/audio\/Tema%204\/FI\/24_Daavidin%20luja%20armo_Teema_4.mp3?_=1\" \/><a href=\"\/audio\/Tema%204\/FI\/24_Daavidin%20luja%20armo_Teema_4.mp3\">\/audio\/Tema%204\/FI\/24_Daavidin%20luja%20armo_Teema_4.mp3<\/a><\/audio>\n<p class=\"click-to-listen\">Click to listen to the speech.<\/p>\n\t\t<\/div>\n\t\t\t\t\t<\/div>\n\n\t\n<\/div>\n<div class=\"row align-center article article-excerpt\"  id=\"row-1282807231\">\n\n\t<div id=\"col-162040262\" class=\"col small-12 large-12\"  >\n\t\t\t\t<div class=\"col-inner text-left\"  >\n\t\t\t\n\t\t\t\n<p><em>Jesaja 55:3<\/em><\/p>\n<p>T\u00e4ss\u00e4 armossa on siis kaksi kuvaavaa seikkaa \u2013 armossa, jota kummallista kyll\u00e4 kutsutaan Daavidin armoksi, siksi valtavaksi armoksi, jonka Daavid sai, sen, joka kykeni tekem\u00e4\u00e4n h\u00e4nest\u00e4 Jumalan syd\u00e4men mukaisen miehen. Sellaisen nimen saamiseenhan tarvitaan tietenkin aivan suunnattoman paljon! \u2014<\/p>\n<p>Ja kaikki se toimiva armo, joka meid\u00e4n on mahdollista saada nyt uuden liiton aikana, seh\u00e4n on monen monta kertaa suurempi ja toimivampi kuin se, mik\u00e4 pystyttiin saamaan vanhan liiton aikana!<\/p>\n<p>Mutta \u2013 aivan jumalallisen lainmukaisesti \u2013 ehdottomasti poikkeuksetta \u2013 Pietarin ja Jaakobin mukaan \u2013 voimme saada t\u00e4m\u00e4n armon vain, jos todella olemme n\u00f6yri\u00e4, ja vain siin\u00e4 m\u00e4\u00e4rin kuin olemme n\u00f6yri\u00e4.<\/p>\n<p>T\u00e4m\u00e4 on varmaa ja totta kaikin tavoin! Niin, se on varminta kaikesta, mik\u00e4 on varmaa! Ja yht\u00e4 varmaa kuin se, ett\u00e4 n\u00f6yr\u00e4 saa armon, on se, ett\u00e4 ylpe\u00e4n vastustaja on Jumala. T\u00e4m\u00e4 on hengellisen, samoin kuin inhimillisen el\u00e4m\u00e4n luonnonlaki. Se on todellinen syy kaikkeen ylent\u00e4miseen ja kaikkeen alentamiseen n\u00e4iden Jeesuksen omien sanojen perusteella: \u201dJoka itsens\u00e4 ylent\u00e4\u00e4, se alennetaan, ja joka itsens\u00e4 alentaa, se ylennet\u00e4\u00e4n.\u201d Niin, vaikkei itse edes haluttaisi sit\u00e4. Sill\u00e4 se on Jumalan oma, luja p\u00e4\u00e4t\u00f6s, h\u00e4nen oman, jumalallisen olemuksensa mukaan.<\/p>\n<p>Saamme siis t\u00e4sm\u00e4lleen niin runsaan ja moninaisen armon kuin olemme n\u00f6yri\u00e4! Ja t\u00e4m\u00e4 on t\u00e4sm\u00e4lleen niin varmaa ja ehdotonta, kuin se, ett\u00e4 meill\u00e4 hengess\u00e4 ja totuudessa todella on n\u00f6yryytt\u00e4 eik\u00e4 yht\u00e4 tai toista n\u00f6yryyden korviketta. \u2014-<\/p>\n<p>N\u00f6yryydell\u00e4h\u00e4n on useita tuntomerkkej\u00e4. N\u00f6yr\u00e4 ei v\u00e4it\u00e4 vastaan tai selittele tai protestoi tai vastusta tai ep\u00e4ile tai viivyttele Jumalan sanan tai t\u00e4ss\u00e4 maailmassa olevien esimiestens\u00e4 tottelemisessa, ei ty\u00f6el\u00e4m\u00e4ss\u00e4 eik\u00e4 perheens\u00e4 parissa. N\u00f6yr\u00e4 ottaa siis my\u00f6s kehotukset ja nuhtelun mielell\u00e4\u00e4n vastaan. \u2014- H\u00e4n on taitava vaikenemaan eik\u00e4 avaamaan suutaan tai lausumaan k\u00e4sityst\u00e4\u00e4n t\u00e4st\u00e4 ja tuosta asiasta ja t\u00e4st\u00e4 ja tuosta henkil\u00f6st\u00e4 eik\u00e4 puhumaan jostain, mist\u00e4 h\u00e4n ei oikeastaan tied\u00e4 mit\u00e4\u00e4n, sill\u00e4 h\u00e4n tyytyy mielihyvin siihen, mik\u00e4 on alhaista. Niin, h\u00e4n k\u00e4ytt\u00e4\u00e4 tilaisuudet siell\u00e4 pysymiseen, sill\u00e4 siell\u00e4 vallitsee loputon rauha. \u2014-<\/p>\n<p>Ennen kaikkea n\u00f6yr\u00e4 pid\u00e4tt\u00e4ytyy tuomitsemasta ja arvostelemasta l\u00e4himm\u00e4ist\u00e4\u00e4n, sill\u00e4 jokainen, joka tekee niin, on kiistatta ylent\u00e4nyt itsens\u00e4 ja asettunut tuomarinistuimelle. Tuomarithan istuvat siell\u00e4. \u2014-<\/p>\n<p>Silloin ollaan niin kaukana n\u00f6yryydest\u00e4 kuin it\u00e4 on l\u00e4nnest\u00e4. Ja yht\u00e4 kaukana on Jumalan todellinen armo jokaisesta sellaisesta henkil\u00f6st\u00e4!<\/p>\n<p>Niin kauan kuin ollaan n\u00f6yri\u00e4, ollaan niin sanotusti henkivakuutettuja! Jumala on armollinen, laupias ja armahtava kaikkia ihmisi\u00e4 kohtaan paitsi ylpeit\u00e4, p\u00f6yhkeit\u00e4, ylimielisi\u00e4, omissa silmiss\u00e4\u00e4n viisaita ja itsetietoisia, koska Jumala on sellaisten vastustaja! Voi ihmisparkoja!<\/p>\n\t\t<\/div>\n\t\t\t\t\t<\/div>\n\n\t\n\n\t<div id=\"col-947954248\" class=\"col copyright small-12 large-12\"  >\n\t\t\t\t<div class=\"col-inner text-left\"  >\n\t\t\t\n\t\t\t\n<div>\u00a9 Copyright Stiftelsen Skjulte Skatters Forlag<\/div>\n\t\t<\/div>\n\t\t\t\t\t<\/div>\n\n\t\n\n\t<div id=\"col-913093956\" class=\"col small-12 large-12\"  >\n\t\t\t\t<div class=\"col-inner text-left\"  >\n\t\t\t\n\t\t\t\n<div><a href=\"#\" class=\"read-more\">Lue lis\u00e4\u00e4<\/a><\/div>\n\t\t<\/div>\n\t\t\t\t\t<\/div>\n\n\t\n\n\t<div id=\"col-1283655645\" class=\"col small-12 large-12\"  >\n\t\t\t\t<div class=\"col-inner text-left\"  >\n\t\t\t\n\t\t\t\n<p class=\"next-previous-message\"><a class=\"previous\" href=\"\/fi\/bible-studies\/theme-4\/gods-method-of-working\/\"><i class=\"icon-angle-left\"><\/i> Previous<\/a><a class=\"next\" href=\"\/fi\/bible-studies\/theme-4\/humility-is-everything\/\">Next <i class=\"icon-angle-right\"><\/i><\/a><\/p>\n\t\t<\/div>\n\t\t\t\t\t<\/div>\n\n\t\n<\/div>\n\t\t<\/div>\n\n\t\t\n<style>\n#section_1412649472 {\n  padding-top: 0px;\n  padding-bottom: 0px;\n  margin-bottom: 0px;\n}\n@media (min-width:550px) {\n  #section_1412649472 {\n    padding-top: 0px;\n    padding-bottom: 0px;\n  }\n}\n<\/style>\n\t<\/section>\n\t\n\n\t<section class=\"section food-for-thought\" id=\"section_1274266957\">\n\t\t<div class=\"section-bg fill\" >\n\t\t\t\t\t\t\t\t\t\n\t\t\t\n\n\t\t<\/div>\n\n\t\t\n\n\t\t<div class=\"section-content relative\">\n\t\t\t\n<div class=\"row align-center\"  id=\"row-2079091483\">\n\n\t<div id=\"col-1757811160\" class=\"col title small-12 large-12\"  >\n\t\t\t\t<div class=\"col-inner text-left dark\"  >\n\t\t\t\n\t\t\t\n<h2>Devotional<\/h2>\n\t\t<\/div>\n\t\t\t\t\t<\/div>\n\n\t\n\n\t<div id=\"col-1495551212\" class=\"col small-12 large-12\"  >\n\t\t\t\t<div class=\"col-inner dark\"  >\n\t\t\t\n\t\t\t\n<p>Kirjoituksessa \u00abLujat Daavidin armot\u00bb, tulee todella selv\u00e4sti esille, ett\u00e4 Jumala on ylpeit\u00e4 vastaan, mutta n\u00f6yrille h\u00e4n antaa armon. Miksi mielest\u00e4si on n\u00e4in? Voitko mainita jonkin arkip\u00e4iv\u00e4isen esimerkin, jossa Jumala antaa n\u00f6yrille armon?<\/p>\n<p class='info'>You have to <a href='\/login\/'>log in<\/a> if you want to save your answer.<\/p>\n\t\t<\/div>\n\t\t\t\t\t<\/div>\n\n\t\n<\/div>\n\t\t<\/div>\n\n\t\t\n<style>\n#section_1274266957 {\n  padding-top: 30px;\n  padding-bottom: 30px;\n  background-color: rgb(73, 92, 94);\n}\n<\/style>\n\t<\/section>\n\t\n","protected":false},"excerpt":{"rendered":"","protected":false},"author":5,"featured_media":0,"parent":15407,"menu_order":6,"comment_status":"closed","ping_status":"closed","template":"page-blank.php","meta":{"footnotes":""},"class_list":["post-15517","page","type-page","status-publish","hentry"],"aioseo_notices":[],"_links":{"self":[{"href":"https:\/\/words-of-faith.org\/fi\/wp-json\/wp\/v2\/pages\/15517","targetHints":{"allow":["GET"]}}],"collection":[{"href":"https:\/\/words-of-faith.org\/fi\/wp-json\/wp\/v2\/pages"}],"about":[{"href":"https:\/\/words-of-faith.org\/fi\/wp-json\/wp\/v2\/types\/page"}],"author":[{"embeddable":true,"href":"https:\/\/words-of-faith.org\/fi\/wp-json\/wp\/v2\/users\/5"}],"replies":[{"embeddable":true,"href":"https:\/\/words-of-faith.org\/fi\/wp-json\/wp\/v2\/comments?post=15517"}],"version-history":[{"count":0,"href":"https:\/\/words-of-faith.org\/fi\/wp-json\/wp\/v2\/pages\/15517\/revisions"}],"up":[{"embeddable":true,"href":"https:\/\/words-of-faith.org\/fi\/wp-json\/wp\/v2\/pages\/15407"}],"wp:attachment":[{"href":"https:\/\/words-of-faith.org\/fi\/wp-json\/wp\/v2\/media?parent=15517"}],"curies":[{"name":"wp","href":"https:\/\/api.w.org\/{rel}","templated":true}]}}