{"id":18345,"date":"2020-07-21T10:16:11","date_gmt":"2020-07-21T08:16:11","guid":{"rendered":"https:\/\/aslaksen.bcc.no\/?page_id=18345"},"modified":"2020-08-21T11:32:05","modified_gmt":"2020-08-21T09:32:05","slug":"usko-ihmeiden-jumalaan","status":"publish","type":"page","link":"https:\/\/words-of-faith.org\/fi\/bible-study\/teema-1\/usko-ihmeiden-jumalaan\/","title":{"rendered":"Usko ihmeiden Jumalaan"},"content":{"rendered":"\n\t<section class=\"section\" id=\"section_934096044\">\n\t\t<div class=\"section-bg fill\" >\n\t\t\t\t\t\t\t\t\t\n\t\t\t\n\n\t\t<\/div>\n\n\t\t\n\n\t\t<div class=\"section-content relative\">\n\t\t\t\n<div class=\"row align-center\"  id=\"row-1039388902\">\n\n\t<div id=\"col-664756571\" class=\"col small-12 large-12\"  >\n\t\t\t\t<div class=\"col-inner\"  >\n\t\t\t\n\t\t\t\n<p class=\"breadcrumbs\"><a href=\"..\/\">Theme 1<\/a> \/ Messages<\/p>\n<h1>Usko ihmeiden Jumalaan<\/h1>\n<p class=\"article-date\">Puheesta vuonna 1965<\/p>\n<p class=\"article-author\">av Elias Aslaksen<\/p>\n\t\t<\/div>\n\t\t\t\t\t<\/div>\n\n\t\n\n<style>\n#row-1039388902 > .col > .col-inner {\n  padding: 30px 0px 0px 0px;\n}\n<\/style>\n<\/div>\n<div class=\"row align-center audio\"  id=\"row-1560122303\">\n\n\t<div id=\"col-827183017\" class=\"col small-12 large-12\"  >\n\t\t\t\t<div class=\"col-inner\"  >\n\t\t\t\n\t\t\t\n<!--[if lt IE 9]><script>document.createElement('audio');<\/script><![endif]-->\n<audio class=\"wp-audio-shortcode\" id=\"audio-18345-1\" preload=\"none\" style=\"width: 100%;\" controls=\"controls\"><source type=\"audio\/mpeg\" src=\"\/audio\/Tema%201\/fi\/1%20T%20FI%20-%20Usko%20ihmeiden%20Jumalaan.mp3?_=1\" \/><a href=\"\/audio\/Tema%201\/fi\/1%20T%20FI%20-%20Usko%20ihmeiden%20Jumalaan.mp3\">\/audio\/Tema%201\/fi\/1%20T%20FI%20-%20Usko%20ihmeiden%20Jumalaan.mp3<\/a><\/audio>\n<p class=\"click-to-listen\">Click to listen to the speech.<\/p>\n\t\t<\/div>\n\t\t\t\t\t<\/div>\n\n\t\n<\/div>\n<div class=\"row align-center article article-excerpt\"  id=\"row-1353041000\">\n\n\t<div id=\"col-583197006\" class=\"col small-12 large-12\"  >\n\t\t\t\t<div class=\"col-inner text-left\"  >\n\t\t\t\n\t\t\t\n<p><strong>\u201d \u2026 en\u00e4\u00e4 en el\u00e4 min\u00e4 \u2026\u201d&nbsp;Gal. 2, 20.<\/strong><\/p>\n<p>Miten suuren ihmeen onkaan t\u00e4ytynyt tapahtua, jotta voi totuudessa kirjoittaa n\u00e4in, el\u00e4ess\u00e4\u00e4n viel\u00e4 t\u00e4\u00e4ll\u00e4 maan p\u00e4\u00e4ll\u00e4!? \u2014 \u2014 \u2014<\/p>\n<p>Kuinka voisin viel\u00e4 tehd\u00e4 synti\u00e4, kun en en\u00e4\u00e4 el\u00e4 itse? Kuinka voisin viel\u00e4 vihastua, loukkaantua, katkeroitua, olla tyytym\u00e4t\u00f6n, kiitt\u00e4m\u00e4t\u00f6n, kantaa kaunaa, varastaa, valehdella, murehtia, olla turhamainen ja muotitietoinen, riidell\u00e4, v\u00e4itell\u00e4, lannistua, kokea kunniani tulleen loukatuksi, olla kunnianhimoinen tai ylpe\u00e4 tai rahanhimoinen tai kehuskella itse\u00e4ni?Niin, vastaapa minulle!? Kuinka voi sellainen, joka kerta kaikkiaan ei en\u00e4\u00e4 el\u00e4 itse, tehd\u00e4 jonkin rikkeen? Ihminen tekee synti\u00e4 niin kauan kuin h\u00e4n el\u00e4\u00e4 itse!!! Kuinka voisin viel\u00e4 vaatia itselleni jotain kun en en\u00e4\u00e4 el\u00e4 itse?<\/p>\n<p>Ellen tahdo luopua kaikesta ja kuolla Kristuksen kanssa, niin v\u00e4ist\u00e4m\u00e4tt\u00e4 joudun jatkamaan synnin tekemist\u00e4.<\/p>\n<p>\u201cH\u00e4n ei voi tehd\u00e4 synti\u00e4, koska on syntynyt Jumalasta\u201d merkitsee: h\u00e4n ei voi tehd\u00e4 synti\u00e4, koska h\u00e4n on kuollut Kristuksen kanssa = koska h\u00e4n ei en\u00e4\u00e4 el\u00e4 itse. 1. Joh. 3:9.<\/p>\n<p>Miten muka voisin olla rakastamatta, jos kerran Kristus el\u00e4\u00e4 minussa? Gal. 2:20. Kuinka voisin tehd\u00e4 v\u00e4\u00e4ryytt\u00e4 kun Kristus el\u00e4\u00e4 minussa?<\/p>\n<p>Kristus ja tietoinen synti eiv\u00e4t voi olla samanaikaisesti minussa! Jos Kristus on minussa, silloin synti on poissa syd\u00e4mest\u00e4ni. Jos synti on syd\u00e4mess\u00e4ni, silloin Kristus on sen ulkopuolella. \u2014 Juuri siksi h\u00e4n voikin olla uskovien syd\u00e4men oven ulkopuolella kolkuttamassa ovea, kuten on kirjoitettu Ilm. 3:20.<\/p>\n<p>Valitettavasti useimmat jatkavat el\u00e4mist\u00e4 itse, onhan ilmeist\u00e4, ett\u00e4 he tekev\u00e4t yht\u00e4 ja toista synti\u00e4, kerta toisensa j\u00e4lkeen, jopa r\u00e4ikeimpi\u00e4 syntej\u00e4 kuten esimerkiksi valehtelevat tai kantavat kaunaa toisille ihmisille!<\/p>\n<p>Kuinka pystyn jatkamaan itseni puolustelua ja v\u00e4it\u00e4n tehneeni oikein, jos kerran olen kuollut?<\/p>\n<p>Jos en el\u00e4 itse, niin miten voin olla itsek\u00e4s? Kuinka voisin kuolleena olla el\u00e4v\u00e4sti kiinnostunut taloista, vaatteista ja kauniista v\u00e4reist\u00e4? Ja kuinka vainajaa kiinnostaa, mit\u00e4 ihmiset puhuvat h\u00e4nest\u00e4 tai mit\u00e4 mielt\u00e4 he ovat h\u00e4nest\u00e4??? Niin, vastaapa t\u00e4h\u00e4n!<\/p>\n<p>\u2013<\/p>\n<p>Miten itseeni kohdistunut v\u00e4\u00e4ryys maallisissa asioissa voi tuottaa minulle tuskaa, vaikka olen kuollut pois maallisista? Ja miten vainajalle voisi tuottaa iloa se, ett\u00e4 h\u00e4nen tililleen tulee edelleen rahaa? No, kerropas se minulle!<\/p>\n<p>Kukaan ei voi totuudenmukaisesti sanoa, ettei h\u00e4nell\u00e4 en\u00e4\u00e4 olisi lainkaan omaa tahtoa j\u00e4ljell\u00e4, mutta Jumalan suuren armon avulla voi p\u00e4\u00e4st\u00e4 siihen, ett\u00e4 n\u00e4ytt\u00e4\u00e4 aivan silt\u00e4, kuin sit\u00e4 ei en\u00e4\u00e4 olisi. \u2014 Kuinka voisin rakastaa maailmaa ja sit\u00e4 mik\u00e4 maailmassa on, kun olen kuollut siit\u00e4?<\/p>\n<p>Laulussa lauletaan: \u201cmua en\u00e4\u00e4 ei = ei minun el\u00e4m\u00e4\u00e4ni. Onko t\u00e4m\u00e4 totta sinun kohdallasi?<\/p>\n<p>Yleens\u00e4h\u00e4n tahdotaan vaikka mit\u00e4!!!<\/p>\n<p>Vainaja \u2014 sellainen, joka ei en\u00e4\u00e4 el\u00e4 itse \u2014 h\u00e4nell\u00e4 ei ole en\u00e4\u00e4 mit\u00e4\u00e4n h\u00e4vitt\u00e4v\u00e4\u00e4, koska h\u00e4nh\u00e4n on todella luopunut kaikesta (kuoleman tuloksena).<\/p>\n<p>Mutta ihmisell\u00e4, joka el\u00e4\u00e4 itse, on paljon puolustettavaa. H\u00e4n voi joutua monenlaisiin onnettomuuksiin ja k\u00e4rsi\u00e4 isoja tappioita, ja h\u00e4nt\u00e4 kanssaihmiset voivat vaivata suunnattomasti. H\u00e4n kuitenkin kest\u00e4\u00e4 kuolematta t\u00e4m\u00e4n kaiken, vaikka usein v\u00e4itt\u00e4\u00e4, ettei kest\u00e4. Kuolla, kadottaa el\u00e4m\u00e4ns\u00e4, voi kuitenkin aivan vapaaehtoisesti. \u2014<\/p>\n<p>Silloin suuri ihme, tai yliluonnollinen tapahtuma toteutuisi ja h\u00e4n p\u00e4\u00e4sisi eroon kaikista turhista murheistaan ja vaivoistaan!!! \u2014 Uskomatonta! Kaikesta olikin pelkk\u00e4\u00e4 hy\u00f6ty\u00e4! \u2014<\/p>\n<p>\u201c\u2026 ett\u00e4 me synneille kuolleina\u2026.\u201d 1. Piet. 2:24. \u201c\u2026 olemme kuolleet.\u201d Room. 6:2. Jos olemme kuolleet Kristuksen kanssa, miksi meit\u00e4 silloin pit\u00e4isi kohdella \u201cik\u00e4\u00e4n kuin el\u00e4isimme maailmassa\u201d? Kol. 2:20.<\/p>\n<p>Oletko moista kuullut???<\/p>\n<p>Kysymys kuuluukin: Mit\u00e4 t\u00e4m\u00e4n sanomattoman ihanan olotilan saavuttamiseksi vaaditaan? Kaksi asiaa: I Se, ett\u00e4 todella haluaa kuolla. II El\u00e4v\u00e4, henkil\u00f6kohtainen usko siihen, ett\u00e4 me kuolimme Kristuksen kanssa, kun h\u00e4n kuoli Golgatan ristill\u00e4. I Se, ett\u00e4 tahtoo t\u00e4t\u00e4, saa aikaan sen ett\u00e4 voi uskoa. II Ja se, ett\u00e4 uskoo, saa aikaan sen, ett\u00e4 siit\u00e4 tulee todellisuutta.<\/p>\n<p>&nbsp;<\/p>\n<p>Teid\u00e4n Elias Aslaksen.<\/p>\n<p>&nbsp;<\/p>\n\t\t<\/div>\n\t\t\t\t\t<\/div>\n\n\t\n\n\t<div id=\"col-1427917348\" class=\"col copyright small-12 large-12\"  >\n\t\t\t\t<div class=\"col-inner text-left\"  >\n\t\t\t\n\t\t\t\n<div>\u00a9 Copyright Stiftelsen Skjulte Skatters Forlag<\/div>\n\t\t<\/div>\n\t\t\t\t\t<\/div>\n\n\t\n\n\t<div id=\"col-1938689444\" class=\"col small-12 large-12\"  >\n\t\t\t\t<div class=\"col-inner text-left\"  >\n\t\t\t\n\t\t\t\n<div><a href=\"#\" class=\"read-more\">Lue lis\u00e4\u00e4<\/a><\/div>\n\t\t<\/div>\n\t\t\t\t\t<\/div>\n\n\t\n\n\t<div id=\"col-1116667930\" class=\"col small-12 large-12\"  >\n\t\t\t\t<div class=\"col-inner text-left\"  >\n\t\t\t\n\t\t\t\n<p class=\"next-previous-message\"><a class=\"previous\" href=\"\/fi\/bible-studies\/theme-1\/god-is-truthful\/\"><i class=\"icon-angle-left\"><\/i> Previous<\/a><a class=\"next\" href=\"\/fi\/bible-studies\/theme-1\/his-name-is-wonder\/\">Next <i class=\"icon-angle-right\"><\/i><\/a><\/p>\n\t\t<\/div>\n\t\t\t\t\t<\/div>\n\n\t\n<\/div>\n\t\t<\/div>\n\n\t\t\n<style>\n#section_934096044 {\n  padding-top: 0px;\n  padding-bottom: 0px;\n  margin-bottom: 0px;\n}\n@media (min-width:550px) {\n  #section_934096044 {\n    padding-top: 0px;\n    padding-bottom: 0px;\n  }\n}\n<\/style>\n\t<\/section>\n\t\n\n\t<section class=\"section food-for-thought\" id=\"section_396889201\">\n\t\t<div class=\"section-bg fill\" >\n\t\t\t\t\t\t\t\t\t\n\t\t\t\n\n\t\t<\/div>\n\n\t\t\n\n\t\t<div class=\"section-content relative\">\n\t\t\t\n<div class=\"row align-center\"  id=\"row-1454883400\">\n\n\t<div id=\"col-119110186\" class=\"col title small-12 large-12\"  >\n\t\t\t\t<div class=\"col-inner text-left dark\"  >\n\t\t\t\n\t\t\t\n<h2>Devotional<\/h2>\n\t\t<\/div>\n\t\t\t\t\t<\/div>\n\n\t\n\n\t<div id=\"col-1547406166\" class=\"col small-12 large-12\"  >\n\t\t\t\t<div class=\"col-inner dark\"  >\n\t\t\t\n\t\t\t\n<p>Mink\u00e4 SIN\u00c4 uskot olevan t\u00e4rkein asia, mink\u00e4 Aslaksen haluaa saada sanotuksi puheessaan &#8220;Usko ihmeiden Jumalaan&#8221;?<\/p>\n<ul class=\"question-answers\">\n<li>Tarvitsen ihmett\u00e4 el\u00e4m\u00e4\u00e4ni &#8211; riippumatta siit\u00e4, millainen se on ollut aikaisemmin<\/li>\n<li>Kaikille on toivoa, jotka uskovat ihmeiden Jumalaan<\/li>\n<li>Mik\u00e4\u00e4n ei ole mahdotonta, kun olemme tekemisiss\u00e4 Jumalan kanssa<\/li>\n<\/ul>\n<p class='info'>You have to <a href='\/login\/'>log in<\/a> if you want to save your answer.<\/p>\n\t\t<\/div>\n\t\t\t\t\t<\/div>\n\n\t\n<\/div>\n\t\t<\/div>\n\n\t\t\n<style>\n#section_396889201 {\n  padding-top: 30px;\n  padding-bottom: 30px;\n  background-color: rgb(73, 92, 94);\n}\n<\/style>\n\t<\/section>\n\t\n","protected":false},"excerpt":{"rendered":"","protected":false},"author":5,"featured_media":0,"parent":8247,"menu_order":0,"comment_status":"closed","ping_status":"closed","template":"page-blank.php","meta":{"footnotes":""},"class_list":["post-18345","page","type-page","status-publish","hentry"],"aioseo_notices":[],"_links":{"self":[{"href":"https:\/\/words-of-faith.org\/fi\/wp-json\/wp\/v2\/pages\/18345","targetHints":{"allow":["GET"]}}],"collection":[{"href":"https:\/\/words-of-faith.org\/fi\/wp-json\/wp\/v2\/pages"}],"about":[{"href":"https:\/\/words-of-faith.org\/fi\/wp-json\/wp\/v2\/types\/page"}],"author":[{"embeddable":true,"href":"https:\/\/words-of-faith.org\/fi\/wp-json\/wp\/v2\/users\/5"}],"replies":[{"embeddable":true,"href":"https:\/\/words-of-faith.org\/fi\/wp-json\/wp\/v2\/comments?post=18345"}],"version-history":[{"count":0,"href":"https:\/\/words-of-faith.org\/fi\/wp-json\/wp\/v2\/pages\/18345\/revisions"}],"up":[{"embeddable":true,"href":"https:\/\/words-of-faith.org\/fi\/wp-json\/wp\/v2\/pages\/8247"}],"wp:attachment":[{"href":"https:\/\/words-of-faith.org\/fi\/wp-json\/wp\/v2\/media?parent=18345"}],"curies":[{"name":"wp","href":"https:\/\/api.w.org\/{rel}","templated":true}]}}