{"id":18410,"date":"2020-07-21T10:28:57","date_gmt":"2020-07-21T08:28:57","guid":{"rendered":"https:\/\/aslaksen.bcc.no\/?page_id=18410"},"modified":"2020-08-21T11:43:38","modified_gmt":"2020-08-21T09:43:38","slug":"tapahtukoon-sinulle-uskosi-mukaan","status":"publish","type":"page","link":"https:\/\/words-of-faith.org\/fi\/bible-study\/teema-1\/tapahtukoon-sinulle-uskosi-mukaan\/","title":{"rendered":"Tapahtukoon sinulle uskosi mukaan"},"content":{"rendered":"\n\t<section class=\"section\" id=\"section_33801014\">\n\t\t<div class=\"section-bg fill\" >\n\t\t\t\t\t\t\t\t\t\n\t\t\t\n\n\t\t<\/div>\n\n\t\t\n\n\t\t<div class=\"section-content relative\">\n\t\t\t\n<div class=\"row align-center\"  id=\"row-2066353438\">\n\n\t<div id=\"col-761984547\" class=\"col small-12 large-12\"  >\n\t\t\t\t<div class=\"col-inner\"  >\n\t\t\t\n\t\t\t\n<p class=\"breadcrumbs\"><a href=\"..\/\">Theme 1<\/a> \/ Messages<\/p>\n<h1>Tapahtukoon sinulle uskosi mukaan<\/h1>\n<p class=\"article-date\">Skjulte Skatter, julkaistu kes\u00e4kuu 1982<\/p>\n<p class=\"article-author\">Aslaksenin kirjoitus<\/p>\n\t\t<\/div>\n\t\t\t\t\t<\/div>\n\n\t\n\n<style>\n#row-2066353438 > .col > .col-inner {\n  padding: 30px 0px 0px 0px;\n}\n<\/style>\n<\/div>\n<div class=\"row align-center audio\"  id=\"row-614130132\">\n\n\t<div id=\"col-856642700\" class=\"col small-12 large-12\"  >\n\t\t\t\t<div class=\"col-inner\"  >\n\t\t\t\n\t\t\t\n<!--[if lt IE 9]><script>document.createElement('audio');<\/script><![endif]-->\n<audio class=\"wp-audio-shortcode\" id=\"audio-18410-1\" preload=\"none\" style=\"width: 100%;\" controls=\"controls\"><source type=\"audio\/mpeg\" src=\"\/audio\/Tema%201\/fi\/3%20FI_E.Aslaksen_Deg%20skje%20som%20du%20tror.mp3?_=1\" \/><a href=\"\/audio\/Tema%201\/fi\/3%20FI_E.Aslaksen_Deg%20skje%20som%20du%20tror.mp3\">\/audio\/Tema%201\/fi\/3%20FI_E.Aslaksen_Deg%20skje%20som%20du%20tror.mp3<\/a><\/audio>\n<p class=\"click-to-listen\">Click to listen to the speech.<\/p>\n\t\t<\/div>\n\t\t\t\t\t<\/div>\n\n\t\n<\/div>\n<div class=\"row align-center article article-excerpt\"  id=\"row-1296508178\">\n\n\t<div id=\"col-2084056577\" class=\"col small-12 large-12\"  >\n\t\t\t\t<div class=\"col-inner text-left\"  >\n\t\t\t\n\t\t\t\n<p>\u00abJumala on tuomari: yhden h\u00e4n alentaa, toisen ylent\u00e4\u00e4.\u201d Ps. 75:8. \u201dKysymys ei siis ole siit\u00e4, mit\u00e4 ihminen tahtoo tai mihin h\u00e4n pyrkii, vaan Jumalasta, joka armahtaa. H\u00e4n siis armahtaa, kenet tahtoo, ja paaduttaa, kenet tahtoo.\u201d Room. 9:16, 18. \u00abJoka itsens\u00e4 ylent\u00e4\u00e4, se alennetaan, ja joka itsens\u00e4 alentaa, se ylennet\u00e4\u00e4n.\u201d Matt. 23:12. \u201dSamoin te, nuoremmat, olkaa kuuliaisia vanhemmille. Pukeutukaa kaikki keskin\u00e4iseen n\u00f6yryyteen, sill\u00e4 Jumala on ylpeit\u00e4 vastaan, mutta n\u00f6yrille h\u00e4n antaa armon.\u201d 1. Piet. 5:5. \u00abN\u00f6yrtyk\u00e4\u00e4 Herran edess\u00e4, niin h\u00e4n korottaa teid\u00e4t.\u201d Jaak. 4:10. \u201dEnnen kuin minut n\u00f6yryytettiin, min\u00e4 eksyin, mutta nyt min\u00e4 noudatan sinun sanaasi.&nbsp; Minulle oli hyv\u00e4ksi, ett\u00e4 minut n\u00f6yryytettiin, n\u00e4in opin sinun lakisi. Herra, min\u00e4 tied\u00e4n, ett\u00e4 sinun tuomiosi ovat vanhurskaat ja ett\u00e4 uskollisuudessasi sin\u00e4 olet minua n\u00f6yryytt\u00e4nyt.\u201d Ps. 119:67, 71, 75.<\/p>\n<p>Jumala ei alenna tai ylenn\u00e4, paaduta tai siunaa, anna ep\u00e4onnistua tai onnistua \u2013 <strong>sattumanvaraisesti. <\/strong>H\u00e4n tekee niin aina, kaikissa tapauksissa ja kaikille ihmisille, tiettyjen lakien mukaan.<\/p>\n<p>P\u00e4\u00e4laki on n\u00f6yryyden laki. Mit\u00e4 n\u00f6yryys oikeastaan on? Se ei ole valittava \u00e4\u00e4nens\u00e4vy tai joitakin hyv\u00e4lt\u00e4 kuulostavia fraaseja. Se on itsens\u00e4 tunnustamista ja asianmukaisen paikan ottamista yht\u00e4pit\u00e4v\u00e4sti sen mukaan. Esimerkiksi, kun nuori on alamainen vanhemmalle, silloin h\u00e4n on n\u00f6yr\u00e4. H\u00e4n tunnustaa olevansa nuori ja asettuu vanhemman alapuolelle.<\/p>\n<p>Edell\u00e4 mainituissa raamatunkohdissa puhutaan n\u00f6yryyden kahdesta p\u00e4\u00e4asteesta. <strong>1. N\u00f6yrtymisest\u00e4. <\/strong><strong>2. Siit\u00e4, ett\u00e4 antaa n\u00f6yryytt\u00e4\u00e4 itse\u00e4\u00e4n.<\/strong> N\u00f6yryys on yht\u00e4pit\u00e4v\u00e4 totuuden rakastamisen kanssa. Totuus on se, ett\u00e4 ollaan \u2013 kaikilla alueilla \u2013 liian korkealla. Totuuden rakastamisen my\u00f6t\u00e4 (2. Tess. 2:10) my\u00f6nnet\u00e4\u00e4n t\u00e4m\u00e4, n\u00f6yrryt\u00e4\u00e4n ja alennetaan itsens\u00e4 yht\u00e4pit\u00e4v\u00e4sti sen totuuden valon kanssa, joka loistaa Raamatusta, todistuksista tai jollain toisella tavalla.<\/p>\n<p>Ensiluokkainen n\u00f6yryys on sit\u00e4, ett\u00e4 vapaaehtoisesti tuomitsemme itsemme (1. Kor. 11:31-32) ja alennamme itsemme \u2013 omasta aloitteestamme. Toisen luokan n\u00f6yryys on sit\u00e4, ett\u00e4 tunnustamme, kun Jumala n\u00f6yryytt\u00e4\u00e4 meid\u00e4t, kun toiset tuomitsevat meit\u00e4 tai kun tavalla tai toisella tulemme tuomituiksi. Tarvitsemme siis t\u00e4ss\u00e4 tapauksessa erityist\u00e4 apua voidaksemme olla n\u00f6yri\u00e4. Ilman sit\u00e4 emme pystyisi tunnustamaan huonouttamme. Valon loistaessa seurakunnassa ilman, ett\u00e4 sit\u00e4 olisi suunnattu johonkin tiettyyn henkil\u00f6\u00f6n, en huomaa, ett\u00e4 se osuu johonkin minussa. Tarvitsen jonkinlaisen henkil\u00f6kohtaisen osoituksen asiasta ennen kuin huomaan sen.<\/p>\n<p>Parhaassa tapauksessa menen itse istumaan taaemmaksi, koska n\u00e4en, ett\u00e4 se on minulle kuuluva paikka. Toisessa tapauksessa istuudun l\u00e4hemm\u00e4ksi; mutta kun is\u00e4nt\u00e4 selvitt\u00e4\u00e4 minulle, ett\u00e4 paikkani on taaempana, h\u00e4pe\u00e4n ja siirryn heti taaemmaksi.<\/p>\n<p>Jos viivyttelen t\u00e4ss\u00e4, voimme sanoa sen olevan kolmannen luokan n\u00f6yryytt\u00e4. Ja jollen tunnusta ja anna alentaa itse\u00e4ni lainkaan, se on ylpeytt\u00e4 ja p\u00f6yhkeytt\u00e4 \u2013 enk\u00e4 saa lainkaan armoa, apua enk\u00e4 pelastusta. \u2014<\/p>\n<p>T\u00e4m\u00e4 kaikki koskee todellisuutta, tosiasioita. N\u00e4iden lis\u00e4ksi on viel\u00e4 yhdenlaista n\u00f6yryytt\u00e4, nimitt\u00e4in v\u00e4\u00e4r\u00e4\u00e4 n\u00f6yryytt\u00e4, teeskennelty\u00e4 n\u00f6yryytt\u00e4. Se koostuu sanoista, \u00e4\u00e4nens\u00e4vyst\u00e4 ja ilmeist\u00e4, joilla tosin on n\u00f6yryyden ulkokuori, mutta joka \u2013 mit\u00e4 tulee voimaan, todellisuuteen \u2013 osoittautuu olevan pelkk\u00e4\u00e4 n\u00e4yttelemist\u00e4.<\/p>\n<p>N\u00f6yrtyminen on sit\u00e4, ett\u00e4 itse valitsen oikean paikan.<\/p>\n<p>N\u00f6yryytetyksi tuleminen on suostumista siihen, ett\u00e4 toiset panevat minut oikealle paikalleni. Ylpeys on sit\u00e4, ett\u00e4 puolustan oikeuttani istumiseen paikalla, joka ei oikeasti kuulu minulle. \u2014-<\/p>\n\t\t<\/div>\n\t\t\t\t\t<\/div>\n\n\t\n\n\t<div id=\"col-179871328\" class=\"col copyright small-12 large-12\"  >\n\t\t\t\t<div class=\"col-inner text-left\"  >\n\t\t\t\n\t\t\t\n<div>\u00a9 Copyright Stiftelsen Skjulte Skatters Forlag<\/div>\n\t\t<\/div>\n\t\t\t\t\t<\/div>\n\n\t\n\n\t<div id=\"col-1978450560\" class=\"col small-12 large-12\"  >\n\t\t\t\t<div class=\"col-inner text-left\"  >\n\t\t\t\n\t\t\t\n<div><a href=\"#\" class=\"read-more\">Lue lis\u00e4\u00e4<\/a><\/div>\n\t\t<\/div>\n\t\t\t\t\t<\/div>\n\n\t\n\n\t<div id=\"col-827012111\" class=\"col small-12 large-12\"  >\n\t\t\t\t<div class=\"col-inner text-left\"  >\n\t\t\t\n\t\t\t\n<p class=\"next-previous-message\"><a class=\"previous\" href=\"\/fi\/bible-studies\/theme-1\/his-name-is-wonder\/\"><i class=\"icon-angle-left\"><\/i> Previous<\/a><a class=\"next\" href=\"\/fi\/bible-studies\/theme-1\/rejoice-in-hope\/\">Next <i class=\"icon-angle-right\"><\/i><\/a><\/p>\n\t\t<\/div>\n\t\t\t\t\t<\/div>\n\n\t\n<\/div>\n\t\t<\/div>\n\n\t\t\n<style>\n#section_33801014 {\n  padding-top: 0px;\n  padding-bottom: 0px;\n  margin-bottom: 0px;\n}\n@media (min-width:550px) {\n  #section_33801014 {\n    padding-top: 0px;\n    padding-bottom: 0px;\n  }\n}\n<\/style>\n\t<\/section>\n\t\n\n\t<section class=\"section food-for-thought\" id=\"section_789690277\">\n\t\t<div class=\"section-bg fill\" >\n\t\t\t\t\t\t\t\t\t\n\t\t\t\n\n\t\t<\/div>\n\n\t\t\n\n\t\t<div class=\"section-content relative\">\n\t\t\t\n<div class=\"row align-center\"  id=\"row-922670520\">\n\n\t<div id=\"col-1660949434\" class=\"col title small-12 large-12\"  >\n\t\t\t\t<div class=\"col-inner text-left dark\"  >\n\t\t\t\n\t\t\t\n<h2>Devotional<\/h2>\n\t\t<\/div>\n\t\t\t\t\t<\/div>\n\n\t\n\n\t<div id=\"col-1072752663\" class=\"col small-12 large-12\"  >\n\t\t\t\t<div class=\"col-inner dark\"  >\n\t\t\t\n\t\t\t\n<p>Ota esiin yksi raamatunjakeista artikkelissa &#8220;Tapahtukoon sinulle uskosi mukaan&#8221;. Miksi uskot Aslaksenin maininneen juuri t\u00e4m\u00e4n jakeen?<\/p>\n<p class='info'>You have to <a href='\/login\/'>log in<\/a> if you want to save your answer.<\/p>\n\t\t<\/div>\n\t\t\t\t\t<\/div>\n\n\t\n<\/div>\n\t\t<\/div>\n\n\t\t\n<style>\n#section_789690277 {\n  padding-top: 30px;\n  padding-bottom: 30px;\n  background-color: rgb(73, 92, 94);\n}\n<\/style>\n\t<\/section>\n\t\n","protected":false},"excerpt":{"rendered":"","protected":false},"author":5,"featured_media":0,"parent":8247,"menu_order":2,"comment_status":"closed","ping_status":"closed","template":"page-blank.php","meta":{"footnotes":""},"class_list":["post-18410","page","type-page","status-publish","hentry"],"aioseo_notices":[],"_links":{"self":[{"href":"https:\/\/words-of-faith.org\/fi\/wp-json\/wp\/v2\/pages\/18410","targetHints":{"allow":["GET"]}}],"collection":[{"href":"https:\/\/words-of-faith.org\/fi\/wp-json\/wp\/v2\/pages"}],"about":[{"href":"https:\/\/words-of-faith.org\/fi\/wp-json\/wp\/v2\/types\/page"}],"author":[{"embeddable":true,"href":"https:\/\/words-of-faith.org\/fi\/wp-json\/wp\/v2\/users\/5"}],"replies":[{"embeddable":true,"href":"https:\/\/words-of-faith.org\/fi\/wp-json\/wp\/v2\/comments?post=18410"}],"version-history":[{"count":0,"href":"https:\/\/words-of-faith.org\/fi\/wp-json\/wp\/v2\/pages\/18410\/revisions"}],"up":[{"embeddable":true,"href":"https:\/\/words-of-faith.org\/fi\/wp-json\/wp\/v2\/pages\/8247"}],"wp:attachment":[{"href":"https:\/\/words-of-faith.org\/fi\/wp-json\/wp\/v2\/media?parent=18410"}],"curies":[{"name":"wp","href":"https:\/\/api.w.org\/{rel}","templated":true}]}}