{"id":18442,"date":"2020-07-21T10:34:18","date_gmt":"2020-07-21T08:34:18","guid":{"rendered":"https:\/\/aslaksen.bcc.no\/?page_id=18442"},"modified":"2020-08-21T11:47:11","modified_gmt":"2020-08-21T09:47:11","slug":"olkaa-toivossa-iloisia","status":"publish","type":"page","link":"https:\/\/words-of-faith.org\/fi\/bible-study\/teema-1\/olkaa-toivossa-iloisia\/","title":{"rendered":"Olkaa toivossa iloisia"},"content":{"rendered":"\n\t<section class=\"section\" id=\"section_2075990873\">\n\t\t<div class=\"section-bg fill\" >\n\t\t\t\t\t\t\t\t\t\n\t\t\t\n\n\t\t<\/div>\n\n\t\t\n\n\t\t<div class=\"section-content relative\">\n\t\t\t\n<div class=\"row align-center\"  id=\"row-1926937284\">\n\n\t<div id=\"col-2056116468\" class=\"col small-12 large-12\"  >\n\t\t\t\t<div class=\"col-inner\"  >\n\t\t\t\n\t\t\t\n<p class=\"breadcrumbs\"><a href=\"..\/\">Theme 1<\/a> \/ Messages<\/p>\n<h1>Olkaa toivossa iloisia<\/h1>\n<p class=\"article-date\">Puheesta vuonna 1963<\/p>\n<p class=\"article-author\">Aslaksenin kirjoitus<\/p>\n\t\t<\/div>\n\t\t\t\t\t<\/div>\n\n\t\n\n<style>\n#row-1926937284 > .col > .col-inner {\n  padding: 30px 0px 0px 0px;\n}\n<\/style>\n<\/div>\n<div class=\"row align-center audio\"  id=\"row-20556957\">\n\n\t<div id=\"col-1019991864\" class=\"col small-12 large-12\"  >\n\t\t\t\t<div class=\"col-inner\"  >\n\t\t\t\n\t\t\t\n<!--[if lt IE 9]><script>document.createElement('audio');<\/script><![endif]-->\n<audio class=\"wp-audio-shortcode\" id=\"audio-18442-1\" preload=\"none\" style=\"width: 100%;\" controls=\"controls\"><source type=\"audio\/mpeg\" src=\"\/audio\/Tema%201\/fi\/4%20T%20FI%20-%20Iloitse%20toivossa.mp3?_=1\" \/><a href=\"\/audio\/Tema%201\/fi\/4%20T%20FI%20-%20Iloitse%20toivossa.mp3\">\/audio\/Tema%201\/fi\/4%20T%20FI%20-%20Iloitse%20toivossa.mp3<\/a><\/audio>\n<p class=\"click-to-listen\">Click to listen to the speech.<\/p>\n\t\t<\/div>\n\t\t\t\t\t<\/div>\n\n\t\n<\/div>\n<div class=\"row align-center article article-excerpt\"  id=\"row-2127378504\">\n\n\t<div id=\"col-1726882124\" class=\"col small-12 large-12\"  >\n\t\t\t\t<div class=\"col-inner text-left\"  >\n\t\t\t\n\t\t\t\n<p>Mik\u00e4 pelastus! Mik\u00e4 muuttuminen! Mik\u00e4 kehitys! Mik\u00e4 kutsumus! Mik\u00e4 ehdottoman sanoinkuvaamaton rakkaus Jumalalla onkaan meihin, ett\u00e4 h\u00e4n todella haluaa tehd\u00e4 niin p\u00e4\u00e4t\u00e4 huimaavan, ihanan ja jumalallisen ty\u00f6n jokaisessa, joka syd\u00e4mest\u00e4\u00e4n uskoo kaikki Uudessa Testamentissa olevat el\u00e4m\u00e4n sanat t\u00e4h\u00e4n liittyen!!!<\/p>\n<p>\u00abVain valhetta ovat miehen pojat!\u201d Sellaisia me olemme itsess\u00e4mme, synnin turmelemia. \u201dPit\u00e4k\u00e4\u00e4mme sit\u00e4 totena, ett\u00e4 Jumala on totuudellinen, mutta jokainen ihminen valehtelija.\u201d Jeesus sanoi: \u201dMin\u00e4 olen totuus!\u201d Room. 3:4 ja Joh. 14:6. Taivaallinen kutsumuksemme on tulla h\u00e4nen kaltaisikseen, nyt t\u00e4\u00e4ll\u00e4 armon ajassa, siis tulla totuudeksi \u2013 pelk\u00e4ksi totuudeksi k\u00e4yt\u00e4nn\u00f6ss\u00e4, kaikin mahdollisin tavoin! Ja t\u00e4h\u00e4n sopivat sanat Jesaja 53:ssa mit\u00e4 suurimmassa m\u00e4\u00e4rin: \u201dKuka uskoo meid\u00e4n julistuksemme?\u201d<\/p>\n<p>Mutta suuresti ylistetty olkoon Jumala jokaisesta, joka todella omaksuu el\u00e4v\u00e4n uskon Jeesuksen sanoihin ja apostolien sanoihin!!! Sill\u00e4 uskon kautta me onnistumme. T\u00e4m\u00e4 on sama asia kuin pelastuminen teeskentelyst\u00e4 sen kaikissa mahdollisissa muodoissa, sill\u00e4 teeskentely on valhetta! Ks. Luuk. 12:1. Teeskentely on sit\u00e4, ett\u00e4 kaikin tavoin annamme itsest\u00e4mme sen kuvan, ett\u00e4 laitamme on parempi kuin se todella on. Se on siis esitt\u00e4mist\u00e4! Esitt\u00e4minen = n\u00e4yttelemist\u00e4! Silloin otetaan itselleen kunniaa jostain, mit\u00e4 todellisuudessa ei olla, sen sijaan, ett\u00e4 kaiken totuuden nimess\u00e4 estett\u00e4isiin kunnian saaminen.<\/p>\n<p>Sellainen on samaa luokkaa kuin vilppi, petollisuus ja ep\u00e4rehellisyys. Jeesuksesta on kirjoitettu erityisen ihanteellisena piirteen\u00e4, ett\u00e4 h\u00e4ness\u00e4 ei ollut vilppi\u00e4. Sill\u00e4 h\u00e4nh\u00e4n oli totuus! \u2014-<\/p>\n<p>Voidaan siis valehdella monella eri tavalla, ei pelk\u00e4st\u00e4\u00e4n suoralla, karkealla valheella ja ep\u00e4rehellisyydell\u00e4. Tavallisestihan valitettavasti salataan huonoutensa ja onnellisuuden puutteensa. \u2014 Ja pel\u00e4t\u00e4\u00e4n kuollakseen, ett\u00e4 joku saisi tiet\u00e4\u00e4 sen! Puolustellaan itse\u00e4\u00e4n kaikkien taiteen s\u00e4\u00e4nt\u00f6jen mukaan, sen sijaan, ett\u00e4 otettaisiin valon oikea tuomio vastaan! \u2014<\/p>\n<p>Mit\u00e4 sitten pel\u00e4t\u00e4\u00e4n kuollakseen? Sit\u00e4, ett\u00e4 tullaan huonommiksi ihmisten silmiss\u00e4. Mutta huonommiksi tullaan vain tyhmien ihmisten silmiss\u00e4! Sill\u00e4 n\u00f6yrtyminen ja itsens\u00e4 alentaminenhan on kaikkein kannattavin hyve! Silloin arvo nousee Jumalan silmiss\u00e4!<\/p>\n<p>N\u00f6yrtymisen pelk\u00e4\u00e4minen on sen t\u00e4hden hengellisesti puhuttuna mielipuolista!<\/p>\n<p>Juuri t\u00e4st\u00e4 syyst\u00e4 monet ovat pyyt\u00e4m\u00e4tt\u00e4 anteeksi t\u00e4st\u00e4 ja tuosta asiasta! Siit\u00e4 huolimatta, ett\u00e4 heill\u00e4 on siihen eritt\u00e4in hyv\u00e4 syy ja se loisi onnen heid\u00e4n sisimp\u00e4\u00e4ns\u00e4! Totuudessa! P\u00e4\u00e4m\u00e4\u00e4r\u00e4h\u00e4n on: Pelkk\u00e4 totuus!<\/p>\n\t\t<\/div>\n\t\t\t\t\t<\/div>\n\n\t\n\n\t<div id=\"col-1969284044\" class=\"col copyright small-12 large-12\"  >\n\t\t\t\t<div class=\"col-inner text-left\"  >\n\t\t\t\n\t\t\t\n<div>\u00a9 Copyright Stiftelsen Skjulte Skatters Forlag<\/div>\n\t\t<\/div>\n\t\t\t\t\t<\/div>\n\n\t\n\n\t<div id=\"col-2110478530\" class=\"col small-12 large-12\"  >\n\t\t\t\t<div class=\"col-inner text-left\"  >\n\t\t\t\n\t\t\t\n<div><a href=\"#\" class=\"read-more\">Lue lis\u00e4\u00e4<\/a><\/div>\n\t\t<\/div>\n\t\t\t\t\t<\/div>\n\n\t\n\n\t<div id=\"col-426288083\" class=\"col small-12 large-12\"  >\n\t\t\t\t<div class=\"col-inner text-left\"  >\n\t\t\t\n\t\t\t\n<p class=\"next-previous-message\"><a class=\"previous\" href=\"\/fi\/bible-studies\/theme-1\/as-you-have-believed-so-let-it-be-done-for-you\/\"><i class=\"icon-angle-left\"><\/i> Previous<\/a><a class=\"next\" href=\"\/fi\/bible-studies\/theme-1\/believe-like-abraham-did\/\">Next <i class=\"icon-angle-right\"><\/i><\/a><\/p>\n\t\t<\/div>\n\t\t\t\t\t<\/div>\n\n\t\n<\/div>\n\t\t<\/div>\n\n\t\t\n<style>\n#section_2075990873 {\n  padding-top: 0px;\n  padding-bottom: 0px;\n  margin-bottom: 0px;\n}\n@media (min-width:550px) {\n  #section_2075990873 {\n    padding-top: 0px;\n    padding-bottom: 0px;\n  }\n}\n<\/style>\n\t<\/section>\n\t\n\n\t<section class=\"section food-for-thought\" id=\"section_453618068\">\n\t\t<div class=\"section-bg fill\" >\n\t\t\t\t\t\t\t\t\t\n\t\t\t\n\n\t\t<\/div>\n\n\t\t\n\n\t\t<div class=\"section-content relative\">\n\t\t\t\n<div class=\"row align-center\"  id=\"row-543860777\">\n\n\t<div id=\"col-206611308\" class=\"col title small-12 large-12\"  >\n\t\t\t\t<div class=\"col-inner text-left dark\"  >\n\t\t\t\n\t\t\t\n<h2>Devotional<\/h2>\n\t\t<\/div>\n\t\t\t\t\t<\/div>\n\n\t\n\n\t<div id=\"col-1509334172\" class=\"col small-12 large-12\"  >\n\t\t\t\t<div class=\"col-inner dark\"  >\n\t\t\t\n\t\t\t\n<p>Puheessa &#8220;Olkaa toivossa iloisia&#8221; Aslaksen sanoo, ett\u00e4 toivo ratkaisee kaiken. Mit\u00e4 SIN\u00c4 uskot h\u00e4nen tarkoittavan sill\u00e4?<\/p>\n<p class='info'>You have to <a href='\/login\/'>log in<\/a> if you want to save your answer.<\/p>\n\t\t<\/div>\n\t\t\t\t\t<\/div>\n\n\t\n<\/div>\n\t\t<\/div>\n\n\t\t\n<style>\n#section_453618068 {\n  padding-top: 30px;\n  padding-bottom: 30px;\n  background-color: rgb(73, 92, 94);\n}\n<\/style>\n\t<\/section>\n\t\n","protected":false},"excerpt":{"rendered":"","protected":false},"author":5,"featured_media":0,"parent":8247,"menu_order":3,"comment_status":"closed","ping_status":"closed","template":"page-blank.php","meta":{"footnotes":""},"class_list":["post-18442","page","type-page","status-publish","hentry"],"aioseo_notices":[],"_links":{"self":[{"href":"https:\/\/words-of-faith.org\/fi\/wp-json\/wp\/v2\/pages\/18442","targetHints":{"allow":["GET"]}}],"collection":[{"href":"https:\/\/words-of-faith.org\/fi\/wp-json\/wp\/v2\/pages"}],"about":[{"href":"https:\/\/words-of-faith.org\/fi\/wp-json\/wp\/v2\/types\/page"}],"author":[{"embeddable":true,"href":"https:\/\/words-of-faith.org\/fi\/wp-json\/wp\/v2\/users\/5"}],"replies":[{"embeddable":true,"href":"https:\/\/words-of-faith.org\/fi\/wp-json\/wp\/v2\/comments?post=18442"}],"version-history":[{"count":0,"href":"https:\/\/words-of-faith.org\/fi\/wp-json\/wp\/v2\/pages\/18442\/revisions"}],"up":[{"embeddable":true,"href":"https:\/\/words-of-faith.org\/fi\/wp-json\/wp\/v2\/pages\/8247"}],"wp:attachment":[{"href":"https:\/\/words-of-faith.org\/fi\/wp-json\/wp\/v2\/media?parent=18442"}],"curies":[{"name":"wp","href":"https:\/\/api.w.org\/{rel}","templated":true}]}}