{"id":18474,"date":"2020-07-21T10:43:49","date_gmt":"2020-07-21T08:43:49","guid":{"rendered":"https:\/\/aslaksen.bcc.no\/?page_id=18474"},"modified":"2020-08-21T11:51:12","modified_gmt":"2020-08-21T09:51:12","slug":"uskoa-abrahamin-tavoin","status":"publish","type":"page","link":"https:\/\/words-of-faith.org\/fi\/bible-study\/teema-1\/uskoa-abrahamin-tavoin\/","title":{"rendered":"Uskoa Abrahamin tavoin"},"content":{"rendered":"\n\t<section class=\"section\" id=\"section_431437218\">\n\t\t<div class=\"section-bg fill\" >\n\t\t\t\t\t\t\t\t\t\n\t\t\t\n\n\t\t<\/div>\n\n\t\t\n\n\t\t<div class=\"section-content relative\">\n\t\t\t\n<div class=\"row align-center\"  id=\"row-1871358926\">\n\n\t<div id=\"col-971093728\" class=\"col small-12 large-12\"  >\n\t\t\t\t<div class=\"col-inner\"  >\n\t\t\t\n\t\t\t\n<p class=\"breadcrumbs\"><a href=\"..\/\">Theme 1<\/a> \/ Messages<\/p>\n<h1>Uskoa Abrahamin tavoin<\/h1>\n<p class=\"article-date\">Skjulte Skatter, julkaistu joulukuu 1988<\/p>\n<p class=\"article-author\">Aslaksenin kirjoitus<\/p>\n\t\t<\/div>\n\t\t\t\t\t<\/div>\n\n\t\n\n<style>\n#row-1871358926 > .col > .col-inner {\n  padding: 30px 0px 0px 0px;\n}\n<\/style>\n<\/div>\n<div class=\"row align-center audio\"  id=\"row-1511639904\">\n\n\t<div id=\"col-1270368642\" class=\"col small-12 large-12\"  >\n\t\t\t\t<div class=\"col-inner\"  >\n\t\t\t\n\t\t\t\n<!--[if lt IE 9]><script>document.createElement('audio');<\/script><![endif]-->\n<audio class=\"wp-audio-shortcode\" id=\"audio-18474-1\" preload=\"none\" style=\"width: 100%;\" controls=\"controls\"><source type=\"audio\/mpeg\" src=\"\/audio\/Tema%201\/fi\/5%20FI_E.Aslaksen_Tro%20som%20Abraham%20trodde.mp3?_=1\" \/><a href=\"\/audio\/Tema%201\/fi\/5%20FI_E.Aslaksen_Tro%20som%20Abraham%20trodde.mp3\">\/audio\/Tema%201\/fi\/5%20FI_E.Aslaksen_Tro%20som%20Abraham%20trodde.mp3<\/a><\/audio>\n<p class=\"click-to-listen\">Click to listen to the speech.<\/p>\n\t\t<\/div>\n\t\t\t\t\t<\/div>\n\n\t\n<\/div>\n<div class=\"row align-center article article-excerpt\"  id=\"row-608036113\">\n\n\t<div id=\"col-1800209247\" class=\"col small-12 large-12\"  >\n\t\t\t\t<div class=\"col-inner text-left\"  >\n\t\t\t\n\t\t\t\n<p>Det heter for eksempel det st\u00e5r ikke til den som vil og til den som l\u00f8per, men til Gud som gir miskunnhet! Er det noen lov for hvem han gir miskunnhet, hvem han gir n\u00e5de? Ja, det er det, det er. Alts\u00e5, overfladisk sett s\u00e5 tenker man: Ja, da nytter det ikke noen ting da, det er ikke noe hjelp det da \u00e5 v\u00e6re ivrig? Nei, det er riktig det. Men det betyr ikke det at det er p\u00e5 slump og at det er lotteri og at Gud er lunefull. Vi vet hvem han gir n\u00e5de! Ja, vi vet hvem han gir mere n\u00e5de, hvem han gir mest n\u00e5de, og hvem han absolutt ikke gir n\u00e5de.<\/p>\n<p>Det er mange som l\u00f8per, det er mange som vil, det er mange som er \u00e6rgjerrige \u2013 kjenner du den glosen? Ja, hva er det for noe? Det er det at jeg vil, jeg vil opp, jeg vil frem. Jeg vil bli en Herrens tjener, jeg vil bli dyktig, jeg vil tale glimrende. Bl\u00e5s i \u00e6re med alt hva du vil. Vil du g\u00e5 ned? Man kan v\u00e6re midt i en Guds levende menighet uten noensinne \u00e5 bli lykkelig. Hva er grunnen? Sier ikke at det er mange grunner. Det er mangel p\u00e5 ydmykhet. En er for stor og for sterk i seg selv, det er den eneste grunn! Det er jo beviselig det, det er aldri for mange eksempler p\u00e5 det.<\/p>\n<p>S\u00e5 er det sm\u00e5tt stell med en, en har ikke seier over synd, ja det er riktig elendig. Og midt i det s\u00e5 har man sv\u00e6re interesser av \u00e5 kunne st\u00e5 frem og tale herlig. Er det noen de kjenner seg igjen? Er det noen de kjenner seg igjen? Det er ikke farlig \u00e5 v\u00e6re ydmyk, det er ikke farlig \u00e5 erkjenne. Skj\u00f8nner det ikke allerede n\u00e5? Det er det motsatte som er farlig. Er det noen som kjenner seg igjen? Er det noen mening i det? Det er \u00e5ndelig talt vanvittig. Det er hva det er. Annerledes sagt: det er jo hykleri, det er jo skuespill. Det er jo \u00e5 ville bl\u00f8ffe, det er jo \u00e5 ville imponere folk for \u00e5 f\u00e5 en \u00e6re som jeg p\u00e5 ingen som helst slags m\u00e5te tilkommer. Er det ikke det? Ja, slutt med det. Slutt med det for bestandig. Se \u00e5 bli interessert i \u00e5 seire over synd. Og hva er veien til det? Hva er veien til det? Det er \u00e5 v\u00e6re ydmyk. Det er \u00e5 fornedre seg selv. Da gir Gud n\u00e5de om jeg ikke spurte om det en gang.<\/p>\n\t\t<\/div>\n\t\t\t\t\t<\/div>\n\n\t\n\n\t<div id=\"col-1034224998\" class=\"col copyright small-12 large-12\"  >\n\t\t\t\t<div class=\"col-inner text-left\"  >\n\t\t\t\n\t\t\t\n<div>\u00a9 Copyright Stiftelsen Skjulte Skatters Forlag<\/div>\n\t\t<\/div>\n\t\t\t\t\t<\/div>\n\n\t\n\n\t<div id=\"col-1464319589\" class=\"col small-12 large-12\"  >\n\t\t\t\t<div class=\"col-inner text-left\"  >\n\t\t\t\n\t\t\t\n<div><a href=\"#\" class=\"read-more\">Lue lis\u00e4\u00e4<\/a><\/div>\n\t\t<\/div>\n\t\t\t\t\t<\/div>\n\n\t\n\n\t<div id=\"col-1361540604\" class=\"col small-12 large-12\"  >\n\t\t\t\t<div class=\"col-inner text-left\"  >\n\t\t\t\n\t\t\t\n<p class=\"next-previous-message\"><a class=\"previous\" href=\"\/fi\/bible-studies\/theme-1\/rejoice-in-hope\/\"><i class=\"icon-angle-left\"><\/i> Previous<\/a><a class=\"next\" href=\"\/fi\/bible-studies\/theme-1\/god-is-truthful\/\">Next <i class=\"icon-angle-right\"><\/i><\/a><\/p>\n\t\t<\/div>\n\t\t\t\t\t<\/div>\n\n\t\n<\/div>\n\t\t<\/div>\n\n\t\t\n<style>\n#section_431437218 {\n  padding-top: 0px;\n  padding-bottom: 0px;\n  margin-bottom: 0px;\n}\n@media (min-width:550px) {\n  #section_431437218 {\n    padding-top: 0px;\n    padding-bottom: 0px;\n  }\n}\n<\/style>\n\t<\/section>\n\t\n\n\t<section class=\"section food-for-thought\" id=\"section_1173915889\">\n\t\t<div class=\"section-bg fill\" >\n\t\t\t\t\t\t\t\t\t\n\t\t\t\n\n\t\t<\/div>\n\n\t\t\n\n\t\t<div class=\"section-content relative\">\n\t\t\t\n<div class=\"row align-center\"  id=\"row-67220748\">\n\n\t<div id=\"col-227600469\" class=\"col title small-12 large-12\"  >\n\t\t\t\t<div class=\"col-inner text-left dark\"  >\n\t\t\t\n\t\t\t\n<h2>Devotional<\/h2>\n\t\t<\/div>\n\t\t\t\t\t<\/div>\n\n\t\n\n\t<div id=\"col-1265382672\" class=\"col small-12 large-12\"  >\n\t\t\t\t<div class=\"col-inner dark\"  >\n\t\t\t\n\t\t\t\n<p>Mit\u00e4 uskominen on Aslaksenin kirjoituksen &#8220;Usko niin kuin Abraham&#8221; perusteella?<\/p>\n<ul class=\"question-answers\">\n<li>Sen tunnustaminen, ett\u00e4 Jumala on kaikkivaltias<\/li>\n<li>Ett\u00e4 me tottelemme joka ikist\u00e4 Jumalan sanaa<\/li>\n<li>Ett\u00e4 me t\u00e4yt\u00e4mme ehdot tarkoin<\/li>\n<\/ul>\n<p class='info'>You have to <a href='\/login\/'>log in<\/a> if you want to save your answer.<\/p>\n\t\t<\/div>\n\t\t\t\t\t<\/div>\n\n\t\n<\/div>\n\t\t<\/div>\n\n\t\t\n<style>\n#section_1173915889 {\n  padding-top: 30px;\n  padding-bottom: 30px;\n  background-color: rgb(73, 92, 94);\n}\n<\/style>\n\t<\/section>\n\t\n","protected":false},"excerpt":{"rendered":"","protected":false},"author":5,"featured_media":0,"parent":8247,"menu_order":4,"comment_status":"closed","ping_status":"closed","template":"page-blank.php","meta":{"footnotes":""},"class_list":["post-18474","page","type-page","status-publish","hentry"],"aioseo_notices":[],"_links":{"self":[{"href":"https:\/\/words-of-faith.org\/fi\/wp-json\/wp\/v2\/pages\/18474","targetHints":{"allow":["GET"]}}],"collection":[{"href":"https:\/\/words-of-faith.org\/fi\/wp-json\/wp\/v2\/pages"}],"about":[{"href":"https:\/\/words-of-faith.org\/fi\/wp-json\/wp\/v2\/types\/page"}],"author":[{"embeddable":true,"href":"https:\/\/words-of-faith.org\/fi\/wp-json\/wp\/v2\/users\/5"}],"replies":[{"embeddable":true,"href":"https:\/\/words-of-faith.org\/fi\/wp-json\/wp\/v2\/comments?post=18474"}],"version-history":[{"count":0,"href":"https:\/\/words-of-faith.org\/fi\/wp-json\/wp\/v2\/pages\/18474\/revisions"}],"up":[{"embeddable":true,"href":"https:\/\/words-of-faith.org\/fi\/wp-json\/wp\/v2\/pages\/8247"}],"wp:attachment":[{"href":"https:\/\/words-of-faith.org\/fi\/wp-json\/wp\/v2\/media?parent=18474"}],"curies":[{"name":"wp","href":"https:\/\/api.w.org\/{rel}","templated":true}]}}