{"id":18506,"date":"2020-07-21T10:48:00","date_gmt":"2020-07-21T08:48:00","guid":{"rendered":"https:\/\/aslaksen.bcc.no\/?page_id=18506"},"modified":"2020-08-21T11:55:16","modified_gmt":"2020-08-21T09:55:16","slug":"jumala-on-totuudellinen","status":"publish","type":"page","link":"https:\/\/words-of-faith.org\/fi\/bible-study\/teema-1\/jumala-on-totuudellinen\/","title":{"rendered":"Jumala on totuudellinen"},"content":{"rendered":"\n\t<section class=\"section\" id=\"section_1181940390\">\n\t\t<div class=\"section-bg fill\" >\n\t\t\t\t\t\t\t\t\t\n\t\t\t\n\n\t\t<\/div>\n\n\t\t\n\n\t\t<div class=\"section-content relative\">\n\t\t\t\n<div class=\"row align-center\"  id=\"row-1035844204\">\n\n\t<div id=\"col-656356452\" class=\"col small-12 large-12\"  >\n\t\t\t\t<div class=\"col-inner\"  >\n\t\t\t\n\t\t\t\n<p class=\"breadcrumbs\"><a href=\"..\/\">Theme 1<\/a> \/ Messages<\/p>\n<h1>Jumala on totuudellinen<\/h1>\n<p class=\"article-date\">Skjulte Skatter, julkaistu tammikuu 1982<\/p>\n<p class=\"article-author\">Aslaksenin kirjoitus<\/p>\n\t\t<\/div>\n\t\t\t\t\t<\/div>\n\n\t\n\n<style>\n#row-1035844204 > .col > .col-inner {\n  padding: 30px 0px 0px 0px;\n}\n<\/style>\n<\/div>\n<div class=\"row align-center audio\"  id=\"row-1891895283\">\n\n\t<div id=\"col-1863980526\" class=\"col small-12 large-12\"  >\n\t\t\t\t<div class=\"col-inner\"  >\n\t\t\t\n\t\t\t\n<!--[if lt IE 9]><script>document.createElement('audio');<\/script><![endif]-->\n<audio class=\"wp-audio-shortcode\" id=\"audio-18506-1\" preload=\"none\" style=\"width: 100%;\" controls=\"controls\"><source type=\"audio\/mpeg\" src=\"\/audio\/Tema%201\/fi\/6%20FI_E.Aslaksen_Gud%20er%20sanndru.mp3?_=1\" \/><a href=\"\/audio\/Tema%201\/fi\/6%20FI_E.Aslaksen_Gud%20er%20sanndru.mp3\">\/audio\/Tema%201\/fi\/6%20FI_E.Aslaksen_Gud%20er%20sanndru.mp3<\/a><\/audio>\n<p class=\"click-to-listen\">Click to listen to the speech.<\/p>\n\t\t<\/div>\n\t\t\t\t\t<\/div>\n\n\t\n<\/div>\n<div class=\"row align-center article article-excerpt\"  id=\"row-1540565008\">\n\n\t<div id=\"col-1146007111\" class=\"col small-12 large-12\"  >\n\t\t\t\t<div class=\"col-inner text-left\"  >\n\t\t\t\n\t\t\t\n<p>Jumalan ty\u00f6menetelm\u00e4 on oleellisesti aina samanlainen. Seh\u00e4n onkin my\u00f6s aivan ymm\u00e4rrett\u00e4v\u00e4\u00e4, koska kaikilla ihmisill\u00e4 on samat taipumukset, nimitt\u00e4in ylpistyminen, suurten ajatusten saaminen itsest\u00e4, niin ett\u00e4 he ottavat itse kunniaa siit\u00e4, mit\u00e4 Jumala suuressa armossaan on vaikuttanut heiss\u00e4 ja heid\u00e4n kauttaan.<\/p>\n<p>Juuri sen t\u00e4hden h\u00e4nen ehdoton suunnitelmansa ja ty\u00f6menetelm\u00e4ns\u00e4 on saada estetyksi t\u00e4m\u00e4. N\u00e4in h\u00e4nen ty\u00f6ns\u00e4 t\u00e4ht\u00e4\u00e4 <strong>meid\u00e4n murtamiseemme lihan mukaan<\/strong> ja saamaan meid\u00e4t riitt\u00e4v\u00e4n alas omissa silmiss\u00e4mme esimerkiksi saamalla meid\u00e4t ep\u00e4onnistumaan yhdess\u00e4 ja toisessa asiassa sen kautta, ett\u00e4 h\u00e4n tietyiss\u00e4 tilanteissa vet\u00e4ytyy pois meist\u00e4 ja vet\u00e4\u00e4 meilt\u00e4 pois armoaan, jolloin h\u00e4n antaa meid\u00e4n maistaa teittemme hedelm\u00e4\u00e4, oman voimamme, tahtomme ja j\u00e4rkemme hedelm\u00e4\u00e4.&nbsp;&nbsp;<\/p>\n<p>T\u00e4ll\u00e4 tavalla tulemme n\u00f6yryytetyiksi ja saamme painolastia el\u00e4m\u00e4nlaivaamme, jolloin pystymme purjehtimaan kaikenlaisella s\u00e4\u00e4ll\u00e4 aluksen kaatumatta. N\u00e4in voimme p\u00e4\u00e4st\u00e4 turvallisesti perille iankaikkiseen satamaan.<\/p>\n<p>H\u00e4nen rakastava, hyv\u00e4 tahtonsahan on ylent\u00e4\u00e4 meid\u00e4t yhdess\u00e4 h\u00e4nen kanssaan. Juuri siksi h\u00e4nen on voimakkaasti murrettava meid\u00e4t, niin ett\u00e4 voimme my\u00f6hemmin kest\u00e4\u00e4 ylent\u00e4misen ottamatta siit\u00e4 kunniaa itsellemme.<\/p>\n<p>T\u00e4m\u00e4n h\u00e4n toteuttaa lujalla k\u00e4dell\u00e4 ja syd\u00e4mell\u00e4 antamatta sen vaikuttaa itseens\u00e4 v\u00e4himm\u00e4ss\u00e4k\u00e4\u00e4n m\u00e4\u00e4rin, ettemme&nbsp; ymm\u00e4rr\u00e4 h\u00e4nen toimintatapaansa.&nbsp;<\/p>\n<p>Kunnia, kunnia, kunnia \u2013 olkoon h\u00e4nen nimelleen!<\/p>\n\t\t<\/div>\n\t\t\t\t\t<\/div>\n\n\t\n\n\t<div id=\"col-680206017\" class=\"col copyright small-12 large-12\"  >\n\t\t\t\t<div class=\"col-inner text-left\"  >\n\t\t\t\n\t\t\t\n<div>\u00a9 Copyright Stiftelsen Skjulte Skatters Forlag<\/div>\n\t\t<\/div>\n\t\t\t\t\t<\/div>\n\n\t\n\n\t<div id=\"col-247669160\" class=\"col small-12 large-12\"  >\n\t\t\t\t<div class=\"col-inner text-left\"  >\n\t\t\t\n\t\t\t\n<div><a href=\"#\" class=\"read-more\">Lue lis\u00e4\u00e4<\/a><\/div>\n\t\t<\/div>\n\t\t\t\t\t<\/div>\n\n\t\n\n\t<div id=\"col-550963173\" class=\"col small-12 large-12\"  >\n\t\t\t\t<div class=\"col-inner text-left\"  >\n\t\t\t\n\t\t\t\n<p class=\"next-previous-message\"><a class=\"previous\" href=\"\/fi\/bible-studies\/theme-1\/believe-like-abraham-did\/\"><i class=\"icon-angle-left\"><\/i> Previous<\/a><a class=\"next\" href=\"\/fi\/bible-studies\/theme-1\/believe-in-the-god-of-miracles\/\">Next <i class=\"icon-angle-right\"><\/i><\/a><\/p>\n\t\t<\/div>\n\t\t\t\t\t<\/div>\n\n\t\n<\/div>\n\t\t<\/div>\n\n\t\t\n<style>\n#section_1181940390 {\n  padding-top: 0px;\n  padding-bottom: 0px;\n  margin-bottom: 0px;\n}\n@media (min-width:550px) {\n  #section_1181940390 {\n    padding-top: 0px;\n    padding-bottom: 0px;\n  }\n}\n<\/style>\n\t<\/section>\n\t\n\n\t<section class=\"section food-for-thought\" id=\"section_504049595\">\n\t\t<div class=\"section-bg fill\" >\n\t\t\t\t\t\t\t\t\t\n\t\t\t\n\n\t\t<\/div>\n\n\t\t\n\n\t\t<div class=\"section-content relative\">\n\t\t\t\n<div class=\"row align-center\"  id=\"row-941344214\">\n\n\t<div id=\"col-428989167\" class=\"col title small-12 large-12\"  >\n\t\t\t\t<div class=\"col-inner text-left dark\"  >\n\t\t\t\n\t\t\t\n<h2>Devotional<\/h2>\n\t\t<\/div>\n\t\t\t\t\t<\/div>\n\n\t\n\n\t<div id=\"col-992618382\" class=\"col small-12 large-12\"  >\n\t\t\t\t<div class=\"col-inner dark\"  >\n\t\t\t\n\t\t\t\n<p>Lue tai kuuntele kappale &#8220;Jumala on totuudellinen&#8221;: Etsi raamatusta lupaus, jota et ole aiemmin ajatellut ja kirjoita se alla olevaan kentt\u00e4\u00e4n. Halutessasis voit my\u00f6s kirjoittaa, mit\u00e4 sinulle henkil\u00f6kohtaisesti tapahtuu, jos uskot tarkasti siihen, mit\u00e4 on kirjoitettu. Lue asiayhteydest\u00e4 \u2013 voitko huomata jonkin ehdon lupaukseen liittyen?<\/p>\n<p class='info'>You have to <a href='\/login\/'>log in<\/a> if you want to save your answer.<\/p>\n\t\t<\/div>\n\t\t\t\t\t<\/div>\n\n\t\n<\/div>\n\t\t<\/div>\n\n\t\t\n<style>\n#section_504049595 {\n  padding-top: 30px;\n  padding-bottom: 30px;\n  background-color: rgb(73, 92, 94);\n}\n<\/style>\n\t<\/section>\n\t\n","protected":false},"excerpt":{"rendered":"","protected":false},"author":5,"featured_media":0,"parent":8247,"menu_order":5,"comment_status":"closed","ping_status":"closed","template":"page-blank.php","meta":{"footnotes":""},"class_list":["post-18506","page","type-page","status-publish","hentry"],"aioseo_notices":[],"_links":{"self":[{"href":"https:\/\/words-of-faith.org\/fi\/wp-json\/wp\/v2\/pages\/18506","targetHints":{"allow":["GET"]}}],"collection":[{"href":"https:\/\/words-of-faith.org\/fi\/wp-json\/wp\/v2\/pages"}],"about":[{"href":"https:\/\/words-of-faith.org\/fi\/wp-json\/wp\/v2\/types\/page"}],"author":[{"embeddable":true,"href":"https:\/\/words-of-faith.org\/fi\/wp-json\/wp\/v2\/users\/5"}],"replies":[{"embeddable":true,"href":"https:\/\/words-of-faith.org\/fi\/wp-json\/wp\/v2\/comments?post=18506"}],"version-history":[{"count":0,"href":"https:\/\/words-of-faith.org\/fi\/wp-json\/wp\/v2\/pages\/18506\/revisions"}],"up":[{"embeddable":true,"href":"https:\/\/words-of-faith.org\/fi\/wp-json\/wp\/v2\/pages\/8247"}],"wp:attachment":[{"href":"https:\/\/words-of-faith.org\/fi\/wp-json\/wp\/v2\/media?parent=18506"}],"curies":[{"name":"wp","href":"https:\/\/api.w.org\/{rel}","templated":true}]}}