{"id":24608,"date":"2020-07-31T09:19:25","date_gmt":"2020-07-31T07:19:25","guid":{"rendered":"https:\/\/words-of-faith.org\/tietoa-meista\/"},"modified":"2020-10-05T09:22:00","modified_gmt":"2020-10-05T07:22:00","slug":"tietoa-meista","status":"publish","type":"page","link":"https:\/\/words-of-faith.org\/fi\/tietoa-meista\/","title":{"rendered":"Tietoa meist\u00e4"},"content":{"rendered":"\n\t<section class=\"section\" id=\"section_1581755397\">\n\t\t<div class=\"section-bg fill\" >\n\t\t\t\t\t\t\t\t\t\n\t\t\t\n\n\t\t<\/div>\n\n\t\t\n\n\t\t<div class=\"section-content relative\">\n\t\t\t\n<div class=\"row align-center\"  id=\"row-1186877527\">\n\n\t<div id=\"col-1177701645\" class=\"col small-12 large-12\"  >\n\t\t\t\t<div class=\"col-inner\"  >\n\t\t\t\n\t\t\t\n<h1>Tietoa meist\u00e4<\/h1>\n\n\t\t<div class=\"tabbed-content\">\n\t\t\t\n\t\t\t<ul class=\"nav nav-simple nav-normal nav-size-normal nav-left\" role=\"tablist\"><li id=\"tab-uskon-sanoja\" class=\"tab active has-icon\" role=\"presentation\"><a href=\"#tab_uskon-sanoja\" role=\"tab\" aria-selected=\"true\" aria-controls=\"tab_uskon-sanoja\"><span>Uskon sanoja<\/span><\/a><\/li>\n<li id=\"tab-elias-aslaksenista\" class=\"tab has-icon\" role=\"presentation\"><a href=\"#tab_elias-aslaksenista\" tabindex=\"-1\" role=\"tab\" aria-selected=\"false\" aria-controls=\"tab_elias-aslaksenista\"><span>Elias Aslaksenista<\/span><\/a><\/li>\n<li id=\"tab-tietoa-aktiivikristinuskosta\" class=\"tab has-icon\" role=\"presentation\"><a href=\"#tab_tietoa-aktiivikristinuskosta\" tabindex=\"-1\" role=\"tab\" aria-selected=\"false\" aria-controls=\"tab_tietoa-aktiivikristinuskosta\"><span>Tietoa AktiiviKristinuskosta<\/span><\/a><\/li><\/ul><div class=\"tab-panels\"><div id=\"tab_uskon-sanoja\" class=\"panel active entry-content\" role=\"tabpanel\" aria-labelledby=\"tab-uskon-sanoja\">\n<h2>Words of Faith<\/h2>\n<p style=\"text-align: center;\"><img loading=\"lazy\" decoding=\"async\" class=\"aligncenter wp-image-24630\" src=\"https:\/\/words-of-faith.org\/wp-content\/uploads\/2020\/04\/EA-Logo-Final-7-275x400.png\" alt=\"\" width=\"150\" height=\"219\" \/><\/p>\n<p>\u201cFaith in the Word of Life is the greatest power that exists in the universe.\u201d This quote from Elias Aslaksen sums up his life and teaching. <\/p>\n<p>\u201cWords of faith\u201d is a Bible study resource centered on the written and spoken messages of Elias Aslaksen. His preaching adhered 100% to the Word of God and obedience to the faith. He believed in a life of victory over sin and full transformation into the image of Christ, just as the Bible speaks about in many places, and His faith was in an Almighty God who has all power in heaven and on earth to make this life fully possible for each one who believes. <\/p>\n<p>It\u2019s written about Paul that he was a teacher of the Gentiles in faith and truth, and this is the pattern that Elias Aslaksen\u2019s teaching followed. First to believe that the Word is true and good in every way. Then, with a personal, living faith, to live according to it. <\/p>\n<p>Through the spirit of faith shared in the messages and Bible studies on this website, faith for living such an overcoming life can be born and strengthened in every heart that is willing to fight the good fight of faith and lay hold on eternal life!<\/p>\n<\/div>\n<div id=\"tab_elias-aslaksenista\" class=\"panel entry-content\" role=\"tabpanel\" aria-labelledby=\"tab-elias-aslaksenista\">\n<h2>Elias Aslaksenista (1888-1976)<\/h2>\n<p><img loading=\"lazy\" decoding=\"async\" class=\"alignnone size-medium wp-image-23811\" src=\"https:\/\/words-of-faith.org\/wp-content\/uploads\/2020\/09\/about-elias-aslaksen-632x400.png\" alt=\"\" width=\"632\" height=\"400\"><\/p>\n<p>Paavali kirjoitti (Fil.3:7-8): &#8220;Mutta mik\u00e4 minulle oli voitto, sen olen Kristuksen t\u00e4hden lukenut tappioksi. Niinp\u00e4 luen kaiken tappioksi tuon ylen kalliin, Kristuksen Jeesuksen, minun Herrani, tuntemisen rinnalla. H\u00e4nen t\u00e4htens\u00e4 olen menett\u00e4nyt kaiken ja pid\u00e4n sen roskana, ett\u00e4 voittaisin omakseni Kristuksen&#8221;.<\/p>\n<figure id=\"attachment_23779\" aria-describedby=\"caption-attachment-23779\" style=\"width: 154px\" class=\"wp-caption alignright\"><img loading=\"lazy\" decoding=\"async\" class=\"wp-image-23779\" src=\"https:\/\/words-of-faith.org\/wp-content\/uploads\/2020\/09\/elias-aslaksen-early-twenties-258x400.png\" alt=\"\" width=\"154\" height=\"239\"><figcaption id=\"caption-attachment-23779\" class=\"wp-caption-text\">Elias Aslaksen 20-luvun alussa, aliluutnanttina. H\u00e4n oli erityisen \u00e4lyk\u00e4s nuori mies, mutta luopui laivastourastaan, koska tuli Jeesuksen Kristuksen valtaamaksi.<\/figcaption><\/figure>\n<p>Elias Aslaksenin el\u00e4m\u00e4 todisti n\u00e4ist\u00e4 sanoista. H\u00e4n oli poikkeuksellisen lahjakas nuori mies, joka suoritti kadettikoulun kaikkien aikojen parhain arvosanoin, ja lupaava ura Norjan laivastossa odotti h\u00e4nt\u00e4. H\u00e4n kuitenkin luopui t\u00e4st\u00e4 kaikesta &#8220;saadakseen voittopalkinnon, jonka omistamiseen Jumala oli h\u00e4nen kutsunut taivaallisella kutsulla Kristuksessa Jeesuksessa.&#8221; (Fil. 3:14). H\u00e4n omisti koko el\u00e4m\u00e4ns\u00e4 evankeliumille. H\u00e4n oli itse kuuliainen uskossaan Jumalan sanaan, ja julisti v\u00e4sym\u00e4tt\u00e4 uskon sanaa vuosikausia kautta maailman.  <\/p>\n<p>H\u00e4nen lukuisat, monipuoliset kirjoituksensa ja puheensa perustuivat 100%:een uskollisuuteen Jumalan Sanalle. Siksi h\u00e4nen sanomansa on edelleen niin ter\u00e4v\u00e4\u00e4 ja voimakasta, vaikka h\u00e4nen kuolemastaan on kulunut yli 40 vuotta. H\u00e4n ei kierrellyt ja kaarrellut, vaan puhui Jumalan Sanaa selv\u00e4sti ja suoraan, kuten oli sen omassa el\u00e4m\u00e4ss\u00e4\u00e4n kokenut.  <\/p>\n<figure id=\"attachment_23795\" aria-describedby=\"caption-attachment-23795\" style=\"width: 632px\" class=\"wp-caption alignnone\"><img loading=\"lazy\" decoding=\"async\" class=\"wp-image-23795 size-medium\" src=\"https:\/\/words-of-faith.org\/wp-content\/uploads\/2020\/09\/elias-aslaksen-preaching-632x400.png\" alt=\"\" width=\"632\" height=\"400\"><figcaption id=\"caption-attachment-23795\" class=\"wp-caption-text\">Elias Aslaksen puhumassa ulkokokouksessa<\/figcaption><\/figure>\n<p>H\u00e4n julisti evankeliumia synnin voittavasta el\u00e4m\u00e4st\u00e4. H\u00e4nen palveluty\u00f6ns\u00e4 ja opetuksensa, mutta ennen muuta h\u00e4nen el\u00e4m\u00e4ns\u00e4, saivat uskon syttym\u00e4\u00e4n monen ihmisen syd\u00e4meen. H\u00e4nen uskonsa Jumalaan eli niin vahvana, ett\u00e4 h\u00e4nen puhuessaan t\u00e4ynn\u00e4 t\u00e4t\u00e4 uskon henke\u00e4 oli melkein mahdotonta j\u00e4\u00e4d\u00e4 kylm\u00e4ksi. H\u00e4nell\u00e4 oli harvinainen kyky puhua tavalla, joka vangitsi kuulijoiden mielenkiinnon t\u00e4ysin ja synnytti heiss\u00e4 uskon siihen, ett\u00e4 hekin voisivat voittaa synnin.   <\/p>\n<figure id=\"attachment_23747\" aria-describedby=\"caption-attachment-23747\" style=\"width: 632px\" class=\"wp-caption alignnone\"><img loading=\"lazy\" decoding=\"async\" class=\"size-medium wp-image-23747\" src=\"https:\/\/words-of-faith.org\/wp-content\/uploads\/2020\/09\/elias-aslaksen-brilliant-speaker-632x400.png\" alt=\"\" width=\"632\" height=\"400\"><figcaption id=\"caption-attachment-23747\" class=\"wp-caption-text\">Lahjakkaana puhujana Aslaksen osasi muotoilla sanottavansa tavalla, joka vangitsi kuulijoiden mielenkiinnon.<\/figcaption><\/figure>\n<p>H\u00e4n oli l\u00e4mminsyd\u00e4minen ja rakastettu ihminen, t\u00e4ynn\u00e4 laupeutta ja hyvyytt\u00e4. H\u00e4nt\u00e4 ymp\u00e4r\u00f6iv\u00e4 ilmapiiri veti ihmisi\u00e4 puoleensa kuin hunaja k\u00e4rp\u00e4si\u00e4; kuitenkin h\u00e4n johti ihmiset aina yhteyteen p\u00e4\u00e4n, Jeesuksen Kristuksen, kanssa. Erityisen mielell\u00e4\u00e4n h\u00e4n isuti juttelemassa nuorten kanssa Jumalan Sanasta, ja vauhtiin p\u00e4\u00e4sty\u00e4\u00e4n h\u00e4n saattoi jatkaa tunnin jos toisenkin.    <\/p>\n<figure id=\"attachment_23763\" aria-describedby=\"caption-attachment-23763\" style=\"width: 632px\" class=\"wp-caption alignnone\"><img loading=\"lazy\" decoding=\"async\" class=\"size-medium wp-image-23763\" src=\"https:\/\/words-of-faith.org\/wp-content\/uploads\/2020\/09\/elias-aslaksen-good-atmosphere-632x400.png\" alt=\"\" width=\"632\" height=\"400\"><figcaption id=\"caption-attachment-23763\" class=\"wp-caption-text\">Aslaksenin ymp\u00e4rill\u00e4 oli aina hyv\u00e4 ilmapiiri.<\/figcaption><\/figure>\n<p>H\u00e4n oli uskollinen totuutta kohtaan, tinkim\u00e4tt\u00e4 kuitenkaan koskaan rakkaudesta. H\u00e4n pystyi sek\u00e4 kehottamaan ett\u00e4 rohkaisemaan, ja aina h\u00e4nell\u00e4 oli tarjota jotain Jumalalta saatua, siunaukseksi toisille. <\/p>\n<figure id=\"attachment_23731\" aria-describedby=\"caption-attachment-23731\" style=\"width: 632px\" class=\"wp-caption alignnone\"><img loading=\"lazy\" decoding=\"async\" class=\"size-medium wp-image-23731\" src=\"https:\/\/words-of-faith.org\/wp-content\/uploads\/2020\/09\/elias-aslaksen-active-writer-632x400.png\" alt=\"\" width=\"632\" height=\"400\"><figcaption id=\"caption-attachment-23731\" class=\"wp-caption-text\">Aslaksen oli todella ahkera kirjoittamaan ja kirjoitti el\u00e4m\u00e4ns\u00e4 aikana satoja kirjeit\u00e4, kirjoituksia, vihkosia, kirjoja ja lauluja.<\/figcaption><\/figure>\n<figure id=\"attachment_23715\" aria-describedby=\"caption-attachment-23715\" style=\"width: 318px\" class=\"wp-caption alignnone\"><img loading=\"lazy\" decoding=\"async\" class=\"size-medium wp-image-23715\" src=\"https:\/\/words-of-faith.org\/wp-content\/uploads\/2020\/09\/elias-aslaksen-70-years-318x400.png\" alt=\"\" width=\"318\" height=\"400\"><figcaption id=\"caption-attachment-23715\" class=\"wp-caption-text\">Elias Aslaksen n. 70 vuotiaana<\/figcaption><\/figure>\n<\/div>\n<div id=\"tab_tietoa-aktiivikristinuskosta\" class=\"panel entry-content\" role=\"tabpanel\" aria-labelledby=\"tab-tietoa-aktiivikristinuskosta\">\n<h2>Tietoa AktiiviKristinuskosta<\/h2>\n<p><em>Mik\u00e4li haluat tarkempia tietoja AktiiviKristinuskosta, vieraile virallisella sivustollamme: <a href=\"https:\/\/activechristianity.org\" target=\"_blank\" rel=\"noopener noreferrer\">aktiivikristinusko.fi<\/a>.<\/em><\/p>\n<p>Brunstad Christian Churchin ActivChristianity tutkii sit\u00e4, kuinka Jumalan sana innostaa meit\u00e4 ja tekee meist\u00e4 kykenevi\u00e4 el\u00e4m\u00e4\u00e4n 100% h\u00e4nen tahtonsa mukaan, niin ettei meid\u00e4n en\u00e4\u00e4 tarvitse langeta syntiin, vaan voimme tulla voittoisaan el\u00e4m\u00e4\u00e4n.<\/p>\n<\/div><\/div><\/div>\n\t\t<\/div>\n\t\t\t\t\n<style>\n#col-1177701645 > .col-inner {\n  margin: 0px 0px 20px 0px;\n}\n<\/style>\n\t<\/div>\n\n\t\n\n<style>\n#row-1186877527 > .col > .col-inner {\n  padding: 30px 0px 0px 0px;\n}\n<\/style>\n<\/div>\n\t\t<\/div>\n\n\t\t\n<style>\n#section_1581755397 {\n  padding-top: 0px;\n  padding-bottom: 0px;\n}\n@media (min-width:550px) {\n  #section_1581755397 {\n    padding-top: 30px;\n    padding-bottom: 30px;\n  }\n}\n<\/style>\n\t<\/section>\n\t\n","protected":false},"excerpt":{"rendered":"","protected":false},"author":5,"featured_media":0,"parent":0,"menu_order":0,"comment_status":"closed","ping_status":"closed","template":"page-blank.php","meta":{"footnotes":""},"class_list":["post-24608","page","type-page","status-publish","hentry"],"aioseo_notices":[],"_links":{"self":[{"href":"https:\/\/words-of-faith.org\/fi\/wp-json\/wp\/v2\/pages\/24608","targetHints":{"allow":["GET"]}}],"collection":[{"href":"https:\/\/words-of-faith.org\/fi\/wp-json\/wp\/v2\/pages"}],"about":[{"href":"https:\/\/words-of-faith.org\/fi\/wp-json\/wp\/v2\/types\/page"}],"author":[{"embeddable":true,"href":"https:\/\/words-of-faith.org\/fi\/wp-json\/wp\/v2\/users\/5"}],"replies":[{"embeddable":true,"href":"https:\/\/words-of-faith.org\/fi\/wp-json\/wp\/v2\/comments?post=24608"}],"version-history":[{"count":0,"href":"https:\/\/words-of-faith.org\/fi\/wp-json\/wp\/v2\/pages\/24608\/revisions"}],"wp:attachment":[{"href":"https:\/\/words-of-faith.org\/fi\/wp-json\/wp\/v2\/media?parent=24608"}],"curies":[{"name":"wp","href":"https:\/\/api.w.org\/{rel}","templated":true}]}}