{"id":8247,"date":"2020-04-29T09:42:19","date_gmt":"2020-04-29T07:42:19","guid":{"rendered":"https:\/\/aslaksen.bcc.no\/teema-1\/"},"modified":"2020-11-02T08:38:13","modified_gmt":"2020-11-02T07:38:13","slug":"teema-1","status":"publish","type":"page","link":"https:\/\/words-of-faith.org\/fi\/bible-study\/teema-1\/","title":{"rendered":"Teema 1"},"content":{"rendered":"\n\t<section class=\"section theme-single-page\" id=\"section_552359653\">\n\t\t<div class=\"section-bg fill\" >\n\t\t\t\t\t\t\t\t\t\n\t\t\t\n\n\t\t<\/div>\n\n\t\t\n\n\t\t<div class=\"section-content relative\">\n\t\t\t\n\t<div id=\"gap-1539452606\" class=\"gap-element clearfix\" style=\"display:block; height:auto;\">\n\t\t\n<style>\n#gap-1539452606 {\n  padding-top: 30px;\n}\n<\/style>\n\t<\/div>\n\t\n<div class=\"row align-center\"  id=\"row-1849456365\">\n\n\t<div id=\"col-58610275\" class=\"col small-12 large-12\"  >\n\t\t\t\t<div class=\"col-inner\"  >\n\t\t\t\n\t\t\t\n<p class=\"breadcrumbs\"><a href=\"..\/\">Raamattuopetuksia<\/a> \/ Teema 1<\/p>\n<h1>Usko ihmeiden Jumalaan<\/h1>\n<p>Usko ihmeisiin sisimm\u00e4ss\u00e4si. Usko niihin, kun kyseess\u00e4 on pelastus syd\u00e4njuuria my\u00f6ten. Jumala on ihmeiden Jumala.<\/p>\n\t<div class=\"img has-hover x md-x lg-x y md-y lg-y\" id=\"image_26147325\">\n\t\t<a class=\"\" href=\"https:\/\/vimeo.com\/413735348\" >\t\t\t\t\t\t<div class=\"img-inner dark\" >\n\t\t\t<img loading=\"lazy\" decoding=\"async\" width=\"1020\" height=\"574\" src=\"https:\/\/words-of-faith.org\/wp-content\/uploads\/2020\/05\/frame_156-1400x788.jpg\" class=\"attachment-large size-large\" alt=\"\" \/>\t\t\t\t\t\t\n\t\t\t\t\t<\/div>\n\t\t\t\t\t\t<\/a>\t\t\n<style>\n#image_26147325 {\n  width: 100%;\n}\n<\/style>\n\t<\/div>\n\t\n<p class=\"overview-text\">Overview: Teema 1<\/p>\n\t\t<\/div>\n\t\t\t\t\t<\/div>\n\n\t\n<\/div>\n<div class=\"row align-center themes\"  id=\"row-1461208316\">\n\n\t<div id=\"col-2084404358\" class=\"col large-12\"  >\n\t\t\t\t<div class=\"col-inner\"  >\n\t\t\t\n\t\t\t\n<p class=\"listen-read\">Kuuntele \/ Lue<\/p>\n<h2>Lyhyit\u00e4 ja voimakkaita puheita<\/h2>\n\t\t<\/div>\n\t\t\t\t\t<\/div>\n\n\t\n\n\t<div id=\"col-999805153\" class=\"col medium-6 small-6 large-6\"  >\n\t\t\t\t<div class=\"col-inner\"  >\n\t\t\t\n\t\t\t\n\n  <div class=\"banner has-hover\" id=\"banner-1377899710\">\n          <div class=\"banner-inner fill\">\n        <div class=\"banner-bg fill\" >\n            <img loading=\"lazy\" decoding=\"async\" width=\"577\" height=\"800\" src=\"https:\/\/words-of-faith.org\/wp-content\/uploads\/2020\/08\/Theme-1-Believe-in-the-God-of-miracles-577x800.png\" class=\"bg attachment-large size-large\" alt=\"\" \/>                                    \n                    <\/div>\n\t\t\n        <div class=\"banner-layers container\">\n            <a class=\"fill\" href=\"https:\/\/words-of-faith.org\/bible-studies\/theme-1\/believe-in-the-god-of-miracles\/\"><div class=\"fill banner-link\"><\/div><\/a>            \n   <div id=\"text-box-1951178720\" class=\"text-box banner-layer x0 md-x0 lg-x0 y100 md-y100 lg-y100 res-text\">\n                                <div class=\"text-box-content text \">\n              \n              <div class=\"text-inner text-center\">\n                  \n<h3>Usko ihmeiden Jumalaan<\/h3>\n              <\/div>\n           <\/div>\n                            \n<style>\n#text-box-1951178720 .text-box-content {\n  background-color: rgba(40, 40, 40, 0.7);\n  font-size: 100%;\n}\n#text-box-1951178720 {\n  width: 100%;\n}\n<\/style>\n    <\/div>\n \n        <\/div>\n      <\/div>\n\n            \n<style>\n#banner-1377899710 {\n  padding-top: 220px;\n  background-color: rgba(0, 0, 0, 0);\n}\n#banner-1377899710 .banner-bg img {\n  object-position: 49% 63%;\n}\n<\/style>\n  <\/div>\n\n\n\t\t<\/div>\n\t\t\t\t\t<\/div>\n\n\t\n\n\t<div id=\"col-1846494892\" class=\"col medium-6 small-6 large-6\"  >\n\t\t\t\t<div class=\"col-inner\"  >\n\t\t\t\n\t\t\t\n\n  <div class=\"banner has-hover\" id=\"banner-1337481006\">\n          <div class=\"banner-inner fill\">\n        <div class=\"banner-bg fill\" >\n            <img loading=\"lazy\" decoding=\"async\" width=\"577\" height=\"800\" src=\"https:\/\/words-of-faith.org\/wp-content\/uploads\/2020\/08\/Theme-1-His-name-is-Wonder-577x800.png\" class=\"bg attachment-large size-large\" alt=\"\" \/>                                    \n                    <\/div>\n\t\t\n        <div class=\"banner-layers container\">\n            <a class=\"fill\" href=\"https:\/\/words-of-faith.org\/bible-studies\/theme-1\/his-name-is-wonder\/\"><div class=\"fill banner-link\"><\/div><\/a>            \n   <div id=\"text-box-1119590678\" class=\"text-box banner-layer x0 md-x0 lg-x0 y100 md-y100 lg-y100 res-text\">\n                                <div class=\"text-box-content text \">\n              \n              <div class=\"text-inner text-center\">\n                  \n<h3>H\u00e4nen nimens\u00e4 on Ihme<\/h3>\n              <\/div>\n           <\/div>\n                            \n<style>\n#text-box-1119590678 .text-box-content {\n  background-color: rgba(40, 40, 40, 0.7);\n  font-size: 100%;\n}\n#text-box-1119590678 {\n  width: 100%;\n}\n<\/style>\n    <\/div>\n \n        <\/div>\n      <\/div>\n\n            \n<style>\n#banner-1337481006 {\n  padding-top: 220px;\n  background-color: rgba(0, 0, 0, 0);\n}\n#banner-1337481006 .banner-bg img {\n  object-position: 51% 58%;\n}\n<\/style>\n  <\/div>\n\n\n\t\t<\/div>\n\t\t\t\t\t<\/div>\n\n\t\n\n\t<div id=\"col-411383195\" class=\"col medium-6 small-6 large-6\"  >\n\t\t\t\t<div class=\"col-inner\"  >\n\t\t\t\n\t\t\t\n\n  <div class=\"banner has-hover\" id=\"banner-513769924\">\n          <div class=\"banner-inner fill\">\n        <div class=\"banner-bg fill\" >\n            <img loading=\"lazy\" decoding=\"async\" width=\"577\" height=\"800\" src=\"https:\/\/words-of-faith.org\/wp-content\/uploads\/2020\/08\/Theme-1-As-you-have-believed-so-let-it-be-done-for-you-577x800.png\" class=\"bg attachment-large size-large\" alt=\"\" \/>                                    \n                    <\/div>\n\t\t\n        <div class=\"banner-layers container\">\n            <a class=\"fill\" href=\"https:\/\/words-of-faith.org\/bible-studies\/theme-1\/as-you-have-believed-so-let-it-be-done-for-you\/\"><div class=\"fill banner-link\"><\/div><\/a>            \n   <div id=\"text-box-1846612278\" class=\"text-box banner-layer x0 md-x0 lg-x0 y100 md-y100 lg-y100 res-text\">\n                                <div class=\"text-box-content text \">\n              \n              <div class=\"text-inner text-center\">\n                  \n<h3>Tapahtukoon sinulle uskosi mukaan<\/h3>\n              <\/div>\n           <\/div>\n                            \n<style>\n#text-box-1846612278 .text-box-content {\n  background-color: rgba(40, 40, 40, 0.7);\n  font-size: 100%;\n}\n#text-box-1846612278 {\n  width: 100%;\n}\n<\/style>\n    <\/div>\n \n        <\/div>\n      <\/div>\n\n            \n<style>\n#banner-513769924 {\n  padding-top: 220px;\n  background-color: rgba(0, 0, 0, 0);\n}\n#banner-513769924 .banner-bg img {\n  object-position: 54% 27%;\n}\n<\/style>\n  <\/div>\n\n\n\t\t<\/div>\n\t\t\t\t\t<\/div>\n\n\t\n\n\t<div id=\"col-1472317193\" class=\"col medium-6 small-6 large-6\"  >\n\t\t\t\t<div class=\"col-inner\"  >\n\t\t\t\n\t\t\t\n\n  <div class=\"banner has-hover\" id=\"banner-1849227406\">\n          <div class=\"banner-inner fill\">\n        <div class=\"banner-bg fill\" >\n            <img loading=\"lazy\" decoding=\"async\" width=\"577\" height=\"800\" src=\"https:\/\/words-of-faith.org\/wp-content\/uploads\/2020\/08\/Theme-1-Rejoice-in-hope-577x800.png\" class=\"bg attachment-large size-large\" alt=\"\" \/>                                    \n                    <\/div>\n\t\t\n        <div class=\"banner-layers container\">\n            <a class=\"fill\" href=\"https:\/\/words-of-faith.org\/bible-studies\/theme-1\/rejoice-in-hope\/\"><div class=\"fill banner-link\"><\/div><\/a>            \n   <div id=\"text-box-1860479782\" class=\"text-box banner-layer x0 md-x0 lg-x0 y100 md-y100 lg-y100 res-text\">\n                                <div class=\"text-box-content text \">\n              \n              <div class=\"text-inner text-center\">\n                  \n<h3>Olkaa toivossa iloisia<\/h3>\n              <\/div>\n           <\/div>\n                            \n<style>\n#text-box-1860479782 .text-box-content {\n  background-color: rgba(40, 40, 40, 0.7);\n  font-size: 100%;\n}\n#text-box-1860479782 {\n  width: 100%;\n}\n<\/style>\n    <\/div>\n \n        <\/div>\n      <\/div>\n\n            \n<style>\n#banner-1849227406 {\n  padding-top: 220px;\n  background-color: rgba(0, 0, 0, 0);\n}\n#banner-1849227406 .banner-bg img {\n  object-position: 40% 59%;\n}\n<\/style>\n  <\/div>\n\n\n\t\t<\/div>\n\t\t\t\t\t<\/div>\n\n\t\n\n\t<div id=\"col-1265037749\" class=\"col medium-6 small-6 large-6\"  >\n\t\t\t\t<div class=\"col-inner\"  >\n\t\t\t\n\t\t\t\n\n  <div class=\"banner has-hover\" id=\"banner-826369432\">\n          <div class=\"banner-inner fill\">\n        <div class=\"banner-bg fill\" >\n            <img loading=\"lazy\" decoding=\"async\" width=\"577\" height=\"800\" src=\"https:\/\/words-of-faith.org\/wp-content\/uploads\/2020\/08\/Theme-1-Believe-like-Abraham-did-577x800.png\" class=\"bg attachment-large size-large\" alt=\"\" \/>                                    \n                    <\/div>\n\t\t\n        <div class=\"banner-layers container\">\n            <a class=\"fill\" href=\"https:\/\/words-of-faith.org\/bible-studies\/theme-1\/believe-like-abraham-did\/\"><div class=\"fill banner-link\"><\/div><\/a>            \n   <div id=\"text-box-1975804820\" class=\"text-box banner-layer x0 md-x0 lg-x0 y100 md-y100 lg-y100 res-text\">\n                                <div class=\"text-box-content text \">\n              \n              <div class=\"text-inner text-center\">\n                  \n<h3>Uskoa Abrahamin tavoin<\/h3>\n              <\/div>\n           <\/div>\n                            \n<style>\n#text-box-1975804820 .text-box-content {\n  background-color: rgba(40, 40, 40, 0.7);\n  font-size: 100%;\n}\n#text-box-1975804820 {\n  width: 100%;\n}\n<\/style>\n    <\/div>\n \n        <\/div>\n      <\/div>\n\n            \n<style>\n#banner-826369432 {\n  padding-top: 220px;\n  background-color: rgba(0, 0, 0, 0);\n}\n#banner-826369432 .banner-bg img {\n  object-position: 41% 72%;\n}\n<\/style>\n  <\/div>\n\n\n\t\t<\/div>\n\t\t\t\t\t<\/div>\n\n\t\n\n\t<div id=\"col-446551125\" class=\"col medium-6 small-6 large-6\"  >\n\t\t\t\t<div class=\"col-inner\"  >\n\t\t\t\n\t\t\t\n\n  <div class=\"banner has-hover\" id=\"banner-875901613\">\n          <div class=\"banner-inner fill\">\n        <div class=\"banner-bg fill\" >\n            <img loading=\"lazy\" decoding=\"async\" width=\"577\" height=\"800\" src=\"https:\/\/words-of-faith.org\/wp-content\/uploads\/2020\/08\/Theme-1-God-is-truthful-577x800.png\" class=\"bg attachment-large size-large\" alt=\"\" \/>                                    \n                    <\/div>\n\t\t\n        <div class=\"banner-layers container\">\n            <a class=\"fill\" href=\"https:\/\/words-of-faith.org\/bible-studies\/theme-1\/god-is-truthful\/\"><div class=\"fill banner-link\"><\/div><\/a>            \n   <div id=\"text-box-1188740108\" class=\"text-box banner-layer x0 md-x0 lg-x0 y100 md-y100 lg-y100 res-text\">\n                                <div class=\"text-box-content text \">\n              \n              <div class=\"text-inner text-center\">\n                  \n<h3>Jumala on totuudellinen<\/h3>\n              <\/div>\n           <\/div>\n                            \n<style>\n#text-box-1188740108 .text-box-content {\n  background-color: rgba(40, 40, 40, 0.7);\n  font-size: 100%;\n}\n#text-box-1188740108 {\n  width: 100%;\n}\n<\/style>\n    <\/div>\n \n        <\/div>\n      <\/div>\n\n            \n<style>\n#banner-875901613 {\n  padding-top: 220px;\n  background-color: rgba(0, 0, 0, 0);\n}\n#banner-875901613 .banner-bg img {\n  object-position: 53% 63%;\n}\n<\/style>\n  <\/div>\n\n\n\t\t<\/div>\n\t\t\t\t\t<\/div>\n\n\t\n<\/div>\n\t\t<\/div>\n\n\t\t\n<style>\n#section_552359653 {\n  padding-top: 0px;\n  padding-bottom: 0px;\n  margin-bottom: 0px;\n}\n@media (min-width:550px) {\n  #section_552359653 {\n    padding-top: 0px;\n    padding-bottom: 0px;\n  }\n}\n<\/style>\n\t<\/section>\n\t\n\n\t<section class=\"section\" id=\"section_1499958412\">\n\t\t<div class=\"section-bg fill\" >\n\t\t\t\t\t\t\t\t\t\n\t\t\t\n\n\t\t<\/div>\n\n\t\t\n\n\t\t<div class=\"section-content relative\">\n\t\t\t\n\t<div id=\"gap-96375808\" class=\"gap-element clearfix\" style=\"display:block; height:auto;\">\n\t\t\n<style>\n#gap-96375808 {\n  padding-top: 30px;\n}\n<\/style>\n\t<\/div>\n\t\n<div class=\"row align-center rounded\"  id=\"row-111481395\">\n\n\t<div id=\"col-653381373\" class=\"col large-12\"  >\n\t\t\t\t<div class=\"col-inner\"  >\n\t\t\t\n\t\t\t\n<h2>Taustakuvia<\/h2>\n\t\t<\/div>\n\t\t\t\t\t<\/div>\n\n\t\n\n\t<div id=\"col-1255280744\" class=\"col medium-3 small-6 large-3\"  >\n\t\t\t\t<div class=\"col-inner\"  >\n\t\t\t\n\t\t\t\n\t<div class=\"img has-hover x md-x lg-x y md-y lg-y\" id=\"image_1587435659\">\n\t\t<a class=\"image-lightbox lightbox-gallery\" title=\"\" href=\"https:\/\/words-of-faith.org\/wp-content\/uploads\/2020\/10\/Tema-1-01_dark_FI.jpg\">\t\t\t\t\t\t<div class=\"img-inner dark\" >\n\t\t\t<img loading=\"lazy\" decoding=\"async\" width=\"450\" height=\"800\" src=\"https:\/\/words-of-faith.org\/wp-content\/uploads\/2020\/10\/Tema-1-01_dark_FI-450x800.jpg\" class=\"attachment-large size-large\" alt=\"\" \/>\t\t\t\t\t\t\n\t\t\t\t\t<\/div>\n\t\t\t\t\t\t<\/a>\t\t\n<style>\n#image_1587435659 {\n  width: 100%;\n}\n<\/style>\n\t<\/div>\n\t\n\t\t<\/div>\n\t\t\t\t\t<\/div>\n\n\t\n\n\t<div id=\"col-1411092561\" class=\"col medium-3 small-6 large-3\"  >\n\t\t\t\t<div class=\"col-inner\"  >\n\t\t\t\n\t\t\t\n\t<div class=\"img has-hover x md-x lg-x y md-y lg-y\" id=\"image_54596541\">\n\t\t<a class=\"image-lightbox lightbox-gallery\" title=\"\" href=\"https:\/\/words-of-faith.org\/wp-content\/uploads\/2020\/10\/Tema-1-02_Gud-gjor-mirakler_FI.jpg\">\t\t\t\t\t\t<div class=\"img-inner dark\" >\n\t\t\t<img loading=\"lazy\" decoding=\"async\" width=\"450\" height=\"800\" src=\"https:\/\/words-of-faith.org\/wp-content\/uploads\/2020\/10\/Tema-1-02_Gud-gjor-mirakler_FI-450x800.jpg\" class=\"attachment-large size-large\" alt=\"\" \/>\t\t\t\t\t\t\n\t\t\t\t\t<\/div>\n\t\t\t\t\t\t<\/a>\t\t\n<style>\n#image_54596541 {\n  width: 100%;\n}\n<\/style>\n\t<\/div>\n\t\n\t\t<\/div>\n\t\t\t\t\t<\/div>\n\n\t\n\n\t<div id=\"col-1014473048\" class=\"col medium-3 small-6 large-3\"  >\n\t\t\t\t<div class=\"col-inner\"  >\n\t\t\t\n\t\t\t\n\t<div class=\"img has-hover x md-x lg-x y md-y lg-y\" id=\"image_510221001\">\n\t\t<a class=\"image-lightbox lightbox-gallery\" title=\"\" href=\"https:\/\/words-of-faith.org\/wp-content\/uploads\/2020\/10\/Tema-1-God-of-Miracles.jpg\">\t\t\t\t\t\t<div class=\"img-inner dark\" >\n\t\t\t<img loading=\"lazy\" decoding=\"async\" width=\"450\" height=\"800\" src=\"https:\/\/words-of-faith.org\/wp-content\/uploads\/2020\/10\/Tema-1-God-of-Miracles-450x800.jpg\" class=\"attachment-large size-large\" alt=\"\" \/>\t\t\t\t\t\t\n\t\t\t\t\t<\/div>\n\t\t\t\t\t\t<\/a>\t\t\n<style>\n#image_510221001 {\n  width: 100%;\n}\n<\/style>\n\t<\/div>\n\t\n\t\t<\/div>\n\t\t\t\t\t<\/div>\n\n\t\n\n\t<div id=\"col-453016947\" class=\"col medium-3 small-6 large-3\"  >\n\t\t\t\t<div class=\"col-inner\"  >\n\t\t\t\n\t\t\t\n\t\t<\/div>\n\t\t\t\t\t<\/div>\n\n\t\n<\/div>\n<p style=\"text-align: center\"><a href=\"..\/\"><u>Back to All Themes<\/u><\/a><\/p>\n\t\t<\/div>\n\n\t\t\n<style>\n#section_1499958412 {\n  padding-top: 30px;\n  padding-bottom: 30px;\n}\n<\/style>\n\t<\/section>\n\t\n","protected":false},"excerpt":{"rendered":"","protected":false},"author":5,"featured_media":0,"parent":19952,"menu_order":0,"comment_status":"closed","ping_status":"closed","template":"page-blank.php","meta":{"footnotes":""},"class_list":["post-8247","page","type-page","status-publish","hentry"],"aioseo_notices":[],"_links":{"self":[{"href":"https:\/\/words-of-faith.org\/fi\/wp-json\/wp\/v2\/pages\/8247","targetHints":{"allow":["GET"]}}],"collection":[{"href":"https:\/\/words-of-faith.org\/fi\/wp-json\/wp\/v2\/pages"}],"about":[{"href":"https:\/\/words-of-faith.org\/fi\/wp-json\/wp\/v2\/types\/page"}],"author":[{"embeddable":true,"href":"https:\/\/words-of-faith.org\/fi\/wp-json\/wp\/v2\/users\/5"}],"replies":[{"embeddable":true,"href":"https:\/\/words-of-faith.org\/fi\/wp-json\/wp\/v2\/comments?post=8247"}],"version-history":[{"count":0,"href":"https:\/\/words-of-faith.org\/fi\/wp-json\/wp\/v2\/pages\/8247\/revisions"}],"up":[{"embeddable":true,"href":"https:\/\/words-of-faith.org\/fi\/wp-json\/wp\/v2\/pages\/19952"}],"wp:attachment":[{"href":"https:\/\/words-of-faith.org\/fi\/wp-json\/wp\/v2\/media?parent=8247"}],"curies":[{"name":"wp","href":"https:\/\/api.w.org\/{rel}","templated":true}]}}